{"id":7870,"date":"2023-08-30T10:58:40","date_gmt":"2023-08-30T08:58:40","guid":{"rendered":"https:\/\/cinevillastudios.com\/cinevilla\/uncategorized\/cinevilla-cinema\/"},"modified":"2023-09-09T22:24:59","modified_gmt":"2023-09-09T20:24:59","slug":"cinevilla-cinema","status":"publish","type":"product","link":"https:\/\/cinevillastudios.com\/lv\/cinevilla\/teritorija-un-objekti\/infrastruktura-lv\/cinevilla-cinema\/","title":{"rendered":"Kino Cinevilla"},"content":{"rendered":"","protected":false},"excerpt":{"rendered":"<p>Piln\u012bb\u0101 apr\u012bkots kinote\u0101tris ar 80 s\u0113dviet\u0101m 7 rind\u0101s, kas ir ide\u0101li piem\u0113rots pas\u0101kumu un semin\u0101ru r\u012bko\u0161anai. Tas ir apr\u012bkots ar diviem HDMI savienojumiem ekr\u0101na vad\u012bbai. Ikdien\u0101 Cinevillas apmekl\u0113t\u0101ji \u0161eit var noskat\u012bties dokument\u0101lo filmu par Cinevilla filmu projektiem.<\/p>\n","protected":false},"featured_media":11345,"template":"","meta":{"inline_featured_image":false},"product_brand":[],"product_cat":[164],"product_tag":[],"class_list":{"0":"post-7870","1":"product","2":"type-product","3":"status-publish","4":"has-post-thumbnail","6":"product_cat-infrastruktura-lv","8":"first","9":"instock","10":"virtual","11":"product-type-simple"},"yoast_head":"<!-- This site is optimized with the Yoast SEO plugin v27.4 - https:\/\/yoast.com\/product\/yoast-seo-wordpress\/ -->\n<title>Kino Cinevilla - Cinevilla Studio<\/title>\n<meta name=\"robots\" content=\"index, follow, max-snippet:-1, max-image-preview:large, max-video-preview:-1\" \/>\n<link rel=\"canonical\" href=\"https:\/\/cinevillastudios.com\/lv\/cinevilla\/teritorija-un-objekti\/infrastruktura-lv\/cinevilla-cinema\/\" \/>\n<meta property=\"og:locale\" content=\"lv_LV\" \/>\n<meta property=\"og:type\" content=\"article\" \/>\n<meta property=\"og:title\" content=\"Kino Cinevilla - Cinevilla Studio\" \/>\n<meta property=\"og:description\" content=\"Piln\u012bb\u0101 apr\u012bkots kinote\u0101tris ar 80 s\u0113dviet\u0101m 7 rind\u0101s, kas ir ide\u0101li piem\u0113rots pas\u0101kumu un semin\u0101ru r\u012bko\u0161anai. Tas ir apr\u012bkots ar diviem HDMI savienojumiem ekr\u0101na vad\u012bbai. Ikdien\u0101 Cinevillas apmekl\u0113t\u0101ji \u0161eit var noskat\u012bties dokument\u0101lo filmu par Cinevilla filmu projektiem.\" \/>\n<meta property=\"og:url\" content=\"https:\/\/cinevillastudios.com\/lv\/cinevilla\/teritorija-un-objekti\/infrastruktura-lv\/cinevilla-cinema\/\" \/>\n<meta property=\"og:site_name\" content=\"Cinevilla Studio\" \/>\n<meta property=\"article:publisher\" content=\"https:\/\/www.facebook.com\/Cinevilla\" \/>\n<meta property=\"article:modified_time\" content=\"2023-09-09T20:24:59+00:00\" \/>\n<meta property=\"og:image\" content=\"https:\/\/cinevillastudios.com\/wp-content\/uploads\/2023\/08\/IMG_20230720_103841_00_proc.webp\" \/>\n\t<meta property=\"og:image:width\" content=\"1600\" \/>\n\t<meta property=\"og:image:height\" content=\"900\" \/>\n\t<meta property=\"og:image:type\" content=\"image\/webp\" \/>\n<meta name=\"twitter:card\" content=\"summary_large_image\" \/>\n<script type=\"application\/ld+json\" class=\"yoast-schema-graph\">{\"@context\":\"https:\\\/\\\/schema.org\",\"@graph\":[{\"@type\":\"WebPage\",\"@id\":\"https:\\\/\\\/cinevillastudios.com\\\/lv\\\/cinevilla\\\/teritorija-un-objekti\\\/infrastruktura-lv\\\/cinevilla-cinema\\\/\",\"url\":\"https:\\\/\\\/cinevillastudios.com\\\/lv\\\/cinevilla\\\/teritorija-un-objekti\\\/infrastruktura-lv\\\/cinevilla-cinema\\\/\",\"name\":\"Kino Cinevilla - Cinevilla Studio\",\"isPartOf\":{\"@id\":\"https:\\\/\\\/cinevillastudios.com\\\/lv\\\/#website\"},\"primaryImageOfPage\":{\"@id\":\"https:\\\/\\\/cinevillastudios.com\\\/lv\\\/cinevilla\\\/teritorija-un-objekti\\\/infrastruktura-lv\\\/cinevilla-cinema\\\/#primaryimage\"},\"image\":{\"@id\":\"https:\\\/\\\/cinevillastudios.com\\\/lv\\\/cinevilla\\\/teritorija-un-objekti\\\/infrastruktura-lv\\\/cinevilla-cinema\\\/#primaryimage\"},\"thumbnailUrl\":\"https:\\\/\\\/cinevillastudios.com\\\/wp-content\\\/uploads\\\/2023\\\/08\\\/IMG_20230720_103841_00_proc.webp\",\"datePublished\":\"2023-08-30T08:58:40+00:00\",\"dateModified\":\"2023-09-09T20:24:59+00:00\",\"breadcrumb\":{\"@id\":\"https:\\\/\\\/cinevillastudios.com\\\/lv\\\/cinevilla\\\/teritorija-un-objekti\\\/infrastruktura-lv\\\/cinevilla-cinema\\\/#breadcrumb\"},\"inLanguage\":\"lv-LV\",\"potentialAction\":[{\"@type\":\"ReadAction\",\"target\":[\"https:\\\/\\\/cinevillastudios.com\\\/lv\\\/cinevilla\\\/teritorija-un-objekti\\\/infrastruktura-lv\\\/cinevilla-cinema\\\/\"]}]},{\"@type\":\"ImageObject\",\"inLanguage\":\"lv-LV\",\"@id\":\"https:\\\/\\\/cinevillastudios.com\\\/lv\\\/cinevilla\\\/teritorija-un-objekti\\\/infrastruktura-lv\\\/cinevilla-cinema\\\/#primaryimage\",\"url\":\"https:\\\/\\\/cinevillastudios.com\\\/wp-content\\\/uploads\\\/2023\\\/08\\\/IMG_20230720_103841_00_proc.webp\",\"contentUrl\":\"https:\\\/\\\/cinevillastudios.com\\\/wp-content\\\/uploads\\\/2023\\\/08\\\/IMG_20230720_103841_00_proc.webp\",\"width\":1600,\"height\":900},{\"@type\":\"BreadcrumbList\",\"@id\":\"https:\\\/\\\/cinevillastudios.com\\\/lv\\\/cinevilla\\\/teritorija-un-objekti\\\/infrastruktura-lv\\\/cinevilla-cinema\\\/#breadcrumb\",\"itemListElement\":[{\"@type\":\"ListItem\",\"position\":1,\"name\":\"Home\",\"item\":\"https:\\\/\\\/cinevillastudios.com\\\/lv\\\/sakums-2\\\/\"},{\"@type\":\"ListItem\",\"position\":2,\"name\":\"Shop\",\"item\":\"https:\\\/\\\/cinevillastudios.com\\\/lv\\\/shop-2\\\/\"},{\"@type\":\"ListItem\",\"position\":3,\"name\":\"Kino Cinevilla\"}]},{\"@type\":\"WebSite\",\"@id\":\"https:\\\/\\\/cinevillastudios.com\\\/lv\\\/#website\",\"url\":\"https:\\\/\\\/cinevillastudios.com\\\/lv\\\/\",\"name\":\"Cinevilla Studio\",\"description\":\"\",\"publisher\":{\"@id\":\"https:\\\/\\\/cinevillastudios.com\\\/lv\\\/#organization\"},\"potentialAction\":[{\"@type\":\"SearchAction\",\"target\":{\"@type\":\"EntryPoint\",\"urlTemplate\":\"https:\\\/\\\/cinevillastudios.com\\\/lv\\\/?s={search_term_string}\"},\"query-input\":{\"@type\":\"PropertyValueSpecification\",\"valueRequired\":true,\"valueName\":\"search_term_string\"}}],\"inLanguage\":\"lv-LV\"},{\"@type\":\"Organization\",\"@id\":\"https:\\\/\\\/cinevillastudios.com\\\/lv\\\/#organization\",\"name\":\"Cinevilla Studio\",\"url\":\"https:\\\/\\\/cinevillastudios.com\\\/lv\\\/\",\"logo\":{\"@type\":\"ImageObject\",\"inLanguage\":\"lv-LV\",\"@id\":\"https:\\\/\\\/cinevillastudios.com\\\/lv\\\/#\\\/schema\\\/logo\\\/image\\\/\",\"url\":\"https:\\\/\\\/cinevillastudios.com\\\/wp-content\\\/uploads\\\/2023\\\/08\\\/cinevilla-studio-logo-1.svg\",\"contentUrl\":\"https:\\\/\\\/cinevillastudios.com\\\/wp-content\\\/uploads\\\/2023\\\/08\\\/cinevilla-studio-logo-1.svg\",\"width\":182,\"height\":144,\"caption\":\"Cinevilla Studio\"},\"image\":{\"@id\":\"https:\\\/\\\/cinevillastudios.com\\\/lv\\\/#\\\/schema\\\/logo\\\/image\\\/\"},\"sameAs\":[\"https:\\\/\\\/www.facebook.com\\\/Cinevilla\",\"https:\\\/\\\/www.instagram.com\\\/cinevillastudios\\\/\"]}]}<\/script>\n<!-- \/ Yoast SEO plugin. -->","yoast_head_json":{"title":"Kino Cinevilla - Cinevilla Studio","robots":{"index":"index","follow":"follow","max-snippet":"max-snippet:-1","max-image-preview":"max-image-preview:large","max-video-preview":"max-video-preview:-1"},"canonical":"https:\/\/cinevillastudios.com\/lv\/cinevilla\/teritorija-un-objekti\/infrastruktura-lv\/cinevilla-cinema\/","og_locale":"lv_LV","og_type":"article","og_title":"Kino Cinevilla - Cinevilla Studio","og_description":"Piln\u012bb\u0101 apr\u012bkots kinote\u0101tris ar 80 s\u0113dviet\u0101m 7 rind\u0101s, kas ir ide\u0101li piem\u0113rots pas\u0101kumu un semin\u0101ru r\u012bko\u0161anai. Tas ir apr\u012bkots ar diviem HDMI savienojumiem ekr\u0101na vad\u012bbai. Ikdien\u0101 Cinevillas apmekl\u0113t\u0101ji \u0161eit var noskat\u012bties dokument\u0101lo filmu par Cinevilla filmu projektiem.","og_url":"https:\/\/cinevillastudios.com\/lv\/cinevilla\/teritorija-un-objekti\/infrastruktura-lv\/cinevilla-cinema\/","og_site_name":"Cinevilla Studio","article_publisher":"https:\/\/www.facebook.com\/Cinevilla","article_modified_time":"2023-09-09T20:24:59+00:00","og_image":[{"width":1600,"height":900,"url":"https:\/\/cinevillastudios.com\/wp-content\/uploads\/2023\/08\/IMG_20230720_103841_00_proc.webp","type":"image\/webp"}],"twitter_card":"summary_large_image","schema":{"@context":"https:\/\/schema.org","@graph":[{"@type":"WebPage","@id":"https:\/\/cinevillastudios.com\/lv\/cinevilla\/teritorija-un-objekti\/infrastruktura-lv\/cinevilla-cinema\/","url":"https:\/\/cinevillastudios.com\/lv\/cinevilla\/teritorija-un-objekti\/infrastruktura-lv\/cinevilla-cinema\/","name":"Kino Cinevilla - Cinevilla Studio","isPartOf":{"@id":"https:\/\/cinevillastudios.com\/lv\/#website"},"primaryImageOfPage":{"@id":"https:\/\/cinevillastudios.com\/lv\/cinevilla\/teritorija-un-objekti\/infrastruktura-lv\/cinevilla-cinema\/#primaryimage"},"image":{"@id":"https:\/\/cinevillastudios.com\/lv\/cinevilla\/teritorija-un-objekti\/infrastruktura-lv\/cinevilla-cinema\/#primaryimage"},"thumbnailUrl":"https:\/\/cinevillastudios.com\/wp-content\/uploads\/2023\/08\/IMG_20230720_103841_00_proc.webp","datePublished":"2023-08-30T08:58:40+00:00","dateModified":"2023-09-09T20:24:59+00:00","breadcrumb":{"@id":"https:\/\/cinevillastudios.com\/lv\/cinevilla\/teritorija-un-objekti\/infrastruktura-lv\/cinevilla-cinema\/#breadcrumb"},"inLanguage":"lv-LV","potentialAction":[{"@type":"ReadAction","target":["https:\/\/cinevillastudios.com\/lv\/cinevilla\/teritorija-un-objekti\/infrastruktura-lv\/cinevilla-cinema\/"]}]},{"@type":"ImageObject","inLanguage":"lv-LV","@id":"https:\/\/cinevillastudios.com\/lv\/cinevilla\/teritorija-un-objekti\/infrastruktura-lv\/cinevilla-cinema\/#primaryimage","url":"https:\/\/cinevillastudios.com\/wp-content\/uploads\/2023\/08\/IMG_20230720_103841_00_proc.webp","contentUrl":"https:\/\/cinevillastudios.com\/wp-content\/uploads\/2023\/08\/IMG_20230720_103841_00_proc.webp","width":1600,"height":900},{"@type":"BreadcrumbList","@id":"https:\/\/cinevillastudios.com\/lv\/cinevilla\/teritorija-un-objekti\/infrastruktura-lv\/cinevilla-cinema\/#breadcrumb","itemListElement":[{"@type":"ListItem","position":1,"name":"Home","item":"https:\/\/cinevillastudios.com\/lv\/sakums-2\/"},{"@type":"ListItem","position":2,"name":"Shop","item":"https:\/\/cinevillastudios.com\/lv\/shop-2\/"},{"@type":"ListItem","position":3,"name":"Kino Cinevilla"}]},{"@type":"WebSite","@id":"https:\/\/cinevillastudios.com\/lv\/#website","url":"https:\/\/cinevillastudios.com\/lv\/","name":"Cinevilla Studio","description":"","publisher":{"@id":"https:\/\/cinevillastudios.com\/lv\/#organization"},"potentialAction":[{"@type":"SearchAction","target":{"@type":"EntryPoint","urlTemplate":"https:\/\/cinevillastudios.com\/lv\/?s={search_term_string}"},"query-input":{"@type":"PropertyValueSpecification","valueRequired":true,"valueName":"search_term_string"}}],"inLanguage":"lv-LV"},{"@type":"Organization","@id":"https:\/\/cinevillastudios.com\/lv\/#organization","name":"Cinevilla Studio","url":"https:\/\/cinevillastudios.com\/lv\/","logo":{"@type":"ImageObject","inLanguage":"lv-LV","@id":"https:\/\/cinevillastudios.com\/lv\/#\/schema\/logo\/image\/","url":"https:\/\/cinevillastudios.com\/wp-content\/uploads\/2023\/08\/cinevilla-studio-logo-1.svg","contentUrl":"https:\/\/cinevillastudios.com\/wp-content\/uploads\/2023\/08\/cinevilla-studio-logo-1.svg","width":182,"height":144,"caption":"Cinevilla Studio"},"image":{"@id":"https:\/\/cinevillastudios.com\/lv\/#\/schema\/logo\/image\/"},"sameAs":["https:\/\/www.facebook.com\/Cinevilla","https:\/\/www.instagram.com\/cinevillastudios\/"]}]}},"_links":{"self":[{"href":"https:\/\/cinevillastudios.com\/lv\/wp-json\/wp\/v2\/product\/7870","targetHints":{"allow":["GET"]}}],"collection":[{"href":"https:\/\/cinevillastudios.com\/lv\/wp-json\/wp\/v2\/product"}],"about":[{"href":"https:\/\/cinevillastudios.com\/lv\/wp-json\/wp\/v2\/types\/product"}],"version-history":[{"count":0,"href":"https:\/\/cinevillastudios.com\/lv\/wp-json\/wp\/v2\/product\/7870\/revisions"}],"wp:featuredmedia":[{"embeddable":true,"href":"https:\/\/cinevillastudios.com\/lv\/wp-json\/wp\/v2\/media\/11345"}],"wp:attachment":[{"href":"https:\/\/cinevillastudios.com\/lv\/wp-json\/wp\/v2\/media?parent=7870"}],"wp:term":[{"taxonomy":"product_brand","embeddable":true,"href":"https:\/\/cinevillastudios.com\/lv\/wp-json\/wp\/v2\/product_brand?post=7870"},{"taxonomy":"product_cat","embeddable":true,"href":"https:\/\/cinevillastudios.com\/lv\/wp-json\/wp\/v2\/product_cat?post=7870"},{"taxonomy":"product_tag","embeddable":true,"href":"https:\/\/cinevillastudios.com\/lv\/wp-json\/wp\/v2\/product_tag?post=7870"}],"curies":[{"name":"wp","href":"https:\/\/api.w.org\/{rel}","templated":true}]}}