{"id":7564,"date":"2023-08-30T15:07:54","date_gmt":"2023-08-30T13:07:54","guid":{"rendered":"https:\/\/cinevillastudios.com\/cinevilla\/uncategorized\/cinevilla-apmekletaja-bilete\/"},"modified":"2024-05-06T14:16:42","modified_gmt":"2024-05-06T12:16:42","slug":"cinevilla-visitor-ticket","status":"publish","type":"product","link":"https:\/\/cinevillastudios.com\/lv\/cinevilla\/pakas\/apmekletajiem\/cinevilla-visitor-ticket\/","title":{"rendered":"Apmekl\u0113t\u0101ja bi\u013cete"},"content":{"rendered":"","protected":false},"excerpt":{"rendered":"<p>Izbaudiet visu dienu Cinevill\u0101! Ieg\u0101d\u0101jieties ieejas bi\u013ceti, lai izp\u0113t\u012btu visas \u0101ra vietas.<\/p>\n<p>B\u0113rniem vecum\u0101 no 0 l\u012bdz 6 gadiem: ieeja bez maksas<br \/>\nPension\u0101riem un b\u0113rniem vecum\u0101 no 7 l\u012bdz 11 gadiem: \u20ac5,00<br \/>\nPieaugu\u0161ajiem un b\u0113rniem vecum\u0101 no 12 gadiem: \u20ac7,00<\/p>\n","protected":false},"featured_media":12618,"template":"","meta":{"inline_featured_image":false},"product_brand":[],"product_cat":[280],"product_tag":[],"class_list":{"0":"post-7564","1":"product","2":"type-product","3":"status-publish","4":"has-post-thumbnail","6":"product_cat-apmekletajiem","8":"first","9":"instock","10":"shipping-taxable","11":"purchasable","12":"product-type-variable"},"yoast_head":"<!-- This site is optimized with the Yoast SEO plugin v27.5 - https:\/\/yoast.com\/product\/yoast-seo-wordpress\/ -->\n<title>Apmekl\u0113t\u0101ja bi\u013cete - Cinevilla Studio<\/title>\n<meta name=\"robots\" content=\"index, follow, max-snippet:-1, max-image-preview:large, max-video-preview:-1\" \/>\n<link rel=\"canonical\" href=\"https:\/\/cinevillastudios.com\/lv\/cinevilla\/pakas\/apmekletajiem\/cinevilla-visitor-ticket\/\" \/>\n<meta property=\"og:locale\" content=\"lv_LV\" \/>\n<meta property=\"og:type\" content=\"article\" \/>\n<meta property=\"og:title\" content=\"Apmekl\u0113t\u0101ja bi\u013cete - Cinevilla Studio\" \/>\n<meta property=\"og:description\" content=\"Izbaudiet visu dienu Cinevill\u0101! Ieg\u0101d\u0101jieties ieejas bi\u013ceti, lai izp\u0113t\u012btu visas \u0101ra vietas. B\u0113rniem vecum\u0101 no 0 l\u012bdz 6 gadiem: ieeja bez maksas Pension\u0101riem un b\u0113rniem vecum\u0101 no 7 l\u012bdz 11 gadiem: \u20ac5,00 Pieaugu\u0161ajiem un b\u0113rniem vecum\u0101 no 12 gadiem: \u20ac7,00\" \/>\n<meta property=\"og:url\" content=\"https:\/\/cinevillastudios.com\/lv\/cinevilla\/pakas\/apmekletajiem\/cinevilla-visitor-ticket\/\" \/>\n<meta property=\"og:site_name\" content=\"Cinevilla Studio\" \/>\n<meta property=\"article:publisher\" content=\"https:\/\/www.facebook.com\/Cinevilla\" \/>\n<meta property=\"article:modified_time\" content=\"2024-05-06T12:16:42+00:00\" \/>\n<meta property=\"og:image\" content=\"https:\/\/cinevillastudios.com\/wp-content\/uploads\/2023\/08\/visitor-ticket.webp\" \/>\n\t<meta property=\"og:image:width\" content=\"800\" \/>\n\t<meta property=\"og:image:height\" content=\"600\" \/>\n\t<meta property=\"og:image:type\" content=\"image\/webp\" \/>\n<meta name=\"twitter:card\" content=\"summary_large_image\" \/>\n<script type=\"application\/ld+json\" class=\"yoast-schema-graph\">{\"@context\":\"https:\\\/\\\/schema.org\",\"@graph\":[{\"@type\":\"WebPage\",\"@id\":\"https:\\\/\\\/cinevillastudios.com\\\/lv\\\/cinevilla\\\/pakas\\\/apmekletajiem\\\/cinevilla-visitor-ticket\\\/\",\"url\":\"https:\\\/\\\/cinevillastudios.com\\\/lv\\\/cinevilla\\\/pakas\\\/apmekletajiem\\\/cinevilla-visitor-ticket\\\/\",\"name\":\"Apmekl\u0113t\u0101ja bi\u013cete - Cinevilla Studio\",\"isPartOf\":{\"@id\":\"https:\\\/\\\/cinevillastudios.com\\\/lv\\\/#website\"},\"primaryImageOfPage\":{\"@id\":\"https:\\\/\\\/cinevillastudios.com\\\/lv\\\/cinevilla\\\/pakas\\\/apmekletajiem\\\/cinevilla-visitor-ticket\\\/#primaryimage\"},\"image\":{\"@id\":\"https:\\\/\\\/cinevillastudios.com\\\/lv\\\/cinevilla\\\/pakas\\\/apmekletajiem\\\/cinevilla-visitor-ticket\\\/#primaryimage\"},\"thumbnailUrl\":\"https:\\\/\\\/cinevillastudios.com\\\/wp-content\\\/uploads\\\/2023\\\/08\\\/visitor-ticket.webp\",\"datePublished\":\"2023-08-30T13:07:54+00:00\",\"dateModified\":\"2024-05-06T12:16:42+00:00\",\"breadcrumb\":{\"@id\":\"https:\\\/\\\/cinevillastudios.com\\\/lv\\\/cinevilla\\\/pakas\\\/apmekletajiem\\\/cinevilla-visitor-ticket\\\/#breadcrumb\"},\"inLanguage\":\"lv-LV\",\"potentialAction\":[{\"@type\":\"ReadAction\",\"target\":[\"https:\\\/\\\/cinevillastudios.com\\\/lv\\\/cinevilla\\\/pakas\\\/apmekletajiem\\\/cinevilla-visitor-ticket\\\/\"]}]},{\"@type\":\"ImageObject\",\"inLanguage\":\"lv-LV\",\"@id\":\"https:\\\/\\\/cinevillastudios.com\\\/lv\\\/cinevilla\\\/pakas\\\/apmekletajiem\\\/cinevilla-visitor-ticket\\\/#primaryimage\",\"url\":\"https:\\\/\\\/cinevillastudios.com\\\/wp-content\\\/uploads\\\/2023\\\/08\\\/visitor-ticket.webp\",\"contentUrl\":\"https:\\\/\\\/cinevillastudios.com\\\/wp-content\\\/uploads\\\/2023\\\/08\\\/visitor-ticket.webp\",\"width\":800,\"height\":600},{\"@type\":\"BreadcrumbList\",\"@id\":\"https:\\\/\\\/cinevillastudios.com\\\/lv\\\/cinevilla\\\/pakas\\\/apmekletajiem\\\/cinevilla-visitor-ticket\\\/#breadcrumb\",\"itemListElement\":[{\"@type\":\"ListItem\",\"position\":1,\"name\":\"Home\",\"item\":\"https:\\\/\\\/cinevillastudios.com\\\/lv\\\/sakums-2\\\/\"},{\"@type\":\"ListItem\",\"position\":2,\"name\":\"Shop\",\"item\":\"https:\\\/\\\/cinevillastudios.com\\\/lv\\\/shop-2\\\/\"},{\"@type\":\"ListItem\",\"position\":3,\"name\":\"Apmekl\u0113t\u0101ja bi\u013cete\"}]},{\"@type\":\"WebSite\",\"@id\":\"https:\\\/\\\/cinevillastudios.com\\\/lv\\\/#website\",\"url\":\"https:\\\/\\\/cinevillastudios.com\\\/lv\\\/\",\"name\":\"Cinevilla Studio\",\"description\":\"\",\"publisher\":{\"@id\":\"https:\\\/\\\/cinevillastudios.com\\\/lv\\\/#organization\"},\"potentialAction\":[{\"@type\":\"SearchAction\",\"target\":{\"@type\":\"EntryPoint\",\"urlTemplate\":\"https:\\\/\\\/cinevillastudios.com\\\/lv\\\/?s={search_term_string}\"},\"query-input\":{\"@type\":\"PropertyValueSpecification\",\"valueRequired\":true,\"valueName\":\"search_term_string\"}}],\"inLanguage\":\"lv-LV\"},{\"@type\":\"Organization\",\"@id\":\"https:\\\/\\\/cinevillastudios.com\\\/lv\\\/#organization\",\"name\":\"Cinevilla Studio\",\"url\":\"https:\\\/\\\/cinevillastudios.com\\\/lv\\\/\",\"logo\":{\"@type\":\"ImageObject\",\"inLanguage\":\"lv-LV\",\"@id\":\"https:\\\/\\\/cinevillastudios.com\\\/lv\\\/#\\\/schema\\\/logo\\\/image\\\/\",\"url\":\"https:\\\/\\\/cinevillastudios.com\\\/wp-content\\\/uploads\\\/2023\\\/08\\\/cinevilla-studio-logo-1.svg\",\"contentUrl\":\"https:\\\/\\\/cinevillastudios.com\\\/wp-content\\\/uploads\\\/2023\\\/08\\\/cinevilla-studio-logo-1.svg\",\"width\":182,\"height\":144,\"caption\":\"Cinevilla Studio\"},\"image\":{\"@id\":\"https:\\\/\\\/cinevillastudios.com\\\/lv\\\/#\\\/schema\\\/logo\\\/image\\\/\"},\"sameAs\":[\"https:\\\/\\\/www.facebook.com\\\/Cinevilla\",\"https:\\\/\\\/www.instagram.com\\\/cinevillastudios\\\/\"]}]}<\/script>\n<!-- \/ Yoast SEO plugin. -->","yoast_head_json":{"title":"Apmekl\u0113t\u0101ja bi\u013cete - Cinevilla Studio","robots":{"index":"index","follow":"follow","max-snippet":"max-snippet:-1","max-image-preview":"max-image-preview:large","max-video-preview":"max-video-preview:-1"},"canonical":"https:\/\/cinevillastudios.com\/lv\/cinevilla\/pakas\/apmekletajiem\/cinevilla-visitor-ticket\/","og_locale":"lv_LV","og_type":"article","og_title":"Apmekl\u0113t\u0101ja bi\u013cete - Cinevilla Studio","og_description":"Izbaudiet visu dienu Cinevill\u0101! Ieg\u0101d\u0101jieties ieejas bi\u013ceti, lai izp\u0113t\u012btu visas \u0101ra vietas. B\u0113rniem vecum\u0101 no 0 l\u012bdz 6 gadiem: ieeja bez maksas Pension\u0101riem un b\u0113rniem vecum\u0101 no 7 l\u012bdz 11 gadiem: \u20ac5,00 Pieaugu\u0161ajiem un b\u0113rniem vecum\u0101 no 12 gadiem: \u20ac7,00","og_url":"https:\/\/cinevillastudios.com\/lv\/cinevilla\/pakas\/apmekletajiem\/cinevilla-visitor-ticket\/","og_site_name":"Cinevilla Studio","article_publisher":"https:\/\/www.facebook.com\/Cinevilla","article_modified_time":"2024-05-06T12:16:42+00:00","og_image":[{"width":800,"height":600,"url":"https:\/\/cinevillastudios.com\/wp-content\/uploads\/2023\/08\/visitor-ticket.webp","type":"image\/webp"}],"twitter_card":"summary_large_image","schema":{"@context":"https:\/\/schema.org","@graph":[{"@type":"WebPage","@id":"https:\/\/cinevillastudios.com\/lv\/cinevilla\/pakas\/apmekletajiem\/cinevilla-visitor-ticket\/","url":"https:\/\/cinevillastudios.com\/lv\/cinevilla\/pakas\/apmekletajiem\/cinevilla-visitor-ticket\/","name":"Apmekl\u0113t\u0101ja bi\u013cete - Cinevilla Studio","isPartOf":{"@id":"https:\/\/cinevillastudios.com\/lv\/#website"},"primaryImageOfPage":{"@id":"https:\/\/cinevillastudios.com\/lv\/cinevilla\/pakas\/apmekletajiem\/cinevilla-visitor-ticket\/#primaryimage"},"image":{"@id":"https:\/\/cinevillastudios.com\/lv\/cinevilla\/pakas\/apmekletajiem\/cinevilla-visitor-ticket\/#primaryimage"},"thumbnailUrl":"https:\/\/cinevillastudios.com\/wp-content\/uploads\/2023\/08\/visitor-ticket.webp","datePublished":"2023-08-30T13:07:54+00:00","dateModified":"2024-05-06T12:16:42+00:00","breadcrumb":{"@id":"https:\/\/cinevillastudios.com\/lv\/cinevilla\/pakas\/apmekletajiem\/cinevilla-visitor-ticket\/#breadcrumb"},"inLanguage":"lv-LV","potentialAction":[{"@type":"ReadAction","target":["https:\/\/cinevillastudios.com\/lv\/cinevilla\/pakas\/apmekletajiem\/cinevilla-visitor-ticket\/"]}]},{"@type":"ImageObject","inLanguage":"lv-LV","@id":"https:\/\/cinevillastudios.com\/lv\/cinevilla\/pakas\/apmekletajiem\/cinevilla-visitor-ticket\/#primaryimage","url":"https:\/\/cinevillastudios.com\/wp-content\/uploads\/2023\/08\/visitor-ticket.webp","contentUrl":"https:\/\/cinevillastudios.com\/wp-content\/uploads\/2023\/08\/visitor-ticket.webp","width":800,"height":600},{"@type":"BreadcrumbList","@id":"https:\/\/cinevillastudios.com\/lv\/cinevilla\/pakas\/apmekletajiem\/cinevilla-visitor-ticket\/#breadcrumb","itemListElement":[{"@type":"ListItem","position":1,"name":"Home","item":"https:\/\/cinevillastudios.com\/lv\/sakums-2\/"},{"@type":"ListItem","position":2,"name":"Shop","item":"https:\/\/cinevillastudios.com\/lv\/shop-2\/"},{"@type":"ListItem","position":3,"name":"Apmekl\u0113t\u0101ja bi\u013cete"}]},{"@type":"WebSite","@id":"https:\/\/cinevillastudios.com\/lv\/#website","url":"https:\/\/cinevillastudios.com\/lv\/","name":"Cinevilla Studio","description":"","publisher":{"@id":"https:\/\/cinevillastudios.com\/lv\/#organization"},"potentialAction":[{"@type":"SearchAction","target":{"@type":"EntryPoint","urlTemplate":"https:\/\/cinevillastudios.com\/lv\/?s={search_term_string}"},"query-input":{"@type":"PropertyValueSpecification","valueRequired":true,"valueName":"search_term_string"}}],"inLanguage":"lv-LV"},{"@type":"Organization","@id":"https:\/\/cinevillastudios.com\/lv\/#organization","name":"Cinevilla Studio","url":"https:\/\/cinevillastudios.com\/lv\/","logo":{"@type":"ImageObject","inLanguage":"lv-LV","@id":"https:\/\/cinevillastudios.com\/lv\/#\/schema\/logo\/image\/","url":"https:\/\/cinevillastudios.com\/wp-content\/uploads\/2023\/08\/cinevilla-studio-logo-1.svg","contentUrl":"https:\/\/cinevillastudios.com\/wp-content\/uploads\/2023\/08\/cinevilla-studio-logo-1.svg","width":182,"height":144,"caption":"Cinevilla Studio"},"image":{"@id":"https:\/\/cinevillastudios.com\/lv\/#\/schema\/logo\/image\/"},"sameAs":["https:\/\/www.facebook.com\/Cinevilla","https:\/\/www.instagram.com\/cinevillastudios\/"]}]}},"_links":{"self":[{"href":"https:\/\/cinevillastudios.com\/lv\/wp-json\/wp\/v2\/product\/7564","targetHints":{"allow":["GET"]}}],"collection":[{"href":"https:\/\/cinevillastudios.com\/lv\/wp-json\/wp\/v2\/product"}],"about":[{"href":"https:\/\/cinevillastudios.com\/lv\/wp-json\/wp\/v2\/types\/product"}],"version-history":[{"count":0,"href":"https:\/\/cinevillastudios.com\/lv\/wp-json\/wp\/v2\/product\/7564\/revisions"}],"wp:featuredmedia":[{"embeddable":true,"href":"https:\/\/cinevillastudios.com\/lv\/wp-json\/wp\/v2\/media\/12618"}],"wp:attachment":[{"href":"https:\/\/cinevillastudios.com\/lv\/wp-json\/wp\/v2\/media?parent=7564"}],"wp:term":[{"taxonomy":"product_brand","embeddable":true,"href":"https:\/\/cinevillastudios.com\/lv\/wp-json\/wp\/v2\/product_brand?post=7564"},{"taxonomy":"product_cat","embeddable":true,"href":"https:\/\/cinevillastudios.com\/lv\/wp-json\/wp\/v2\/product_cat?post=7564"},{"taxonomy":"product_tag","embeddable":true,"href":"https:\/\/cinevillastudios.com\/lv\/wp-json\/wp\/v2\/product_tag?post=7564"}],"curies":[{"name":"wp","href":"https:\/\/api.w.org\/{rel}","templated":true}]}}