{"id":7546,"date":"2023-08-30T16:13:39","date_gmt":"2023-08-30T16:13:39","guid":{"rendered":"https:\/\/cinevillastudios.com\/cinevilla\/uncategorized\/lielaka-ekspedicija\/"},"modified":"2026-03-17T21:09:37","modified_gmt":"2026-03-17T19:09:37","slug":"ultimate-expedition","status":"publish","type":"product","link":"https:\/\/cinevillastudios.com\/lv\/cinevilla\/pakas\/apmekletajiem\/ultimate-expedition\/","title":{"rendered":"Grandioz\u0101 eksped\u012bcija"},"content":{"rendered":"","protected":false},"excerpt":{"rendered":"<p>Apvienojiet m\u0101c\u012b\u0161anos un rota\u013c\u012bgu izp\u0113ti, st\u0101st\u012bjums par filmu parku un fotoizp\u0113te. Izbaudiet burv\u012bbu, kad no za\u013c\u0101 ekr\u0101na nok\u013c\u016bsiet neticam\u0101s filmu ain\u0101s. Un p\u0101rbaudiet, vai varat izk\u013c\u016bt no labirinta piedz\u012bvojuma! \u0160is gal\u012bgais komplekts \u013cauj jums aptuveni 3 stundu laik\u0101 iedzi\u013cin\u0101ties vis\u0101, ko pied\u0101v\u0101 Cinevilla. Pieejams grup\u0101m ar 20 vai vair\u0101k apmekl\u0113t\u0101jiem.    <\/p>\n","protected":false},"featured_media":12648,"template":"","meta":{"inline_featured_image":false},"product_brand":[],"product_cat":[280],"product_tag":[],"class_list":{"0":"post-7546","1":"product","2":"type-product","3":"status-publish","4":"has-post-thumbnail","6":"product_cat-apmekletajiem","8":"first","9":"instock","10":"virtual","11":"purchasable","12":"product-type-simple"},"yoast_head":"<!-- This site is optimized with the Yoast SEO plugin v27.5 - https:\/\/yoast.com\/product\/yoast-seo-wordpress\/ -->\n<title>Grandioz\u0101 eksped\u012bcija - Cinevilla Studio<\/title>\n<meta name=\"robots\" content=\"index, follow, max-snippet:-1, max-image-preview:large, max-video-preview:-1\" \/>\n<link rel=\"canonical\" href=\"https:\/\/cinevillastudios.com\/lv\/cinevilla\/pakas\/apmekletajiem\/ultimate-expedition\/\" \/>\n<meta property=\"og:locale\" content=\"lv_LV\" \/>\n<meta property=\"og:type\" content=\"article\" \/>\n<meta property=\"og:title\" content=\"Grandioz\u0101 eksped\u012bcija - Cinevilla Studio\" \/>\n<meta property=\"og:description\" content=\"Apvienojiet m\u0101c\u012b\u0161anos un rota\u013c\u012bgu izp\u0113ti, st\u0101st\u012bjums par filmu parku un fotoizp\u0113te. Izbaudiet burv\u012bbu, kad no za\u013c\u0101 ekr\u0101na nok\u013c\u016bsiet neticam\u0101s filmu ain\u0101s. Un p\u0101rbaudiet, vai varat izk\u013c\u016bt no labirinta piedz\u012bvojuma! \u0160is gal\u012bgais komplekts \u013cauj jums aptuveni 3 stundu laik\u0101 iedzi\u013cin\u0101ties vis\u0101, ko pied\u0101v\u0101 Cinevilla. Pieejams grup\u0101m ar 20 vai vair\u0101k apmekl\u0113t\u0101jiem.\" \/>\n<meta property=\"og:url\" content=\"https:\/\/cinevillastudios.com\/lv\/cinevilla\/pakas\/apmekletajiem\/ultimate-expedition\/\" \/>\n<meta property=\"og:site_name\" content=\"Cinevilla Studio\" \/>\n<meta property=\"article:publisher\" content=\"https:\/\/www.facebook.com\/Cinevilla\" \/>\n<meta property=\"article:modified_time\" content=\"2026-03-17T19:09:37+00:00\" \/>\n<meta property=\"og:image\" content=\"https:\/\/cinevillastudios.com\/wp-content\/uploads\/2023\/08\/73050794_2337175893211103_4112747046404882432_n.webp\" \/>\n\t<meta property=\"og:image:width\" content=\"960\" \/>\n\t<meta property=\"og:image:height\" content=\"960\" \/>\n\t<meta property=\"og:image:type\" content=\"image\/webp\" \/>\n<meta name=\"twitter:card\" content=\"summary_large_image\" \/>\n<script type=\"application\/ld+json\" class=\"yoast-schema-graph\">{\"@context\":\"https:\\\/\\\/schema.org\",\"@graph\":[{\"@type\":\"WebPage\",\"@id\":\"https:\\\/\\\/cinevillastudios.com\\\/lv\\\/cinevilla\\\/pakas\\\/apmekletajiem\\\/ultimate-expedition\\\/\",\"url\":\"https:\\\/\\\/cinevillastudios.com\\\/lv\\\/cinevilla\\\/pakas\\\/apmekletajiem\\\/ultimate-expedition\\\/\",\"name\":\"Grandioz\u0101 eksped\u012bcija - Cinevilla Studio\",\"isPartOf\":{\"@id\":\"https:\\\/\\\/cinevillastudios.com\\\/lv\\\/#website\"},\"primaryImageOfPage\":{\"@id\":\"https:\\\/\\\/cinevillastudios.com\\\/lv\\\/cinevilla\\\/pakas\\\/apmekletajiem\\\/ultimate-expedition\\\/#primaryimage\"},\"image\":{\"@id\":\"https:\\\/\\\/cinevillastudios.com\\\/lv\\\/cinevilla\\\/pakas\\\/apmekletajiem\\\/ultimate-expedition\\\/#primaryimage\"},\"thumbnailUrl\":\"https:\\\/\\\/cinevillastudios.com\\\/wp-content\\\/uploads\\\/2023\\\/08\\\/73050794_2337175893211103_4112747046404882432_n.webp\",\"datePublished\":\"2023-08-30T16:13:39+00:00\",\"dateModified\":\"2026-03-17T19:09:37+00:00\",\"breadcrumb\":{\"@id\":\"https:\\\/\\\/cinevillastudios.com\\\/lv\\\/cinevilla\\\/pakas\\\/apmekletajiem\\\/ultimate-expedition\\\/#breadcrumb\"},\"inLanguage\":\"lv-LV\",\"potentialAction\":[{\"@type\":\"ReadAction\",\"target\":[\"https:\\\/\\\/cinevillastudios.com\\\/lv\\\/cinevilla\\\/pakas\\\/apmekletajiem\\\/ultimate-expedition\\\/\"]}]},{\"@type\":\"ImageObject\",\"inLanguage\":\"lv-LV\",\"@id\":\"https:\\\/\\\/cinevillastudios.com\\\/lv\\\/cinevilla\\\/pakas\\\/apmekletajiem\\\/ultimate-expedition\\\/#primaryimage\",\"url\":\"https:\\\/\\\/cinevillastudios.com\\\/wp-content\\\/uploads\\\/2023\\\/08\\\/73050794_2337175893211103_4112747046404882432_n.webp\",\"contentUrl\":\"https:\\\/\\\/cinevillastudios.com\\\/wp-content\\\/uploads\\\/2023\\\/08\\\/73050794_2337175893211103_4112747046404882432_n.webp\",\"width\":960,\"height\":960},{\"@type\":\"BreadcrumbList\",\"@id\":\"https:\\\/\\\/cinevillastudios.com\\\/lv\\\/cinevilla\\\/pakas\\\/apmekletajiem\\\/ultimate-expedition\\\/#breadcrumb\",\"itemListElement\":[{\"@type\":\"ListItem\",\"position\":1,\"name\":\"Home\",\"item\":\"https:\\\/\\\/cinevillastudios.com\\\/lv\\\/sakums-2\\\/\"},{\"@type\":\"ListItem\",\"position\":2,\"name\":\"Shop\",\"item\":\"https:\\\/\\\/cinevillastudios.com\\\/lv\\\/shop-2\\\/\"},{\"@type\":\"ListItem\",\"position\":3,\"name\":\"Grandioz\u0101 eksped\u012bcija\"}]},{\"@type\":\"WebSite\",\"@id\":\"https:\\\/\\\/cinevillastudios.com\\\/lv\\\/#website\",\"url\":\"https:\\\/\\\/cinevillastudios.com\\\/lv\\\/\",\"name\":\"Cinevilla Studio\",\"description\":\"\",\"publisher\":{\"@id\":\"https:\\\/\\\/cinevillastudios.com\\\/lv\\\/#organization\"},\"potentialAction\":[{\"@type\":\"SearchAction\",\"target\":{\"@type\":\"EntryPoint\",\"urlTemplate\":\"https:\\\/\\\/cinevillastudios.com\\\/lv\\\/?s={search_term_string}\"},\"query-input\":{\"@type\":\"PropertyValueSpecification\",\"valueRequired\":true,\"valueName\":\"search_term_string\"}}],\"inLanguage\":\"lv-LV\"},{\"@type\":\"Organization\",\"@id\":\"https:\\\/\\\/cinevillastudios.com\\\/lv\\\/#organization\",\"name\":\"Cinevilla Studio\",\"url\":\"https:\\\/\\\/cinevillastudios.com\\\/lv\\\/\",\"logo\":{\"@type\":\"ImageObject\",\"inLanguage\":\"lv-LV\",\"@id\":\"https:\\\/\\\/cinevillastudios.com\\\/lv\\\/#\\\/schema\\\/logo\\\/image\\\/\",\"url\":\"https:\\\/\\\/cinevillastudios.com\\\/wp-content\\\/uploads\\\/2023\\\/08\\\/cinevilla-studio-logo-1.svg\",\"contentUrl\":\"https:\\\/\\\/cinevillastudios.com\\\/wp-content\\\/uploads\\\/2023\\\/08\\\/cinevilla-studio-logo-1.svg\",\"width\":182,\"height\":144,\"caption\":\"Cinevilla Studio\"},\"image\":{\"@id\":\"https:\\\/\\\/cinevillastudios.com\\\/lv\\\/#\\\/schema\\\/logo\\\/image\\\/\"},\"sameAs\":[\"https:\\\/\\\/www.facebook.com\\\/Cinevilla\",\"https:\\\/\\\/www.instagram.com\\\/cinevillastudios\\\/\"]}]}<\/script>\n<!-- \/ Yoast SEO plugin. -->","yoast_head_json":{"title":"Grandioz\u0101 eksped\u012bcija - Cinevilla Studio","robots":{"index":"index","follow":"follow","max-snippet":"max-snippet:-1","max-image-preview":"max-image-preview:large","max-video-preview":"max-video-preview:-1"},"canonical":"https:\/\/cinevillastudios.com\/lv\/cinevilla\/pakas\/apmekletajiem\/ultimate-expedition\/","og_locale":"lv_LV","og_type":"article","og_title":"Grandioz\u0101 eksped\u012bcija - Cinevilla Studio","og_description":"Apvienojiet m\u0101c\u012b\u0161anos un rota\u013c\u012bgu izp\u0113ti, st\u0101st\u012bjums par filmu parku un fotoizp\u0113te. Izbaudiet burv\u012bbu, kad no za\u013c\u0101 ekr\u0101na nok\u013c\u016bsiet neticam\u0101s filmu ain\u0101s. Un p\u0101rbaudiet, vai varat izk\u013c\u016bt no labirinta piedz\u012bvojuma! \u0160is gal\u012bgais komplekts \u013cauj jums aptuveni 3 stundu laik\u0101 iedzi\u013cin\u0101ties vis\u0101, ko pied\u0101v\u0101 Cinevilla. Pieejams grup\u0101m ar 20 vai vair\u0101k apmekl\u0113t\u0101jiem.","og_url":"https:\/\/cinevillastudios.com\/lv\/cinevilla\/pakas\/apmekletajiem\/ultimate-expedition\/","og_site_name":"Cinevilla Studio","article_publisher":"https:\/\/www.facebook.com\/Cinevilla","article_modified_time":"2026-03-17T19:09:37+00:00","og_image":[{"width":960,"height":960,"url":"https:\/\/cinevillastudios.com\/wp-content\/uploads\/2023\/08\/73050794_2337175893211103_4112747046404882432_n.webp","type":"image\/webp"}],"twitter_card":"summary_large_image","schema":{"@context":"https:\/\/schema.org","@graph":[{"@type":"WebPage","@id":"https:\/\/cinevillastudios.com\/lv\/cinevilla\/pakas\/apmekletajiem\/ultimate-expedition\/","url":"https:\/\/cinevillastudios.com\/lv\/cinevilla\/pakas\/apmekletajiem\/ultimate-expedition\/","name":"Grandioz\u0101 eksped\u012bcija - Cinevilla Studio","isPartOf":{"@id":"https:\/\/cinevillastudios.com\/lv\/#website"},"primaryImageOfPage":{"@id":"https:\/\/cinevillastudios.com\/lv\/cinevilla\/pakas\/apmekletajiem\/ultimate-expedition\/#primaryimage"},"image":{"@id":"https:\/\/cinevillastudios.com\/lv\/cinevilla\/pakas\/apmekletajiem\/ultimate-expedition\/#primaryimage"},"thumbnailUrl":"https:\/\/cinevillastudios.com\/wp-content\/uploads\/2023\/08\/73050794_2337175893211103_4112747046404882432_n.webp","datePublished":"2023-08-30T16:13:39+00:00","dateModified":"2026-03-17T19:09:37+00:00","breadcrumb":{"@id":"https:\/\/cinevillastudios.com\/lv\/cinevilla\/pakas\/apmekletajiem\/ultimate-expedition\/#breadcrumb"},"inLanguage":"lv-LV","potentialAction":[{"@type":"ReadAction","target":["https:\/\/cinevillastudios.com\/lv\/cinevilla\/pakas\/apmekletajiem\/ultimate-expedition\/"]}]},{"@type":"ImageObject","inLanguage":"lv-LV","@id":"https:\/\/cinevillastudios.com\/lv\/cinevilla\/pakas\/apmekletajiem\/ultimate-expedition\/#primaryimage","url":"https:\/\/cinevillastudios.com\/wp-content\/uploads\/2023\/08\/73050794_2337175893211103_4112747046404882432_n.webp","contentUrl":"https:\/\/cinevillastudios.com\/wp-content\/uploads\/2023\/08\/73050794_2337175893211103_4112747046404882432_n.webp","width":960,"height":960},{"@type":"BreadcrumbList","@id":"https:\/\/cinevillastudios.com\/lv\/cinevilla\/pakas\/apmekletajiem\/ultimate-expedition\/#breadcrumb","itemListElement":[{"@type":"ListItem","position":1,"name":"Home","item":"https:\/\/cinevillastudios.com\/lv\/sakums-2\/"},{"@type":"ListItem","position":2,"name":"Shop","item":"https:\/\/cinevillastudios.com\/lv\/shop-2\/"},{"@type":"ListItem","position":3,"name":"Grandioz\u0101 eksped\u012bcija"}]},{"@type":"WebSite","@id":"https:\/\/cinevillastudios.com\/lv\/#website","url":"https:\/\/cinevillastudios.com\/lv\/","name":"Cinevilla Studio","description":"","publisher":{"@id":"https:\/\/cinevillastudios.com\/lv\/#organization"},"potentialAction":[{"@type":"SearchAction","target":{"@type":"EntryPoint","urlTemplate":"https:\/\/cinevillastudios.com\/lv\/?s={search_term_string}"},"query-input":{"@type":"PropertyValueSpecification","valueRequired":true,"valueName":"search_term_string"}}],"inLanguage":"lv-LV"},{"@type":"Organization","@id":"https:\/\/cinevillastudios.com\/lv\/#organization","name":"Cinevilla Studio","url":"https:\/\/cinevillastudios.com\/lv\/","logo":{"@type":"ImageObject","inLanguage":"lv-LV","@id":"https:\/\/cinevillastudios.com\/lv\/#\/schema\/logo\/image\/","url":"https:\/\/cinevillastudios.com\/wp-content\/uploads\/2023\/08\/cinevilla-studio-logo-1.svg","contentUrl":"https:\/\/cinevillastudios.com\/wp-content\/uploads\/2023\/08\/cinevilla-studio-logo-1.svg","width":182,"height":144,"caption":"Cinevilla Studio"},"image":{"@id":"https:\/\/cinevillastudios.com\/lv\/#\/schema\/logo\/image\/"},"sameAs":["https:\/\/www.facebook.com\/Cinevilla","https:\/\/www.instagram.com\/cinevillastudios\/"]}]}},"_links":{"self":[{"href":"https:\/\/cinevillastudios.com\/lv\/wp-json\/wp\/v2\/product\/7546","targetHints":{"allow":["GET"]}}],"collection":[{"href":"https:\/\/cinevillastudios.com\/lv\/wp-json\/wp\/v2\/product"}],"about":[{"href":"https:\/\/cinevillastudios.com\/lv\/wp-json\/wp\/v2\/types\/product"}],"version-history":[{"count":1,"href":"https:\/\/cinevillastudios.com\/lv\/wp-json\/wp\/v2\/product\/7546\/revisions"}],"predecessor-version":[{"id":17216,"href":"https:\/\/cinevillastudios.com\/lv\/wp-json\/wp\/v2\/product\/7546\/revisions\/17216"}],"wp:featuredmedia":[{"embeddable":true,"href":"https:\/\/cinevillastudios.com\/lv\/wp-json\/wp\/v2\/media\/12648"}],"wp:attachment":[{"href":"https:\/\/cinevillastudios.com\/lv\/wp-json\/wp\/v2\/media?parent=7546"}],"wp:term":[{"taxonomy":"product_brand","embeddable":true,"href":"https:\/\/cinevillastudios.com\/lv\/wp-json\/wp\/v2\/product_brand?post=7546"},{"taxonomy":"product_cat","embeddable":true,"href":"https:\/\/cinevillastudios.com\/lv\/wp-json\/wp\/v2\/product_cat?post=7546"},{"taxonomy":"product_tag","embeddable":true,"href":"https:\/\/cinevillastudios.com\/lv\/wp-json\/wp\/v2\/product_tag?post=7546"}],"curies":[{"name":"wp","href":"https:\/\/api.w.org\/{rel}","templated":true}]}}