{"id":7526,"date":"2023-08-30T16:11:32","date_gmt":"2023-08-30T16:11:32","guid":{"rendered":"https:\/\/cinevillastudios.com\/cinevilla\/uncategorized\/grupas-pilna-spektra-piedzivojums\/"},"modified":"2026-03-27T13:35:19","modified_gmt":"2026-03-27T11:35:19","slug":"lielie-piedzivojumi","status":"publish","type":"product","link":"https:\/\/cinevillastudios.com\/lv\/cinevilla\/pakas\/apmekletajiem\/lielie-piedzivojumi\/","title":{"rendered":"Lielais piedz\u012bvojums"},"content":{"rendered":"","protected":false},"excerpt":{"rendered":"<p>Apm\u0113ram 2,5 stundu laik\u0101 izbaudiet dinamisku pied\u0101v\u0101jumu, kas ietver st\u0101st\u012bjumu par filmu parku, aizraujo\u0161u za\u013c\u0101 ekr\u0101na pieredzi un iesp\u0113ju izv\u0113l\u0113ties starp fotoizp\u0113ti vai labirinta piedz\u012bvojumu. Pieejams grup\u0101m ar 20 vai vair\u0101k apmekl\u0113t\u0101jiem. <\/p>\n","protected":false},"featured_media":12642,"template":"","meta":{"inline_featured_image":false},"product_brand":[],"product_cat":[280],"product_tag":[],"class_list":{"0":"post-7526","1":"product","2":"type-product","3":"status-publish","4":"has-post-thumbnail","6":"product_cat-apmekletajiem","8":"first","9":"instock","10":"virtual","11":"purchasable","12":"product-type-simple"},"yoast_head":"<!-- This site is optimized with the Yoast SEO plugin v27.3 - https:\/\/yoast.com\/product\/yoast-seo-wordpress\/ -->\n<title>Lielais piedz\u012bvojums - Cinevilla Studio<\/title>\n<meta name=\"robots\" content=\"index, follow, max-snippet:-1, max-image-preview:large, max-video-preview:-1\" \/>\n<link rel=\"canonical\" href=\"https:\/\/cinevillastudios.com\/lv\/cinevilla\/pakas\/apmekletajiem\/lielie-piedzivojumi\/\" \/>\n<meta property=\"og:locale\" content=\"lv_LV\" \/>\n<meta property=\"og:type\" content=\"article\" \/>\n<meta property=\"og:title\" content=\"Lielais piedz\u012bvojums - Cinevilla Studio\" \/>\n<meta property=\"og:description\" content=\"Apm\u0113ram 2,5 stundu laik\u0101 izbaudiet dinamisku pied\u0101v\u0101jumu, kas ietver st\u0101st\u012bjumu par filmu parku, aizraujo\u0161u za\u013c\u0101 ekr\u0101na pieredzi un iesp\u0113ju izv\u0113l\u0113ties starp fotoizp\u0113ti vai labirinta piedz\u012bvojumu. Pieejams grup\u0101m ar 20 vai vair\u0101k apmekl\u0113t\u0101jiem.\" \/>\n<meta property=\"og:url\" content=\"https:\/\/cinevillastudios.com\/lv\/cinevilla\/pakas\/apmekletajiem\/lielie-piedzivojumi\/\" \/>\n<meta property=\"og:site_name\" content=\"Cinevilla Studio\" \/>\n<meta property=\"article:publisher\" content=\"https:\/\/www.facebook.com\/Cinevilla\" \/>\n<meta property=\"article:modified_time\" content=\"2026-03-27T11:35:19+00:00\" \/>\n<meta property=\"og:image\" content=\"https:\/\/cinevillastudios.com\/wp-content\/uploads\/2023\/08\/376714139_18223872085246825_1598597673890960827_n.webp\" \/>\n\t<meta property=\"og:image:width\" content=\"960\" \/>\n\t<meta property=\"og:image:height\" content=\"1199\" \/>\n\t<meta property=\"og:image:type\" content=\"image\/webp\" \/>\n<meta name=\"twitter:card\" content=\"summary_large_image\" \/>\n<script type=\"application\/ld+json\" class=\"yoast-schema-graph\">{\"@context\":\"https:\\\/\\\/schema.org\",\"@graph\":[{\"@type\":\"WebPage\",\"@id\":\"https:\\\/\\\/cinevillastudios.com\\\/lv\\\/cinevilla\\\/pakas\\\/apmekletajiem\\\/lielie-piedzivojumi\\\/\",\"url\":\"https:\\\/\\\/cinevillastudios.com\\\/lv\\\/cinevilla\\\/pakas\\\/apmekletajiem\\\/lielie-piedzivojumi\\\/\",\"name\":\"Lielais piedz\u012bvojums - Cinevilla Studio\",\"isPartOf\":{\"@id\":\"https:\\\/\\\/cinevillastudios.com\\\/lv\\\/#website\"},\"primaryImageOfPage\":{\"@id\":\"https:\\\/\\\/cinevillastudios.com\\\/lv\\\/cinevilla\\\/pakas\\\/apmekletajiem\\\/lielie-piedzivojumi\\\/#primaryimage\"},\"image\":{\"@id\":\"https:\\\/\\\/cinevillastudios.com\\\/lv\\\/cinevilla\\\/pakas\\\/apmekletajiem\\\/lielie-piedzivojumi\\\/#primaryimage\"},\"thumbnailUrl\":\"https:\\\/\\\/cinevillastudios.com\\\/wp-content\\\/uploads\\\/2023\\\/08\\\/376714139_18223872085246825_1598597673890960827_n.webp\",\"datePublished\":\"2023-08-30T16:11:32+00:00\",\"dateModified\":\"2026-03-27T11:35:19+00:00\",\"breadcrumb\":{\"@id\":\"https:\\\/\\\/cinevillastudios.com\\\/lv\\\/cinevilla\\\/pakas\\\/apmekletajiem\\\/lielie-piedzivojumi\\\/#breadcrumb\"},\"inLanguage\":\"lv-LV\",\"potentialAction\":[{\"@type\":\"ReadAction\",\"target\":[\"https:\\\/\\\/cinevillastudios.com\\\/lv\\\/cinevilla\\\/pakas\\\/apmekletajiem\\\/lielie-piedzivojumi\\\/\"]}]},{\"@type\":\"ImageObject\",\"inLanguage\":\"lv-LV\",\"@id\":\"https:\\\/\\\/cinevillastudios.com\\\/lv\\\/cinevilla\\\/pakas\\\/apmekletajiem\\\/lielie-piedzivojumi\\\/#primaryimage\",\"url\":\"https:\\\/\\\/cinevillastudios.com\\\/wp-content\\\/uploads\\\/2023\\\/08\\\/376714139_18223872085246825_1598597673890960827_n.webp\",\"contentUrl\":\"https:\\\/\\\/cinevillastudios.com\\\/wp-content\\\/uploads\\\/2023\\\/08\\\/376714139_18223872085246825_1598597673890960827_n.webp\",\"width\":960,\"height\":1199},{\"@type\":\"BreadcrumbList\",\"@id\":\"https:\\\/\\\/cinevillastudios.com\\\/lv\\\/cinevilla\\\/pakas\\\/apmekletajiem\\\/lielie-piedzivojumi\\\/#breadcrumb\",\"itemListElement\":[{\"@type\":\"ListItem\",\"position\":1,\"name\":\"Home\",\"item\":\"https:\\\/\\\/cinevillastudios.com\\\/lv\\\/sakums-2\\\/\"},{\"@type\":\"ListItem\",\"position\":2,\"name\":\"Shop\",\"item\":\"https:\\\/\\\/cinevillastudios.com\\\/lv\\\/shop-2\\\/\"},{\"@type\":\"ListItem\",\"position\":3,\"name\":\"Lielais piedz\u012bvojums\"}]},{\"@type\":\"WebSite\",\"@id\":\"https:\\\/\\\/cinevillastudios.com\\\/lv\\\/#website\",\"url\":\"https:\\\/\\\/cinevillastudios.com\\\/lv\\\/\",\"name\":\"Cinevilla Studio\",\"description\":\"\",\"publisher\":{\"@id\":\"https:\\\/\\\/cinevillastudios.com\\\/lv\\\/#organization\"},\"potentialAction\":[{\"@type\":\"SearchAction\",\"target\":{\"@type\":\"EntryPoint\",\"urlTemplate\":\"https:\\\/\\\/cinevillastudios.com\\\/lv\\\/?s={search_term_string}\"},\"query-input\":{\"@type\":\"PropertyValueSpecification\",\"valueRequired\":true,\"valueName\":\"search_term_string\"}}],\"inLanguage\":\"lv-LV\"},{\"@type\":\"Organization\",\"@id\":\"https:\\\/\\\/cinevillastudios.com\\\/lv\\\/#organization\",\"name\":\"Cinevilla Studio\",\"url\":\"https:\\\/\\\/cinevillastudios.com\\\/lv\\\/\",\"logo\":{\"@type\":\"ImageObject\",\"inLanguage\":\"lv-LV\",\"@id\":\"https:\\\/\\\/cinevillastudios.com\\\/lv\\\/#\\\/schema\\\/logo\\\/image\\\/\",\"url\":\"https:\\\/\\\/cinevillastudios.com\\\/wp-content\\\/uploads\\\/2023\\\/08\\\/cinevilla-studio-logo-1.svg\",\"contentUrl\":\"https:\\\/\\\/cinevillastudios.com\\\/wp-content\\\/uploads\\\/2023\\\/08\\\/cinevilla-studio-logo-1.svg\",\"width\":182,\"height\":144,\"caption\":\"Cinevilla Studio\"},\"image\":{\"@id\":\"https:\\\/\\\/cinevillastudios.com\\\/lv\\\/#\\\/schema\\\/logo\\\/image\\\/\"},\"sameAs\":[\"https:\\\/\\\/www.facebook.com\\\/Cinevilla\",\"https:\\\/\\\/www.instagram.com\\\/cinevillastudios\\\/\"]}]}<\/script>\n<!-- \/ Yoast SEO plugin. -->","yoast_head_json":{"title":"Lielais piedz\u012bvojums - Cinevilla Studio","robots":{"index":"index","follow":"follow","max-snippet":"max-snippet:-1","max-image-preview":"max-image-preview:large","max-video-preview":"max-video-preview:-1"},"canonical":"https:\/\/cinevillastudios.com\/lv\/cinevilla\/pakas\/apmekletajiem\/lielie-piedzivojumi\/","og_locale":"lv_LV","og_type":"article","og_title":"Lielais piedz\u012bvojums - Cinevilla Studio","og_description":"Apm\u0113ram 2,5 stundu laik\u0101 izbaudiet dinamisku pied\u0101v\u0101jumu, kas ietver st\u0101st\u012bjumu par filmu parku, aizraujo\u0161u za\u013c\u0101 ekr\u0101na pieredzi un iesp\u0113ju izv\u0113l\u0113ties starp fotoizp\u0113ti vai labirinta piedz\u012bvojumu. Pieejams grup\u0101m ar 20 vai vair\u0101k apmekl\u0113t\u0101jiem.","og_url":"https:\/\/cinevillastudios.com\/lv\/cinevilla\/pakas\/apmekletajiem\/lielie-piedzivojumi\/","og_site_name":"Cinevilla Studio","article_publisher":"https:\/\/www.facebook.com\/Cinevilla","article_modified_time":"2026-03-27T11:35:19+00:00","og_image":[{"width":960,"height":1199,"url":"https:\/\/cinevillastudios.com\/wp-content\/uploads\/2023\/08\/376714139_18223872085246825_1598597673890960827_n.webp","type":"image\/webp"}],"twitter_card":"summary_large_image","schema":{"@context":"https:\/\/schema.org","@graph":[{"@type":"WebPage","@id":"https:\/\/cinevillastudios.com\/lv\/cinevilla\/pakas\/apmekletajiem\/lielie-piedzivojumi\/","url":"https:\/\/cinevillastudios.com\/lv\/cinevilla\/pakas\/apmekletajiem\/lielie-piedzivojumi\/","name":"Lielais piedz\u012bvojums - Cinevilla Studio","isPartOf":{"@id":"https:\/\/cinevillastudios.com\/lv\/#website"},"primaryImageOfPage":{"@id":"https:\/\/cinevillastudios.com\/lv\/cinevilla\/pakas\/apmekletajiem\/lielie-piedzivojumi\/#primaryimage"},"image":{"@id":"https:\/\/cinevillastudios.com\/lv\/cinevilla\/pakas\/apmekletajiem\/lielie-piedzivojumi\/#primaryimage"},"thumbnailUrl":"https:\/\/cinevillastudios.com\/wp-content\/uploads\/2023\/08\/376714139_18223872085246825_1598597673890960827_n.webp","datePublished":"2023-08-30T16:11:32+00:00","dateModified":"2026-03-27T11:35:19+00:00","breadcrumb":{"@id":"https:\/\/cinevillastudios.com\/lv\/cinevilla\/pakas\/apmekletajiem\/lielie-piedzivojumi\/#breadcrumb"},"inLanguage":"lv-LV","potentialAction":[{"@type":"ReadAction","target":["https:\/\/cinevillastudios.com\/lv\/cinevilla\/pakas\/apmekletajiem\/lielie-piedzivojumi\/"]}]},{"@type":"ImageObject","inLanguage":"lv-LV","@id":"https:\/\/cinevillastudios.com\/lv\/cinevilla\/pakas\/apmekletajiem\/lielie-piedzivojumi\/#primaryimage","url":"https:\/\/cinevillastudios.com\/wp-content\/uploads\/2023\/08\/376714139_18223872085246825_1598597673890960827_n.webp","contentUrl":"https:\/\/cinevillastudios.com\/wp-content\/uploads\/2023\/08\/376714139_18223872085246825_1598597673890960827_n.webp","width":960,"height":1199},{"@type":"BreadcrumbList","@id":"https:\/\/cinevillastudios.com\/lv\/cinevilla\/pakas\/apmekletajiem\/lielie-piedzivojumi\/#breadcrumb","itemListElement":[{"@type":"ListItem","position":1,"name":"Home","item":"https:\/\/cinevillastudios.com\/lv\/sakums-2\/"},{"@type":"ListItem","position":2,"name":"Shop","item":"https:\/\/cinevillastudios.com\/lv\/shop-2\/"},{"@type":"ListItem","position":3,"name":"Lielais piedz\u012bvojums"}]},{"@type":"WebSite","@id":"https:\/\/cinevillastudios.com\/lv\/#website","url":"https:\/\/cinevillastudios.com\/lv\/","name":"Cinevilla Studio","description":"","publisher":{"@id":"https:\/\/cinevillastudios.com\/lv\/#organization"},"potentialAction":[{"@type":"SearchAction","target":{"@type":"EntryPoint","urlTemplate":"https:\/\/cinevillastudios.com\/lv\/?s={search_term_string}"},"query-input":{"@type":"PropertyValueSpecification","valueRequired":true,"valueName":"search_term_string"}}],"inLanguage":"lv-LV"},{"@type":"Organization","@id":"https:\/\/cinevillastudios.com\/lv\/#organization","name":"Cinevilla Studio","url":"https:\/\/cinevillastudios.com\/lv\/","logo":{"@type":"ImageObject","inLanguage":"lv-LV","@id":"https:\/\/cinevillastudios.com\/lv\/#\/schema\/logo\/image\/","url":"https:\/\/cinevillastudios.com\/wp-content\/uploads\/2023\/08\/cinevilla-studio-logo-1.svg","contentUrl":"https:\/\/cinevillastudios.com\/wp-content\/uploads\/2023\/08\/cinevilla-studio-logo-1.svg","width":182,"height":144,"caption":"Cinevilla Studio"},"image":{"@id":"https:\/\/cinevillastudios.com\/lv\/#\/schema\/logo\/image\/"},"sameAs":["https:\/\/www.facebook.com\/Cinevilla","https:\/\/www.instagram.com\/cinevillastudios\/"]}]}},"_links":{"self":[{"href":"https:\/\/cinevillastudios.com\/lv\/wp-json\/wp\/v2\/product\/7526","targetHints":{"allow":["GET"]}}],"collection":[{"href":"https:\/\/cinevillastudios.com\/lv\/wp-json\/wp\/v2\/product"}],"about":[{"href":"https:\/\/cinevillastudios.com\/lv\/wp-json\/wp\/v2\/types\/product"}],"version-history":[{"count":2,"href":"https:\/\/cinevillastudios.com\/lv\/wp-json\/wp\/v2\/product\/7526\/revisions"}],"predecessor-version":[{"id":17229,"href":"https:\/\/cinevillastudios.com\/lv\/wp-json\/wp\/v2\/product\/7526\/revisions\/17229"}],"wp:featuredmedia":[{"embeddable":true,"href":"https:\/\/cinevillastudios.com\/lv\/wp-json\/wp\/v2\/media\/12642"}],"wp:attachment":[{"href":"https:\/\/cinevillastudios.com\/lv\/wp-json\/wp\/v2\/media?parent=7526"}],"wp:term":[{"taxonomy":"product_brand","embeddable":true,"href":"https:\/\/cinevillastudios.com\/lv\/wp-json\/wp\/v2\/product_brand?post=7526"},{"taxonomy":"product_cat","embeddable":true,"href":"https:\/\/cinevillastudios.com\/lv\/wp-json\/wp\/v2\/product_cat?post=7526"},{"taxonomy":"product_tag","embeddable":true,"href":"https:\/\/cinevillastudios.com\/lv\/wp-json\/wp\/v2\/product_tag?post=7526"}],"curies":[{"name":"wp","href":"https:\/\/api.w.org\/{rel}","templated":true}]}}