{"id":6663,"date":"2023-08-28T09:21:09","date_gmt":"2023-08-28T07:21:09","guid":{"rendered":"https:\/\/cinevillastudios.com\/cinevilla\/uncategorized\/rudolfa-majas-8-numurs\/"},"modified":"2023-08-28T09:21:09","modified_gmt":"2023-08-28T07:21:09","slug":"numurs-8-in-rudolfs-house","status":"publish","type":"product","link":"https:\/\/cinevillastudios.com\/lv\/cinevilla\/teritorija-un-objekti\/infrastruktura-lv\/rudolfa-maja\/numurs-8-in-rudolfs-house\/","title":{"rendered":"R\u016bdolfa m\u0101jas 8. numurs"},"content":{"rendered":"","protected":false},"excerpt":{"rendered":"<p>Atp\u016btas vieta vientul\u012bb\u0101 ar vienu gultu tiem, kas mekl\u0113 priv\u0101t\u0101ku lauku atp\u016btu.<\/p>\n","protected":false},"featured_media":12182,"template":"","meta":{"inline_featured_image":false},"product_brand":[],"product_cat":[250],"product_tag":[],"class_list":{"0":"post-6663","1":"product","2":"type-product","3":"status-publish","4":"has-post-thumbnail","6":"product_cat-rudolfa-maja","8":"first","9":"instock","10":"virtual","11":"sold-individually","12":"purchasable","13":"product-type-jet_booking"},"yoast_head":"<!-- This site is optimized with the Yoast SEO plugin v27.3 - https:\/\/yoast.com\/product\/yoast-seo-wordpress\/ -->\n<title>R\u016bdolfa m\u0101jas 8. numurs - Cinevilla Studio<\/title>\n<meta name=\"robots\" content=\"index, follow, max-snippet:-1, max-image-preview:large, max-video-preview:-1\" \/>\n<link rel=\"canonical\" href=\"https:\/\/cinevillastudios.com\/lv\/cinevilla\/teritorija-un-objekti\/infrastruktura-lv\/rudolfa-maja\/numurs-8-in-rudolfs-house\/\" \/>\n<meta property=\"og:locale\" content=\"lv_LV\" \/>\n<meta property=\"og:type\" content=\"article\" \/>\n<meta property=\"og:title\" content=\"R\u016bdolfa m\u0101jas 8. numurs - Cinevilla Studio\" \/>\n<meta property=\"og:description\" content=\"Atp\u016btas vieta vientul\u012bb\u0101 ar vienu gultu tiem, kas mekl\u0113 priv\u0101t\u0101ku lauku atp\u016btu.\" \/>\n<meta property=\"og:url\" content=\"https:\/\/cinevillastudios.com\/lv\/cinevilla\/teritorija-un-objekti\/infrastruktura-lv\/rudolfa-maja\/numurs-8-in-rudolfs-house\/\" \/>\n<meta property=\"og:site_name\" content=\"Cinevilla Studio\" \/>\n<meta property=\"article:publisher\" content=\"https:\/\/www.facebook.com\/Cinevilla\" \/>\n<meta name=\"twitter:card\" content=\"summary_large_image\" \/>\n<script type=\"application\/ld+json\" class=\"yoast-schema-graph\">{\"@context\":\"https:\\\/\\\/schema.org\",\"@graph\":[{\"@type\":\"WebPage\",\"@id\":\"https:\\\/\\\/cinevillastudios.com\\\/lv\\\/cinevilla\\\/teritorija-un-objekti\\\/infrastruktura-lv\\\/rudolfa-maja\\\/numurs-8-in-rudolfs-house\\\/\",\"url\":\"https:\\\/\\\/cinevillastudios.com\\\/lv\\\/cinevilla\\\/teritorija-un-objekti\\\/infrastruktura-lv\\\/rudolfa-maja\\\/numurs-8-in-rudolfs-house\\\/\",\"name\":\"R\u016bdolfa m\u0101jas 8. numurs - Cinevilla Studio\",\"isPartOf\":{\"@id\":\"https:\\\/\\\/cinevillastudios.com\\\/lv\\\/#website\"},\"primaryImageOfPage\":{\"@id\":\"https:\\\/\\\/cinevillastudios.com\\\/lv\\\/cinevilla\\\/teritorija-un-objekti\\\/infrastruktura-lv\\\/rudolfa-maja\\\/numurs-8-in-rudolfs-house\\\/#primaryimage\"},\"image\":{\"@id\":\"https:\\\/\\\/cinevillastudios.com\\\/lv\\\/cinevilla\\\/teritorija-un-objekti\\\/infrastruktura-lv\\\/rudolfa-maja\\\/numurs-8-in-rudolfs-house\\\/#primaryimage\"},\"thumbnailUrl\":\"https:\\\/\\\/cinevillastudios.com\\\/wp-content\\\/uploads\\\/2023\\\/08\\\/rudolfs-house-1bed.webp\",\"datePublished\":\"2023-08-28T07:21:09+00:00\",\"breadcrumb\":{\"@id\":\"https:\\\/\\\/cinevillastudios.com\\\/lv\\\/cinevilla\\\/teritorija-un-objekti\\\/infrastruktura-lv\\\/rudolfa-maja\\\/numurs-8-in-rudolfs-house\\\/#breadcrumb\"},\"inLanguage\":\"lv-LV\",\"potentialAction\":[{\"@type\":\"ReadAction\",\"target\":[\"https:\\\/\\\/cinevillastudios.com\\\/lv\\\/cinevilla\\\/teritorija-un-objekti\\\/infrastruktura-lv\\\/rudolfa-maja\\\/numurs-8-in-rudolfs-house\\\/\"]}]},{\"@type\":\"ImageObject\",\"inLanguage\":\"lv-LV\",\"@id\":\"https:\\\/\\\/cinevillastudios.com\\\/lv\\\/cinevilla\\\/teritorija-un-objekti\\\/infrastruktura-lv\\\/rudolfa-maja\\\/numurs-8-in-rudolfs-house\\\/#primaryimage\",\"url\":\"https:\\\/\\\/cinevillastudios.com\\\/wp-content\\\/uploads\\\/2023\\\/08\\\/rudolfs-house-1bed.webp\",\"contentUrl\":\"https:\\\/\\\/cinevillastudios.com\\\/wp-content\\\/uploads\\\/2023\\\/08\\\/rudolfs-house-1bed.webp\",\"width\":1600,\"height\":900},{\"@type\":\"BreadcrumbList\",\"@id\":\"https:\\\/\\\/cinevillastudios.com\\\/lv\\\/cinevilla\\\/teritorija-un-objekti\\\/infrastruktura-lv\\\/rudolfa-maja\\\/numurs-8-in-rudolfs-house\\\/#breadcrumb\",\"itemListElement\":[{\"@type\":\"ListItem\",\"position\":1,\"name\":\"Home\",\"item\":\"https:\\\/\\\/cinevillastudios.com\\\/lv\\\/sakums-2\\\/\"},{\"@type\":\"ListItem\",\"position\":2,\"name\":\"Shop\",\"item\":\"https:\\\/\\\/cinevillastudios.com\\\/lv\\\/shop-2\\\/\"},{\"@type\":\"ListItem\",\"position\":3,\"name\":\"R\u016bdolfa m\u0101jas 8. numurs\"}]},{\"@type\":\"WebSite\",\"@id\":\"https:\\\/\\\/cinevillastudios.com\\\/lv\\\/#website\",\"url\":\"https:\\\/\\\/cinevillastudios.com\\\/lv\\\/\",\"name\":\"Cinevilla Studio\",\"description\":\"\",\"publisher\":{\"@id\":\"https:\\\/\\\/cinevillastudios.com\\\/lv\\\/#organization\"},\"potentialAction\":[{\"@type\":\"SearchAction\",\"target\":{\"@type\":\"EntryPoint\",\"urlTemplate\":\"https:\\\/\\\/cinevillastudios.com\\\/lv\\\/?s={search_term_string}\"},\"query-input\":{\"@type\":\"PropertyValueSpecification\",\"valueRequired\":true,\"valueName\":\"search_term_string\"}}],\"inLanguage\":\"lv-LV\"},{\"@type\":\"Organization\",\"@id\":\"https:\\\/\\\/cinevillastudios.com\\\/lv\\\/#organization\",\"name\":\"Cinevilla Studio\",\"url\":\"https:\\\/\\\/cinevillastudios.com\\\/lv\\\/\",\"logo\":{\"@type\":\"ImageObject\",\"inLanguage\":\"lv-LV\",\"@id\":\"https:\\\/\\\/cinevillastudios.com\\\/lv\\\/#\\\/schema\\\/logo\\\/image\\\/\",\"url\":\"https:\\\/\\\/cinevillastudios.com\\\/wp-content\\\/uploads\\\/2023\\\/08\\\/cinevilla-studio-logo-1.svg\",\"contentUrl\":\"https:\\\/\\\/cinevillastudios.com\\\/wp-content\\\/uploads\\\/2023\\\/08\\\/cinevilla-studio-logo-1.svg\",\"width\":182,\"height\":144,\"caption\":\"Cinevilla Studio\"},\"image\":{\"@id\":\"https:\\\/\\\/cinevillastudios.com\\\/lv\\\/#\\\/schema\\\/logo\\\/image\\\/\"},\"sameAs\":[\"https:\\\/\\\/www.facebook.com\\\/Cinevilla\",\"https:\\\/\\\/www.instagram.com\\\/cinevillastudios\\\/\"]}]}<\/script>\n<!-- \/ Yoast SEO plugin. -->","yoast_head_json":{"title":"R\u016bdolfa m\u0101jas 8. numurs - Cinevilla Studio","robots":{"index":"index","follow":"follow","max-snippet":"max-snippet:-1","max-image-preview":"max-image-preview:large","max-video-preview":"max-video-preview:-1"},"canonical":"https:\/\/cinevillastudios.com\/lv\/cinevilla\/teritorija-un-objekti\/infrastruktura-lv\/rudolfa-maja\/numurs-8-in-rudolfs-house\/","og_locale":"lv_LV","og_type":"article","og_title":"R\u016bdolfa m\u0101jas 8. numurs - Cinevilla Studio","og_description":"Atp\u016btas vieta vientul\u012bb\u0101 ar vienu gultu tiem, kas mekl\u0113 priv\u0101t\u0101ku lauku atp\u016btu.","og_url":"https:\/\/cinevillastudios.com\/lv\/cinevilla\/teritorija-un-objekti\/infrastruktura-lv\/rudolfa-maja\/numurs-8-in-rudolfs-house\/","og_site_name":"Cinevilla Studio","article_publisher":"https:\/\/www.facebook.com\/Cinevilla","twitter_card":"summary_large_image","schema":{"@context":"https:\/\/schema.org","@graph":[{"@type":"WebPage","@id":"https:\/\/cinevillastudios.com\/lv\/cinevilla\/teritorija-un-objekti\/infrastruktura-lv\/rudolfa-maja\/numurs-8-in-rudolfs-house\/","url":"https:\/\/cinevillastudios.com\/lv\/cinevilla\/teritorija-un-objekti\/infrastruktura-lv\/rudolfa-maja\/numurs-8-in-rudolfs-house\/","name":"R\u016bdolfa m\u0101jas 8. numurs - Cinevilla Studio","isPartOf":{"@id":"https:\/\/cinevillastudios.com\/lv\/#website"},"primaryImageOfPage":{"@id":"https:\/\/cinevillastudios.com\/lv\/cinevilla\/teritorija-un-objekti\/infrastruktura-lv\/rudolfa-maja\/numurs-8-in-rudolfs-house\/#primaryimage"},"image":{"@id":"https:\/\/cinevillastudios.com\/lv\/cinevilla\/teritorija-un-objekti\/infrastruktura-lv\/rudolfa-maja\/numurs-8-in-rudolfs-house\/#primaryimage"},"thumbnailUrl":"https:\/\/cinevillastudios.com\/wp-content\/uploads\/2023\/08\/rudolfs-house-1bed.webp","datePublished":"2023-08-28T07:21:09+00:00","breadcrumb":{"@id":"https:\/\/cinevillastudios.com\/lv\/cinevilla\/teritorija-un-objekti\/infrastruktura-lv\/rudolfa-maja\/numurs-8-in-rudolfs-house\/#breadcrumb"},"inLanguage":"lv-LV","potentialAction":[{"@type":"ReadAction","target":["https:\/\/cinevillastudios.com\/lv\/cinevilla\/teritorija-un-objekti\/infrastruktura-lv\/rudolfa-maja\/numurs-8-in-rudolfs-house\/"]}]},{"@type":"ImageObject","inLanguage":"lv-LV","@id":"https:\/\/cinevillastudios.com\/lv\/cinevilla\/teritorija-un-objekti\/infrastruktura-lv\/rudolfa-maja\/numurs-8-in-rudolfs-house\/#primaryimage","url":"https:\/\/cinevillastudios.com\/wp-content\/uploads\/2023\/08\/rudolfs-house-1bed.webp","contentUrl":"https:\/\/cinevillastudios.com\/wp-content\/uploads\/2023\/08\/rudolfs-house-1bed.webp","width":1600,"height":900},{"@type":"BreadcrumbList","@id":"https:\/\/cinevillastudios.com\/lv\/cinevilla\/teritorija-un-objekti\/infrastruktura-lv\/rudolfa-maja\/numurs-8-in-rudolfs-house\/#breadcrumb","itemListElement":[{"@type":"ListItem","position":1,"name":"Home","item":"https:\/\/cinevillastudios.com\/lv\/sakums-2\/"},{"@type":"ListItem","position":2,"name":"Shop","item":"https:\/\/cinevillastudios.com\/lv\/shop-2\/"},{"@type":"ListItem","position":3,"name":"R\u016bdolfa m\u0101jas 8. numurs"}]},{"@type":"WebSite","@id":"https:\/\/cinevillastudios.com\/lv\/#website","url":"https:\/\/cinevillastudios.com\/lv\/","name":"Cinevilla Studio","description":"","publisher":{"@id":"https:\/\/cinevillastudios.com\/lv\/#organization"},"potentialAction":[{"@type":"SearchAction","target":{"@type":"EntryPoint","urlTemplate":"https:\/\/cinevillastudios.com\/lv\/?s={search_term_string}"},"query-input":{"@type":"PropertyValueSpecification","valueRequired":true,"valueName":"search_term_string"}}],"inLanguage":"lv-LV"},{"@type":"Organization","@id":"https:\/\/cinevillastudios.com\/lv\/#organization","name":"Cinevilla Studio","url":"https:\/\/cinevillastudios.com\/lv\/","logo":{"@type":"ImageObject","inLanguage":"lv-LV","@id":"https:\/\/cinevillastudios.com\/lv\/#\/schema\/logo\/image\/","url":"https:\/\/cinevillastudios.com\/wp-content\/uploads\/2023\/08\/cinevilla-studio-logo-1.svg","contentUrl":"https:\/\/cinevillastudios.com\/wp-content\/uploads\/2023\/08\/cinevilla-studio-logo-1.svg","width":182,"height":144,"caption":"Cinevilla Studio"},"image":{"@id":"https:\/\/cinevillastudios.com\/lv\/#\/schema\/logo\/image\/"},"sameAs":["https:\/\/www.facebook.com\/Cinevilla","https:\/\/www.instagram.com\/cinevillastudios\/"]}]}},"_links":{"self":[{"href":"https:\/\/cinevillastudios.com\/lv\/wp-json\/wp\/v2\/product\/6663","targetHints":{"allow":["GET"]}}],"collection":[{"href":"https:\/\/cinevillastudios.com\/lv\/wp-json\/wp\/v2\/product"}],"about":[{"href":"https:\/\/cinevillastudios.com\/lv\/wp-json\/wp\/v2\/types\/product"}],"version-history":[{"count":0,"href":"https:\/\/cinevillastudios.com\/lv\/wp-json\/wp\/v2\/product\/6663\/revisions"}],"wp:featuredmedia":[{"embeddable":true,"href":"https:\/\/cinevillastudios.com\/lv\/wp-json\/wp\/v2\/media\/12182"}],"wp:attachment":[{"href":"https:\/\/cinevillastudios.com\/lv\/wp-json\/wp\/v2\/media?parent=6663"}],"wp:term":[{"taxonomy":"product_brand","embeddable":true,"href":"https:\/\/cinevillastudios.com\/lv\/wp-json\/wp\/v2\/product_brand?post=6663"},{"taxonomy":"product_cat","embeddable":true,"href":"https:\/\/cinevillastudios.com\/lv\/wp-json\/wp\/v2\/product_cat?post=6663"},{"taxonomy":"product_tag","embeddable":true,"href":"https:\/\/cinevillastudios.com\/lv\/wp-json\/wp\/v2\/product_tag?post=6663"}],"curies":[{"name":"wp","href":"https:\/\/api.w.org\/{rel}","templated":true}]}}