{"id":6127,"date":"2023-08-26T12:04:35","date_gmt":"2023-08-26T10:04:35","guid":{"rendered":"https:\/\/cinevillastudios.com\/cinevilla\/uncategorized\/19-gadsimta-eiropas-ielu-komplekts\/"},"modified":"2024-10-03T20:05:19","modified_gmt":"2024-10-03T18:05:19","slug":"eiropas-ielas-19-gadsimta-komplekts","status":"publish","type":"product","link":"https:\/\/cinevillastudios.com\/lv\/cinevilla\/teritorija-un-objekti\/komplekti\/eiropas-ielas-19-gadsimta-komplekts\/","title":{"rendered":"Iela 19.gadsimta Eirop\u0101"},"content":{"rendered":"","protected":false},"excerpt":{"rendered":"<p>S\u0101kotn\u0113ji \u0161\u012b fas\u0101de tika b\u016bv\u0113ta v\u0101cu telev\u012bzijas seri\u0101lam &#8220;Dz\u012bve \u0145ujork\u0101&#8221; vajadz\u012bb\u0101m, bet p\u0113c tam t\u0101 tika p\u0101rveidota, lai taj\u0101 var\u0113tu \u012bstenot projektu SISI 3. T\u0101s bru\u0123\u0113tie ce\u013ci un senatn\u012bgais eksterjers aizved\u012bs Tevi uz citu laikmetu. <\/p>\n","protected":false},"featured_media":11355,"template":"","meta":{"inline_featured_image":false},"product_brand":[],"product_cat":[125],"product_tag":[],"class_list":{"0":"post-6127","1":"product","2":"type-product","3":"status-publish","4":"has-post-thumbnail","6":"product_cat-komplekti","8":"first","9":"instock","10":"virtual","11":"product-type-simple"},"yoast_head":"<!-- This site is optimized with the Yoast SEO plugin v27.5 - https:\/\/yoast.com\/product\/yoast-seo-wordpress\/ -->\n<title>Iela 19.gadsimta Eirop\u0101 - Cinevilla Studio<\/title>\n<meta name=\"robots\" content=\"index, follow, max-snippet:-1, max-image-preview:large, max-video-preview:-1\" \/>\n<link rel=\"canonical\" href=\"https:\/\/cinevillastudios.com\/lv\/cinevilla\/teritorija-un-objekti\/komplekti\/eiropas-ielas-19-gadsimta-komplekts\/\" \/>\n<meta property=\"og:locale\" content=\"lv_LV\" \/>\n<meta property=\"og:type\" content=\"article\" \/>\n<meta property=\"og:title\" content=\"Iela 19.gadsimta Eirop\u0101 - Cinevilla Studio\" \/>\n<meta property=\"og:description\" content=\"S\u0101kotn\u0113ji \u0161\u012b fas\u0101de tika b\u016bv\u0113ta v\u0101cu telev\u012bzijas seri\u0101lam &quot;Dz\u012bve \u0145ujork\u0101&quot; vajadz\u012bb\u0101m, bet p\u0113c tam t\u0101 tika p\u0101rveidota, lai taj\u0101 var\u0113tu \u012bstenot projektu SISI 3. T\u0101s bru\u0123\u0113tie ce\u013ci un senatn\u012bgais eksterjers aizved\u012bs Tevi uz citu laikmetu.\" \/>\n<meta property=\"og:url\" content=\"https:\/\/cinevillastudios.com\/lv\/cinevilla\/teritorija-un-objekti\/komplekti\/eiropas-ielas-19-gadsimta-komplekts\/\" \/>\n<meta property=\"og:site_name\" content=\"Cinevilla Studio\" \/>\n<meta property=\"article:publisher\" content=\"https:\/\/www.facebook.com\/Cinevilla\" \/>\n<meta property=\"article:modified_time\" content=\"2024-10-03T18:05:19+00:00\" \/>\n<meta property=\"og:image\" content=\"https:\/\/cinevillastudios.com\/wp-content\/uploads\/2023\/08\/IMG_20230720_144740_00_proc.webp\" \/>\n\t<meta property=\"og:image:width\" content=\"1600\" \/>\n\t<meta property=\"og:image:height\" content=\"900\" \/>\n\t<meta property=\"og:image:type\" content=\"image\/webp\" \/>\n<meta name=\"twitter:card\" content=\"summary_large_image\" \/>\n<script type=\"application\/ld+json\" class=\"yoast-schema-graph\">{\"@context\":\"https:\\\/\\\/schema.org\",\"@graph\":[{\"@type\":\"WebPage\",\"@id\":\"https:\\\/\\\/cinevillastudios.com\\\/lv\\\/cinevilla\\\/teritorija-un-objekti\\\/komplekti\\\/eiropas-ielas-19-gadsimta-komplekts\\\/\",\"url\":\"https:\\\/\\\/cinevillastudios.com\\\/lv\\\/cinevilla\\\/teritorija-un-objekti\\\/komplekti\\\/eiropas-ielas-19-gadsimta-komplekts\\\/\",\"name\":\"Iela 19.gadsimta Eirop\u0101 - Cinevilla Studio\",\"isPartOf\":{\"@id\":\"https:\\\/\\\/cinevillastudios.com\\\/lv\\\/#website\"},\"primaryImageOfPage\":{\"@id\":\"https:\\\/\\\/cinevillastudios.com\\\/lv\\\/cinevilla\\\/teritorija-un-objekti\\\/komplekti\\\/eiropas-ielas-19-gadsimta-komplekts\\\/#primaryimage\"},\"image\":{\"@id\":\"https:\\\/\\\/cinevillastudios.com\\\/lv\\\/cinevilla\\\/teritorija-un-objekti\\\/komplekti\\\/eiropas-ielas-19-gadsimta-komplekts\\\/#primaryimage\"},\"thumbnailUrl\":\"https:\\\/\\\/cinevillastudios.com\\\/wp-content\\\/uploads\\\/2023\\\/08\\\/IMG_20230720_144740_00_proc.webp\",\"datePublished\":\"2023-08-26T10:04:35+00:00\",\"dateModified\":\"2024-10-03T18:05:19+00:00\",\"breadcrumb\":{\"@id\":\"https:\\\/\\\/cinevillastudios.com\\\/lv\\\/cinevilla\\\/teritorija-un-objekti\\\/komplekti\\\/eiropas-ielas-19-gadsimta-komplekts\\\/#breadcrumb\"},\"inLanguage\":\"lv-LV\",\"potentialAction\":[{\"@type\":\"ReadAction\",\"target\":[\"https:\\\/\\\/cinevillastudios.com\\\/lv\\\/cinevilla\\\/teritorija-un-objekti\\\/komplekti\\\/eiropas-ielas-19-gadsimta-komplekts\\\/\"]}]},{\"@type\":\"ImageObject\",\"inLanguage\":\"lv-LV\",\"@id\":\"https:\\\/\\\/cinevillastudios.com\\\/lv\\\/cinevilla\\\/teritorija-un-objekti\\\/komplekti\\\/eiropas-ielas-19-gadsimta-komplekts\\\/#primaryimage\",\"url\":\"https:\\\/\\\/cinevillastudios.com\\\/wp-content\\\/uploads\\\/2023\\\/08\\\/IMG_20230720_144740_00_proc.webp\",\"contentUrl\":\"https:\\\/\\\/cinevillastudios.com\\\/wp-content\\\/uploads\\\/2023\\\/08\\\/IMG_20230720_144740_00_proc.webp\",\"width\":1600,\"height\":900},{\"@type\":\"BreadcrumbList\",\"@id\":\"https:\\\/\\\/cinevillastudios.com\\\/lv\\\/cinevilla\\\/teritorija-un-objekti\\\/komplekti\\\/eiropas-ielas-19-gadsimta-komplekts\\\/#breadcrumb\",\"itemListElement\":[{\"@type\":\"ListItem\",\"position\":1,\"name\":\"Home\",\"item\":\"https:\\\/\\\/cinevillastudios.com\\\/lv\\\/sakums-2\\\/\"},{\"@type\":\"ListItem\",\"position\":2,\"name\":\"Shop\",\"item\":\"https:\\\/\\\/cinevillastudios.com\\\/lv\\\/shop-2\\\/\"},{\"@type\":\"ListItem\",\"position\":3,\"name\":\"Iela 19.gadsimta Eirop\u0101\"}]},{\"@type\":\"WebSite\",\"@id\":\"https:\\\/\\\/cinevillastudios.com\\\/lv\\\/#website\",\"url\":\"https:\\\/\\\/cinevillastudios.com\\\/lv\\\/\",\"name\":\"Cinevilla Studio\",\"description\":\"\",\"publisher\":{\"@id\":\"https:\\\/\\\/cinevillastudios.com\\\/lv\\\/#organization\"},\"potentialAction\":[{\"@type\":\"SearchAction\",\"target\":{\"@type\":\"EntryPoint\",\"urlTemplate\":\"https:\\\/\\\/cinevillastudios.com\\\/lv\\\/?s={search_term_string}\"},\"query-input\":{\"@type\":\"PropertyValueSpecification\",\"valueRequired\":true,\"valueName\":\"search_term_string\"}}],\"inLanguage\":\"lv-LV\"},{\"@type\":\"Organization\",\"@id\":\"https:\\\/\\\/cinevillastudios.com\\\/lv\\\/#organization\",\"name\":\"Cinevilla Studio\",\"url\":\"https:\\\/\\\/cinevillastudios.com\\\/lv\\\/\",\"logo\":{\"@type\":\"ImageObject\",\"inLanguage\":\"lv-LV\",\"@id\":\"https:\\\/\\\/cinevillastudios.com\\\/lv\\\/#\\\/schema\\\/logo\\\/image\\\/\",\"url\":\"https:\\\/\\\/cinevillastudios.com\\\/wp-content\\\/uploads\\\/2023\\\/08\\\/cinevilla-studio-logo-1.svg\",\"contentUrl\":\"https:\\\/\\\/cinevillastudios.com\\\/wp-content\\\/uploads\\\/2023\\\/08\\\/cinevilla-studio-logo-1.svg\",\"width\":182,\"height\":144,\"caption\":\"Cinevilla Studio\"},\"image\":{\"@id\":\"https:\\\/\\\/cinevillastudios.com\\\/lv\\\/#\\\/schema\\\/logo\\\/image\\\/\"},\"sameAs\":[\"https:\\\/\\\/www.facebook.com\\\/Cinevilla\",\"https:\\\/\\\/www.instagram.com\\\/cinevillastudios\\\/\"]}]}<\/script>\n<!-- \/ Yoast SEO plugin. -->","yoast_head_json":{"title":"Iela 19.gadsimta Eirop\u0101 - Cinevilla Studio","robots":{"index":"index","follow":"follow","max-snippet":"max-snippet:-1","max-image-preview":"max-image-preview:large","max-video-preview":"max-video-preview:-1"},"canonical":"https:\/\/cinevillastudios.com\/lv\/cinevilla\/teritorija-un-objekti\/komplekti\/eiropas-ielas-19-gadsimta-komplekts\/","og_locale":"lv_LV","og_type":"article","og_title":"Iela 19.gadsimta Eirop\u0101 - Cinevilla Studio","og_description":"S\u0101kotn\u0113ji \u0161\u012b fas\u0101de tika b\u016bv\u0113ta v\u0101cu telev\u012bzijas seri\u0101lam \"Dz\u012bve \u0145ujork\u0101\" vajadz\u012bb\u0101m, bet p\u0113c tam t\u0101 tika p\u0101rveidota, lai taj\u0101 var\u0113tu \u012bstenot projektu SISI 3. T\u0101s bru\u0123\u0113tie ce\u013ci un senatn\u012bgais eksterjers aizved\u012bs Tevi uz citu laikmetu.","og_url":"https:\/\/cinevillastudios.com\/lv\/cinevilla\/teritorija-un-objekti\/komplekti\/eiropas-ielas-19-gadsimta-komplekts\/","og_site_name":"Cinevilla Studio","article_publisher":"https:\/\/www.facebook.com\/Cinevilla","article_modified_time":"2024-10-03T18:05:19+00:00","og_image":[{"width":1600,"height":900,"url":"https:\/\/cinevillastudios.com\/wp-content\/uploads\/2023\/08\/IMG_20230720_144740_00_proc.webp","type":"image\/webp"}],"twitter_card":"summary_large_image","schema":{"@context":"https:\/\/schema.org","@graph":[{"@type":"WebPage","@id":"https:\/\/cinevillastudios.com\/lv\/cinevilla\/teritorija-un-objekti\/komplekti\/eiropas-ielas-19-gadsimta-komplekts\/","url":"https:\/\/cinevillastudios.com\/lv\/cinevilla\/teritorija-un-objekti\/komplekti\/eiropas-ielas-19-gadsimta-komplekts\/","name":"Iela 19.gadsimta Eirop\u0101 - Cinevilla Studio","isPartOf":{"@id":"https:\/\/cinevillastudios.com\/lv\/#website"},"primaryImageOfPage":{"@id":"https:\/\/cinevillastudios.com\/lv\/cinevilla\/teritorija-un-objekti\/komplekti\/eiropas-ielas-19-gadsimta-komplekts\/#primaryimage"},"image":{"@id":"https:\/\/cinevillastudios.com\/lv\/cinevilla\/teritorija-un-objekti\/komplekti\/eiropas-ielas-19-gadsimta-komplekts\/#primaryimage"},"thumbnailUrl":"https:\/\/cinevillastudios.com\/wp-content\/uploads\/2023\/08\/IMG_20230720_144740_00_proc.webp","datePublished":"2023-08-26T10:04:35+00:00","dateModified":"2024-10-03T18:05:19+00:00","breadcrumb":{"@id":"https:\/\/cinevillastudios.com\/lv\/cinevilla\/teritorija-un-objekti\/komplekti\/eiropas-ielas-19-gadsimta-komplekts\/#breadcrumb"},"inLanguage":"lv-LV","potentialAction":[{"@type":"ReadAction","target":["https:\/\/cinevillastudios.com\/lv\/cinevilla\/teritorija-un-objekti\/komplekti\/eiropas-ielas-19-gadsimta-komplekts\/"]}]},{"@type":"ImageObject","inLanguage":"lv-LV","@id":"https:\/\/cinevillastudios.com\/lv\/cinevilla\/teritorija-un-objekti\/komplekti\/eiropas-ielas-19-gadsimta-komplekts\/#primaryimage","url":"https:\/\/cinevillastudios.com\/wp-content\/uploads\/2023\/08\/IMG_20230720_144740_00_proc.webp","contentUrl":"https:\/\/cinevillastudios.com\/wp-content\/uploads\/2023\/08\/IMG_20230720_144740_00_proc.webp","width":1600,"height":900},{"@type":"BreadcrumbList","@id":"https:\/\/cinevillastudios.com\/lv\/cinevilla\/teritorija-un-objekti\/komplekti\/eiropas-ielas-19-gadsimta-komplekts\/#breadcrumb","itemListElement":[{"@type":"ListItem","position":1,"name":"Home","item":"https:\/\/cinevillastudios.com\/lv\/sakums-2\/"},{"@type":"ListItem","position":2,"name":"Shop","item":"https:\/\/cinevillastudios.com\/lv\/shop-2\/"},{"@type":"ListItem","position":3,"name":"Iela 19.gadsimta Eirop\u0101"}]},{"@type":"WebSite","@id":"https:\/\/cinevillastudios.com\/lv\/#website","url":"https:\/\/cinevillastudios.com\/lv\/","name":"Cinevilla Studio","description":"","publisher":{"@id":"https:\/\/cinevillastudios.com\/lv\/#organization"},"potentialAction":[{"@type":"SearchAction","target":{"@type":"EntryPoint","urlTemplate":"https:\/\/cinevillastudios.com\/lv\/?s={search_term_string}"},"query-input":{"@type":"PropertyValueSpecification","valueRequired":true,"valueName":"search_term_string"}}],"inLanguage":"lv-LV"},{"@type":"Organization","@id":"https:\/\/cinevillastudios.com\/lv\/#organization","name":"Cinevilla Studio","url":"https:\/\/cinevillastudios.com\/lv\/","logo":{"@type":"ImageObject","inLanguage":"lv-LV","@id":"https:\/\/cinevillastudios.com\/lv\/#\/schema\/logo\/image\/","url":"https:\/\/cinevillastudios.com\/wp-content\/uploads\/2023\/08\/cinevilla-studio-logo-1.svg","contentUrl":"https:\/\/cinevillastudios.com\/wp-content\/uploads\/2023\/08\/cinevilla-studio-logo-1.svg","width":182,"height":144,"caption":"Cinevilla Studio"},"image":{"@id":"https:\/\/cinevillastudios.com\/lv\/#\/schema\/logo\/image\/"},"sameAs":["https:\/\/www.facebook.com\/Cinevilla","https:\/\/www.instagram.com\/cinevillastudios\/"]}]}},"_links":{"self":[{"href":"https:\/\/cinevillastudios.com\/lv\/wp-json\/wp\/v2\/product\/6127","targetHints":{"allow":["GET"]}}],"collection":[{"href":"https:\/\/cinevillastudios.com\/lv\/wp-json\/wp\/v2\/product"}],"about":[{"href":"https:\/\/cinevillastudios.com\/lv\/wp-json\/wp\/v2\/types\/product"}],"version-history":[{"count":0,"href":"https:\/\/cinevillastudios.com\/lv\/wp-json\/wp\/v2\/product\/6127\/revisions"}],"wp:featuredmedia":[{"embeddable":true,"href":"https:\/\/cinevillastudios.com\/lv\/wp-json\/wp\/v2\/media\/11355"}],"wp:attachment":[{"href":"https:\/\/cinevillastudios.com\/lv\/wp-json\/wp\/v2\/media?parent=6127"}],"wp:term":[{"taxonomy":"product_brand","embeddable":true,"href":"https:\/\/cinevillastudios.com\/lv\/wp-json\/wp\/v2\/product_brand?post=6127"},{"taxonomy":"product_cat","embeddable":true,"href":"https:\/\/cinevillastudios.com\/lv\/wp-json\/wp\/v2\/product_cat?post=6127"},{"taxonomy":"product_tag","embeddable":true,"href":"https:\/\/cinevillastudios.com\/lv\/wp-json\/wp\/v2\/product_tag?post=6127"}],"curies":[{"name":"wp","href":"https:\/\/api.w.org\/{rel}","templated":true}]}}