{"id":17078,"date":"2026-02-23T13:08:48","date_gmt":"2026-02-23T11:08:48","guid":{"rendered":"https:\/\/cinevillastudios.com\/cinevilla\/uncategorized\/mansarda-gridas-dekoracija\/"},"modified":"2026-02-23T13:08:48","modified_gmt":"2026-02-23T11:08:48","slug":"mansarda-gridas-dekoracija","status":"publish","type":"product","link":"https:\/\/cinevillastudios.com\/lv\/cinevilla\/teritorija-un-objekti\/komplekti\/mansarda-gridas-dekoracija\/","title":{"rendered":"Mansarda gr\u012bdas dekor\u0101cija"},"content":{"rendered":"","protected":false},"excerpt":{"rendered":"<p>Noska\u0146aina, atv\u0113rta, boh\u0113miska b\u0113ni\u0146u b\u0113ni\u0146u dekor\u0101cija, kas izgaismota kinematogr\u0101fisk\u0101 gaism\u0101, ar sl\u012bpiem atkl\u0101tu siju griestiem, p\u0101rsteidzo\u0161u abstrakto m\u0101kslu un pl\u012b\u0161a samta m\u0113bel\u0113m, ir ide\u0101li piem\u0113rota atmosf\u0113risku un emocion\u0101lu m\u016bsdienu ainu rad\u012b\u0161anai.<\/p>\n","protected":false},"featured_media":17079,"template":"","meta":{"inline_featured_image":false},"product_brand":[],"product_cat":[125],"product_tag":[],"class_list":{"0":"post-17078","1":"product","2":"type-product","3":"status-publish","4":"has-post-thumbnail","6":"product_cat-komplekti","8":"first","9":"instock","10":"shipping-taxable","11":"product-type-simple"},"yoast_head":"<!-- This site is optimized with the Yoast SEO plugin v27.4 - https:\/\/yoast.com\/product\/yoast-seo-wordpress\/ -->\n<title>Mansarda gr\u012bdas dekor\u0101cija - Cinevilla Studio<\/title>\n<meta name=\"robots\" content=\"index, follow, max-snippet:-1, max-image-preview:large, max-video-preview:-1\" \/>\n<link rel=\"canonical\" href=\"https:\/\/cinevillastudios.com\/lv\/cinevilla\/teritorija-un-objekti\/komplekti\/mansarda-gridas-dekoracija\/\" \/>\n<meta property=\"og:locale\" content=\"lv_LV\" \/>\n<meta property=\"og:type\" content=\"article\" \/>\n<meta property=\"og:title\" content=\"Mansarda gr\u012bdas dekor\u0101cija - Cinevilla Studio\" \/>\n<meta property=\"og:description\" content=\"Noska\u0146aina, atv\u0113rta, boh\u0113miska b\u0113ni\u0146u b\u0113ni\u0146u dekor\u0101cija, kas izgaismota kinematogr\u0101fisk\u0101 gaism\u0101, ar sl\u012bpiem atkl\u0101tu siju griestiem, p\u0101rsteidzo\u0161u abstrakto m\u0101kslu un pl\u012b\u0161a samta m\u0113bel\u0113m, ir ide\u0101li piem\u0113rota atmosf\u0113risku un emocion\u0101lu m\u016bsdienu ainu rad\u012b\u0161anai.\" \/>\n<meta property=\"og:url\" content=\"https:\/\/cinevillastudios.com\/lv\/cinevilla\/teritorija-un-objekti\/komplekti\/mansarda-gridas-dekoracija\/\" \/>\n<meta property=\"og:site_name\" content=\"Cinevilla Studio\" \/>\n<meta property=\"article:publisher\" content=\"https:\/\/www.facebook.com\/Cinevilla\" \/>\n<meta property=\"og:image\" content=\"https:\/\/cinevillastudios.com\/wp-content\/uploads\/2026\/02\/Attic-Floor-Set-103.webp\" \/>\n\t<meta property=\"og:image:width\" content=\"1600\" \/>\n\t<meta property=\"og:image:height\" content=\"1200\" \/>\n\t<meta property=\"og:image:type\" content=\"image\/webp\" \/>\n<meta name=\"twitter:card\" content=\"summary_large_image\" \/>\n<script type=\"application\/ld+json\" class=\"yoast-schema-graph\">{\"@context\":\"https:\\\/\\\/schema.org\",\"@graph\":[{\"@type\":\"WebPage\",\"@id\":\"https:\\\/\\\/cinevillastudios.com\\\/lv\\\/cinevilla\\\/teritorija-un-objekti\\\/komplekti\\\/mansarda-gridas-dekoracija\\\/\",\"url\":\"https:\\\/\\\/cinevillastudios.com\\\/lv\\\/cinevilla\\\/teritorija-un-objekti\\\/komplekti\\\/mansarda-gridas-dekoracija\\\/\",\"name\":\"Mansarda gr\u012bdas dekor\u0101cija - Cinevilla Studio\",\"isPartOf\":{\"@id\":\"https:\\\/\\\/cinevillastudios.com\\\/lv\\\/#website\"},\"primaryImageOfPage\":{\"@id\":\"https:\\\/\\\/cinevillastudios.com\\\/lv\\\/cinevilla\\\/teritorija-un-objekti\\\/komplekti\\\/mansarda-gridas-dekoracija\\\/#primaryimage\"},\"image\":{\"@id\":\"https:\\\/\\\/cinevillastudios.com\\\/lv\\\/cinevilla\\\/teritorija-un-objekti\\\/komplekti\\\/mansarda-gridas-dekoracija\\\/#primaryimage\"},\"thumbnailUrl\":\"https:\\\/\\\/cinevillastudios.com\\\/wp-content\\\/uploads\\\/2026\\\/02\\\/Attic-Floor-Set-103.webp\",\"datePublished\":\"2026-02-23T11:08:48+00:00\",\"breadcrumb\":{\"@id\":\"https:\\\/\\\/cinevillastudios.com\\\/lv\\\/cinevilla\\\/teritorija-un-objekti\\\/komplekti\\\/mansarda-gridas-dekoracija\\\/#breadcrumb\"},\"inLanguage\":\"lv-LV\",\"potentialAction\":[{\"@type\":\"ReadAction\",\"target\":[\"https:\\\/\\\/cinevillastudios.com\\\/lv\\\/cinevilla\\\/teritorija-un-objekti\\\/komplekti\\\/mansarda-gridas-dekoracija\\\/\"]}]},{\"@type\":\"ImageObject\",\"inLanguage\":\"lv-LV\",\"@id\":\"https:\\\/\\\/cinevillastudios.com\\\/lv\\\/cinevilla\\\/teritorija-un-objekti\\\/komplekti\\\/mansarda-gridas-dekoracija\\\/#primaryimage\",\"url\":\"https:\\\/\\\/cinevillastudios.com\\\/wp-content\\\/uploads\\\/2026\\\/02\\\/Attic-Floor-Set-103.webp\",\"contentUrl\":\"https:\\\/\\\/cinevillastudios.com\\\/wp-content\\\/uploads\\\/2026\\\/02\\\/Attic-Floor-Set-103.webp\",\"width\":1600,\"height\":1200},{\"@type\":\"BreadcrumbList\",\"@id\":\"https:\\\/\\\/cinevillastudios.com\\\/lv\\\/cinevilla\\\/teritorija-un-objekti\\\/komplekti\\\/mansarda-gridas-dekoracija\\\/#breadcrumb\",\"itemListElement\":[{\"@type\":\"ListItem\",\"position\":1,\"name\":\"Home\",\"item\":\"https:\\\/\\\/cinevillastudios.com\\\/lv\\\/sakums-2\\\/\"},{\"@type\":\"ListItem\",\"position\":2,\"name\":\"Shop\",\"item\":\"https:\\\/\\\/cinevillastudios.com\\\/lv\\\/shop-2\\\/\"},{\"@type\":\"ListItem\",\"position\":3,\"name\":\"Mansarda gr\u012bdas dekor\u0101cija\"}]},{\"@type\":\"WebSite\",\"@id\":\"https:\\\/\\\/cinevillastudios.com\\\/lv\\\/#website\",\"url\":\"https:\\\/\\\/cinevillastudios.com\\\/lv\\\/\",\"name\":\"Cinevilla Studio\",\"description\":\"\",\"publisher\":{\"@id\":\"https:\\\/\\\/cinevillastudios.com\\\/lv\\\/#organization\"},\"potentialAction\":[{\"@type\":\"SearchAction\",\"target\":{\"@type\":\"EntryPoint\",\"urlTemplate\":\"https:\\\/\\\/cinevillastudios.com\\\/lv\\\/?s={search_term_string}\"},\"query-input\":{\"@type\":\"PropertyValueSpecification\",\"valueRequired\":true,\"valueName\":\"search_term_string\"}}],\"inLanguage\":\"lv-LV\"},{\"@type\":\"Organization\",\"@id\":\"https:\\\/\\\/cinevillastudios.com\\\/lv\\\/#organization\",\"name\":\"Cinevilla Studio\",\"url\":\"https:\\\/\\\/cinevillastudios.com\\\/lv\\\/\",\"logo\":{\"@type\":\"ImageObject\",\"inLanguage\":\"lv-LV\",\"@id\":\"https:\\\/\\\/cinevillastudios.com\\\/lv\\\/#\\\/schema\\\/logo\\\/image\\\/\",\"url\":\"https:\\\/\\\/cinevillastudios.com\\\/wp-content\\\/uploads\\\/2023\\\/08\\\/cinevilla-studio-logo-1.svg\",\"contentUrl\":\"https:\\\/\\\/cinevillastudios.com\\\/wp-content\\\/uploads\\\/2023\\\/08\\\/cinevilla-studio-logo-1.svg\",\"width\":182,\"height\":144,\"caption\":\"Cinevilla Studio\"},\"image\":{\"@id\":\"https:\\\/\\\/cinevillastudios.com\\\/lv\\\/#\\\/schema\\\/logo\\\/image\\\/\"},\"sameAs\":[\"https:\\\/\\\/www.facebook.com\\\/Cinevilla\",\"https:\\\/\\\/www.instagram.com\\\/cinevillastudios\\\/\"]}]}<\/script>\n<!-- \/ Yoast SEO plugin. -->","yoast_head_json":{"title":"Mansarda gr\u012bdas dekor\u0101cija - Cinevilla Studio","robots":{"index":"index","follow":"follow","max-snippet":"max-snippet:-1","max-image-preview":"max-image-preview:large","max-video-preview":"max-video-preview:-1"},"canonical":"https:\/\/cinevillastudios.com\/lv\/cinevilla\/teritorija-un-objekti\/komplekti\/mansarda-gridas-dekoracija\/","og_locale":"lv_LV","og_type":"article","og_title":"Mansarda gr\u012bdas dekor\u0101cija - Cinevilla Studio","og_description":"Noska\u0146aina, atv\u0113rta, boh\u0113miska b\u0113ni\u0146u b\u0113ni\u0146u dekor\u0101cija, kas izgaismota kinematogr\u0101fisk\u0101 gaism\u0101, ar sl\u012bpiem atkl\u0101tu siju griestiem, p\u0101rsteidzo\u0161u abstrakto m\u0101kslu un pl\u012b\u0161a samta m\u0113bel\u0113m, ir ide\u0101li piem\u0113rota atmosf\u0113risku un emocion\u0101lu m\u016bsdienu ainu rad\u012b\u0161anai.","og_url":"https:\/\/cinevillastudios.com\/lv\/cinevilla\/teritorija-un-objekti\/komplekti\/mansarda-gridas-dekoracija\/","og_site_name":"Cinevilla Studio","article_publisher":"https:\/\/www.facebook.com\/Cinevilla","og_image":[{"width":1600,"height":1200,"url":"https:\/\/cinevillastudios.com\/wp-content\/uploads\/2026\/02\/Attic-Floor-Set-103.webp","type":"image\/webp"}],"twitter_card":"summary_large_image","schema":{"@context":"https:\/\/schema.org","@graph":[{"@type":"WebPage","@id":"https:\/\/cinevillastudios.com\/lv\/cinevilla\/teritorija-un-objekti\/komplekti\/mansarda-gridas-dekoracija\/","url":"https:\/\/cinevillastudios.com\/lv\/cinevilla\/teritorija-un-objekti\/komplekti\/mansarda-gridas-dekoracija\/","name":"Mansarda gr\u012bdas dekor\u0101cija - Cinevilla Studio","isPartOf":{"@id":"https:\/\/cinevillastudios.com\/lv\/#website"},"primaryImageOfPage":{"@id":"https:\/\/cinevillastudios.com\/lv\/cinevilla\/teritorija-un-objekti\/komplekti\/mansarda-gridas-dekoracija\/#primaryimage"},"image":{"@id":"https:\/\/cinevillastudios.com\/lv\/cinevilla\/teritorija-un-objekti\/komplekti\/mansarda-gridas-dekoracija\/#primaryimage"},"thumbnailUrl":"https:\/\/cinevillastudios.com\/wp-content\/uploads\/2026\/02\/Attic-Floor-Set-103.webp","datePublished":"2026-02-23T11:08:48+00:00","breadcrumb":{"@id":"https:\/\/cinevillastudios.com\/lv\/cinevilla\/teritorija-un-objekti\/komplekti\/mansarda-gridas-dekoracija\/#breadcrumb"},"inLanguage":"lv-LV","potentialAction":[{"@type":"ReadAction","target":["https:\/\/cinevillastudios.com\/lv\/cinevilla\/teritorija-un-objekti\/komplekti\/mansarda-gridas-dekoracija\/"]}]},{"@type":"ImageObject","inLanguage":"lv-LV","@id":"https:\/\/cinevillastudios.com\/lv\/cinevilla\/teritorija-un-objekti\/komplekti\/mansarda-gridas-dekoracija\/#primaryimage","url":"https:\/\/cinevillastudios.com\/wp-content\/uploads\/2026\/02\/Attic-Floor-Set-103.webp","contentUrl":"https:\/\/cinevillastudios.com\/wp-content\/uploads\/2026\/02\/Attic-Floor-Set-103.webp","width":1600,"height":1200},{"@type":"BreadcrumbList","@id":"https:\/\/cinevillastudios.com\/lv\/cinevilla\/teritorija-un-objekti\/komplekti\/mansarda-gridas-dekoracija\/#breadcrumb","itemListElement":[{"@type":"ListItem","position":1,"name":"Home","item":"https:\/\/cinevillastudios.com\/lv\/sakums-2\/"},{"@type":"ListItem","position":2,"name":"Shop","item":"https:\/\/cinevillastudios.com\/lv\/shop-2\/"},{"@type":"ListItem","position":3,"name":"Mansarda gr\u012bdas dekor\u0101cija"}]},{"@type":"WebSite","@id":"https:\/\/cinevillastudios.com\/lv\/#website","url":"https:\/\/cinevillastudios.com\/lv\/","name":"Cinevilla Studio","description":"","publisher":{"@id":"https:\/\/cinevillastudios.com\/lv\/#organization"},"potentialAction":[{"@type":"SearchAction","target":{"@type":"EntryPoint","urlTemplate":"https:\/\/cinevillastudios.com\/lv\/?s={search_term_string}"},"query-input":{"@type":"PropertyValueSpecification","valueRequired":true,"valueName":"search_term_string"}}],"inLanguage":"lv-LV"},{"@type":"Organization","@id":"https:\/\/cinevillastudios.com\/lv\/#organization","name":"Cinevilla Studio","url":"https:\/\/cinevillastudios.com\/lv\/","logo":{"@type":"ImageObject","inLanguage":"lv-LV","@id":"https:\/\/cinevillastudios.com\/lv\/#\/schema\/logo\/image\/","url":"https:\/\/cinevillastudios.com\/wp-content\/uploads\/2023\/08\/cinevilla-studio-logo-1.svg","contentUrl":"https:\/\/cinevillastudios.com\/wp-content\/uploads\/2023\/08\/cinevilla-studio-logo-1.svg","width":182,"height":144,"caption":"Cinevilla Studio"},"image":{"@id":"https:\/\/cinevillastudios.com\/lv\/#\/schema\/logo\/image\/"},"sameAs":["https:\/\/www.facebook.com\/Cinevilla","https:\/\/www.instagram.com\/cinevillastudios\/"]}]}},"_links":{"self":[{"href":"https:\/\/cinevillastudios.com\/lv\/wp-json\/wp\/v2\/product\/17078","targetHints":{"allow":["GET"]}}],"collection":[{"href":"https:\/\/cinevillastudios.com\/lv\/wp-json\/wp\/v2\/product"}],"about":[{"href":"https:\/\/cinevillastudios.com\/lv\/wp-json\/wp\/v2\/types\/product"}],"version-history":[{"count":0,"href":"https:\/\/cinevillastudios.com\/lv\/wp-json\/wp\/v2\/product\/17078\/revisions"}],"wp:featuredmedia":[{"embeddable":true,"href":"https:\/\/cinevillastudios.com\/lv\/wp-json\/wp\/v2\/media\/17079"}],"wp:attachment":[{"href":"https:\/\/cinevillastudios.com\/lv\/wp-json\/wp\/v2\/media?parent=17078"}],"wp:term":[{"taxonomy":"product_brand","embeddable":true,"href":"https:\/\/cinevillastudios.com\/lv\/wp-json\/wp\/v2\/product_brand?post=17078"},{"taxonomy":"product_cat","embeddable":true,"href":"https:\/\/cinevillastudios.com\/lv\/wp-json\/wp\/v2\/product_cat?post=17078"},{"taxonomy":"product_tag","embeddable":true,"href":"https:\/\/cinevillastudios.com\/lv\/wp-json\/wp\/v2\/product_tag?post=17078"}],"curies":[{"name":"wp","href":"https:\/\/api.w.org\/{rel}","templated":true}]}}