{"id":17044,"date":"2026-02-23T13:17:25","date_gmt":"2026-02-23T11:17:25","guid":{"rendered":"https:\/\/cinevillastudios.com\/cinevilla\/uncategorized\/20-gadsimta-vilcienu-stacijas-restorana-dekoracija\/"},"modified":"2026-02-23T13:17:25","modified_gmt":"2026-02-23T11:17:25","slug":"20-gadsimta-vilcienu-stacijas-restorana-dekoracija","status":"publish","type":"product","link":"https:\/\/cinevillastudios.com\/lv\/cinevilla\/teritorija-un-objekti\/komplekti\/20-gadsimta-vilcienu-stacijas-restorana-dekoracija\/","title":{"rendered":"20. gadsimta vilcienu stacijas restor\u0101na dekor\u0101cija"},"content":{"rendered":"","protected":false},"excerpt":{"rendered":"<p>Nosta\u013c\u0123isks 20. gadsimta s\u0101kuma dzelzce\u013ca stacijas restor\u0101na dekor\u0101cija ar augstiem arkveida logiem un tum\u0161a koka pane\u013ciem, kas papildin\u0101ts ar laikmetam atbilsto\u0161iem bistro galdi\u0146iem, senlaic\u012bgu bag\u0101\u017eu un izteiksm\u012bgu klasisko stacijas pulksteni, ir ide\u0101ls, lai rad\u012btu aizraujo\u0161as un atmi\u0146\u0101 palieko\u0161as laikmeta ainas.<\/p>\n","protected":false},"featured_media":17046,"template":"","meta":{"inline_featured_image":false},"product_brand":[],"product_cat":[125],"product_tag":[],"class_list":{"0":"post-17044","1":"product","2":"type-product","3":"status-publish","4":"has-post-thumbnail","6":"product_cat-komplekti","8":"first","9":"instock","10":"shipping-taxable","11":"product-type-simple"},"yoast_head":"<!-- This site is optimized with the Yoast SEO plugin v27.4 - https:\/\/yoast.com\/product\/yoast-seo-wordpress\/ -->\n<title>20. gadsimta vilcienu stacijas restor\u0101na dekor\u0101cija - Cinevilla Studio<\/title>\n<meta name=\"robots\" content=\"index, follow, max-snippet:-1, max-image-preview:large, max-video-preview:-1\" \/>\n<link rel=\"canonical\" href=\"https:\/\/cinevillastudios.com\/lv\/cinevilla\/teritorija-un-objekti\/komplekti\/20-gadsimta-vilcienu-stacijas-restorana-dekoracija\/\" \/>\n<meta property=\"og:locale\" content=\"lv_LV\" \/>\n<meta property=\"og:type\" content=\"article\" \/>\n<meta property=\"og:title\" content=\"20. gadsimta vilcienu stacijas restor\u0101na dekor\u0101cija - Cinevilla Studio\" \/>\n<meta property=\"og:description\" content=\"Nosta\u013c\u0123isks 20. gadsimta s\u0101kuma dzelzce\u013ca stacijas restor\u0101na dekor\u0101cija ar augstiem arkveida logiem un tum\u0161a koka pane\u013ciem, kas papildin\u0101ts ar laikmetam atbilsto\u0161iem bistro galdi\u0146iem, senlaic\u012bgu bag\u0101\u017eu un izteiksm\u012bgu klasisko stacijas pulksteni, ir ide\u0101ls, lai rad\u012btu aizraujo\u0161as un atmi\u0146\u0101 palieko\u0161as laikmeta ainas.\" \/>\n<meta property=\"og:url\" content=\"https:\/\/cinevillastudios.com\/lv\/cinevilla\/teritorija-un-objekti\/komplekti\/20-gadsimta-vilcienu-stacijas-restorana-dekoracija\/\" \/>\n<meta property=\"og:site_name\" content=\"Cinevilla Studio\" \/>\n<meta property=\"article:publisher\" content=\"https:\/\/www.facebook.com\/Cinevilla\" \/>\n<meta property=\"og:image\" content=\"https:\/\/cinevillastudios.com\/wp-content\/uploads\/2026\/02\/20th-Century-Train-Station-Restaurant-103.webp\" \/>\n\t<meta property=\"og:image:width\" content=\"1920\" \/>\n\t<meta property=\"og:image:height\" content=\"1280\" \/>\n\t<meta property=\"og:image:type\" content=\"image\/webp\" \/>\n<meta name=\"twitter:card\" content=\"summary_large_image\" \/>\n<script type=\"application\/ld+json\" class=\"yoast-schema-graph\">{\"@context\":\"https:\\\/\\\/schema.org\",\"@graph\":[{\"@type\":\"WebPage\",\"@id\":\"https:\\\/\\\/cinevillastudios.com\\\/lv\\\/cinevilla\\\/teritorija-un-objekti\\\/komplekti\\\/20-gadsimta-vilcienu-stacijas-restorana-dekoracija\\\/\",\"url\":\"https:\\\/\\\/cinevillastudios.com\\\/lv\\\/cinevilla\\\/teritorija-un-objekti\\\/komplekti\\\/20-gadsimta-vilcienu-stacijas-restorana-dekoracija\\\/\",\"name\":\"20. gadsimta vilcienu stacijas restor\u0101na dekor\u0101cija - Cinevilla Studio\",\"isPartOf\":{\"@id\":\"https:\\\/\\\/cinevillastudios.com\\\/lv\\\/#website\"},\"primaryImageOfPage\":{\"@id\":\"https:\\\/\\\/cinevillastudios.com\\\/lv\\\/cinevilla\\\/teritorija-un-objekti\\\/komplekti\\\/20-gadsimta-vilcienu-stacijas-restorana-dekoracija\\\/#primaryimage\"},\"image\":{\"@id\":\"https:\\\/\\\/cinevillastudios.com\\\/lv\\\/cinevilla\\\/teritorija-un-objekti\\\/komplekti\\\/20-gadsimta-vilcienu-stacijas-restorana-dekoracija\\\/#primaryimage\"},\"thumbnailUrl\":\"https:\\\/\\\/cinevillastudios.com\\\/wp-content\\\/uploads\\\/2026\\\/02\\\/20th-Century-Train-Station-Restaurant-103.webp\",\"datePublished\":\"2026-02-23T11:17:25+00:00\",\"breadcrumb\":{\"@id\":\"https:\\\/\\\/cinevillastudios.com\\\/lv\\\/cinevilla\\\/teritorija-un-objekti\\\/komplekti\\\/20-gadsimta-vilcienu-stacijas-restorana-dekoracija\\\/#breadcrumb\"},\"inLanguage\":\"lv-LV\",\"potentialAction\":[{\"@type\":\"ReadAction\",\"target\":[\"https:\\\/\\\/cinevillastudios.com\\\/lv\\\/cinevilla\\\/teritorija-un-objekti\\\/komplekti\\\/20-gadsimta-vilcienu-stacijas-restorana-dekoracija\\\/\"]}]},{\"@type\":\"ImageObject\",\"inLanguage\":\"lv-LV\",\"@id\":\"https:\\\/\\\/cinevillastudios.com\\\/lv\\\/cinevilla\\\/teritorija-un-objekti\\\/komplekti\\\/20-gadsimta-vilcienu-stacijas-restorana-dekoracija\\\/#primaryimage\",\"url\":\"https:\\\/\\\/cinevillastudios.com\\\/wp-content\\\/uploads\\\/2026\\\/02\\\/20th-Century-Train-Station-Restaurant-103.webp\",\"contentUrl\":\"https:\\\/\\\/cinevillastudios.com\\\/wp-content\\\/uploads\\\/2026\\\/02\\\/20th-Century-Train-Station-Restaurant-103.webp\",\"width\":1920,\"height\":1280},{\"@type\":\"BreadcrumbList\",\"@id\":\"https:\\\/\\\/cinevillastudios.com\\\/lv\\\/cinevilla\\\/teritorija-un-objekti\\\/komplekti\\\/20-gadsimta-vilcienu-stacijas-restorana-dekoracija\\\/#breadcrumb\",\"itemListElement\":[{\"@type\":\"ListItem\",\"position\":1,\"name\":\"Home\",\"item\":\"https:\\\/\\\/cinevillastudios.com\\\/lv\\\/sakums-2\\\/\"},{\"@type\":\"ListItem\",\"position\":2,\"name\":\"Shop\",\"item\":\"https:\\\/\\\/cinevillastudios.com\\\/lv\\\/shop-2\\\/\"},{\"@type\":\"ListItem\",\"position\":3,\"name\":\"20. gadsimta vilcienu stacijas restor\u0101na dekor\u0101cija\"}]},{\"@type\":\"WebSite\",\"@id\":\"https:\\\/\\\/cinevillastudios.com\\\/lv\\\/#website\",\"url\":\"https:\\\/\\\/cinevillastudios.com\\\/lv\\\/\",\"name\":\"Cinevilla Studio\",\"description\":\"\",\"publisher\":{\"@id\":\"https:\\\/\\\/cinevillastudios.com\\\/lv\\\/#organization\"},\"potentialAction\":[{\"@type\":\"SearchAction\",\"target\":{\"@type\":\"EntryPoint\",\"urlTemplate\":\"https:\\\/\\\/cinevillastudios.com\\\/lv\\\/?s={search_term_string}\"},\"query-input\":{\"@type\":\"PropertyValueSpecification\",\"valueRequired\":true,\"valueName\":\"search_term_string\"}}],\"inLanguage\":\"lv-LV\"},{\"@type\":\"Organization\",\"@id\":\"https:\\\/\\\/cinevillastudios.com\\\/lv\\\/#organization\",\"name\":\"Cinevilla Studio\",\"url\":\"https:\\\/\\\/cinevillastudios.com\\\/lv\\\/\",\"logo\":{\"@type\":\"ImageObject\",\"inLanguage\":\"lv-LV\",\"@id\":\"https:\\\/\\\/cinevillastudios.com\\\/lv\\\/#\\\/schema\\\/logo\\\/image\\\/\",\"url\":\"https:\\\/\\\/cinevillastudios.com\\\/wp-content\\\/uploads\\\/2023\\\/08\\\/cinevilla-studio-logo-1.svg\",\"contentUrl\":\"https:\\\/\\\/cinevillastudios.com\\\/wp-content\\\/uploads\\\/2023\\\/08\\\/cinevilla-studio-logo-1.svg\",\"width\":182,\"height\":144,\"caption\":\"Cinevilla Studio\"},\"image\":{\"@id\":\"https:\\\/\\\/cinevillastudios.com\\\/lv\\\/#\\\/schema\\\/logo\\\/image\\\/\"},\"sameAs\":[\"https:\\\/\\\/www.facebook.com\\\/Cinevilla\",\"https:\\\/\\\/www.instagram.com\\\/cinevillastudios\\\/\"]}]}<\/script>\n<!-- \/ Yoast SEO plugin. -->","yoast_head_json":{"title":"20. gadsimta vilcienu stacijas restor\u0101na dekor\u0101cija - Cinevilla Studio","robots":{"index":"index","follow":"follow","max-snippet":"max-snippet:-1","max-image-preview":"max-image-preview:large","max-video-preview":"max-video-preview:-1"},"canonical":"https:\/\/cinevillastudios.com\/lv\/cinevilla\/teritorija-un-objekti\/komplekti\/20-gadsimta-vilcienu-stacijas-restorana-dekoracija\/","og_locale":"lv_LV","og_type":"article","og_title":"20. gadsimta vilcienu stacijas restor\u0101na dekor\u0101cija - Cinevilla Studio","og_description":"Nosta\u013c\u0123isks 20. gadsimta s\u0101kuma dzelzce\u013ca stacijas restor\u0101na dekor\u0101cija ar augstiem arkveida logiem un tum\u0161a koka pane\u013ciem, kas papildin\u0101ts ar laikmetam atbilsto\u0161iem bistro galdi\u0146iem, senlaic\u012bgu bag\u0101\u017eu un izteiksm\u012bgu klasisko stacijas pulksteni, ir ide\u0101ls, lai rad\u012btu aizraujo\u0161as un atmi\u0146\u0101 palieko\u0161as laikmeta ainas.","og_url":"https:\/\/cinevillastudios.com\/lv\/cinevilla\/teritorija-un-objekti\/komplekti\/20-gadsimta-vilcienu-stacijas-restorana-dekoracija\/","og_site_name":"Cinevilla Studio","article_publisher":"https:\/\/www.facebook.com\/Cinevilla","og_image":[{"width":1920,"height":1280,"url":"https:\/\/cinevillastudios.com\/wp-content\/uploads\/2026\/02\/20th-Century-Train-Station-Restaurant-103.webp","type":"image\/webp"}],"twitter_card":"summary_large_image","schema":{"@context":"https:\/\/schema.org","@graph":[{"@type":"WebPage","@id":"https:\/\/cinevillastudios.com\/lv\/cinevilla\/teritorija-un-objekti\/komplekti\/20-gadsimta-vilcienu-stacijas-restorana-dekoracija\/","url":"https:\/\/cinevillastudios.com\/lv\/cinevilla\/teritorija-un-objekti\/komplekti\/20-gadsimta-vilcienu-stacijas-restorana-dekoracija\/","name":"20. gadsimta vilcienu stacijas restor\u0101na dekor\u0101cija - Cinevilla Studio","isPartOf":{"@id":"https:\/\/cinevillastudios.com\/lv\/#website"},"primaryImageOfPage":{"@id":"https:\/\/cinevillastudios.com\/lv\/cinevilla\/teritorija-un-objekti\/komplekti\/20-gadsimta-vilcienu-stacijas-restorana-dekoracija\/#primaryimage"},"image":{"@id":"https:\/\/cinevillastudios.com\/lv\/cinevilla\/teritorija-un-objekti\/komplekti\/20-gadsimta-vilcienu-stacijas-restorana-dekoracija\/#primaryimage"},"thumbnailUrl":"https:\/\/cinevillastudios.com\/wp-content\/uploads\/2026\/02\/20th-Century-Train-Station-Restaurant-103.webp","datePublished":"2026-02-23T11:17:25+00:00","breadcrumb":{"@id":"https:\/\/cinevillastudios.com\/lv\/cinevilla\/teritorija-un-objekti\/komplekti\/20-gadsimta-vilcienu-stacijas-restorana-dekoracija\/#breadcrumb"},"inLanguage":"lv-LV","potentialAction":[{"@type":"ReadAction","target":["https:\/\/cinevillastudios.com\/lv\/cinevilla\/teritorija-un-objekti\/komplekti\/20-gadsimta-vilcienu-stacijas-restorana-dekoracija\/"]}]},{"@type":"ImageObject","inLanguage":"lv-LV","@id":"https:\/\/cinevillastudios.com\/lv\/cinevilla\/teritorija-un-objekti\/komplekti\/20-gadsimta-vilcienu-stacijas-restorana-dekoracija\/#primaryimage","url":"https:\/\/cinevillastudios.com\/wp-content\/uploads\/2026\/02\/20th-Century-Train-Station-Restaurant-103.webp","contentUrl":"https:\/\/cinevillastudios.com\/wp-content\/uploads\/2026\/02\/20th-Century-Train-Station-Restaurant-103.webp","width":1920,"height":1280},{"@type":"BreadcrumbList","@id":"https:\/\/cinevillastudios.com\/lv\/cinevilla\/teritorija-un-objekti\/komplekti\/20-gadsimta-vilcienu-stacijas-restorana-dekoracija\/#breadcrumb","itemListElement":[{"@type":"ListItem","position":1,"name":"Home","item":"https:\/\/cinevillastudios.com\/lv\/sakums-2\/"},{"@type":"ListItem","position":2,"name":"Shop","item":"https:\/\/cinevillastudios.com\/lv\/shop-2\/"},{"@type":"ListItem","position":3,"name":"20. gadsimta vilcienu stacijas restor\u0101na dekor\u0101cija"}]},{"@type":"WebSite","@id":"https:\/\/cinevillastudios.com\/lv\/#website","url":"https:\/\/cinevillastudios.com\/lv\/","name":"Cinevilla Studio","description":"","publisher":{"@id":"https:\/\/cinevillastudios.com\/lv\/#organization"},"potentialAction":[{"@type":"SearchAction","target":{"@type":"EntryPoint","urlTemplate":"https:\/\/cinevillastudios.com\/lv\/?s={search_term_string}"},"query-input":{"@type":"PropertyValueSpecification","valueRequired":true,"valueName":"search_term_string"}}],"inLanguage":"lv-LV"},{"@type":"Organization","@id":"https:\/\/cinevillastudios.com\/lv\/#organization","name":"Cinevilla Studio","url":"https:\/\/cinevillastudios.com\/lv\/","logo":{"@type":"ImageObject","inLanguage":"lv-LV","@id":"https:\/\/cinevillastudios.com\/lv\/#\/schema\/logo\/image\/","url":"https:\/\/cinevillastudios.com\/wp-content\/uploads\/2023\/08\/cinevilla-studio-logo-1.svg","contentUrl":"https:\/\/cinevillastudios.com\/wp-content\/uploads\/2023\/08\/cinevilla-studio-logo-1.svg","width":182,"height":144,"caption":"Cinevilla Studio"},"image":{"@id":"https:\/\/cinevillastudios.com\/lv\/#\/schema\/logo\/image\/"},"sameAs":["https:\/\/www.facebook.com\/Cinevilla","https:\/\/www.instagram.com\/cinevillastudios\/"]}]}},"_links":{"self":[{"href":"https:\/\/cinevillastudios.com\/lv\/wp-json\/wp\/v2\/product\/17044","targetHints":{"allow":["GET"]}}],"collection":[{"href":"https:\/\/cinevillastudios.com\/lv\/wp-json\/wp\/v2\/product"}],"about":[{"href":"https:\/\/cinevillastudios.com\/lv\/wp-json\/wp\/v2\/types\/product"}],"version-history":[{"count":0,"href":"https:\/\/cinevillastudios.com\/lv\/wp-json\/wp\/v2\/product\/17044\/revisions"}],"wp:featuredmedia":[{"embeddable":true,"href":"https:\/\/cinevillastudios.com\/lv\/wp-json\/wp\/v2\/media\/17046"}],"wp:attachment":[{"href":"https:\/\/cinevillastudios.com\/lv\/wp-json\/wp\/v2\/media?parent=17044"}],"wp:term":[{"taxonomy":"product_brand","embeddable":true,"href":"https:\/\/cinevillastudios.com\/lv\/wp-json\/wp\/v2\/product_brand?post=17044"},{"taxonomy":"product_cat","embeddable":true,"href":"https:\/\/cinevillastudios.com\/lv\/wp-json\/wp\/v2\/product_cat?post=17044"},{"taxonomy":"product_tag","embeddable":true,"href":"https:\/\/cinevillastudios.com\/lv\/wp-json\/wp\/v2\/product_tag?post=17044"}],"curies":[{"name":"wp","href":"https:\/\/api.w.org\/{rel}","templated":true}]}}