{"id":15594,"date":"2025-04-09T22:00:53","date_gmt":"2025-04-09T20:00:53","guid":{"rendered":"https:\/\/cinevillastudios.com\/cinevilla\/uncategorized\/abas-speles-kopa\/"},"modified":"2026-02-23T13:25:08","modified_gmt":"2026-02-23T11:25:08","slug":"abas-speles-kopa","status":"publish","type":"product","link":"https:\/\/cinevillastudios.com\/lv\/cinevilla\/pakas\/apmekletajiem\/abas-speles-kopa\/","title":{"rendered":"Abas sp\u0113les KOP\u0100"},"content":{"rendered":"<div style=\"display: flex; gap: 5px; align-items: left; justify-content: left; padding: 0px; flex-wrap: wrap;\"><a href=\"https:\/\/play.google.com\/store\/apps\/details?id=com.perspective.cinevilla&amp;pcampaignid=web_share\" target=\"_blank\" rel=\"noopener\"><br \/>\n<img decoding=\"async\" style=\"height: 30px; cursor: pointer;\" src=\"https:\/\/cinevillastudios.com\/wp-content\/uploads\/2025\/04\/LOGO_Google_Play.webp\" alt=\"Ieg\u016bstiet to pakalpojum\u0101 Google Play\"><br \/>\n<\/a><br \/>\n<a href=\"https:\/\/apps.apple.com\/lv\/app\/cinevilla-games\/id6743886888\" target=\"_blank\" rel=\"noopener\"><br \/>\n<img decoding=\"async\" style=\"height: 30px; cursor: pointer;\" src=\"https:\/\/cinevillastudios.com\/wp-content\/uploads\/2025\/04\/LOGO_App_Store.webp\" alt=\"Lejupiel\u0101d\u0113t App Store\"><br \/>\n<\/a><\/div>\n","protected":false},"excerpt":{"rendered":"<p><span style=\"font-weight: 400;\">JAUNUMS! Apvienojiet abas sp\u0113les &#8211; &#8220;Mar\u0161ruta sp\u0113l\u0113&#8221; izp\u0113tiet \u0101ra dekor\u0101cijas, iepaz\u012bstiet kino tap\u0161anas aizkulises un satieciet Cinevillas talismanu &#8211; meiteni. P\u0113c tam &#8220;Studijas sp\u0113l\u0113&#8221; izveidojiet savu studiju k\u0101d\u0101 no Cinevillas teritorij\u0101 eso\u0161aj\u0101m br\u012bvdabas viet\u0101m. Paldies, ka dal\u0101ties ar sav\u0101m fotogr\u0101fij\u0101m un video soci\u0101lajos t\u012bklos un atz\u012bm\u0113jat @cinevillaevent.   <\/span><\/p>\n","protected":false},"featured_media":15584,"template":"","meta":{"inline_featured_image":false},"product_brand":[],"product_cat":[280],"product_tag":[],"class_list":{"0":"post-15594","1":"product","2":"type-product","3":"status-publish","4":"has-post-thumbnail","6":"product_cat-apmekletajiem","8":"first","9":"instock","10":"virtual","11":"purchasable","12":"product-type-simple"},"yoast_head":"<!-- This site is optimized with the Yoast SEO plugin v27.5 - https:\/\/yoast.com\/product\/yoast-seo-wordpress\/ -->\n<title>Abas sp\u0113les KOP\u0100 - Cinevilla Studio<\/title>\n<meta name=\"robots\" content=\"index, follow, max-snippet:-1, max-image-preview:large, max-video-preview:-1\" \/>\n<link rel=\"canonical\" href=\"https:\/\/cinevillastudios.com\/lv\/cinevilla\/pakas\/apmekletajiem\/abas-speles-kopa\/\" \/>\n<meta property=\"og:locale\" content=\"lv_LV\" \/>\n<meta property=\"og:type\" content=\"article\" \/>\n<meta property=\"og:title\" content=\"Abas sp\u0113les KOP\u0100 - Cinevilla Studio\" \/>\n<meta property=\"og:description\" content=\"JAUNUMS! Apvienojiet abas sp\u0113les - &quot;Mar\u0161ruta sp\u0113l\u0113&quot; izp\u0113tiet \u0101ra dekor\u0101cijas, iepaz\u012bstiet kino tap\u0161anas aizkulises un satieciet Cinevillas talismanu - meiteni. P\u0113c tam &quot;Studijas sp\u0113l\u0113&quot; izveidojiet savu studiju k\u0101d\u0101 no Cinevillas teritorij\u0101 eso\u0161aj\u0101m br\u012bvdabas viet\u0101m. Paldies, ka dal\u0101ties ar sav\u0101m fotogr\u0101fij\u0101m un video soci\u0101lajos t\u012bklos un atz\u012bm\u0113jat @cinevillaevent.\" \/>\n<meta property=\"og:url\" content=\"https:\/\/cinevillastudios.com\/lv\/cinevilla\/pakas\/apmekletajiem\/abas-speles-kopa\/\" \/>\n<meta property=\"og:site_name\" content=\"Cinevilla Studio\" \/>\n<meta property=\"article:publisher\" content=\"https:\/\/www.facebook.com\/Cinevilla\" \/>\n<meta property=\"article:modified_time\" content=\"2026-02-23T11:25:08+00:00\" \/>\n<meta property=\"og:image\" content=\"https:\/\/cinevillastudios.com\/wp-content\/uploads\/2025\/04\/WEB_Titullapas_2in1.webp\" \/>\n\t<meta property=\"og:image:width\" content=\"960\" \/>\n\t<meta property=\"og:image:height\" content=\"960\" \/>\n\t<meta property=\"og:image:type\" content=\"image\/webp\" \/>\n<meta name=\"twitter:card\" content=\"summary_large_image\" \/>\n<script type=\"application\/ld+json\" class=\"yoast-schema-graph\">{\"@context\":\"https:\\\/\\\/schema.org\",\"@graph\":[{\"@type\":\"WebPage\",\"@id\":\"https:\\\/\\\/cinevillastudios.com\\\/lv\\\/cinevilla\\\/pakas\\\/apmekletajiem\\\/abas-speles-kopa\\\/\",\"url\":\"https:\\\/\\\/cinevillastudios.com\\\/lv\\\/cinevilla\\\/pakas\\\/apmekletajiem\\\/abas-speles-kopa\\\/\",\"name\":\"Abas sp\u0113les KOP\u0100 - Cinevilla Studio\",\"isPartOf\":{\"@id\":\"https:\\\/\\\/cinevillastudios.com\\\/lv\\\/#website\"},\"primaryImageOfPage\":{\"@id\":\"https:\\\/\\\/cinevillastudios.com\\\/lv\\\/cinevilla\\\/pakas\\\/apmekletajiem\\\/abas-speles-kopa\\\/#primaryimage\"},\"image\":{\"@id\":\"https:\\\/\\\/cinevillastudios.com\\\/lv\\\/cinevilla\\\/pakas\\\/apmekletajiem\\\/abas-speles-kopa\\\/#primaryimage\"},\"thumbnailUrl\":\"https:\\\/\\\/cinevillastudios.com\\\/wp-content\\\/uploads\\\/2025\\\/04\\\/WEB_Titullapas_2in1.webp\",\"datePublished\":\"2025-04-09T20:00:53+00:00\",\"dateModified\":\"2026-02-23T11:25:08+00:00\",\"breadcrumb\":{\"@id\":\"https:\\\/\\\/cinevillastudios.com\\\/lv\\\/cinevilla\\\/pakas\\\/apmekletajiem\\\/abas-speles-kopa\\\/#breadcrumb\"},\"inLanguage\":\"lv-LV\",\"potentialAction\":[{\"@type\":\"ReadAction\",\"target\":[\"https:\\\/\\\/cinevillastudios.com\\\/lv\\\/cinevilla\\\/pakas\\\/apmekletajiem\\\/abas-speles-kopa\\\/\"]}]},{\"@type\":\"ImageObject\",\"inLanguage\":\"lv-LV\",\"@id\":\"https:\\\/\\\/cinevillastudios.com\\\/lv\\\/cinevilla\\\/pakas\\\/apmekletajiem\\\/abas-speles-kopa\\\/#primaryimage\",\"url\":\"https:\\\/\\\/cinevillastudios.com\\\/wp-content\\\/uploads\\\/2025\\\/04\\\/WEB_Titullapas_2in1.webp\",\"contentUrl\":\"https:\\\/\\\/cinevillastudios.com\\\/wp-content\\\/uploads\\\/2025\\\/04\\\/WEB_Titullapas_2in1.webp\",\"width\":960,\"height\":960},{\"@type\":\"BreadcrumbList\",\"@id\":\"https:\\\/\\\/cinevillastudios.com\\\/lv\\\/cinevilla\\\/pakas\\\/apmekletajiem\\\/abas-speles-kopa\\\/#breadcrumb\",\"itemListElement\":[{\"@type\":\"ListItem\",\"position\":1,\"name\":\"Home\",\"item\":\"https:\\\/\\\/cinevillastudios.com\\\/lv\\\/sakums-2\\\/\"},{\"@type\":\"ListItem\",\"position\":2,\"name\":\"Shop\",\"item\":\"https:\\\/\\\/cinevillastudios.com\\\/lv\\\/shop-2\\\/\"},{\"@type\":\"ListItem\",\"position\":3,\"name\":\"Abas sp\u0113les KOP\u0100\"}]},{\"@type\":\"WebSite\",\"@id\":\"https:\\\/\\\/cinevillastudios.com\\\/lv\\\/#website\",\"url\":\"https:\\\/\\\/cinevillastudios.com\\\/lv\\\/\",\"name\":\"Cinevilla Studio\",\"description\":\"\",\"publisher\":{\"@id\":\"https:\\\/\\\/cinevillastudios.com\\\/lv\\\/#organization\"},\"potentialAction\":[{\"@type\":\"SearchAction\",\"target\":{\"@type\":\"EntryPoint\",\"urlTemplate\":\"https:\\\/\\\/cinevillastudios.com\\\/lv\\\/?s={search_term_string}\"},\"query-input\":{\"@type\":\"PropertyValueSpecification\",\"valueRequired\":true,\"valueName\":\"search_term_string\"}}],\"inLanguage\":\"lv-LV\"},{\"@type\":\"Organization\",\"@id\":\"https:\\\/\\\/cinevillastudios.com\\\/lv\\\/#organization\",\"name\":\"Cinevilla Studio\",\"url\":\"https:\\\/\\\/cinevillastudios.com\\\/lv\\\/\",\"logo\":{\"@type\":\"ImageObject\",\"inLanguage\":\"lv-LV\",\"@id\":\"https:\\\/\\\/cinevillastudios.com\\\/lv\\\/#\\\/schema\\\/logo\\\/image\\\/\",\"url\":\"https:\\\/\\\/cinevillastudios.com\\\/wp-content\\\/uploads\\\/2023\\\/08\\\/cinevilla-studio-logo-1.svg\",\"contentUrl\":\"https:\\\/\\\/cinevillastudios.com\\\/wp-content\\\/uploads\\\/2023\\\/08\\\/cinevilla-studio-logo-1.svg\",\"width\":182,\"height\":144,\"caption\":\"Cinevilla Studio\"},\"image\":{\"@id\":\"https:\\\/\\\/cinevillastudios.com\\\/lv\\\/#\\\/schema\\\/logo\\\/image\\\/\"},\"sameAs\":[\"https:\\\/\\\/www.facebook.com\\\/Cinevilla\",\"https:\\\/\\\/www.instagram.com\\\/cinevillastudios\\\/\"]}]}<\/script>\n<!-- \/ Yoast SEO plugin. -->","yoast_head_json":{"title":"Abas sp\u0113les KOP\u0100 - Cinevilla Studio","robots":{"index":"index","follow":"follow","max-snippet":"max-snippet:-1","max-image-preview":"max-image-preview:large","max-video-preview":"max-video-preview:-1"},"canonical":"https:\/\/cinevillastudios.com\/lv\/cinevilla\/pakas\/apmekletajiem\/abas-speles-kopa\/","og_locale":"lv_LV","og_type":"article","og_title":"Abas sp\u0113les KOP\u0100 - Cinevilla Studio","og_description":"JAUNUMS! Apvienojiet abas sp\u0113les - \"Mar\u0161ruta sp\u0113l\u0113\" izp\u0113tiet \u0101ra dekor\u0101cijas, iepaz\u012bstiet kino tap\u0161anas aizkulises un satieciet Cinevillas talismanu - meiteni. P\u0113c tam \"Studijas sp\u0113l\u0113\" izveidojiet savu studiju k\u0101d\u0101 no Cinevillas teritorij\u0101 eso\u0161aj\u0101m br\u012bvdabas viet\u0101m. Paldies, ka dal\u0101ties ar sav\u0101m fotogr\u0101fij\u0101m un video soci\u0101lajos t\u012bklos un atz\u012bm\u0113jat @cinevillaevent.","og_url":"https:\/\/cinevillastudios.com\/lv\/cinevilla\/pakas\/apmekletajiem\/abas-speles-kopa\/","og_site_name":"Cinevilla Studio","article_publisher":"https:\/\/www.facebook.com\/Cinevilla","article_modified_time":"2026-02-23T11:25:08+00:00","og_image":[{"width":960,"height":960,"url":"https:\/\/cinevillastudios.com\/wp-content\/uploads\/2025\/04\/WEB_Titullapas_2in1.webp","type":"image\/webp"}],"twitter_card":"summary_large_image","schema":{"@context":"https:\/\/schema.org","@graph":[{"@type":"WebPage","@id":"https:\/\/cinevillastudios.com\/lv\/cinevilla\/pakas\/apmekletajiem\/abas-speles-kopa\/","url":"https:\/\/cinevillastudios.com\/lv\/cinevilla\/pakas\/apmekletajiem\/abas-speles-kopa\/","name":"Abas sp\u0113les KOP\u0100 - Cinevilla Studio","isPartOf":{"@id":"https:\/\/cinevillastudios.com\/lv\/#website"},"primaryImageOfPage":{"@id":"https:\/\/cinevillastudios.com\/lv\/cinevilla\/pakas\/apmekletajiem\/abas-speles-kopa\/#primaryimage"},"image":{"@id":"https:\/\/cinevillastudios.com\/lv\/cinevilla\/pakas\/apmekletajiem\/abas-speles-kopa\/#primaryimage"},"thumbnailUrl":"https:\/\/cinevillastudios.com\/wp-content\/uploads\/2025\/04\/WEB_Titullapas_2in1.webp","datePublished":"2025-04-09T20:00:53+00:00","dateModified":"2026-02-23T11:25:08+00:00","breadcrumb":{"@id":"https:\/\/cinevillastudios.com\/lv\/cinevilla\/pakas\/apmekletajiem\/abas-speles-kopa\/#breadcrumb"},"inLanguage":"lv-LV","potentialAction":[{"@type":"ReadAction","target":["https:\/\/cinevillastudios.com\/lv\/cinevilla\/pakas\/apmekletajiem\/abas-speles-kopa\/"]}]},{"@type":"ImageObject","inLanguage":"lv-LV","@id":"https:\/\/cinevillastudios.com\/lv\/cinevilla\/pakas\/apmekletajiem\/abas-speles-kopa\/#primaryimage","url":"https:\/\/cinevillastudios.com\/wp-content\/uploads\/2025\/04\/WEB_Titullapas_2in1.webp","contentUrl":"https:\/\/cinevillastudios.com\/wp-content\/uploads\/2025\/04\/WEB_Titullapas_2in1.webp","width":960,"height":960},{"@type":"BreadcrumbList","@id":"https:\/\/cinevillastudios.com\/lv\/cinevilla\/pakas\/apmekletajiem\/abas-speles-kopa\/#breadcrumb","itemListElement":[{"@type":"ListItem","position":1,"name":"Home","item":"https:\/\/cinevillastudios.com\/lv\/sakums-2\/"},{"@type":"ListItem","position":2,"name":"Shop","item":"https:\/\/cinevillastudios.com\/lv\/shop-2\/"},{"@type":"ListItem","position":3,"name":"Abas sp\u0113les KOP\u0100"}]},{"@type":"WebSite","@id":"https:\/\/cinevillastudios.com\/lv\/#website","url":"https:\/\/cinevillastudios.com\/lv\/","name":"Cinevilla Studio","description":"","publisher":{"@id":"https:\/\/cinevillastudios.com\/lv\/#organization"},"potentialAction":[{"@type":"SearchAction","target":{"@type":"EntryPoint","urlTemplate":"https:\/\/cinevillastudios.com\/lv\/?s={search_term_string}"},"query-input":{"@type":"PropertyValueSpecification","valueRequired":true,"valueName":"search_term_string"}}],"inLanguage":"lv-LV"},{"@type":"Organization","@id":"https:\/\/cinevillastudios.com\/lv\/#organization","name":"Cinevilla Studio","url":"https:\/\/cinevillastudios.com\/lv\/","logo":{"@type":"ImageObject","inLanguage":"lv-LV","@id":"https:\/\/cinevillastudios.com\/lv\/#\/schema\/logo\/image\/","url":"https:\/\/cinevillastudios.com\/wp-content\/uploads\/2023\/08\/cinevilla-studio-logo-1.svg","contentUrl":"https:\/\/cinevillastudios.com\/wp-content\/uploads\/2023\/08\/cinevilla-studio-logo-1.svg","width":182,"height":144,"caption":"Cinevilla Studio"},"image":{"@id":"https:\/\/cinevillastudios.com\/lv\/#\/schema\/logo\/image\/"},"sameAs":["https:\/\/www.facebook.com\/Cinevilla","https:\/\/www.instagram.com\/cinevillastudios\/"]}]}},"_links":{"self":[{"href":"https:\/\/cinevillastudios.com\/lv\/wp-json\/wp\/v2\/product\/15594","targetHints":{"allow":["GET"]}}],"collection":[{"href":"https:\/\/cinevillastudios.com\/lv\/wp-json\/wp\/v2\/product"}],"about":[{"href":"https:\/\/cinevillastudios.com\/lv\/wp-json\/wp\/v2\/types\/product"}],"version-history":[{"count":1,"href":"https:\/\/cinevillastudios.com\/lv\/wp-json\/wp\/v2\/product\/15594\/revisions"}],"predecessor-version":[{"id":17117,"href":"https:\/\/cinevillastudios.com\/lv\/wp-json\/wp\/v2\/product\/15594\/revisions\/17117"}],"wp:featuredmedia":[{"embeddable":true,"href":"https:\/\/cinevillastudios.com\/lv\/wp-json\/wp\/v2\/media\/15584"}],"wp:attachment":[{"href":"https:\/\/cinevillastudios.com\/lv\/wp-json\/wp\/v2\/media?parent=15594"}],"wp:term":[{"taxonomy":"product_brand","embeddable":true,"href":"https:\/\/cinevillastudios.com\/lv\/wp-json\/wp\/v2\/product_brand?post=15594"},{"taxonomy":"product_cat","embeddable":true,"href":"https:\/\/cinevillastudios.com\/lv\/wp-json\/wp\/v2\/product_cat?post=15594"},{"taxonomy":"product_tag","embeddable":true,"href":"https:\/\/cinevillastudios.com\/lv\/wp-json\/wp\/v2\/product_tag?post=15594"}],"curies":[{"name":"wp","href":"https:\/\/api.w.org\/{rel}","templated":true}]}}