{"id":15591,"date":"2025-04-09T21:49:42","date_gmt":"2025-04-09T19:49:42","guid":{"rendered":"https:\/\/cinevillastudios.com\/cinevilla\/uncategorized\/marsruta-spele\/"},"modified":"2026-02-23T13:25:19","modified_gmt":"2026-02-23T11:25:19","slug":"marsruta-spele","status":"publish","type":"product","link":"https:\/\/cinevillastudios.com\/lv\/cinevilla\/pakas\/apmekletajiem\/marsruta-spele\/","title":{"rendered":"Mar\u0161rutu sp\u0113le"},"content":{"rendered":"<div style=\"display: flex; gap: 5px; align-items: left; justify-content: left; padding: 0px; flex-wrap: wrap;\"><a href=\"https:\/\/play.google.com\/store\/apps\/details?id=com.perspective.cinevilla&amp;pcampaignid=web_share\" target=\"_blank\" rel=\"noopener\"><br \/>\n<img decoding=\"async\" style=\"height: 30px; cursor: pointer;\" src=\"https:\/\/cinevillastudios.com\/wp-content\/uploads\/2025\/04\/LOGO_Google_Play.webp\" alt=\"Ieg\u016bstiet to pakalpojum\u0101 Google Play\"><br \/>\n<\/a><br \/>\n<a href=\"https:\/\/apps.apple.com\/lv\/app\/cinevilla-games\/id6743886888\" target=\"_blank\" rel=\"noopener\"><br \/>\n<img decoding=\"async\" style=\"height: 30px; cursor: pointer;\" src=\"https:\/\/cinevillastudios.com\/wp-content\/uploads\/2025\/04\/LOGO_App_Store.webp\" alt=\"Lejupiel\u0101d\u0113t App Store\"><br \/>\n<\/a><\/div>\n","protected":false},"excerpt":{"rendered":"<p>JAUNUMS! Izp\u0113tiet Cinevilla filmu parku pavisam jaun\u0101 digit\u0101l\u0101 veid\u0101. Sp\u0113l\u0113jiet papildin\u0101t\u0101s realit\u0101tes orient\u0113\u0161an\u0101s sp\u0113li vis\u0101 Cinevilla teritorij\u0101, izmantojot mobilo t\u0101lruni. Atkl\u0101jiet un uz\u0146emiet unik\u0101las fotogr\u0101fijas un video br\u012bvdabas dekor\u0101cij\u0101s kop\u0101 ar Cinevilla talismanu &#8211; meiteni &#8211; saviem soci\u0101lajiem t\u012bkliem. Neaizmirstiet pirms tam piln\u012bb\u0101 uzl\u0101d\u0113t t\u0101lruni vai pa\u0146emt l\u012bdzi power banku.    <\/p>\n","protected":false},"featured_media":15551,"template":"","meta":{"inline_featured_image":false},"product_brand":[],"product_cat":[280],"product_tag":[],"class_list":{"0":"post-15591","1":"product","2":"type-product","3":"status-publish","4":"has-post-thumbnail","6":"product_cat-apmekletajiem","8":"first","9":"instock","10":"virtual","11":"purchasable","12":"product-type-simple"},"yoast_head":"<!-- This site is optimized with the Yoast SEO plugin v27.3 - https:\/\/yoast.com\/product\/yoast-seo-wordpress\/ -->\n<title>Mar\u0161rutu sp\u0113le - Cinevilla Studio<\/title>\n<meta name=\"robots\" content=\"index, follow, max-snippet:-1, max-image-preview:large, max-video-preview:-1\" \/>\n<link rel=\"canonical\" href=\"https:\/\/cinevillastudios.com\/lv\/cinevilla\/pakas\/apmekletajiem\/marsruta-spele\/\" \/>\n<meta property=\"og:locale\" content=\"lv_LV\" \/>\n<meta property=\"og:type\" content=\"article\" \/>\n<meta property=\"og:title\" content=\"Mar\u0161rutu sp\u0113le - Cinevilla Studio\" \/>\n<meta property=\"og:description\" content=\"JAUNUMS! Izp\u0113tiet Cinevilla filmu parku pavisam jaun\u0101 digit\u0101l\u0101 veid\u0101. Sp\u0113l\u0113jiet papildin\u0101t\u0101s realit\u0101tes orient\u0113\u0161an\u0101s sp\u0113li vis\u0101 Cinevilla teritorij\u0101, izmantojot mobilo t\u0101lruni. Atkl\u0101jiet un uz\u0146emiet unik\u0101las fotogr\u0101fijas un video br\u012bvdabas dekor\u0101cij\u0101s kop\u0101 ar Cinevilla talismanu - meiteni - saviem soci\u0101lajiem t\u012bkliem. Neaizmirstiet pirms tam piln\u012bb\u0101 uzl\u0101d\u0113t t\u0101lruni vai pa\u0146emt l\u012bdzi power banku.\" \/>\n<meta property=\"og:url\" content=\"https:\/\/cinevillastudios.com\/lv\/cinevilla\/pakas\/apmekletajiem\/marsruta-spele\/\" \/>\n<meta property=\"og:site_name\" content=\"Cinevilla Studio\" \/>\n<meta property=\"article:publisher\" content=\"https:\/\/www.facebook.com\/Cinevilla\" \/>\n<meta property=\"article:modified_time\" content=\"2026-02-23T11:25:19+00:00\" \/>\n<meta property=\"og:image\" content=\"https:\/\/cinevillastudios.com\/wp-content\/uploads\/2025\/04\/WEB_Titullapas_ROUTE.webp\" \/>\n\t<meta property=\"og:image:width\" content=\"960\" \/>\n\t<meta property=\"og:image:height\" content=\"960\" \/>\n\t<meta property=\"og:image:type\" content=\"image\/webp\" \/>\n<meta name=\"twitter:card\" content=\"summary_large_image\" \/>\n<script type=\"application\/ld+json\" class=\"yoast-schema-graph\">{\"@context\":\"https:\\\/\\\/schema.org\",\"@graph\":[{\"@type\":\"WebPage\",\"@id\":\"https:\\\/\\\/cinevillastudios.com\\\/lv\\\/cinevilla\\\/pakas\\\/apmekletajiem\\\/marsruta-spele\\\/\",\"url\":\"https:\\\/\\\/cinevillastudios.com\\\/lv\\\/cinevilla\\\/pakas\\\/apmekletajiem\\\/marsruta-spele\\\/\",\"name\":\"Mar\u0161rutu sp\u0113le - Cinevilla Studio\",\"isPartOf\":{\"@id\":\"https:\\\/\\\/cinevillastudios.com\\\/lv\\\/#website\"},\"primaryImageOfPage\":{\"@id\":\"https:\\\/\\\/cinevillastudios.com\\\/lv\\\/cinevilla\\\/pakas\\\/apmekletajiem\\\/marsruta-spele\\\/#primaryimage\"},\"image\":{\"@id\":\"https:\\\/\\\/cinevillastudios.com\\\/lv\\\/cinevilla\\\/pakas\\\/apmekletajiem\\\/marsruta-spele\\\/#primaryimage\"},\"thumbnailUrl\":\"https:\\\/\\\/cinevillastudios.com\\\/wp-content\\\/uploads\\\/2025\\\/04\\\/WEB_Titullapas_ROUTE.webp\",\"datePublished\":\"2025-04-09T19:49:42+00:00\",\"dateModified\":\"2026-02-23T11:25:19+00:00\",\"breadcrumb\":{\"@id\":\"https:\\\/\\\/cinevillastudios.com\\\/lv\\\/cinevilla\\\/pakas\\\/apmekletajiem\\\/marsruta-spele\\\/#breadcrumb\"},\"inLanguage\":\"lv-LV\",\"potentialAction\":[{\"@type\":\"ReadAction\",\"target\":[\"https:\\\/\\\/cinevillastudios.com\\\/lv\\\/cinevilla\\\/pakas\\\/apmekletajiem\\\/marsruta-spele\\\/\"]}]},{\"@type\":\"ImageObject\",\"inLanguage\":\"lv-LV\",\"@id\":\"https:\\\/\\\/cinevillastudios.com\\\/lv\\\/cinevilla\\\/pakas\\\/apmekletajiem\\\/marsruta-spele\\\/#primaryimage\",\"url\":\"https:\\\/\\\/cinevillastudios.com\\\/wp-content\\\/uploads\\\/2025\\\/04\\\/WEB_Titullapas_ROUTE.webp\",\"contentUrl\":\"https:\\\/\\\/cinevillastudios.com\\\/wp-content\\\/uploads\\\/2025\\\/04\\\/WEB_Titullapas_ROUTE.webp\",\"width\":960,\"height\":960,\"caption\":\"JAUNUMS! Izp\u0113tiet Cinevilla filmu parku pavisam jaun\u0101 digit\u0101l\u0101 veid\u0101. Sp\u0113l\u0113jiet papildin\u0101t\u0101s realit\u0101tes orient\u0113\u0161an\u0101s sp\u0113li vis\u0101 Cinevilla teritorij\u0101, izmantojot mobilo t\u0101lruni. Atkl\u0101jiet un uz\u0146emiet unik\u0101las fotogr\u0101fijas un video br\u012bvdabas dekor\u0101cij\u0101s kop\u0101 ar Cinevilla talismanu - meiteni - saviem soci\u0101lajiem t\u012bkliem. Neaizmirstiet pirms tam piln\u012bb\u0101 uzl\u0101d\u0113t t\u0101lruni vai pa\u0146emt l\u012bdzi power banku.\"},{\"@type\":\"BreadcrumbList\",\"@id\":\"https:\\\/\\\/cinevillastudios.com\\\/lv\\\/cinevilla\\\/pakas\\\/apmekletajiem\\\/marsruta-spele\\\/#breadcrumb\",\"itemListElement\":[{\"@type\":\"ListItem\",\"position\":1,\"name\":\"Home\",\"item\":\"https:\\\/\\\/cinevillastudios.com\\\/lv\\\/sakums-2\\\/\"},{\"@type\":\"ListItem\",\"position\":2,\"name\":\"Shop\",\"item\":\"https:\\\/\\\/cinevillastudios.com\\\/lv\\\/shop-2\\\/\"},{\"@type\":\"ListItem\",\"position\":3,\"name\":\"Mar\u0161rutu sp\u0113le\"}]},{\"@type\":\"WebSite\",\"@id\":\"https:\\\/\\\/cinevillastudios.com\\\/lv\\\/#website\",\"url\":\"https:\\\/\\\/cinevillastudios.com\\\/lv\\\/\",\"name\":\"Cinevilla Studio\",\"description\":\"\",\"publisher\":{\"@id\":\"https:\\\/\\\/cinevillastudios.com\\\/lv\\\/#organization\"},\"potentialAction\":[{\"@type\":\"SearchAction\",\"target\":{\"@type\":\"EntryPoint\",\"urlTemplate\":\"https:\\\/\\\/cinevillastudios.com\\\/lv\\\/?s={search_term_string}\"},\"query-input\":{\"@type\":\"PropertyValueSpecification\",\"valueRequired\":true,\"valueName\":\"search_term_string\"}}],\"inLanguage\":\"lv-LV\"},{\"@type\":\"Organization\",\"@id\":\"https:\\\/\\\/cinevillastudios.com\\\/lv\\\/#organization\",\"name\":\"Cinevilla Studio\",\"url\":\"https:\\\/\\\/cinevillastudios.com\\\/lv\\\/\",\"logo\":{\"@type\":\"ImageObject\",\"inLanguage\":\"lv-LV\",\"@id\":\"https:\\\/\\\/cinevillastudios.com\\\/lv\\\/#\\\/schema\\\/logo\\\/image\\\/\",\"url\":\"https:\\\/\\\/cinevillastudios.com\\\/wp-content\\\/uploads\\\/2023\\\/08\\\/cinevilla-studio-logo-1.svg\",\"contentUrl\":\"https:\\\/\\\/cinevillastudios.com\\\/wp-content\\\/uploads\\\/2023\\\/08\\\/cinevilla-studio-logo-1.svg\",\"width\":182,\"height\":144,\"caption\":\"Cinevilla Studio\"},\"image\":{\"@id\":\"https:\\\/\\\/cinevillastudios.com\\\/lv\\\/#\\\/schema\\\/logo\\\/image\\\/\"},\"sameAs\":[\"https:\\\/\\\/www.facebook.com\\\/Cinevilla\",\"https:\\\/\\\/www.instagram.com\\\/cinevillastudios\\\/\"]}]}<\/script>\n<!-- \/ Yoast SEO plugin. -->","yoast_head_json":{"title":"Mar\u0161rutu sp\u0113le - Cinevilla Studio","robots":{"index":"index","follow":"follow","max-snippet":"max-snippet:-1","max-image-preview":"max-image-preview:large","max-video-preview":"max-video-preview:-1"},"canonical":"https:\/\/cinevillastudios.com\/lv\/cinevilla\/pakas\/apmekletajiem\/marsruta-spele\/","og_locale":"lv_LV","og_type":"article","og_title":"Mar\u0161rutu sp\u0113le - Cinevilla Studio","og_description":"JAUNUMS! Izp\u0113tiet Cinevilla filmu parku pavisam jaun\u0101 digit\u0101l\u0101 veid\u0101. Sp\u0113l\u0113jiet papildin\u0101t\u0101s realit\u0101tes orient\u0113\u0161an\u0101s sp\u0113li vis\u0101 Cinevilla teritorij\u0101, izmantojot mobilo t\u0101lruni. Atkl\u0101jiet un uz\u0146emiet unik\u0101las fotogr\u0101fijas un video br\u012bvdabas dekor\u0101cij\u0101s kop\u0101 ar Cinevilla talismanu - meiteni - saviem soci\u0101lajiem t\u012bkliem. Neaizmirstiet pirms tam piln\u012bb\u0101 uzl\u0101d\u0113t t\u0101lruni vai pa\u0146emt l\u012bdzi power banku.","og_url":"https:\/\/cinevillastudios.com\/lv\/cinevilla\/pakas\/apmekletajiem\/marsruta-spele\/","og_site_name":"Cinevilla Studio","article_publisher":"https:\/\/www.facebook.com\/Cinevilla","article_modified_time":"2026-02-23T11:25:19+00:00","og_image":[{"width":960,"height":960,"url":"https:\/\/cinevillastudios.com\/wp-content\/uploads\/2025\/04\/WEB_Titullapas_ROUTE.webp","type":"image\/webp"}],"twitter_card":"summary_large_image","schema":{"@context":"https:\/\/schema.org","@graph":[{"@type":"WebPage","@id":"https:\/\/cinevillastudios.com\/lv\/cinevilla\/pakas\/apmekletajiem\/marsruta-spele\/","url":"https:\/\/cinevillastudios.com\/lv\/cinevilla\/pakas\/apmekletajiem\/marsruta-spele\/","name":"Mar\u0161rutu sp\u0113le - Cinevilla Studio","isPartOf":{"@id":"https:\/\/cinevillastudios.com\/lv\/#website"},"primaryImageOfPage":{"@id":"https:\/\/cinevillastudios.com\/lv\/cinevilla\/pakas\/apmekletajiem\/marsruta-spele\/#primaryimage"},"image":{"@id":"https:\/\/cinevillastudios.com\/lv\/cinevilla\/pakas\/apmekletajiem\/marsruta-spele\/#primaryimage"},"thumbnailUrl":"https:\/\/cinevillastudios.com\/wp-content\/uploads\/2025\/04\/WEB_Titullapas_ROUTE.webp","datePublished":"2025-04-09T19:49:42+00:00","dateModified":"2026-02-23T11:25:19+00:00","breadcrumb":{"@id":"https:\/\/cinevillastudios.com\/lv\/cinevilla\/pakas\/apmekletajiem\/marsruta-spele\/#breadcrumb"},"inLanguage":"lv-LV","potentialAction":[{"@type":"ReadAction","target":["https:\/\/cinevillastudios.com\/lv\/cinevilla\/pakas\/apmekletajiem\/marsruta-spele\/"]}]},{"@type":"ImageObject","inLanguage":"lv-LV","@id":"https:\/\/cinevillastudios.com\/lv\/cinevilla\/pakas\/apmekletajiem\/marsruta-spele\/#primaryimage","url":"https:\/\/cinevillastudios.com\/wp-content\/uploads\/2025\/04\/WEB_Titullapas_ROUTE.webp","contentUrl":"https:\/\/cinevillastudios.com\/wp-content\/uploads\/2025\/04\/WEB_Titullapas_ROUTE.webp","width":960,"height":960,"caption":"JAUNUMS! Izp\u0113tiet Cinevilla filmu parku pavisam jaun\u0101 digit\u0101l\u0101 veid\u0101. Sp\u0113l\u0113jiet papildin\u0101t\u0101s realit\u0101tes orient\u0113\u0161an\u0101s sp\u0113li vis\u0101 Cinevilla teritorij\u0101, izmantojot mobilo t\u0101lruni. Atkl\u0101jiet un uz\u0146emiet unik\u0101las fotogr\u0101fijas un video br\u012bvdabas dekor\u0101cij\u0101s kop\u0101 ar Cinevilla talismanu - meiteni - saviem soci\u0101lajiem t\u012bkliem. Neaizmirstiet pirms tam piln\u012bb\u0101 uzl\u0101d\u0113t t\u0101lruni vai pa\u0146emt l\u012bdzi power banku."},{"@type":"BreadcrumbList","@id":"https:\/\/cinevillastudios.com\/lv\/cinevilla\/pakas\/apmekletajiem\/marsruta-spele\/#breadcrumb","itemListElement":[{"@type":"ListItem","position":1,"name":"Home","item":"https:\/\/cinevillastudios.com\/lv\/sakums-2\/"},{"@type":"ListItem","position":2,"name":"Shop","item":"https:\/\/cinevillastudios.com\/lv\/shop-2\/"},{"@type":"ListItem","position":3,"name":"Mar\u0161rutu sp\u0113le"}]},{"@type":"WebSite","@id":"https:\/\/cinevillastudios.com\/lv\/#website","url":"https:\/\/cinevillastudios.com\/lv\/","name":"Cinevilla Studio","description":"","publisher":{"@id":"https:\/\/cinevillastudios.com\/lv\/#organization"},"potentialAction":[{"@type":"SearchAction","target":{"@type":"EntryPoint","urlTemplate":"https:\/\/cinevillastudios.com\/lv\/?s={search_term_string}"},"query-input":{"@type":"PropertyValueSpecification","valueRequired":true,"valueName":"search_term_string"}}],"inLanguage":"lv-LV"},{"@type":"Organization","@id":"https:\/\/cinevillastudios.com\/lv\/#organization","name":"Cinevilla Studio","url":"https:\/\/cinevillastudios.com\/lv\/","logo":{"@type":"ImageObject","inLanguage":"lv-LV","@id":"https:\/\/cinevillastudios.com\/lv\/#\/schema\/logo\/image\/","url":"https:\/\/cinevillastudios.com\/wp-content\/uploads\/2023\/08\/cinevilla-studio-logo-1.svg","contentUrl":"https:\/\/cinevillastudios.com\/wp-content\/uploads\/2023\/08\/cinevilla-studio-logo-1.svg","width":182,"height":144,"caption":"Cinevilla Studio"},"image":{"@id":"https:\/\/cinevillastudios.com\/lv\/#\/schema\/logo\/image\/"},"sameAs":["https:\/\/www.facebook.com\/Cinevilla","https:\/\/www.instagram.com\/cinevillastudios\/"]}]}},"_links":{"self":[{"href":"https:\/\/cinevillastudios.com\/lv\/wp-json\/wp\/v2\/product\/15591","targetHints":{"allow":["GET"]}}],"collection":[{"href":"https:\/\/cinevillastudios.com\/lv\/wp-json\/wp\/v2\/product"}],"about":[{"href":"https:\/\/cinevillastudios.com\/lv\/wp-json\/wp\/v2\/types\/product"}],"version-history":[{"count":1,"href":"https:\/\/cinevillastudios.com\/lv\/wp-json\/wp\/v2\/product\/15591\/revisions"}],"predecessor-version":[{"id":17126,"href":"https:\/\/cinevillastudios.com\/lv\/wp-json\/wp\/v2\/product\/15591\/revisions\/17126"}],"wp:featuredmedia":[{"embeddable":true,"href":"https:\/\/cinevillastudios.com\/lv\/wp-json\/wp\/v2\/media\/15551"}],"wp:attachment":[{"href":"https:\/\/cinevillastudios.com\/lv\/wp-json\/wp\/v2\/media?parent=15591"}],"wp:term":[{"taxonomy":"product_brand","embeddable":true,"href":"https:\/\/cinevillastudios.com\/lv\/wp-json\/wp\/v2\/product_brand?post=15591"},{"taxonomy":"product_cat","embeddable":true,"href":"https:\/\/cinevillastudios.com\/lv\/wp-json\/wp\/v2\/product_cat?post=15591"},{"taxonomy":"product_tag","embeddable":true,"href":"https:\/\/cinevillastudios.com\/lv\/wp-json\/wp\/v2\/product_tag?post=15591"}],"curies":[{"name":"wp","href":"https:\/\/api.w.org\/{rel}","templated":true}]}}