{"id":5608,"date":"2023-08-13T13:10:40","date_gmt":"2023-08-13T11:10:40","guid":{"rendered":"https:\/\/cinevillastudios.com\/lapas-paraugs\/"},"modified":"2023-09-05T16:51:36","modified_gmt":"2023-09-05T14:51:36","slug":"lapas-paraugs","status":"publish","type":"page","link":"https:\/\/cinevillastudios.com\/lv\/lapas-paraugs\/","title":{"rendered":"Lapas paraugs"},"content":{"rendered":"\n<p>\u0160\u012b ir parauga lapa. Tas at\u0161\u0137iras no emu\u0101ra ieraksta, jo tas paliek vien\u0101 viet\u0101 un par\u0101d\u0101s j\u016bsu vietnes navig\u0101cij\u0101 (liel\u0101kaj\u0101 da\u013c\u0101 t\u0113mu). Liel\u0101k\u0101 da\u013ca cilv\u0113ku s\u0101k ar lapu Par vietni, kas iepaz\u012bstina potenci\u0101los vietnes apmekl\u0113t\u0101jus. Tas var\u0113tu b\u016bt apm\u0113ram \u0161\u0101ds:<\/p>\n\n<blockquote class=\"wp-block-quote is-layout-flow wp-block-quote-is-layout-flow\"><p>Sveiki! Dienu es esmu velosip\u0113du kurjers, nakt\u012b &#8211; topo\u0161ais aktieris, un \u0161\u012b ir mana t\u012bmek\u013ca vietne. Es dz\u012bvoju Losand\u017eelos\u0101, man ir lielisks suns v\u0101rd\u0101 D\u017eeks, un man pat\u012bk pina koladas. (Un nok\u013c\u016b\u0161ana liet\u016b.)<\/p><\/blockquote>\n\n<p>&#8230;vai apm\u0113ram t\u0101:<\/p>\n\n<blockquote class=\"wp-block-quote is-layout-flow wp-block-quote-is-layout-flow\"><p>Uz\u0146\u0113mums XYZ Doohickey Company tika dibin\u0101ts 1971. gad\u0101, un kop\u0161 t\u0101 laika sabiedr\u012bbai tiek pied\u0101v\u0101ti kvalitat\u012bvi doohickeys. Uz\u0146\u0113mum\u0101 XYZ, kas atrodas Gotham City, str\u0101d\u0101 vair\u0101k nek\u0101 2000 darbinieku un Gotham kopienai tiek dar\u012btas da\u017e\u0101das lieliskas lietas.<\/p><\/blockquote>\n\n<p>K\u0101 jaunam WordPress lietot\u0101jam jums j\u0101dodas uz <a href=\"https:\/\/cinevillastudios.com\/wp-admin\/\">paneli<\/a>, lai izdz\u0113stu \u0161o lapu un izveidotu jaunas lapas savam saturam. Priec\u0101jieties!<\/p>\n","protected":false},"excerpt":{"rendered":"<p>\u0160\u012b ir parauga lapa. Tas at\u0161\u0137iras no emu\u0101ra ieraksta, jo tas paliek vien\u0101 viet\u0101 un par\u0101d\u0101s j\u016bsu vietnes navig\u0101cij\u0101 (liel\u0101kaj\u0101 da\u013c\u0101 t\u0113mu). Liel\u0101k\u0101 da\u013ca cilv\u0113ku s\u0101k ar lapu Par vietni, kas iepaz\u012bstina potenci\u0101los vietnes apmekl\u0113t\u0101jus. Tas var\u0113tu b\u016bt apm\u0113ram \u0161\u0101ds: Sveiki! Dienu es esmu velosip\u0113du kurjers, nakt\u012b &#8211; topo\u0161ais aktieris, un \u0161\u012b ir mana t\u012bmek\u013ca [&hellip;]<\/p>\n","protected":false},"author":1,"featured_media":0,"parent":0,"menu_order":0,"comment_status":"closed","ping_status":"closed","template":"","meta":{"inline_featured_image":false,"footnotes":""},"class_list":["post-5608","page","type-page","status-publish","hentry"],"yoast_head":"<!-- This site is optimized with the Yoast SEO plugin v27.4 - https:\/\/yoast.com\/product\/yoast-seo-wordpress\/ -->\n<title>Lapas paraugs - Cinevilla Studio<\/title>\n<meta name=\"robots\" content=\"index, follow, max-snippet:-1, max-image-preview:large, max-video-preview:-1\" \/>\n<link rel=\"canonical\" href=\"https:\/\/cinevillastudios.com\/lv\/lapas-paraugs\/\" \/>\n<meta property=\"og:locale\" content=\"lv_LV\" \/>\n<meta property=\"og:type\" content=\"article\" \/>\n<meta property=\"og:title\" content=\"Lapas paraugs - Cinevilla Studio\" \/>\n<meta property=\"og:description\" content=\"\u0160\u012b ir parauga lapa. Tas at\u0161\u0137iras no emu\u0101ra ieraksta, jo tas paliek vien\u0101 viet\u0101 un par\u0101d\u0101s j\u016bsu vietnes navig\u0101cij\u0101 (liel\u0101kaj\u0101 da\u013c\u0101 t\u0113mu). Liel\u0101k\u0101 da\u013ca cilv\u0113ku s\u0101k ar lapu Par vietni, kas iepaz\u012bstina potenci\u0101los vietnes apmekl\u0113t\u0101jus. Tas var\u0113tu b\u016bt apm\u0113ram \u0161\u0101ds: Sveiki! Dienu es esmu velosip\u0113du kurjers, nakt\u012b &#8211; topo\u0161ais aktieris, un \u0161\u012b ir mana t\u012bmek\u013ca [&hellip;]\" \/>\n<meta property=\"og:url\" content=\"https:\/\/cinevillastudios.com\/lv\/lapas-paraugs\/\" \/>\n<meta property=\"og:site_name\" content=\"Cinevilla Studio\" \/>\n<meta property=\"article:publisher\" content=\"https:\/\/www.facebook.com\/Cinevilla\" \/>\n<meta property=\"article:modified_time\" content=\"2023-09-05T14:51:36+00:00\" \/>\n<meta name=\"twitter:card\" content=\"summary_large_image\" \/>\n<meta name=\"twitter:label1\" content=\"Est. reading time\" \/>\n\t<meta name=\"twitter:data1\" content=\"1 minute\" \/>\n<script type=\"application\/ld+json\" class=\"yoast-schema-graph\">{\"@context\":\"https:\\\/\\\/schema.org\",\"@graph\":[{\"@type\":\"WebPage\",\"@id\":\"https:\\\/\\\/cinevillastudios.com\\\/lv\\\/lapas-paraugs\\\/\",\"url\":\"https:\\\/\\\/cinevillastudios.com\\\/lv\\\/lapas-paraugs\\\/\",\"name\":\"Lapas paraugs - Cinevilla Studio\",\"isPartOf\":{\"@id\":\"https:\\\/\\\/cinevillastudios.com\\\/lv\\\/#website\"},\"datePublished\":\"2023-08-13T11:10:40+00:00\",\"dateModified\":\"2023-09-05T14:51:36+00:00\",\"breadcrumb\":{\"@id\":\"https:\\\/\\\/cinevillastudios.com\\\/lv\\\/lapas-paraugs\\\/#breadcrumb\"},\"inLanguage\":\"lv-LV\",\"potentialAction\":[{\"@type\":\"ReadAction\",\"target\":[\"https:\\\/\\\/cinevillastudios.com\\\/lv\\\/lapas-paraugs\\\/\"]}]},{\"@type\":\"BreadcrumbList\",\"@id\":\"https:\\\/\\\/cinevillastudios.com\\\/lv\\\/lapas-paraugs\\\/#breadcrumb\",\"itemListElement\":[{\"@type\":\"ListItem\",\"position\":1,\"name\":\"Home\",\"item\":\"https:\\\/\\\/cinevillastudios.com\\\/lv\\\/sakums-2\\\/\"},{\"@type\":\"ListItem\",\"position\":2,\"name\":\"Lapas paraugs\"}]},{\"@type\":\"WebSite\",\"@id\":\"https:\\\/\\\/cinevillastudios.com\\\/lv\\\/#website\",\"url\":\"https:\\\/\\\/cinevillastudios.com\\\/lv\\\/\",\"name\":\"Cinevilla Studio\",\"description\":\"\",\"publisher\":{\"@id\":\"https:\\\/\\\/cinevillastudios.com\\\/lv\\\/#organization\"},\"potentialAction\":[{\"@type\":\"SearchAction\",\"target\":{\"@type\":\"EntryPoint\",\"urlTemplate\":\"https:\\\/\\\/cinevillastudios.com\\\/lv\\\/?s={search_term_string}\"},\"query-input\":{\"@type\":\"PropertyValueSpecification\",\"valueRequired\":true,\"valueName\":\"search_term_string\"}}],\"inLanguage\":\"lv-LV\"},{\"@type\":\"Organization\",\"@id\":\"https:\\\/\\\/cinevillastudios.com\\\/lv\\\/#organization\",\"name\":\"Cinevilla Studio\",\"url\":\"https:\\\/\\\/cinevillastudios.com\\\/lv\\\/\",\"logo\":{\"@type\":\"ImageObject\",\"inLanguage\":\"lv-LV\",\"@id\":\"https:\\\/\\\/cinevillastudios.com\\\/lv\\\/#\\\/schema\\\/logo\\\/image\\\/\",\"url\":\"https:\\\/\\\/cinevillastudios.com\\\/wp-content\\\/uploads\\\/2023\\\/08\\\/cinevilla-studio-logo-1.svg\",\"contentUrl\":\"https:\\\/\\\/cinevillastudios.com\\\/wp-content\\\/uploads\\\/2023\\\/08\\\/cinevilla-studio-logo-1.svg\",\"width\":182,\"height\":144,\"caption\":\"Cinevilla Studio\"},\"image\":{\"@id\":\"https:\\\/\\\/cinevillastudios.com\\\/lv\\\/#\\\/schema\\\/logo\\\/image\\\/\"},\"sameAs\":[\"https:\\\/\\\/www.facebook.com\\\/Cinevilla\",\"https:\\\/\\\/www.instagram.com\\\/cinevillastudios\\\/\"]}]}<\/script>\n<!-- \/ Yoast SEO plugin. -->","yoast_head_json":{"title":"Lapas paraugs - Cinevilla Studio","robots":{"index":"index","follow":"follow","max-snippet":"max-snippet:-1","max-image-preview":"max-image-preview:large","max-video-preview":"max-video-preview:-1"},"canonical":"https:\/\/cinevillastudios.com\/lv\/lapas-paraugs\/","og_locale":"lv_LV","og_type":"article","og_title":"Lapas paraugs - Cinevilla Studio","og_description":"\u0160\u012b ir parauga lapa. Tas at\u0161\u0137iras no emu\u0101ra ieraksta, jo tas paliek vien\u0101 viet\u0101 un par\u0101d\u0101s j\u016bsu vietnes navig\u0101cij\u0101 (liel\u0101kaj\u0101 da\u013c\u0101 t\u0113mu). Liel\u0101k\u0101 da\u013ca cilv\u0113ku s\u0101k ar lapu Par vietni, kas iepaz\u012bstina potenci\u0101los vietnes apmekl\u0113t\u0101jus. Tas var\u0113tu b\u016bt apm\u0113ram \u0161\u0101ds: Sveiki! Dienu es esmu velosip\u0113du kurjers, nakt\u012b &#8211; topo\u0161ais aktieris, un \u0161\u012b ir mana t\u012bmek\u013ca [&hellip;]","og_url":"https:\/\/cinevillastudios.com\/lv\/lapas-paraugs\/","og_site_name":"Cinevilla Studio","article_publisher":"https:\/\/www.facebook.com\/Cinevilla","article_modified_time":"2023-09-05T14:51:36+00:00","twitter_card":"summary_large_image","twitter_misc":{"Est. reading time":"1 minute"},"schema":{"@context":"https:\/\/schema.org","@graph":[{"@type":"WebPage","@id":"https:\/\/cinevillastudios.com\/lv\/lapas-paraugs\/","url":"https:\/\/cinevillastudios.com\/lv\/lapas-paraugs\/","name":"Lapas paraugs - Cinevilla Studio","isPartOf":{"@id":"https:\/\/cinevillastudios.com\/lv\/#website"},"datePublished":"2023-08-13T11:10:40+00:00","dateModified":"2023-09-05T14:51:36+00:00","breadcrumb":{"@id":"https:\/\/cinevillastudios.com\/lv\/lapas-paraugs\/#breadcrumb"},"inLanguage":"lv-LV","potentialAction":[{"@type":"ReadAction","target":["https:\/\/cinevillastudios.com\/lv\/lapas-paraugs\/"]}]},{"@type":"BreadcrumbList","@id":"https:\/\/cinevillastudios.com\/lv\/lapas-paraugs\/#breadcrumb","itemListElement":[{"@type":"ListItem","position":1,"name":"Home","item":"https:\/\/cinevillastudios.com\/lv\/sakums-2\/"},{"@type":"ListItem","position":2,"name":"Lapas paraugs"}]},{"@type":"WebSite","@id":"https:\/\/cinevillastudios.com\/lv\/#website","url":"https:\/\/cinevillastudios.com\/lv\/","name":"Cinevilla Studio","description":"","publisher":{"@id":"https:\/\/cinevillastudios.com\/lv\/#organization"},"potentialAction":[{"@type":"SearchAction","target":{"@type":"EntryPoint","urlTemplate":"https:\/\/cinevillastudios.com\/lv\/?s={search_term_string}"},"query-input":{"@type":"PropertyValueSpecification","valueRequired":true,"valueName":"search_term_string"}}],"inLanguage":"lv-LV"},{"@type":"Organization","@id":"https:\/\/cinevillastudios.com\/lv\/#organization","name":"Cinevilla Studio","url":"https:\/\/cinevillastudios.com\/lv\/","logo":{"@type":"ImageObject","inLanguage":"lv-LV","@id":"https:\/\/cinevillastudios.com\/lv\/#\/schema\/logo\/image\/","url":"https:\/\/cinevillastudios.com\/wp-content\/uploads\/2023\/08\/cinevilla-studio-logo-1.svg","contentUrl":"https:\/\/cinevillastudios.com\/wp-content\/uploads\/2023\/08\/cinevilla-studio-logo-1.svg","width":182,"height":144,"caption":"Cinevilla Studio"},"image":{"@id":"https:\/\/cinevillastudios.com\/lv\/#\/schema\/logo\/image\/"},"sameAs":["https:\/\/www.facebook.com\/Cinevilla","https:\/\/www.instagram.com\/cinevillastudios\/"]}]}},"_links":{"self":[{"href":"https:\/\/cinevillastudios.com\/lv\/wp-json\/wp\/v2\/pages\/5608","targetHints":{"allow":["GET"]}}],"collection":[{"href":"https:\/\/cinevillastudios.com\/lv\/wp-json\/wp\/v2\/pages"}],"about":[{"href":"https:\/\/cinevillastudios.com\/lv\/wp-json\/wp\/v2\/types\/page"}],"author":[{"embeddable":true,"href":"https:\/\/cinevillastudios.com\/lv\/wp-json\/wp\/v2\/users\/1"}],"replies":[{"embeddable":true,"href":"https:\/\/cinevillastudios.com\/lv\/wp-json\/wp\/v2\/comments?post=5608"}],"version-history":[{"count":0,"href":"https:\/\/cinevillastudios.com\/lv\/wp-json\/wp\/v2\/pages\/5608\/revisions"}],"wp:attachment":[{"href":"https:\/\/cinevillastudios.com\/lv\/wp-json\/wp\/v2\/media?parent=5608"}],"curies":[{"name":"wp","href":"https:\/\/api.w.org\/{rel}","templated":true}]}}