{"id":7542,"date":"2023-08-30T16:13:39","date_gmt":"2023-08-30T14:13:39","guid":{"rendered":"https:\/\/cinevillastudios.com\/cinevilla\/be-kategorijos\/galutine-ekspedicija\/"},"modified":"2023-09-30T18:11:15","modified_gmt":"2023-09-30T16:11:15","slug":"ultimate-expedition","status":"publish","type":"product","link":"https:\/\/cinevillastudios.com\/lt\/cinevilla\/paketai\/lankytojams\/ultimate-expedition\/","title":{"rendered":"Neprilygstama Ekspedicija"},"content":{"rendered":"","protected":false},"excerpt":{"rendered":"<p>Derinkite mokym\u0105si ir \u017eaisming\u0105 tyrin\u0117jim\u0105 su ekskursija bei nuotrauk\u0173 paie\u0161kos \u017eaidimu. Patirkite magij\u0105, kuomet i\u0161 \u017ealiojo ekrano persikelsite \u012f ne\u012ftik\u0117tinas film\u0173 scenas. Ir patikrinkite, ar jums pavyks i\u0161tr\u016bkti i\u0161 labirinto nuotyki\u0173! Su \u0161iuo Neprilygstamos Ekspecicijos paketu, per ma\u017edaug 3,5 valandos gal\u0117site susipa\u017einti su viskuo, k\u0105 si\u016blo &#8222;Cinevilla&#8221;. Galima u\u017esisakyti 20 ir daugiau lankytoj\u0173 grup\u0117ms.<\/p>\n","protected":false},"featured_media":12649,"template":"","meta":{"inline_featured_image":false},"product_brand":[],"product_cat":[279],"product_tag":[],"class_list":{"0":"post-7542","1":"product","2":"type-product","3":"status-publish","4":"has-post-thumbnail","6":"product_cat-lankytojams","8":"first","9":"instock","10":"virtual","11":"purchasable","12":"product-type-simple"},"yoast_head":"<!-- This site is optimized with the Yoast SEO plugin v27.3 - https:\/\/yoast.com\/product\/yoast-seo-wordpress\/ -->\n<title>Neprilygstama Ekspedicija - Cinevilla Studio<\/title>\n<meta name=\"robots\" content=\"index, follow, max-snippet:-1, max-image-preview:large, max-video-preview:-1\" \/>\n<link rel=\"canonical\" href=\"https:\/\/cinevillastudios.com\/lt\/cinevilla\/paketai\/lankytojams\/ultimate-expedition\/\" \/>\n<meta property=\"og:locale\" content=\"lt_LT\" \/>\n<meta property=\"og:type\" content=\"article\" \/>\n<meta property=\"og:title\" content=\"Neprilygstama Ekspedicija - Cinevilla Studio\" \/>\n<meta property=\"og:description\" content=\"Derinkite mokym\u0105si ir \u017eaisming\u0105 tyrin\u0117jim\u0105 su ekskursija bei nuotrauk\u0173 paie\u0161kos \u017eaidimu. Patirkite magij\u0105, kuomet i\u0161 \u017ealiojo ekrano persikelsite \u012f ne\u012ftik\u0117tinas film\u0173 scenas. Ir patikrinkite, ar jums pavyks i\u0161tr\u016bkti i\u0161 labirinto nuotyki\u0173! Su \u0161iuo Neprilygstamos Ekspecicijos paketu, per ma\u017edaug 3,5 valandos gal\u0117site susipa\u017einti su viskuo, k\u0105 si\u016blo &quot;Cinevilla&quot;. Galima u\u017esisakyti 20 ir daugiau lankytoj\u0173 grup\u0117ms.\" \/>\n<meta property=\"og:url\" content=\"https:\/\/cinevillastudios.com\/lt\/cinevilla\/paketai\/lankytojams\/ultimate-expedition\/\" \/>\n<meta property=\"og:site_name\" content=\"Cinevilla Studio\" \/>\n<meta property=\"article:publisher\" content=\"https:\/\/www.facebook.com\/Cinevilla\" \/>\n<meta property=\"article:modified_time\" content=\"2023-09-30T16:11:15+00:00\" \/>\n<meta property=\"og:image\" content=\"https:\/\/cinevillastudios.com\/wp-content\/uploads\/2023\/08\/73050794_2337175893211103_4112747046404882432_n.webp\" \/>\n\t<meta property=\"og:image:width\" content=\"960\" \/>\n\t<meta property=\"og:image:height\" content=\"960\" \/>\n\t<meta property=\"og:image:type\" content=\"image\/webp\" \/>\n<meta name=\"twitter:card\" content=\"summary_large_image\" \/>\n<script type=\"application\/ld+json\" class=\"yoast-schema-graph\">{\"@context\":\"https:\\\/\\\/schema.org\",\"@graph\":[{\"@type\":\"WebPage\",\"@id\":\"https:\\\/\\\/cinevillastudios.com\\\/lt\\\/cinevilla\\\/paketai\\\/lankytojams\\\/ultimate-expedition\\\/\",\"url\":\"https:\\\/\\\/cinevillastudios.com\\\/lt\\\/cinevilla\\\/paketai\\\/lankytojams\\\/ultimate-expedition\\\/\",\"name\":\"Neprilygstama Ekspedicija - Cinevilla Studio\",\"isPartOf\":{\"@id\":\"https:\\\/\\\/cinevillastudios.com\\\/lt\\\/#website\"},\"primaryImageOfPage\":{\"@id\":\"https:\\\/\\\/cinevillastudios.com\\\/lt\\\/cinevilla\\\/paketai\\\/lankytojams\\\/ultimate-expedition\\\/#primaryimage\"},\"image\":{\"@id\":\"https:\\\/\\\/cinevillastudios.com\\\/lt\\\/cinevilla\\\/paketai\\\/lankytojams\\\/ultimate-expedition\\\/#primaryimage\"},\"thumbnailUrl\":\"https:\\\/\\\/cinevillastudios.com\\\/wp-content\\\/uploads\\\/2023\\\/08\\\/73050794_2337175893211103_4112747046404882432_n.webp\",\"datePublished\":\"2023-08-30T14:13:39+00:00\",\"dateModified\":\"2023-09-30T16:11:15+00:00\",\"breadcrumb\":{\"@id\":\"https:\\\/\\\/cinevillastudios.com\\\/lt\\\/cinevilla\\\/paketai\\\/lankytojams\\\/ultimate-expedition\\\/#breadcrumb\"},\"inLanguage\":\"lt-LT\",\"potentialAction\":[{\"@type\":\"ReadAction\",\"target\":[\"https:\\\/\\\/cinevillastudios.com\\\/lt\\\/cinevilla\\\/paketai\\\/lankytojams\\\/ultimate-expedition\\\/\"]}]},{\"@type\":\"ImageObject\",\"inLanguage\":\"lt-LT\",\"@id\":\"https:\\\/\\\/cinevillastudios.com\\\/lt\\\/cinevilla\\\/paketai\\\/lankytojams\\\/ultimate-expedition\\\/#primaryimage\",\"url\":\"https:\\\/\\\/cinevillastudios.com\\\/wp-content\\\/uploads\\\/2023\\\/08\\\/73050794_2337175893211103_4112747046404882432_n.webp\",\"contentUrl\":\"https:\\\/\\\/cinevillastudios.com\\\/wp-content\\\/uploads\\\/2023\\\/08\\\/73050794_2337175893211103_4112747046404882432_n.webp\",\"width\":960,\"height\":960},{\"@type\":\"BreadcrumbList\",\"@id\":\"https:\\\/\\\/cinevillastudios.com\\\/lt\\\/cinevilla\\\/paketai\\\/lankytojams\\\/ultimate-expedition\\\/#breadcrumb\",\"itemListElement\":[{\"@type\":\"ListItem\",\"position\":1,\"name\":\"Home\",\"item\":\"https:\\\/\\\/cinevillastudios.com\\\/lt\\\/\"},{\"@type\":\"ListItem\",\"position\":2,\"name\":\"Shop\",\"item\":\"https:\\\/\\\/cinevillastudios.com\\\/lt\\\/shop-2\\\/\"},{\"@type\":\"ListItem\",\"position\":3,\"name\":\"Neprilygstama Ekspedicija\"}]},{\"@type\":\"WebSite\",\"@id\":\"https:\\\/\\\/cinevillastudios.com\\\/lt\\\/#website\",\"url\":\"https:\\\/\\\/cinevillastudios.com\\\/lt\\\/\",\"name\":\"Cinevilla Studio\",\"description\":\"\",\"publisher\":{\"@id\":\"https:\\\/\\\/cinevillastudios.com\\\/lt\\\/#organization\"},\"potentialAction\":[{\"@type\":\"SearchAction\",\"target\":{\"@type\":\"EntryPoint\",\"urlTemplate\":\"https:\\\/\\\/cinevillastudios.com\\\/lt\\\/?s={search_term_string}\"},\"query-input\":{\"@type\":\"PropertyValueSpecification\",\"valueRequired\":true,\"valueName\":\"search_term_string\"}}],\"inLanguage\":\"lt-LT\"},{\"@type\":\"Organization\",\"@id\":\"https:\\\/\\\/cinevillastudios.com\\\/lt\\\/#organization\",\"name\":\"Cinevilla Studio\",\"url\":\"https:\\\/\\\/cinevillastudios.com\\\/lt\\\/\",\"logo\":{\"@type\":\"ImageObject\",\"inLanguage\":\"lt-LT\",\"@id\":\"https:\\\/\\\/cinevillastudios.com\\\/lt\\\/#\\\/schema\\\/logo\\\/image\\\/\",\"url\":\"https:\\\/\\\/cinevillastudios.com\\\/wp-content\\\/uploads\\\/2023\\\/08\\\/cinevilla-studio-logo-1.svg\",\"contentUrl\":\"https:\\\/\\\/cinevillastudios.com\\\/wp-content\\\/uploads\\\/2023\\\/08\\\/cinevilla-studio-logo-1.svg\",\"width\":182,\"height\":144,\"caption\":\"Cinevilla Studio\"},\"image\":{\"@id\":\"https:\\\/\\\/cinevillastudios.com\\\/lt\\\/#\\\/schema\\\/logo\\\/image\\\/\"},\"sameAs\":[\"https:\\\/\\\/www.facebook.com\\\/Cinevilla\",\"https:\\\/\\\/www.instagram.com\\\/cinevillastudios\\\/\"]}]}<\/script>\n<!-- \/ Yoast SEO plugin. -->","yoast_head_json":{"title":"Neprilygstama Ekspedicija - Cinevilla Studio","robots":{"index":"index","follow":"follow","max-snippet":"max-snippet:-1","max-image-preview":"max-image-preview:large","max-video-preview":"max-video-preview:-1"},"canonical":"https:\/\/cinevillastudios.com\/lt\/cinevilla\/paketai\/lankytojams\/ultimate-expedition\/","og_locale":"lt_LT","og_type":"article","og_title":"Neprilygstama Ekspedicija - Cinevilla Studio","og_description":"Derinkite mokym\u0105si ir \u017eaisming\u0105 tyrin\u0117jim\u0105 su ekskursija bei nuotrauk\u0173 paie\u0161kos \u017eaidimu. Patirkite magij\u0105, kuomet i\u0161 \u017ealiojo ekrano persikelsite \u012f ne\u012ftik\u0117tinas film\u0173 scenas. Ir patikrinkite, ar jums pavyks i\u0161tr\u016bkti i\u0161 labirinto nuotyki\u0173! Su \u0161iuo Neprilygstamos Ekspecicijos paketu, per ma\u017edaug 3,5 valandos gal\u0117site susipa\u017einti su viskuo, k\u0105 si\u016blo \"Cinevilla\". Galima u\u017esisakyti 20 ir daugiau lankytoj\u0173 grup\u0117ms.","og_url":"https:\/\/cinevillastudios.com\/lt\/cinevilla\/paketai\/lankytojams\/ultimate-expedition\/","og_site_name":"Cinevilla Studio","article_publisher":"https:\/\/www.facebook.com\/Cinevilla","article_modified_time":"2023-09-30T16:11:15+00:00","og_image":[{"width":960,"height":960,"url":"https:\/\/cinevillastudios.com\/wp-content\/uploads\/2023\/08\/73050794_2337175893211103_4112747046404882432_n.webp","type":"image\/webp"}],"twitter_card":"summary_large_image","schema":{"@context":"https:\/\/schema.org","@graph":[{"@type":"WebPage","@id":"https:\/\/cinevillastudios.com\/lt\/cinevilla\/paketai\/lankytojams\/ultimate-expedition\/","url":"https:\/\/cinevillastudios.com\/lt\/cinevilla\/paketai\/lankytojams\/ultimate-expedition\/","name":"Neprilygstama Ekspedicija - Cinevilla Studio","isPartOf":{"@id":"https:\/\/cinevillastudios.com\/lt\/#website"},"primaryImageOfPage":{"@id":"https:\/\/cinevillastudios.com\/lt\/cinevilla\/paketai\/lankytojams\/ultimate-expedition\/#primaryimage"},"image":{"@id":"https:\/\/cinevillastudios.com\/lt\/cinevilla\/paketai\/lankytojams\/ultimate-expedition\/#primaryimage"},"thumbnailUrl":"https:\/\/cinevillastudios.com\/wp-content\/uploads\/2023\/08\/73050794_2337175893211103_4112747046404882432_n.webp","datePublished":"2023-08-30T14:13:39+00:00","dateModified":"2023-09-30T16:11:15+00:00","breadcrumb":{"@id":"https:\/\/cinevillastudios.com\/lt\/cinevilla\/paketai\/lankytojams\/ultimate-expedition\/#breadcrumb"},"inLanguage":"lt-LT","potentialAction":[{"@type":"ReadAction","target":["https:\/\/cinevillastudios.com\/lt\/cinevilla\/paketai\/lankytojams\/ultimate-expedition\/"]}]},{"@type":"ImageObject","inLanguage":"lt-LT","@id":"https:\/\/cinevillastudios.com\/lt\/cinevilla\/paketai\/lankytojams\/ultimate-expedition\/#primaryimage","url":"https:\/\/cinevillastudios.com\/wp-content\/uploads\/2023\/08\/73050794_2337175893211103_4112747046404882432_n.webp","contentUrl":"https:\/\/cinevillastudios.com\/wp-content\/uploads\/2023\/08\/73050794_2337175893211103_4112747046404882432_n.webp","width":960,"height":960},{"@type":"BreadcrumbList","@id":"https:\/\/cinevillastudios.com\/lt\/cinevilla\/paketai\/lankytojams\/ultimate-expedition\/#breadcrumb","itemListElement":[{"@type":"ListItem","position":1,"name":"Home","item":"https:\/\/cinevillastudios.com\/lt\/"},{"@type":"ListItem","position":2,"name":"Shop","item":"https:\/\/cinevillastudios.com\/lt\/shop-2\/"},{"@type":"ListItem","position":3,"name":"Neprilygstama Ekspedicija"}]},{"@type":"WebSite","@id":"https:\/\/cinevillastudios.com\/lt\/#website","url":"https:\/\/cinevillastudios.com\/lt\/","name":"Cinevilla Studio","description":"","publisher":{"@id":"https:\/\/cinevillastudios.com\/lt\/#organization"},"potentialAction":[{"@type":"SearchAction","target":{"@type":"EntryPoint","urlTemplate":"https:\/\/cinevillastudios.com\/lt\/?s={search_term_string}"},"query-input":{"@type":"PropertyValueSpecification","valueRequired":true,"valueName":"search_term_string"}}],"inLanguage":"lt-LT"},{"@type":"Organization","@id":"https:\/\/cinevillastudios.com\/lt\/#organization","name":"Cinevilla Studio","url":"https:\/\/cinevillastudios.com\/lt\/","logo":{"@type":"ImageObject","inLanguage":"lt-LT","@id":"https:\/\/cinevillastudios.com\/lt\/#\/schema\/logo\/image\/","url":"https:\/\/cinevillastudios.com\/wp-content\/uploads\/2023\/08\/cinevilla-studio-logo-1.svg","contentUrl":"https:\/\/cinevillastudios.com\/wp-content\/uploads\/2023\/08\/cinevilla-studio-logo-1.svg","width":182,"height":144,"caption":"Cinevilla Studio"},"image":{"@id":"https:\/\/cinevillastudios.com\/lt\/#\/schema\/logo\/image\/"},"sameAs":["https:\/\/www.facebook.com\/Cinevilla","https:\/\/www.instagram.com\/cinevillastudios\/"]}]}},"_links":{"self":[{"href":"https:\/\/cinevillastudios.com\/lt\/wp-json\/wp\/v2\/product\/7542","targetHints":{"allow":["GET"]}}],"collection":[{"href":"https:\/\/cinevillastudios.com\/lt\/wp-json\/wp\/v2\/product"}],"about":[{"href":"https:\/\/cinevillastudios.com\/lt\/wp-json\/wp\/v2\/types\/product"}],"version-history":[{"count":0,"href":"https:\/\/cinevillastudios.com\/lt\/wp-json\/wp\/v2\/product\/7542\/revisions"}],"wp:featuredmedia":[{"embeddable":true,"href":"https:\/\/cinevillastudios.com\/lt\/wp-json\/wp\/v2\/media\/12649"}],"wp:attachment":[{"href":"https:\/\/cinevillastudios.com\/lt\/wp-json\/wp\/v2\/media?parent=7542"}],"wp:term":[{"taxonomy":"product_brand","embeddable":true,"href":"https:\/\/cinevillastudios.com\/lt\/wp-json\/wp\/v2\/product_brand?post=7542"},{"taxonomy":"product_cat","embeddable":true,"href":"https:\/\/cinevillastudios.com\/lt\/wp-json\/wp\/v2\/product_cat?post=7542"},{"taxonomy":"product_tag","embeddable":true,"href":"https:\/\/cinevillastudios.com\/lt\/wp-json\/wp\/v2\/product_tag?post=7542"}],"curies":[{"name":"wp","href":"https:\/\/api.w.org\/{rel}","templated":true}]}}