{"id":7525,"date":"2023-08-30T16:11:32","date_gmt":"2023-08-30T16:11:32","guid":{"rendered":"https:\/\/cinevillastudios.com\/cinevilla\/be-kategorijos\/grupes-pilno-spektro-nuotykis\/"},"modified":"2023-09-30T18:04:49","modified_gmt":"2023-09-30T16:04:49","slug":"big-adventure","status":"publish","type":"product","link":"https:\/\/cinevillastudios.com\/lt\/cinevilla\/paketai\/lankytojams\/big-adventure\/","title":{"rendered":"Didysis Nuotykis"},"content":{"rendered":"","protected":false},"excerpt":{"rendered":"<p>I\u0161bandykite dinami\u0161k\u0105 paket\u0105, kur\u012f sudaro ekskursija su gidu, \u012ftraukiantis \u017ealias ekranas ir galimyb\u0117 rinktis nuotrauk\u0173 paie\u0161kos \u017eaidim\u0105 arba labirinto nuotyk\u012f per ma\u017edaug 2,5 valandos. Galima u\u017esisakyti 20 ir daugiau lankytoj\u0173 grup\u0117ms.<\/p>\n","protected":false},"featured_media":12643,"template":"","meta":{"inline_featured_image":false},"product_brand":[],"product_cat":[279],"product_tag":[],"class_list":{"0":"post-7525","1":"product","2":"type-product","3":"status-publish","4":"has-post-thumbnail","6":"product_cat-lankytojams","8":"first","9":"instock","10":"virtual","11":"purchasable","12":"product-type-simple"},"yoast_head":"<!-- This site is optimized with the Yoast SEO plugin v27.3 - https:\/\/yoast.com\/product\/yoast-seo-wordpress\/ -->\n<title>Didysis Nuotykis - Cinevilla Studio<\/title>\n<meta name=\"robots\" content=\"index, follow, max-snippet:-1, max-image-preview:large, max-video-preview:-1\" \/>\n<link rel=\"canonical\" href=\"https:\/\/cinevillastudios.com\/lt\/cinevilla\/paketai\/lankytojams\/big-adventure\/\" \/>\n<meta property=\"og:locale\" content=\"lt_LT\" \/>\n<meta property=\"og:type\" content=\"article\" \/>\n<meta property=\"og:title\" content=\"Didysis Nuotykis - Cinevilla Studio\" \/>\n<meta property=\"og:description\" content=\"I\u0161bandykite dinami\u0161k\u0105 paket\u0105, kur\u012f sudaro ekskursija su gidu, \u012ftraukiantis \u017ealias ekranas ir galimyb\u0117 rinktis nuotrauk\u0173 paie\u0161kos \u017eaidim\u0105 arba labirinto nuotyk\u012f per ma\u017edaug 2,5 valandos. Galima u\u017esisakyti 20 ir daugiau lankytoj\u0173 grup\u0117ms.\" \/>\n<meta property=\"og:url\" content=\"https:\/\/cinevillastudios.com\/lt\/cinevilla\/paketai\/lankytojams\/big-adventure\/\" \/>\n<meta property=\"og:site_name\" content=\"Cinevilla Studio\" \/>\n<meta property=\"article:publisher\" content=\"https:\/\/www.facebook.com\/Cinevilla\" \/>\n<meta property=\"article:modified_time\" content=\"2023-09-30T16:04:49+00:00\" \/>\n<meta property=\"og:image\" content=\"https:\/\/cinevillastudios.com\/wp-content\/uploads\/2023\/08\/376714139_18223872085246825_1598597673890960827_n.webp\" \/>\n\t<meta property=\"og:image:width\" content=\"960\" \/>\n\t<meta property=\"og:image:height\" content=\"1199\" \/>\n\t<meta property=\"og:image:type\" content=\"image\/webp\" \/>\n<meta name=\"twitter:card\" content=\"summary_large_image\" \/>\n<script type=\"application\/ld+json\" class=\"yoast-schema-graph\">{\"@context\":\"https:\\\/\\\/schema.org\",\"@graph\":[{\"@type\":\"WebPage\",\"@id\":\"https:\\\/\\\/cinevillastudios.com\\\/lt\\\/cinevilla\\\/paketai\\\/lankytojams\\\/big-adventure\\\/\",\"url\":\"https:\\\/\\\/cinevillastudios.com\\\/lt\\\/cinevilla\\\/paketai\\\/lankytojams\\\/big-adventure\\\/\",\"name\":\"Didysis Nuotykis - Cinevilla Studio\",\"isPartOf\":{\"@id\":\"https:\\\/\\\/cinevillastudios.com\\\/lt\\\/#website\"},\"primaryImageOfPage\":{\"@id\":\"https:\\\/\\\/cinevillastudios.com\\\/lt\\\/cinevilla\\\/paketai\\\/lankytojams\\\/big-adventure\\\/#primaryimage\"},\"image\":{\"@id\":\"https:\\\/\\\/cinevillastudios.com\\\/lt\\\/cinevilla\\\/paketai\\\/lankytojams\\\/big-adventure\\\/#primaryimage\"},\"thumbnailUrl\":\"https:\\\/\\\/cinevillastudios.com\\\/wp-content\\\/uploads\\\/2023\\\/08\\\/376714139_18223872085246825_1598597673890960827_n.webp\",\"datePublished\":\"2023-08-30T16:11:32+00:00\",\"dateModified\":\"2023-09-30T16:04:49+00:00\",\"breadcrumb\":{\"@id\":\"https:\\\/\\\/cinevillastudios.com\\\/lt\\\/cinevilla\\\/paketai\\\/lankytojams\\\/big-adventure\\\/#breadcrumb\"},\"inLanguage\":\"lt-LT\",\"potentialAction\":[{\"@type\":\"ReadAction\",\"target\":[\"https:\\\/\\\/cinevillastudios.com\\\/lt\\\/cinevilla\\\/paketai\\\/lankytojams\\\/big-adventure\\\/\"]}]},{\"@type\":\"ImageObject\",\"inLanguage\":\"lt-LT\",\"@id\":\"https:\\\/\\\/cinevillastudios.com\\\/lt\\\/cinevilla\\\/paketai\\\/lankytojams\\\/big-adventure\\\/#primaryimage\",\"url\":\"https:\\\/\\\/cinevillastudios.com\\\/wp-content\\\/uploads\\\/2023\\\/08\\\/376714139_18223872085246825_1598597673890960827_n.webp\",\"contentUrl\":\"https:\\\/\\\/cinevillastudios.com\\\/wp-content\\\/uploads\\\/2023\\\/08\\\/376714139_18223872085246825_1598597673890960827_n.webp\",\"width\":960,\"height\":1199},{\"@type\":\"BreadcrumbList\",\"@id\":\"https:\\\/\\\/cinevillastudios.com\\\/lt\\\/cinevilla\\\/paketai\\\/lankytojams\\\/big-adventure\\\/#breadcrumb\",\"itemListElement\":[{\"@type\":\"ListItem\",\"position\":1,\"name\":\"Home\",\"item\":\"https:\\\/\\\/cinevillastudios.com\\\/lt\\\/\"},{\"@type\":\"ListItem\",\"position\":2,\"name\":\"Shop\",\"item\":\"https:\\\/\\\/cinevillastudios.com\\\/lt\\\/shop-2\\\/\"},{\"@type\":\"ListItem\",\"position\":3,\"name\":\"Didysis Nuotykis\"}]},{\"@type\":\"WebSite\",\"@id\":\"https:\\\/\\\/cinevillastudios.com\\\/lt\\\/#website\",\"url\":\"https:\\\/\\\/cinevillastudios.com\\\/lt\\\/\",\"name\":\"Cinevilla Studio\",\"description\":\"\",\"publisher\":{\"@id\":\"https:\\\/\\\/cinevillastudios.com\\\/lt\\\/#organization\"},\"potentialAction\":[{\"@type\":\"SearchAction\",\"target\":{\"@type\":\"EntryPoint\",\"urlTemplate\":\"https:\\\/\\\/cinevillastudios.com\\\/lt\\\/?s={search_term_string}\"},\"query-input\":{\"@type\":\"PropertyValueSpecification\",\"valueRequired\":true,\"valueName\":\"search_term_string\"}}],\"inLanguage\":\"lt-LT\"},{\"@type\":\"Organization\",\"@id\":\"https:\\\/\\\/cinevillastudios.com\\\/lt\\\/#organization\",\"name\":\"Cinevilla Studio\",\"url\":\"https:\\\/\\\/cinevillastudios.com\\\/lt\\\/\",\"logo\":{\"@type\":\"ImageObject\",\"inLanguage\":\"lt-LT\",\"@id\":\"https:\\\/\\\/cinevillastudios.com\\\/lt\\\/#\\\/schema\\\/logo\\\/image\\\/\",\"url\":\"https:\\\/\\\/cinevillastudios.com\\\/wp-content\\\/uploads\\\/2023\\\/08\\\/cinevilla-studio-logo-1.svg\",\"contentUrl\":\"https:\\\/\\\/cinevillastudios.com\\\/wp-content\\\/uploads\\\/2023\\\/08\\\/cinevilla-studio-logo-1.svg\",\"width\":182,\"height\":144,\"caption\":\"Cinevilla Studio\"},\"image\":{\"@id\":\"https:\\\/\\\/cinevillastudios.com\\\/lt\\\/#\\\/schema\\\/logo\\\/image\\\/\"},\"sameAs\":[\"https:\\\/\\\/www.facebook.com\\\/Cinevilla\",\"https:\\\/\\\/www.instagram.com\\\/cinevillastudios\\\/\"]}]}<\/script>\n<!-- \/ Yoast SEO plugin. -->","yoast_head_json":{"title":"Didysis Nuotykis - Cinevilla Studio","robots":{"index":"index","follow":"follow","max-snippet":"max-snippet:-1","max-image-preview":"max-image-preview:large","max-video-preview":"max-video-preview:-1"},"canonical":"https:\/\/cinevillastudios.com\/lt\/cinevilla\/paketai\/lankytojams\/big-adventure\/","og_locale":"lt_LT","og_type":"article","og_title":"Didysis Nuotykis - Cinevilla Studio","og_description":"I\u0161bandykite dinami\u0161k\u0105 paket\u0105, kur\u012f sudaro ekskursija su gidu, \u012ftraukiantis \u017ealias ekranas ir galimyb\u0117 rinktis nuotrauk\u0173 paie\u0161kos \u017eaidim\u0105 arba labirinto nuotyk\u012f per ma\u017edaug 2,5 valandos. Galima u\u017esisakyti 20 ir daugiau lankytoj\u0173 grup\u0117ms.","og_url":"https:\/\/cinevillastudios.com\/lt\/cinevilla\/paketai\/lankytojams\/big-adventure\/","og_site_name":"Cinevilla Studio","article_publisher":"https:\/\/www.facebook.com\/Cinevilla","article_modified_time":"2023-09-30T16:04:49+00:00","og_image":[{"width":960,"height":1199,"url":"https:\/\/cinevillastudios.com\/wp-content\/uploads\/2023\/08\/376714139_18223872085246825_1598597673890960827_n.webp","type":"image\/webp"}],"twitter_card":"summary_large_image","schema":{"@context":"https:\/\/schema.org","@graph":[{"@type":"WebPage","@id":"https:\/\/cinevillastudios.com\/lt\/cinevilla\/paketai\/lankytojams\/big-adventure\/","url":"https:\/\/cinevillastudios.com\/lt\/cinevilla\/paketai\/lankytojams\/big-adventure\/","name":"Didysis Nuotykis - Cinevilla Studio","isPartOf":{"@id":"https:\/\/cinevillastudios.com\/lt\/#website"},"primaryImageOfPage":{"@id":"https:\/\/cinevillastudios.com\/lt\/cinevilla\/paketai\/lankytojams\/big-adventure\/#primaryimage"},"image":{"@id":"https:\/\/cinevillastudios.com\/lt\/cinevilla\/paketai\/lankytojams\/big-adventure\/#primaryimage"},"thumbnailUrl":"https:\/\/cinevillastudios.com\/wp-content\/uploads\/2023\/08\/376714139_18223872085246825_1598597673890960827_n.webp","datePublished":"2023-08-30T16:11:32+00:00","dateModified":"2023-09-30T16:04:49+00:00","breadcrumb":{"@id":"https:\/\/cinevillastudios.com\/lt\/cinevilla\/paketai\/lankytojams\/big-adventure\/#breadcrumb"},"inLanguage":"lt-LT","potentialAction":[{"@type":"ReadAction","target":["https:\/\/cinevillastudios.com\/lt\/cinevilla\/paketai\/lankytojams\/big-adventure\/"]}]},{"@type":"ImageObject","inLanguage":"lt-LT","@id":"https:\/\/cinevillastudios.com\/lt\/cinevilla\/paketai\/lankytojams\/big-adventure\/#primaryimage","url":"https:\/\/cinevillastudios.com\/wp-content\/uploads\/2023\/08\/376714139_18223872085246825_1598597673890960827_n.webp","contentUrl":"https:\/\/cinevillastudios.com\/wp-content\/uploads\/2023\/08\/376714139_18223872085246825_1598597673890960827_n.webp","width":960,"height":1199},{"@type":"BreadcrumbList","@id":"https:\/\/cinevillastudios.com\/lt\/cinevilla\/paketai\/lankytojams\/big-adventure\/#breadcrumb","itemListElement":[{"@type":"ListItem","position":1,"name":"Home","item":"https:\/\/cinevillastudios.com\/lt\/"},{"@type":"ListItem","position":2,"name":"Shop","item":"https:\/\/cinevillastudios.com\/lt\/shop-2\/"},{"@type":"ListItem","position":3,"name":"Didysis Nuotykis"}]},{"@type":"WebSite","@id":"https:\/\/cinevillastudios.com\/lt\/#website","url":"https:\/\/cinevillastudios.com\/lt\/","name":"Cinevilla Studio","description":"","publisher":{"@id":"https:\/\/cinevillastudios.com\/lt\/#organization"},"potentialAction":[{"@type":"SearchAction","target":{"@type":"EntryPoint","urlTemplate":"https:\/\/cinevillastudios.com\/lt\/?s={search_term_string}"},"query-input":{"@type":"PropertyValueSpecification","valueRequired":true,"valueName":"search_term_string"}}],"inLanguage":"lt-LT"},{"@type":"Organization","@id":"https:\/\/cinevillastudios.com\/lt\/#organization","name":"Cinevilla Studio","url":"https:\/\/cinevillastudios.com\/lt\/","logo":{"@type":"ImageObject","inLanguage":"lt-LT","@id":"https:\/\/cinevillastudios.com\/lt\/#\/schema\/logo\/image\/","url":"https:\/\/cinevillastudios.com\/wp-content\/uploads\/2023\/08\/cinevilla-studio-logo-1.svg","contentUrl":"https:\/\/cinevillastudios.com\/wp-content\/uploads\/2023\/08\/cinevilla-studio-logo-1.svg","width":182,"height":144,"caption":"Cinevilla Studio"},"image":{"@id":"https:\/\/cinevillastudios.com\/lt\/#\/schema\/logo\/image\/"},"sameAs":["https:\/\/www.facebook.com\/Cinevilla","https:\/\/www.instagram.com\/cinevillastudios\/"]}]}},"_links":{"self":[{"href":"https:\/\/cinevillastudios.com\/lt\/wp-json\/wp\/v2\/product\/7525","targetHints":{"allow":["GET"]}}],"collection":[{"href":"https:\/\/cinevillastudios.com\/lt\/wp-json\/wp\/v2\/product"}],"about":[{"href":"https:\/\/cinevillastudios.com\/lt\/wp-json\/wp\/v2\/types\/product"}],"version-history":[{"count":0,"href":"https:\/\/cinevillastudios.com\/lt\/wp-json\/wp\/v2\/product\/7525\/revisions"}],"wp:featuredmedia":[{"embeddable":true,"href":"https:\/\/cinevillastudios.com\/lt\/wp-json\/wp\/v2\/media\/12643"}],"wp:attachment":[{"href":"https:\/\/cinevillastudios.com\/lt\/wp-json\/wp\/v2\/media?parent=7525"}],"wp:term":[{"taxonomy":"product_brand","embeddable":true,"href":"https:\/\/cinevillastudios.com\/lt\/wp-json\/wp\/v2\/product_brand?post=7525"},{"taxonomy":"product_cat","embeddable":true,"href":"https:\/\/cinevillastudios.com\/lt\/wp-json\/wp\/v2\/product_cat?post=7525"},{"taxonomy":"product_tag","embeddable":true,"href":"https:\/\/cinevillastudios.com\/lt\/wp-json\/wp\/v2\/product_tag?post=7525"}],"curies":[{"name":"wp","href":"https:\/\/api.w.org\/{rel}","templated":true}]}}