{"id":5749,"date":"2023-08-26T14:21:00","date_gmt":"2023-08-26T14:21:00","guid":{"rendered":"https:\/\/cinevillastudios.com\/cinevilla\/be-kategorijos\/2-paviljonas\/"},"modified":"2023-09-30T13:26:59","modified_gmt":"2023-09-30T11:26:59","slug":"pavilion-2","status":"publish","type":"product","link":"https:\/\/cinevillastudios.com\/lt\/cinevilla\/teritorija-ir-irenginiai\/etapai\/pavilion-2\/","title":{"rendered":"2 Paviljonas"},"content":{"rendered":"","protected":false},"excerpt":{"rendered":"<p>\u0160i erdv\u0117 gali b\u016bti naudojama didingoms vidaus scenoms, kurioms reikalinga vinta\u017ein\u0117 aplinka. Dviej\u0173 auk\u0161t\u0173 filmavimo aik\u0161tel\u0117, apstatyta \u012fmantriomis detal\u0117mis ir dekoru, atkartoja did\u017ei\u0105j\u0105 Latvi\u0173 Draugijos pastato sal\u0119. Tai naujas &#8222;Cinevilla&#8221; papildymas, kuris buvo pastatytas 2022 metais.  <\/p>\n","protected":false},"featured_media":11141,"template":"","meta":{"inline_featured_image":false},"product_brand":[],"product_cat":[119],"product_tag":[],"class_list":{"0":"post-5749","1":"product","2":"type-product","3":"status-publish","4":"has-post-thumbnail","6":"product_cat-etapai","8":"first","9":"instock","10":"virtual","11":"product-type-simple"},"yoast_head":"<!-- This site is optimized with the Yoast SEO plugin v27.6 - https:\/\/yoast.com\/product\/yoast-seo-wordpress\/ -->\n<title>2 Paviljonas - Cinevilla Studio<\/title>\n<meta name=\"robots\" content=\"index, follow, max-snippet:-1, max-image-preview:large, max-video-preview:-1\" \/>\n<link rel=\"canonical\" href=\"https:\/\/cinevillastudios.com\/lt\/cinevilla\/teritorija-ir-irenginiai\/etapai\/pavilion-2\/\" \/>\n<meta property=\"og:locale\" content=\"lt_LT\" \/>\n<meta property=\"og:type\" content=\"article\" \/>\n<meta property=\"og:title\" content=\"2 Paviljonas - Cinevilla Studio\" \/>\n<meta property=\"og:description\" content=\"\u0160i erdv\u0117 gali b\u016bti naudojama didingoms vidaus scenoms, kurioms reikalinga vinta\u017ein\u0117 aplinka. Dviej\u0173 auk\u0161t\u0173 filmavimo aik\u0161tel\u0117, apstatyta \u012fmantriomis detal\u0117mis ir dekoru, atkartoja did\u017ei\u0105j\u0105 Latvi\u0173 Draugijos pastato sal\u0119. Tai naujas &quot;Cinevilla&quot; papildymas, kuris buvo pastatytas 2022 metais.\" \/>\n<meta property=\"og:url\" content=\"https:\/\/cinevillastudios.com\/lt\/cinevilla\/teritorija-ir-irenginiai\/etapai\/pavilion-2\/\" \/>\n<meta property=\"og:site_name\" content=\"Cinevilla Studio\" \/>\n<meta property=\"article:publisher\" content=\"https:\/\/www.facebook.com\/Cinevilla\" \/>\n<meta property=\"article:modified_time\" content=\"2023-09-30T11:26:59+00:00\" \/>\n<meta property=\"og:image\" content=\"https:\/\/cinevillastudios.com\/wp-content\/uploads\/2023\/08\/IMG_20230720_120458_00_proc.webp\" \/>\n\t<meta property=\"og:image:width\" content=\"1920\" \/>\n\t<meta property=\"og:image:height\" content=\"1080\" \/>\n\t<meta property=\"og:image:type\" content=\"image\/webp\" \/>\n<meta name=\"twitter:card\" content=\"summary_large_image\" \/>\n<script type=\"application\/ld+json\" class=\"yoast-schema-graph\">{\"@context\":\"https:\\\/\\\/schema.org\",\"@graph\":[{\"@type\":\"WebPage\",\"@id\":\"https:\\\/\\\/cinevillastudios.com\\\/lt\\\/cinevilla\\\/teritorija-ir-irenginiai\\\/etapai\\\/pavilion-2\\\/\",\"url\":\"https:\\\/\\\/cinevillastudios.com\\\/lt\\\/cinevilla\\\/teritorija-ir-irenginiai\\\/etapai\\\/pavilion-2\\\/\",\"name\":\"2 Paviljonas - Cinevilla Studio\",\"isPartOf\":{\"@id\":\"https:\\\/\\\/cinevillastudios.com\\\/lt\\\/#website\"},\"primaryImageOfPage\":{\"@id\":\"https:\\\/\\\/cinevillastudios.com\\\/lt\\\/cinevilla\\\/teritorija-ir-irenginiai\\\/etapai\\\/pavilion-2\\\/#primaryimage\"},\"image\":{\"@id\":\"https:\\\/\\\/cinevillastudios.com\\\/lt\\\/cinevilla\\\/teritorija-ir-irenginiai\\\/etapai\\\/pavilion-2\\\/#primaryimage\"},\"thumbnailUrl\":\"https:\\\/\\\/cinevillastudios.com\\\/wp-content\\\/uploads\\\/2023\\\/08\\\/IMG_20230720_120458_00_proc.webp\",\"datePublished\":\"2023-08-26T14:21:00+00:00\",\"dateModified\":\"2023-09-30T11:26:59+00:00\",\"breadcrumb\":{\"@id\":\"https:\\\/\\\/cinevillastudios.com\\\/lt\\\/cinevilla\\\/teritorija-ir-irenginiai\\\/etapai\\\/pavilion-2\\\/#breadcrumb\"},\"inLanguage\":\"lt-LT\",\"potentialAction\":[{\"@type\":\"ReadAction\",\"target\":[\"https:\\\/\\\/cinevillastudios.com\\\/lt\\\/cinevilla\\\/teritorija-ir-irenginiai\\\/etapai\\\/pavilion-2\\\/\"]}]},{\"@type\":\"ImageObject\",\"inLanguage\":\"lt-LT\",\"@id\":\"https:\\\/\\\/cinevillastudios.com\\\/lt\\\/cinevilla\\\/teritorija-ir-irenginiai\\\/etapai\\\/pavilion-2\\\/#primaryimage\",\"url\":\"https:\\\/\\\/cinevillastudios.com\\\/wp-content\\\/uploads\\\/2023\\\/08\\\/IMG_20230720_120458_00_proc.webp\",\"contentUrl\":\"https:\\\/\\\/cinevillastudios.com\\\/wp-content\\\/uploads\\\/2023\\\/08\\\/IMG_20230720_120458_00_proc.webp\",\"width\":1920,\"height\":1080},{\"@type\":\"BreadcrumbList\",\"@id\":\"https:\\\/\\\/cinevillastudios.com\\\/lt\\\/cinevilla\\\/teritorija-ir-irenginiai\\\/etapai\\\/pavilion-2\\\/#breadcrumb\",\"itemListElement\":[{\"@type\":\"ListItem\",\"position\":1,\"name\":\"Home\",\"item\":\"https:\\\/\\\/cinevillastudios.com\\\/lt\\\/\"},{\"@type\":\"ListItem\",\"position\":2,\"name\":\"Shop\",\"item\":\"https:\\\/\\\/cinevillastudios.com\\\/lt\\\/shop-2\\\/\"},{\"@type\":\"ListItem\",\"position\":3,\"name\":\"2 Paviljonas\"}]},{\"@type\":\"WebSite\",\"@id\":\"https:\\\/\\\/cinevillastudios.com\\\/lt\\\/#website\",\"url\":\"https:\\\/\\\/cinevillastudios.com\\\/lt\\\/\",\"name\":\"Cinevilla Studio\",\"description\":\"\",\"publisher\":{\"@id\":\"https:\\\/\\\/cinevillastudios.com\\\/lt\\\/#organization\"},\"potentialAction\":[{\"@type\":\"SearchAction\",\"target\":{\"@type\":\"EntryPoint\",\"urlTemplate\":\"https:\\\/\\\/cinevillastudios.com\\\/lt\\\/?s={search_term_string}\"},\"query-input\":{\"@type\":\"PropertyValueSpecification\",\"valueRequired\":true,\"valueName\":\"search_term_string\"}}],\"inLanguage\":\"lt-LT\"},{\"@type\":\"Organization\",\"@id\":\"https:\\\/\\\/cinevillastudios.com\\\/lt\\\/#organization\",\"name\":\"Cinevilla Studio\",\"url\":\"https:\\\/\\\/cinevillastudios.com\\\/lt\\\/\",\"logo\":{\"@type\":\"ImageObject\",\"inLanguage\":\"lt-LT\",\"@id\":\"https:\\\/\\\/cinevillastudios.com\\\/lt\\\/#\\\/schema\\\/logo\\\/image\\\/\",\"url\":\"https:\\\/\\\/cinevillastudios.com\\\/wp-content\\\/uploads\\\/2023\\\/08\\\/cinevilla-studio-logo-1.svg\",\"contentUrl\":\"https:\\\/\\\/cinevillastudios.com\\\/wp-content\\\/uploads\\\/2023\\\/08\\\/cinevilla-studio-logo-1.svg\",\"width\":182,\"height\":144,\"caption\":\"Cinevilla Studio\"},\"image\":{\"@id\":\"https:\\\/\\\/cinevillastudios.com\\\/lt\\\/#\\\/schema\\\/logo\\\/image\\\/\"},\"sameAs\":[\"https:\\\/\\\/www.facebook.com\\\/Cinevilla\",\"https:\\\/\\\/www.instagram.com\\\/cinevillastudios\\\/\"]}]}<\/script>\n<!-- \/ Yoast SEO plugin. -->","yoast_head_json":{"title":"2 Paviljonas - Cinevilla Studio","robots":{"index":"index","follow":"follow","max-snippet":"max-snippet:-1","max-image-preview":"max-image-preview:large","max-video-preview":"max-video-preview:-1"},"canonical":"https:\/\/cinevillastudios.com\/lt\/cinevilla\/teritorija-ir-irenginiai\/etapai\/pavilion-2\/","og_locale":"lt_LT","og_type":"article","og_title":"2 Paviljonas - Cinevilla Studio","og_description":"\u0160i erdv\u0117 gali b\u016bti naudojama didingoms vidaus scenoms, kurioms reikalinga vinta\u017ein\u0117 aplinka. Dviej\u0173 auk\u0161t\u0173 filmavimo aik\u0161tel\u0117, apstatyta \u012fmantriomis detal\u0117mis ir dekoru, atkartoja did\u017ei\u0105j\u0105 Latvi\u0173 Draugijos pastato sal\u0119. Tai naujas \"Cinevilla\" papildymas, kuris buvo pastatytas 2022 metais.","og_url":"https:\/\/cinevillastudios.com\/lt\/cinevilla\/teritorija-ir-irenginiai\/etapai\/pavilion-2\/","og_site_name":"Cinevilla Studio","article_publisher":"https:\/\/www.facebook.com\/Cinevilla","article_modified_time":"2023-09-30T11:26:59+00:00","og_image":[{"width":1920,"height":1080,"url":"https:\/\/cinevillastudios.com\/wp-content\/uploads\/2023\/08\/IMG_20230720_120458_00_proc.webp","type":"image\/webp"}],"twitter_card":"summary_large_image","schema":{"@context":"https:\/\/schema.org","@graph":[{"@type":"WebPage","@id":"https:\/\/cinevillastudios.com\/lt\/cinevilla\/teritorija-ir-irenginiai\/etapai\/pavilion-2\/","url":"https:\/\/cinevillastudios.com\/lt\/cinevilla\/teritorija-ir-irenginiai\/etapai\/pavilion-2\/","name":"2 Paviljonas - Cinevilla Studio","isPartOf":{"@id":"https:\/\/cinevillastudios.com\/lt\/#website"},"primaryImageOfPage":{"@id":"https:\/\/cinevillastudios.com\/lt\/cinevilla\/teritorija-ir-irenginiai\/etapai\/pavilion-2\/#primaryimage"},"image":{"@id":"https:\/\/cinevillastudios.com\/lt\/cinevilla\/teritorija-ir-irenginiai\/etapai\/pavilion-2\/#primaryimage"},"thumbnailUrl":"https:\/\/cinevillastudios.com\/wp-content\/uploads\/2023\/08\/IMG_20230720_120458_00_proc.webp","datePublished":"2023-08-26T14:21:00+00:00","dateModified":"2023-09-30T11:26:59+00:00","breadcrumb":{"@id":"https:\/\/cinevillastudios.com\/lt\/cinevilla\/teritorija-ir-irenginiai\/etapai\/pavilion-2\/#breadcrumb"},"inLanguage":"lt-LT","potentialAction":[{"@type":"ReadAction","target":["https:\/\/cinevillastudios.com\/lt\/cinevilla\/teritorija-ir-irenginiai\/etapai\/pavilion-2\/"]}]},{"@type":"ImageObject","inLanguage":"lt-LT","@id":"https:\/\/cinevillastudios.com\/lt\/cinevilla\/teritorija-ir-irenginiai\/etapai\/pavilion-2\/#primaryimage","url":"https:\/\/cinevillastudios.com\/wp-content\/uploads\/2023\/08\/IMG_20230720_120458_00_proc.webp","contentUrl":"https:\/\/cinevillastudios.com\/wp-content\/uploads\/2023\/08\/IMG_20230720_120458_00_proc.webp","width":1920,"height":1080},{"@type":"BreadcrumbList","@id":"https:\/\/cinevillastudios.com\/lt\/cinevilla\/teritorija-ir-irenginiai\/etapai\/pavilion-2\/#breadcrumb","itemListElement":[{"@type":"ListItem","position":1,"name":"Home","item":"https:\/\/cinevillastudios.com\/lt\/"},{"@type":"ListItem","position":2,"name":"Shop","item":"https:\/\/cinevillastudios.com\/lt\/shop-2\/"},{"@type":"ListItem","position":3,"name":"2 Paviljonas"}]},{"@type":"WebSite","@id":"https:\/\/cinevillastudios.com\/lt\/#website","url":"https:\/\/cinevillastudios.com\/lt\/","name":"Cinevilla Studio","description":"","publisher":{"@id":"https:\/\/cinevillastudios.com\/lt\/#organization"},"potentialAction":[{"@type":"SearchAction","target":{"@type":"EntryPoint","urlTemplate":"https:\/\/cinevillastudios.com\/lt\/?s={search_term_string}"},"query-input":{"@type":"PropertyValueSpecification","valueRequired":true,"valueName":"search_term_string"}}],"inLanguage":"lt-LT"},{"@type":"Organization","@id":"https:\/\/cinevillastudios.com\/lt\/#organization","name":"Cinevilla Studio","url":"https:\/\/cinevillastudios.com\/lt\/","logo":{"@type":"ImageObject","inLanguage":"lt-LT","@id":"https:\/\/cinevillastudios.com\/lt\/#\/schema\/logo\/image\/","url":"https:\/\/cinevillastudios.com\/wp-content\/uploads\/2023\/08\/cinevilla-studio-logo-1.svg","contentUrl":"https:\/\/cinevillastudios.com\/wp-content\/uploads\/2023\/08\/cinevilla-studio-logo-1.svg","width":182,"height":144,"caption":"Cinevilla Studio"},"image":{"@id":"https:\/\/cinevillastudios.com\/lt\/#\/schema\/logo\/image\/"},"sameAs":["https:\/\/www.facebook.com\/Cinevilla","https:\/\/www.instagram.com\/cinevillastudios\/"]}]}},"_links":{"self":[{"href":"https:\/\/cinevillastudios.com\/lt\/wp-json\/wp\/v2\/product\/5749","targetHints":{"allow":["GET"]}}],"collection":[{"href":"https:\/\/cinevillastudios.com\/lt\/wp-json\/wp\/v2\/product"}],"about":[{"href":"https:\/\/cinevillastudios.com\/lt\/wp-json\/wp\/v2\/types\/product"}],"version-history":[{"count":0,"href":"https:\/\/cinevillastudios.com\/lt\/wp-json\/wp\/v2\/product\/5749\/revisions"}],"wp:featuredmedia":[{"embeddable":true,"href":"https:\/\/cinevillastudios.com\/lt\/wp-json\/wp\/v2\/media\/11141"}],"wp:attachment":[{"href":"https:\/\/cinevillastudios.com\/lt\/wp-json\/wp\/v2\/media?parent=5749"}],"wp:term":[{"taxonomy":"product_brand","embeddable":true,"href":"https:\/\/cinevillastudios.com\/lt\/wp-json\/wp\/v2\/product_brand?post=5749"},{"taxonomy":"product_cat","embeddable":true,"href":"https:\/\/cinevillastudios.com\/lt\/wp-json\/wp\/v2\/product_cat?post=5749"},{"taxonomy":"product_tag","embeddable":true,"href":"https:\/\/cinevillastudios.com\/lt\/wp-json\/wp\/v2\/product_tag?post=5749"}],"curies":[{"name":"wp","href":"https:\/\/api.w.org\/{rel}","templated":true}]}}