{"id":5708,"date":"2023-08-26T11:57:18","date_gmt":"2023-08-26T09:57:18","guid":{"rendered":"https:\/\/cinevillastudios.com\/cinevilla\/be-kategorijos\/3-paviljonas\/"},"modified":"2023-09-30T12:35:37","modified_gmt":"2023-09-30T10:35:37","slug":"3-paviljonas","status":"publish","type":"product","link":"https:\/\/cinevillastudios.com\/lt\/cinevilla\/teritorija-ir-irenginiai\/etapai\/3-paviljonas\/","title":{"rendered":"3 Paviljonas"},"content":{"rendered":"\t\t<div data-elementor-type=\"product-post\" data-elementor-id=\"5708\" class=\"elementor elementor-5708 elementor-1279\" data-elementor-post-type=\"product\">\n\t\t\t\t<div class=\"elementor-element elementor-element-31acf12 e-flex e-con-boxed e-con e-parent\" data-id=\"31acf12\" data-element_type=\"container\" data-e-type=\"container\">\n\t\t\t\t\t<div class=\"e-con-inner\">\n\t\t\t\t<div class=\"elementor-element elementor-element-e057413 elementor-position-inline-start elementor-view-default elementor-mobile-position-block-start elementor-widget elementor-widget-icon-box\" data-id=\"e057413\" data-element_type=\"widget\" data-e-type=\"widget\" data-widget_type=\"icon-box.default\">\n\t\t\t\t<div class=\"elementor-widget-container\">\n\t\t\t\t\t\t\t<div class=\"elementor-icon-box-wrapper\">\n\n\t\t\t\t\t\t<div class=\"elementor-icon-box-icon\">\n\t\t\t\t<span  class=\"elementor-icon\">\n\t\t\t\t<i aria-hidden=\"true\" class=\"fas fa-ruler-combined\"><\/i>\t\t\t\t<\/span>\n\t\t\t<\/div>\n\t\t\t\n\t\t\t\t\t\t<div class=\"elementor-icon-box-content\">\n\n\t\t\t\t\t\t\t\t\t<h5 class=\"elementor-icon-box-title\">\n\t\t\t\t\t\t<span  >\n\t\t\t\t\t\t\tMatmenys\t\t\t\t\t\t<\/span>\n\t\t\t\t\t<\/h5>\n\t\t\t\t\n\t\t\t\t\t\t\t\t\t<p class=\"elementor-icon-box-description\">\n\t\t\t\t\t\t35m (ilgis) x 16m (plotis) x 10 m(auk\u0161tis)\t\t\t\t\t<\/p>\n\t\t\t\t\n\t\t\t<\/div>\n\t\t\t\n\t\t<\/div>\n\t\t\t\t\t\t<\/div>\n\t\t\t\t<\/div>\n\t\t\t\t<div class=\"elementor-element elementor-element-8aa930a elementor-position-inline-start elementor-view-default elementor-mobile-position-block-start elementor-widget elementor-widget-icon-box\" data-id=\"8aa930a\" data-element_type=\"widget\" data-e-type=\"widget\" data-widget_type=\"icon-box.default\">\n\t\t\t\t<div class=\"elementor-widget-container\">\n\t\t\t\t\t\t\t<div class=\"elementor-icon-box-wrapper\">\n\n\t\t\t\t\t\t<div class=\"elementor-icon-box-icon\">\n\t\t\t\t<span  class=\"elementor-icon\">\n\t\t\t\t<i aria-hidden=\"true\" class=\"fas fa-lightbulb\"><\/i>\t\t\t\t<\/span>\n\t\t\t<\/div>\n\t\t\t\n\t\t\t\t\t\t<div class=\"elementor-icon-box-content\">\n\n\t\t\t\t\t\t\t\t\t<h5 class=\"elementor-icon-box-title\">\n\t\t\t\t\t\t<span  >\n\t\t\t\t\t\t\tElektra\t\t\t\t\t\t<\/span>\n\t\t\t\t\t<\/h5>\n\t\t\t\t\n\t\t\t\t\t\t\t\t\t<p class=\"elementor-icon-box-description\">\n\t\t\t\t\t\t220V \/ 16A \/ 32A + stacionarus ap\u0161vietimas\t\t\t\t\t<\/p>\n\t\t\t\t\n\t\t\t<\/div>\n\t\t\t\n\t\t<\/div>\n\t\t\t\t\t\t<\/div>\n\t\t\t\t<\/div>\n\t\t\t\t<div class=\"elementor-element elementor-element-690517e elementor-position-inline-start elementor-view-default elementor-mobile-position-block-start elementor-widget elementor-widget-icon-box\" data-id=\"690517e\" data-element_type=\"widget\" data-e-type=\"widget\" data-widget_type=\"icon-box.default\">\n\t\t\t\t<div class=\"elementor-widget-container\">\n\t\t\t\t\t\t\t<div class=\"elementor-icon-box-wrapper\">\n\n\t\t\t\t\t\t<div class=\"elementor-icon-box-icon\">\n\t\t\t\t<span  class=\"elementor-icon\">\n\t\t\t\t<i aria-hidden=\"true\" class=\"fas fa-tint\"><\/i>\t\t\t\t<\/span>\n\t\t\t<\/div>\n\t\t\t\n\t\t\t\t\t\t<div class=\"elementor-icon-box-content\">\n\n\t\t\t\t\t\t\t\t\t<h5 class=\"elementor-icon-box-title\">\n\t\t\t\t\t\t<span  >\n\t\t\t\t\t\t\tVanduo\t\t\t\t\t\t<\/span>\n\t\t\t\t\t<\/h5>\n\t\t\t\t\n\t\t\t\t\t\t\t\t\t<p class=\"elementor-icon-box-description\">\n\t\t\t\t\t\tGalimyb\u0117 naudotis tekan\u010diu vandeniu\t\t\t\t\t<\/p>\n\t\t\t\t\n\t\t\t<\/div>\n\t\t\t\n\t\t<\/div>\n\t\t\t\t\t\t<\/div>\n\t\t\t\t<\/div>\n\t\t\t\t\t<\/div>\n\t\t\t\t<\/div>\n\t\t\t\t<\/div>\n\t\t","protected":false},"excerpt":{"rendered":"<p>Tai 700 m\u00b2 ploto, universali erdv\u0117, skirta \u012fvairiai produkcijai. Kostium\u0173 ir filmavimo element\u0173 kupinas muziejus &#8211; tai lobis, prikeliantis istorijas gyvenimui.<\/p>\n","protected":false},"featured_media":11131,"template":"","meta":{"inline_featured_image":false},"product_brand":[],"product_cat":[119],"product_tag":[],"class_list":{"0":"post-5708","1":"product","2":"type-product","3":"status-publish","4":"has-post-thumbnail","6":"product_cat-etapai","8":"first","9":"instock","10":"virtual","11":"product-type-simple"},"yoast_head":"<!-- This site is optimized with the Yoast SEO plugin v27.4 - https:\/\/yoast.com\/product\/yoast-seo-wordpress\/ -->\n<title>3 Paviljonas - Cinevilla Studio<\/title>\n<meta name=\"robots\" content=\"index, follow, max-snippet:-1, max-image-preview:large, max-video-preview:-1\" \/>\n<link rel=\"canonical\" href=\"https:\/\/cinevillastudios.com\/lt\/cinevilla\/teritorija-ir-irenginiai\/etapai\/3-paviljonas\/\" \/>\n<meta property=\"og:locale\" content=\"lt_LT\" \/>\n<meta property=\"og:type\" content=\"article\" \/>\n<meta property=\"og:title\" content=\"3 Paviljonas - Cinevilla Studio\" \/>\n<meta property=\"og:description\" content=\"Tai 700 m\u00b2 ploto, universali erdv\u0117, skirta \u012fvairiai produkcijai. Kostium\u0173 ir filmavimo element\u0173 kupinas muziejus - tai lobis, prikeliantis istorijas gyvenimui.\" \/>\n<meta property=\"og:url\" content=\"https:\/\/cinevillastudios.com\/lt\/cinevilla\/teritorija-ir-irenginiai\/etapai\/3-paviljonas\/\" \/>\n<meta property=\"og:site_name\" content=\"Cinevilla Studio\" \/>\n<meta property=\"article:publisher\" content=\"https:\/\/www.facebook.com\/Cinevilla\" \/>\n<meta property=\"article:modified_time\" content=\"2023-09-30T10:35:37+00:00\" \/>\n<meta property=\"og:image\" content=\"https:\/\/cinevillastudios.com\/wp-content\/uploads\/2023\/08\/IMG_20230720_105844_00_proc.webp\" \/>\n\t<meta property=\"og:image:width\" content=\"1920\" \/>\n\t<meta property=\"og:image:height\" content=\"1080\" \/>\n\t<meta property=\"og:image:type\" content=\"image\/webp\" \/>\n<meta name=\"twitter:card\" content=\"summary_large_image\" \/>\n<script type=\"application\/ld+json\" class=\"yoast-schema-graph\">{\"@context\":\"https:\\\/\\\/schema.org\",\"@graph\":[{\"@type\":\"WebPage\",\"@id\":\"https:\\\/\\\/cinevillastudios.com\\\/lt\\\/cinevilla\\\/teritorija-ir-irenginiai\\\/etapai\\\/3-paviljonas\\\/\",\"url\":\"https:\\\/\\\/cinevillastudios.com\\\/lt\\\/cinevilla\\\/teritorija-ir-irenginiai\\\/etapai\\\/3-paviljonas\\\/\",\"name\":\"3 Paviljonas - Cinevilla Studio\",\"isPartOf\":{\"@id\":\"https:\\\/\\\/cinevillastudios.com\\\/lt\\\/#website\"},\"primaryImageOfPage\":{\"@id\":\"https:\\\/\\\/cinevillastudios.com\\\/lt\\\/cinevilla\\\/teritorija-ir-irenginiai\\\/etapai\\\/3-paviljonas\\\/#primaryimage\"},\"image\":{\"@id\":\"https:\\\/\\\/cinevillastudios.com\\\/lt\\\/cinevilla\\\/teritorija-ir-irenginiai\\\/etapai\\\/3-paviljonas\\\/#primaryimage\"},\"thumbnailUrl\":\"https:\\\/\\\/cinevillastudios.com\\\/wp-content\\\/uploads\\\/2023\\\/08\\\/IMG_20230720_105844_00_proc.webp\",\"datePublished\":\"2023-08-26T09:57:18+00:00\",\"dateModified\":\"2023-09-30T10:35:37+00:00\",\"breadcrumb\":{\"@id\":\"https:\\\/\\\/cinevillastudios.com\\\/lt\\\/cinevilla\\\/teritorija-ir-irenginiai\\\/etapai\\\/3-paviljonas\\\/#breadcrumb\"},\"inLanguage\":\"lt-LT\",\"potentialAction\":[{\"@type\":\"ReadAction\",\"target\":[\"https:\\\/\\\/cinevillastudios.com\\\/lt\\\/cinevilla\\\/teritorija-ir-irenginiai\\\/etapai\\\/3-paviljonas\\\/\"]}]},{\"@type\":\"ImageObject\",\"inLanguage\":\"lt-LT\",\"@id\":\"https:\\\/\\\/cinevillastudios.com\\\/lt\\\/cinevilla\\\/teritorija-ir-irenginiai\\\/etapai\\\/3-paviljonas\\\/#primaryimage\",\"url\":\"https:\\\/\\\/cinevillastudios.com\\\/wp-content\\\/uploads\\\/2023\\\/08\\\/IMG_20230720_105844_00_proc.webp\",\"contentUrl\":\"https:\\\/\\\/cinevillastudios.com\\\/wp-content\\\/uploads\\\/2023\\\/08\\\/IMG_20230720_105844_00_proc.webp\",\"width\":1920,\"height\":1080},{\"@type\":\"BreadcrumbList\",\"@id\":\"https:\\\/\\\/cinevillastudios.com\\\/lt\\\/cinevilla\\\/teritorija-ir-irenginiai\\\/etapai\\\/3-paviljonas\\\/#breadcrumb\",\"itemListElement\":[{\"@type\":\"ListItem\",\"position\":1,\"name\":\"Home\",\"item\":\"https:\\\/\\\/cinevillastudios.com\\\/lt\\\/\"},{\"@type\":\"ListItem\",\"position\":2,\"name\":\"Shop\",\"item\":\"https:\\\/\\\/cinevillastudios.com\\\/lt\\\/shop-2\\\/\"},{\"@type\":\"ListItem\",\"position\":3,\"name\":\"3 Paviljonas\"}]},{\"@type\":\"WebSite\",\"@id\":\"https:\\\/\\\/cinevillastudios.com\\\/lt\\\/#website\",\"url\":\"https:\\\/\\\/cinevillastudios.com\\\/lt\\\/\",\"name\":\"Cinevilla Studio\",\"description\":\"\",\"publisher\":{\"@id\":\"https:\\\/\\\/cinevillastudios.com\\\/lt\\\/#organization\"},\"potentialAction\":[{\"@type\":\"SearchAction\",\"target\":{\"@type\":\"EntryPoint\",\"urlTemplate\":\"https:\\\/\\\/cinevillastudios.com\\\/lt\\\/?s={search_term_string}\"},\"query-input\":{\"@type\":\"PropertyValueSpecification\",\"valueRequired\":true,\"valueName\":\"search_term_string\"}}],\"inLanguage\":\"lt-LT\"},{\"@type\":\"Organization\",\"@id\":\"https:\\\/\\\/cinevillastudios.com\\\/lt\\\/#organization\",\"name\":\"Cinevilla Studio\",\"url\":\"https:\\\/\\\/cinevillastudios.com\\\/lt\\\/\",\"logo\":{\"@type\":\"ImageObject\",\"inLanguage\":\"lt-LT\",\"@id\":\"https:\\\/\\\/cinevillastudios.com\\\/lt\\\/#\\\/schema\\\/logo\\\/image\\\/\",\"url\":\"https:\\\/\\\/cinevillastudios.com\\\/wp-content\\\/uploads\\\/2023\\\/08\\\/cinevilla-studio-logo-1.svg\",\"contentUrl\":\"https:\\\/\\\/cinevillastudios.com\\\/wp-content\\\/uploads\\\/2023\\\/08\\\/cinevilla-studio-logo-1.svg\",\"width\":182,\"height\":144,\"caption\":\"Cinevilla Studio\"},\"image\":{\"@id\":\"https:\\\/\\\/cinevillastudios.com\\\/lt\\\/#\\\/schema\\\/logo\\\/image\\\/\"},\"sameAs\":[\"https:\\\/\\\/www.facebook.com\\\/Cinevilla\",\"https:\\\/\\\/www.instagram.com\\\/cinevillastudios\\\/\"]}]}<\/script>\n<!-- \/ Yoast SEO plugin. -->","yoast_head_json":{"title":"3 Paviljonas - Cinevilla Studio","robots":{"index":"index","follow":"follow","max-snippet":"max-snippet:-1","max-image-preview":"max-image-preview:large","max-video-preview":"max-video-preview:-1"},"canonical":"https:\/\/cinevillastudios.com\/lt\/cinevilla\/teritorija-ir-irenginiai\/etapai\/3-paviljonas\/","og_locale":"lt_LT","og_type":"article","og_title":"3 Paviljonas - Cinevilla Studio","og_description":"Tai 700 m\u00b2 ploto, universali erdv\u0117, skirta \u012fvairiai produkcijai. Kostium\u0173 ir filmavimo element\u0173 kupinas muziejus - tai lobis, prikeliantis istorijas gyvenimui.","og_url":"https:\/\/cinevillastudios.com\/lt\/cinevilla\/teritorija-ir-irenginiai\/etapai\/3-paviljonas\/","og_site_name":"Cinevilla Studio","article_publisher":"https:\/\/www.facebook.com\/Cinevilla","article_modified_time":"2023-09-30T10:35:37+00:00","og_image":[{"width":1920,"height":1080,"url":"https:\/\/cinevillastudios.com\/wp-content\/uploads\/2023\/08\/IMG_20230720_105844_00_proc.webp","type":"image\/webp"}],"twitter_card":"summary_large_image","schema":{"@context":"https:\/\/schema.org","@graph":[{"@type":"WebPage","@id":"https:\/\/cinevillastudios.com\/lt\/cinevilla\/teritorija-ir-irenginiai\/etapai\/3-paviljonas\/","url":"https:\/\/cinevillastudios.com\/lt\/cinevilla\/teritorija-ir-irenginiai\/etapai\/3-paviljonas\/","name":"3 Paviljonas - Cinevilla Studio","isPartOf":{"@id":"https:\/\/cinevillastudios.com\/lt\/#website"},"primaryImageOfPage":{"@id":"https:\/\/cinevillastudios.com\/lt\/cinevilla\/teritorija-ir-irenginiai\/etapai\/3-paviljonas\/#primaryimage"},"image":{"@id":"https:\/\/cinevillastudios.com\/lt\/cinevilla\/teritorija-ir-irenginiai\/etapai\/3-paviljonas\/#primaryimage"},"thumbnailUrl":"https:\/\/cinevillastudios.com\/wp-content\/uploads\/2023\/08\/IMG_20230720_105844_00_proc.webp","datePublished":"2023-08-26T09:57:18+00:00","dateModified":"2023-09-30T10:35:37+00:00","breadcrumb":{"@id":"https:\/\/cinevillastudios.com\/lt\/cinevilla\/teritorija-ir-irenginiai\/etapai\/3-paviljonas\/#breadcrumb"},"inLanguage":"lt-LT","potentialAction":[{"@type":"ReadAction","target":["https:\/\/cinevillastudios.com\/lt\/cinevilla\/teritorija-ir-irenginiai\/etapai\/3-paviljonas\/"]}]},{"@type":"ImageObject","inLanguage":"lt-LT","@id":"https:\/\/cinevillastudios.com\/lt\/cinevilla\/teritorija-ir-irenginiai\/etapai\/3-paviljonas\/#primaryimage","url":"https:\/\/cinevillastudios.com\/wp-content\/uploads\/2023\/08\/IMG_20230720_105844_00_proc.webp","contentUrl":"https:\/\/cinevillastudios.com\/wp-content\/uploads\/2023\/08\/IMG_20230720_105844_00_proc.webp","width":1920,"height":1080},{"@type":"BreadcrumbList","@id":"https:\/\/cinevillastudios.com\/lt\/cinevilla\/teritorija-ir-irenginiai\/etapai\/3-paviljonas\/#breadcrumb","itemListElement":[{"@type":"ListItem","position":1,"name":"Home","item":"https:\/\/cinevillastudios.com\/lt\/"},{"@type":"ListItem","position":2,"name":"Shop","item":"https:\/\/cinevillastudios.com\/lt\/shop-2\/"},{"@type":"ListItem","position":3,"name":"3 Paviljonas"}]},{"@type":"WebSite","@id":"https:\/\/cinevillastudios.com\/lt\/#website","url":"https:\/\/cinevillastudios.com\/lt\/","name":"Cinevilla Studio","description":"","publisher":{"@id":"https:\/\/cinevillastudios.com\/lt\/#organization"},"potentialAction":[{"@type":"SearchAction","target":{"@type":"EntryPoint","urlTemplate":"https:\/\/cinevillastudios.com\/lt\/?s={search_term_string}"},"query-input":{"@type":"PropertyValueSpecification","valueRequired":true,"valueName":"search_term_string"}}],"inLanguage":"lt-LT"},{"@type":"Organization","@id":"https:\/\/cinevillastudios.com\/lt\/#organization","name":"Cinevilla Studio","url":"https:\/\/cinevillastudios.com\/lt\/","logo":{"@type":"ImageObject","inLanguage":"lt-LT","@id":"https:\/\/cinevillastudios.com\/lt\/#\/schema\/logo\/image\/","url":"https:\/\/cinevillastudios.com\/wp-content\/uploads\/2023\/08\/cinevilla-studio-logo-1.svg","contentUrl":"https:\/\/cinevillastudios.com\/wp-content\/uploads\/2023\/08\/cinevilla-studio-logo-1.svg","width":182,"height":144,"caption":"Cinevilla Studio"},"image":{"@id":"https:\/\/cinevillastudios.com\/lt\/#\/schema\/logo\/image\/"},"sameAs":["https:\/\/www.facebook.com\/Cinevilla","https:\/\/www.instagram.com\/cinevillastudios\/"]}]}},"_links":{"self":[{"href":"https:\/\/cinevillastudios.com\/lt\/wp-json\/wp\/v2\/product\/5708","targetHints":{"allow":["GET"]}}],"collection":[{"href":"https:\/\/cinevillastudios.com\/lt\/wp-json\/wp\/v2\/product"}],"about":[{"href":"https:\/\/cinevillastudios.com\/lt\/wp-json\/wp\/v2\/types\/product"}],"version-history":[{"count":0,"href":"https:\/\/cinevillastudios.com\/lt\/wp-json\/wp\/v2\/product\/5708\/revisions"}],"wp:featuredmedia":[{"embeddable":true,"href":"https:\/\/cinevillastudios.com\/lt\/wp-json\/wp\/v2\/media\/11131"}],"wp:attachment":[{"href":"https:\/\/cinevillastudios.com\/lt\/wp-json\/wp\/v2\/media?parent=5708"}],"wp:term":[{"taxonomy":"product_brand","embeddable":true,"href":"https:\/\/cinevillastudios.com\/lt\/wp-json\/wp\/v2\/product_brand?post=5708"},{"taxonomy":"product_cat","embeddable":true,"href":"https:\/\/cinevillastudios.com\/lt\/wp-json\/wp\/v2\/product_cat?post=5708"},{"taxonomy":"product_tag","embeddable":true,"href":"https:\/\/cinevillastudios.com\/lt\/wp-json\/wp\/v2\/product_tag?post=5708"}],"curies":[{"name":"wp","href":"https:\/\/api.w.org\/{rel}","templated":true}]}}