{"id":17121,"date":"2025-04-09T21:57:56","date_gmt":"2025-04-09T19:57:56","guid":{"rendered":"https:\/\/cinevillastudios.com\/cinevilla\/be-kategorijos\/studija-game\/"},"modified":"2026-02-23T13:25:12","modified_gmt":"2026-02-23T11:25:12","slug":"studija-game","status":"publish","type":"product","link":"https:\/\/cinevillastudios.com\/lt\/cinevilla\/paketai\/lankytojams\/studija-game\/","title":{"rendered":"Studija GAME"},"content":{"rendered":"<div style=\"display: flex; gap: 5px; align-items: left; justify-content: left; padding: 0px; flex-wrap: wrap;\"><a href=\"https:\/\/play.google.com\/store\/apps\/details?id=com.perspective.cinevilla&amp;pcampaignid=web_share\" target=\"_blank\" rel=\"noopener\"><br \/>\n<img decoding=\"async\" style=\"height: 30px; cursor: pointer;\" src=\"https:\/\/cinevillastudios.com\/wp-content\/uploads\/2025\/04\/LOGO_Google_Play.webp\" alt=\"Gaukite j\u0105 \"Google Play\"><br \/>\n<\/a><br \/>\n<a href=\"https:\/\/apps.apple.com\/lv\/app\/cinevilla-games\/id6743886888\" target=\"_blank\" rel=\"noopener\"><br \/>\n<img decoding=\"async\" style=\"height: 30px; cursor: pointer;\" src=\"https:\/\/cinevillastudios.com\/wp-content\/uploads\/2025\/04\/LOGO_App_Store.webp\" alt=\"Atsisi\u0173sti i\u0161 \"App Store\"><br \/>\n<\/a><\/div>\n","protected":false},"excerpt":{"rendered":"<p><span style=\"font-weight: 400;\">NAUJIENA! Su\u017einokite apie scenografij\u0105 \u0161iuolaiki\u0161kai, skaitmeniniu b\u016bdu.  \u017daiskite papildytosios realyb\u0117s scenografijos \u017eaidim\u0105 bet kurioje &#8222;Cinevilla&#8221; teritorijos vietoje naudodamiesi mobiliuoju telefonu ir nuspalvinkite \u012fsivaizduojam\u0105 &#8222;Cinevilla&#8221; studij\u0105. U\u017efiksuokite unikali\u0173 nuotrauk\u0173 ir vaizdo \u012fra\u0161\u0173 savo socialinei \u017einiasklaidai. Nepamir\u0161kite prie\u0161 tai visi\u0161kai \u012fkrauti telefono arba pasiimkite su savimi maitinimo bank\u0105.  <\/span><\/p>\n","protected":false},"featured_media":15575,"template":"","meta":{"inline_featured_image":false},"product_brand":[],"product_cat":[279],"product_tag":[],"class_list":{"0":"post-17121","1":"product","2":"type-product","3":"status-publish","4":"has-post-thumbnail","6":"product_cat-lankytojams","8":"first","9":"instock","10":"virtual","11":"purchasable","12":"product-type-simple"},"yoast_head":"<!-- This site is optimized with the Yoast SEO plugin v27.3 - https:\/\/yoast.com\/product\/yoast-seo-wordpress\/ -->\n<title>Studija GAME - Cinevilla Studio<\/title>\n<meta name=\"robots\" content=\"index, follow, max-snippet:-1, max-image-preview:large, max-video-preview:-1\" \/>\n<link rel=\"canonical\" href=\"https:\/\/cinevillastudios.com\/lt\/cinevilla\/paketai\/lankytojams\/studija-game\/\" \/>\n<meta property=\"og:locale\" content=\"lt_LT\" \/>\n<meta property=\"og:type\" content=\"article\" \/>\n<meta property=\"og:title\" content=\"Studija GAME - Cinevilla Studio\" \/>\n<meta property=\"og:description\" content=\"NAUJIENA! Su\u017einokite apie scenografij\u0105 \u0161iuolaiki\u0161kai, skaitmeniniu b\u016bdu. \u017daiskite papildytosios realyb\u0117s scenografijos \u017eaidim\u0105 bet kurioje &quot;Cinevilla&quot; teritorijos vietoje naudodamiesi mobiliuoju telefonu ir nuspalvinkite \u012fsivaizduojam\u0105 &quot;Cinevilla&quot; studij\u0105. U\u017efiksuokite unikali\u0173 nuotrauk\u0173 ir vaizdo \u012fra\u0161\u0173 savo socialinei \u017einiasklaidai. Nepamir\u0161kite prie\u0161 tai visi\u0161kai \u012fkrauti telefono arba pasiimkite su savimi maitinimo bank\u0105.\" \/>\n<meta property=\"og:url\" content=\"https:\/\/cinevillastudios.com\/lt\/cinevilla\/paketai\/lankytojams\/studija-game\/\" \/>\n<meta property=\"og:site_name\" content=\"Cinevilla Studio\" \/>\n<meta property=\"article:publisher\" content=\"https:\/\/www.facebook.com\/Cinevilla\" \/>\n<meta property=\"article:modified_time\" content=\"2026-02-23T11:25:12+00:00\" \/>\n<meta property=\"og:image\" content=\"https:\/\/cinevillastudios.com\/wp-content\/uploads\/2025\/04\/WEB_Titullapas_STUDIO.webp\" \/>\n\t<meta property=\"og:image:width\" content=\"960\" \/>\n\t<meta property=\"og:image:height\" content=\"960\" \/>\n\t<meta property=\"og:image:type\" content=\"image\/webp\" \/>\n<meta name=\"twitter:card\" content=\"summary_large_image\" \/>\n<script type=\"application\/ld+json\" class=\"yoast-schema-graph\">{\"@context\":\"https:\\\/\\\/schema.org\",\"@graph\":[{\"@type\":\"WebPage\",\"@id\":\"https:\\\/\\\/cinevillastudios.com\\\/lt\\\/cinevilla\\\/paketai\\\/lankytojams\\\/studija-game\\\/\",\"url\":\"https:\\\/\\\/cinevillastudios.com\\\/lt\\\/cinevilla\\\/paketai\\\/lankytojams\\\/studija-game\\\/\",\"name\":\"Studija GAME - Cinevilla Studio\",\"isPartOf\":{\"@id\":\"https:\\\/\\\/cinevillastudios.com\\\/lt\\\/#website\"},\"primaryImageOfPage\":{\"@id\":\"https:\\\/\\\/cinevillastudios.com\\\/lt\\\/cinevilla\\\/paketai\\\/lankytojams\\\/studija-game\\\/#primaryimage\"},\"image\":{\"@id\":\"https:\\\/\\\/cinevillastudios.com\\\/lt\\\/cinevilla\\\/paketai\\\/lankytojams\\\/studija-game\\\/#primaryimage\"},\"thumbnailUrl\":\"https:\\\/\\\/cinevillastudios.com\\\/wp-content\\\/uploads\\\/2025\\\/04\\\/WEB_Titullapas_STUDIO.webp\",\"datePublished\":\"2025-04-09T19:57:56+00:00\",\"dateModified\":\"2026-02-23T11:25:12+00:00\",\"breadcrumb\":{\"@id\":\"https:\\\/\\\/cinevillastudios.com\\\/lt\\\/cinevilla\\\/paketai\\\/lankytojams\\\/studija-game\\\/#breadcrumb\"},\"inLanguage\":\"lt-LT\",\"potentialAction\":[{\"@type\":\"ReadAction\",\"target\":[\"https:\\\/\\\/cinevillastudios.com\\\/lt\\\/cinevilla\\\/paketai\\\/lankytojams\\\/studija-game\\\/\"]}]},{\"@type\":\"ImageObject\",\"inLanguage\":\"lt-LT\",\"@id\":\"https:\\\/\\\/cinevillastudios.com\\\/lt\\\/cinevilla\\\/paketai\\\/lankytojams\\\/studija-game\\\/#primaryimage\",\"url\":\"https:\\\/\\\/cinevillastudios.com\\\/wp-content\\\/uploads\\\/2025\\\/04\\\/WEB_Titullapas_STUDIO.webp\",\"contentUrl\":\"https:\\\/\\\/cinevillastudios.com\\\/wp-content\\\/uploads\\\/2025\\\/04\\\/WEB_Titullapas_STUDIO.webp\",\"width\":960,\"height\":960,\"caption\":\"NAUJIENA! Su\u017einokite apie scenografij\u0105 \u0161iuolaiki\u0161kai, skaitmeniniu b\u016bdu. \u017daiskite papildytosios realyb\u0117s scenografijos \u017eaidim\u0105 bet kurioje \\\"Cinevilla\\\" teritorijos vietoje naudodamiesi mobiliuoju telefonu ir nuspalvinkite \u012fsivaizduojam\u0105 \\\"Cinevilla\\\" studij\u0105. U\u017efiksuokite unikali\u0173 nuotrauk\u0173 ir vaizdo \u012fra\u0161\u0173 savo socialinei \u017einiasklaidai. Nepamir\u0161kite prie\u0161 tai visi\u0161kai \u012fkrauti telefono arba pasiimkite su savimi energijos bank\u0105.\"},{\"@type\":\"BreadcrumbList\",\"@id\":\"https:\\\/\\\/cinevillastudios.com\\\/lt\\\/cinevilla\\\/paketai\\\/lankytojams\\\/studija-game\\\/#breadcrumb\",\"itemListElement\":[{\"@type\":\"ListItem\",\"position\":1,\"name\":\"Home\",\"item\":\"https:\\\/\\\/cinevillastudios.com\\\/lt\\\/\"},{\"@type\":\"ListItem\",\"position\":2,\"name\":\"Shop\",\"item\":\"https:\\\/\\\/cinevillastudios.com\\\/lt\\\/shop-2\\\/\"},{\"@type\":\"ListItem\",\"position\":3,\"name\":\"Studija GAME\"}]},{\"@type\":\"WebSite\",\"@id\":\"https:\\\/\\\/cinevillastudios.com\\\/lt\\\/#website\",\"url\":\"https:\\\/\\\/cinevillastudios.com\\\/lt\\\/\",\"name\":\"Cinevilla Studio\",\"description\":\"\",\"publisher\":{\"@id\":\"https:\\\/\\\/cinevillastudios.com\\\/lt\\\/#organization\"},\"potentialAction\":[{\"@type\":\"SearchAction\",\"target\":{\"@type\":\"EntryPoint\",\"urlTemplate\":\"https:\\\/\\\/cinevillastudios.com\\\/lt\\\/?s={search_term_string}\"},\"query-input\":{\"@type\":\"PropertyValueSpecification\",\"valueRequired\":true,\"valueName\":\"search_term_string\"}}],\"inLanguage\":\"lt-LT\"},{\"@type\":\"Organization\",\"@id\":\"https:\\\/\\\/cinevillastudios.com\\\/lt\\\/#organization\",\"name\":\"Cinevilla Studio\",\"url\":\"https:\\\/\\\/cinevillastudios.com\\\/lt\\\/\",\"logo\":{\"@type\":\"ImageObject\",\"inLanguage\":\"lt-LT\",\"@id\":\"https:\\\/\\\/cinevillastudios.com\\\/lt\\\/#\\\/schema\\\/logo\\\/image\\\/\",\"url\":\"https:\\\/\\\/cinevillastudios.com\\\/wp-content\\\/uploads\\\/2023\\\/08\\\/cinevilla-studio-logo-1.svg\",\"contentUrl\":\"https:\\\/\\\/cinevillastudios.com\\\/wp-content\\\/uploads\\\/2023\\\/08\\\/cinevilla-studio-logo-1.svg\",\"width\":182,\"height\":144,\"caption\":\"Cinevilla Studio\"},\"image\":{\"@id\":\"https:\\\/\\\/cinevillastudios.com\\\/lt\\\/#\\\/schema\\\/logo\\\/image\\\/\"},\"sameAs\":[\"https:\\\/\\\/www.facebook.com\\\/Cinevilla\",\"https:\\\/\\\/www.instagram.com\\\/cinevillastudios\\\/\"]}]}<\/script>\n<!-- \/ Yoast SEO plugin. -->","yoast_head_json":{"title":"Studija GAME - Cinevilla Studio","robots":{"index":"index","follow":"follow","max-snippet":"max-snippet:-1","max-image-preview":"max-image-preview:large","max-video-preview":"max-video-preview:-1"},"canonical":"https:\/\/cinevillastudios.com\/lt\/cinevilla\/paketai\/lankytojams\/studija-game\/","og_locale":"lt_LT","og_type":"article","og_title":"Studija GAME - Cinevilla Studio","og_description":"NAUJIENA! Su\u017einokite apie scenografij\u0105 \u0161iuolaiki\u0161kai, skaitmeniniu b\u016bdu. \u017daiskite papildytosios realyb\u0117s scenografijos \u017eaidim\u0105 bet kurioje \"Cinevilla\" teritorijos vietoje naudodamiesi mobiliuoju telefonu ir nuspalvinkite \u012fsivaizduojam\u0105 \"Cinevilla\" studij\u0105. U\u017efiksuokite unikali\u0173 nuotrauk\u0173 ir vaizdo \u012fra\u0161\u0173 savo socialinei \u017einiasklaidai. Nepamir\u0161kite prie\u0161 tai visi\u0161kai \u012fkrauti telefono arba pasiimkite su savimi maitinimo bank\u0105.","og_url":"https:\/\/cinevillastudios.com\/lt\/cinevilla\/paketai\/lankytojams\/studija-game\/","og_site_name":"Cinevilla Studio","article_publisher":"https:\/\/www.facebook.com\/Cinevilla","article_modified_time":"2026-02-23T11:25:12+00:00","og_image":[{"width":960,"height":960,"url":"https:\/\/cinevillastudios.com\/wp-content\/uploads\/2025\/04\/WEB_Titullapas_STUDIO.webp","type":"image\/webp"}],"twitter_card":"summary_large_image","schema":{"@context":"https:\/\/schema.org","@graph":[{"@type":"WebPage","@id":"https:\/\/cinevillastudios.com\/lt\/cinevilla\/paketai\/lankytojams\/studija-game\/","url":"https:\/\/cinevillastudios.com\/lt\/cinevilla\/paketai\/lankytojams\/studija-game\/","name":"Studija GAME - Cinevilla Studio","isPartOf":{"@id":"https:\/\/cinevillastudios.com\/lt\/#website"},"primaryImageOfPage":{"@id":"https:\/\/cinevillastudios.com\/lt\/cinevilla\/paketai\/lankytojams\/studija-game\/#primaryimage"},"image":{"@id":"https:\/\/cinevillastudios.com\/lt\/cinevilla\/paketai\/lankytojams\/studija-game\/#primaryimage"},"thumbnailUrl":"https:\/\/cinevillastudios.com\/wp-content\/uploads\/2025\/04\/WEB_Titullapas_STUDIO.webp","datePublished":"2025-04-09T19:57:56+00:00","dateModified":"2026-02-23T11:25:12+00:00","breadcrumb":{"@id":"https:\/\/cinevillastudios.com\/lt\/cinevilla\/paketai\/lankytojams\/studija-game\/#breadcrumb"},"inLanguage":"lt-LT","potentialAction":[{"@type":"ReadAction","target":["https:\/\/cinevillastudios.com\/lt\/cinevilla\/paketai\/lankytojams\/studija-game\/"]}]},{"@type":"ImageObject","inLanguage":"lt-LT","@id":"https:\/\/cinevillastudios.com\/lt\/cinevilla\/paketai\/lankytojams\/studija-game\/#primaryimage","url":"https:\/\/cinevillastudios.com\/wp-content\/uploads\/2025\/04\/WEB_Titullapas_STUDIO.webp","contentUrl":"https:\/\/cinevillastudios.com\/wp-content\/uploads\/2025\/04\/WEB_Titullapas_STUDIO.webp","width":960,"height":960,"caption":"NAUJIENA! Su\u017einokite apie scenografij\u0105 \u0161iuolaiki\u0161kai, skaitmeniniu b\u016bdu. \u017daiskite papildytosios realyb\u0117s scenografijos \u017eaidim\u0105 bet kurioje \"Cinevilla\" teritorijos vietoje naudodamiesi mobiliuoju telefonu ir nuspalvinkite \u012fsivaizduojam\u0105 \"Cinevilla\" studij\u0105. U\u017efiksuokite unikali\u0173 nuotrauk\u0173 ir vaizdo \u012fra\u0161\u0173 savo socialinei \u017einiasklaidai. Nepamir\u0161kite prie\u0161 tai visi\u0161kai \u012fkrauti telefono arba pasiimkite su savimi energijos bank\u0105."},{"@type":"BreadcrumbList","@id":"https:\/\/cinevillastudios.com\/lt\/cinevilla\/paketai\/lankytojams\/studija-game\/#breadcrumb","itemListElement":[{"@type":"ListItem","position":1,"name":"Home","item":"https:\/\/cinevillastudios.com\/lt\/"},{"@type":"ListItem","position":2,"name":"Shop","item":"https:\/\/cinevillastudios.com\/lt\/shop-2\/"},{"@type":"ListItem","position":3,"name":"Studija GAME"}]},{"@type":"WebSite","@id":"https:\/\/cinevillastudios.com\/lt\/#website","url":"https:\/\/cinevillastudios.com\/lt\/","name":"Cinevilla Studio","description":"","publisher":{"@id":"https:\/\/cinevillastudios.com\/lt\/#organization"},"potentialAction":[{"@type":"SearchAction","target":{"@type":"EntryPoint","urlTemplate":"https:\/\/cinevillastudios.com\/lt\/?s={search_term_string}"},"query-input":{"@type":"PropertyValueSpecification","valueRequired":true,"valueName":"search_term_string"}}],"inLanguage":"lt-LT"},{"@type":"Organization","@id":"https:\/\/cinevillastudios.com\/lt\/#organization","name":"Cinevilla Studio","url":"https:\/\/cinevillastudios.com\/lt\/","logo":{"@type":"ImageObject","inLanguage":"lt-LT","@id":"https:\/\/cinevillastudios.com\/lt\/#\/schema\/logo\/image\/","url":"https:\/\/cinevillastudios.com\/wp-content\/uploads\/2023\/08\/cinevilla-studio-logo-1.svg","contentUrl":"https:\/\/cinevillastudios.com\/wp-content\/uploads\/2023\/08\/cinevilla-studio-logo-1.svg","width":182,"height":144,"caption":"Cinevilla Studio"},"image":{"@id":"https:\/\/cinevillastudios.com\/lt\/#\/schema\/logo\/image\/"},"sameAs":["https:\/\/www.facebook.com\/Cinevilla","https:\/\/www.instagram.com\/cinevillastudios\/"]}]}},"_links":{"self":[{"href":"https:\/\/cinevillastudios.com\/lt\/wp-json\/wp\/v2\/product\/17121","targetHints":{"allow":["GET"]}}],"collection":[{"href":"https:\/\/cinevillastudios.com\/lt\/wp-json\/wp\/v2\/product"}],"about":[{"href":"https:\/\/cinevillastudios.com\/lt\/wp-json\/wp\/v2\/types\/product"}],"version-history":[{"count":1,"href":"https:\/\/cinevillastudios.com\/lt\/wp-json\/wp\/v2\/product\/17121\/revisions"}],"predecessor-version":[{"id":17122,"href":"https:\/\/cinevillastudios.com\/lt\/wp-json\/wp\/v2\/product\/17121\/revisions\/17122"}],"wp:featuredmedia":[{"embeddable":true,"href":"https:\/\/cinevillastudios.com\/lt\/wp-json\/wp\/v2\/media\/15575"}],"wp:attachment":[{"href":"https:\/\/cinevillastudios.com\/lt\/wp-json\/wp\/v2\/media?parent=17121"}],"wp:term":[{"taxonomy":"product_brand","embeddable":true,"href":"https:\/\/cinevillastudios.com\/lt\/wp-json\/wp\/v2\/product_brand?post=17121"},{"taxonomy":"product_cat","embeddable":true,"href":"https:\/\/cinevillastudios.com\/lt\/wp-json\/wp\/v2\/product_cat?post=17121"},{"taxonomy":"product_tag","embeddable":true,"href":"https:\/\/cinevillastudios.com\/lt\/wp-json\/wp\/v2\/product_tag?post=17121"}],"curies":[{"name":"wp","href":"https:\/\/api.w.org\/{rel}","templated":true}]}}