{"id":17057,"date":"2026-02-23T13:17:25","date_gmt":"2026-02-23T11:17:25","guid":{"rendered":"https:\/\/cinevillastudios.com\/cinevilla\/be-kategorijos\/xx-a-traukiniu-stoties-restorano-filmavimo-aikstele\/"},"modified":"2026-02-23T13:17:25","modified_gmt":"2026-02-23T11:17:25","slug":"xx-a-traukiniu-stoties-restorano-filmavimo-aikstele","status":"publish","type":"product","link":"https:\/\/cinevillastudios.com\/lt\/cinevilla\/teritorija-ir-irenginiai\/nustato\/xx-a-traukiniu-stoties-restorano-filmavimo-aikstele\/","title":{"rendered":"XX a. traukini\u0173 stoties restorano filmavimo aik\u0161tel\u0117"},"content":{"rendered":"","protected":false},"excerpt":{"rendered":"<p>Nostalgi\u0161kas XX a. prad\u017eios traukini\u0173 stoties restorano filmavimo aik\u0161tel\u0117 su auk\u0161tais arkiniais langais ir tamsaus med\u017eio dailylent\u0117mis, su tiksliais bistro staliukais, senoviniu baga\u017eu ir \u017eymiu klasikiniu stoties laikrod\u017eiu puikiai tinka kurti \u012ftraukian\u010dias ir \u012fsp\u016bdingas senovines scenas.<\/p>\n","protected":false},"featured_media":17058,"template":"","meta":{"inline_featured_image":false},"product_brand":[],"product_cat":[124],"product_tag":[],"class_list":{"0":"post-17057","1":"product","2":"type-product","3":"status-publish","4":"has-post-thumbnail","6":"product_cat-nustato","8":"first","9":"instock","10":"shipping-taxable","11":"product-type-simple"},"yoast_head":"<!-- This site is optimized with the Yoast SEO plugin v27.5 - https:\/\/yoast.com\/product\/yoast-seo-wordpress\/ -->\n<title>XX a. traukini\u0173 stoties restorano filmavimo aik\u0161tel\u0117 - Cinevilla Studio<\/title>\n<meta name=\"robots\" content=\"index, follow, max-snippet:-1, max-image-preview:large, max-video-preview:-1\" \/>\n<link rel=\"canonical\" href=\"https:\/\/cinevillastudios.com\/lt\/cinevilla\/teritorija-ir-irenginiai\/nustato\/xx-a-traukiniu-stoties-restorano-filmavimo-aikstele\/\" \/>\n<meta property=\"og:locale\" content=\"lt_LT\" \/>\n<meta property=\"og:type\" content=\"article\" \/>\n<meta property=\"og:title\" content=\"XX a. traukini\u0173 stoties restorano filmavimo aik\u0161tel\u0117 - Cinevilla Studio\" \/>\n<meta property=\"og:description\" content=\"Nostalgi\u0161kas XX a. prad\u017eios traukini\u0173 stoties restorano filmavimo aik\u0161tel\u0117 su auk\u0161tais arkiniais langais ir tamsaus med\u017eio dailylent\u0117mis, su tiksliais bistro staliukais, senoviniu baga\u017eu ir \u017eymiu klasikiniu stoties laikrod\u017eiu puikiai tinka kurti \u012ftraukian\u010dias ir \u012fsp\u016bdingas senovines scenas.\" \/>\n<meta property=\"og:url\" content=\"https:\/\/cinevillastudios.com\/lt\/cinevilla\/teritorija-ir-irenginiai\/nustato\/xx-a-traukiniu-stoties-restorano-filmavimo-aikstele\/\" \/>\n<meta property=\"og:site_name\" content=\"Cinevilla Studio\" \/>\n<meta property=\"article:publisher\" content=\"https:\/\/www.facebook.com\/Cinevilla\" \/>\n<meta property=\"og:image\" content=\"https:\/\/cinevillastudios.com\/wp-content\/uploads\/2026\/02\/20th-Century-Train-Station-Restaurant-103.webp\" \/>\n\t<meta property=\"og:image:width\" content=\"1920\" \/>\n\t<meta property=\"og:image:height\" content=\"1280\" \/>\n\t<meta property=\"og:image:type\" content=\"image\/webp\" \/>\n<meta name=\"twitter:card\" content=\"summary_large_image\" \/>\n<script type=\"application\/ld+json\" class=\"yoast-schema-graph\">{\"@context\":\"https:\\\/\\\/schema.org\",\"@graph\":[{\"@type\":\"WebPage\",\"@id\":\"https:\\\/\\\/cinevillastudios.com\\\/lt\\\/cinevilla\\\/teritorija-ir-irenginiai\\\/nustato\\\/xx-a-traukiniu-stoties-restorano-filmavimo-aikstele\\\/\",\"url\":\"https:\\\/\\\/cinevillastudios.com\\\/lt\\\/cinevilla\\\/teritorija-ir-irenginiai\\\/nustato\\\/xx-a-traukiniu-stoties-restorano-filmavimo-aikstele\\\/\",\"name\":\"XX a. traukini\u0173 stoties restorano filmavimo aik\u0161tel\u0117 - Cinevilla Studio\",\"isPartOf\":{\"@id\":\"https:\\\/\\\/cinevillastudios.com\\\/lt\\\/#website\"},\"primaryImageOfPage\":{\"@id\":\"https:\\\/\\\/cinevillastudios.com\\\/lt\\\/cinevilla\\\/teritorija-ir-irenginiai\\\/nustato\\\/xx-a-traukiniu-stoties-restorano-filmavimo-aikstele\\\/#primaryimage\"},\"image\":{\"@id\":\"https:\\\/\\\/cinevillastudios.com\\\/lt\\\/cinevilla\\\/teritorija-ir-irenginiai\\\/nustato\\\/xx-a-traukiniu-stoties-restorano-filmavimo-aikstele\\\/#primaryimage\"},\"thumbnailUrl\":\"https:\\\/\\\/cinevillastudios.com\\\/wp-content\\\/uploads\\\/2026\\\/02\\\/20th-Century-Train-Station-Restaurant-103.webp\",\"datePublished\":\"2026-02-23T11:17:25+00:00\",\"breadcrumb\":{\"@id\":\"https:\\\/\\\/cinevillastudios.com\\\/lt\\\/cinevilla\\\/teritorija-ir-irenginiai\\\/nustato\\\/xx-a-traukiniu-stoties-restorano-filmavimo-aikstele\\\/#breadcrumb\"},\"inLanguage\":\"lt-LT\",\"potentialAction\":[{\"@type\":\"ReadAction\",\"target\":[\"https:\\\/\\\/cinevillastudios.com\\\/lt\\\/cinevilla\\\/teritorija-ir-irenginiai\\\/nustato\\\/xx-a-traukiniu-stoties-restorano-filmavimo-aikstele\\\/\"]}]},{\"@type\":\"ImageObject\",\"inLanguage\":\"lt-LT\",\"@id\":\"https:\\\/\\\/cinevillastudios.com\\\/lt\\\/cinevilla\\\/teritorija-ir-irenginiai\\\/nustato\\\/xx-a-traukiniu-stoties-restorano-filmavimo-aikstele\\\/#primaryimage\",\"url\":\"https:\\\/\\\/cinevillastudios.com\\\/wp-content\\\/uploads\\\/2026\\\/02\\\/20th-Century-Train-Station-Restaurant-103.webp\",\"contentUrl\":\"https:\\\/\\\/cinevillastudios.com\\\/wp-content\\\/uploads\\\/2026\\\/02\\\/20th-Century-Train-Station-Restaurant-103.webp\",\"width\":1920,\"height\":1280},{\"@type\":\"BreadcrumbList\",\"@id\":\"https:\\\/\\\/cinevillastudios.com\\\/lt\\\/cinevilla\\\/teritorija-ir-irenginiai\\\/nustato\\\/xx-a-traukiniu-stoties-restorano-filmavimo-aikstele\\\/#breadcrumb\",\"itemListElement\":[{\"@type\":\"ListItem\",\"position\":1,\"name\":\"Home\",\"item\":\"https:\\\/\\\/cinevillastudios.com\\\/lt\\\/\"},{\"@type\":\"ListItem\",\"position\":2,\"name\":\"Shop\",\"item\":\"https:\\\/\\\/cinevillastudios.com\\\/lt\\\/shop-2\\\/\"},{\"@type\":\"ListItem\",\"position\":3,\"name\":\"XX a. traukini\u0173 stoties restorano filmavimo aik\u0161tel\u0117\"}]},{\"@type\":\"WebSite\",\"@id\":\"https:\\\/\\\/cinevillastudios.com\\\/lt\\\/#website\",\"url\":\"https:\\\/\\\/cinevillastudios.com\\\/lt\\\/\",\"name\":\"Cinevilla Studio\",\"description\":\"\",\"publisher\":{\"@id\":\"https:\\\/\\\/cinevillastudios.com\\\/lt\\\/#organization\"},\"potentialAction\":[{\"@type\":\"SearchAction\",\"target\":{\"@type\":\"EntryPoint\",\"urlTemplate\":\"https:\\\/\\\/cinevillastudios.com\\\/lt\\\/?s={search_term_string}\"},\"query-input\":{\"@type\":\"PropertyValueSpecification\",\"valueRequired\":true,\"valueName\":\"search_term_string\"}}],\"inLanguage\":\"lt-LT\"},{\"@type\":\"Organization\",\"@id\":\"https:\\\/\\\/cinevillastudios.com\\\/lt\\\/#organization\",\"name\":\"Cinevilla Studio\",\"url\":\"https:\\\/\\\/cinevillastudios.com\\\/lt\\\/\",\"logo\":{\"@type\":\"ImageObject\",\"inLanguage\":\"lt-LT\",\"@id\":\"https:\\\/\\\/cinevillastudios.com\\\/lt\\\/#\\\/schema\\\/logo\\\/image\\\/\",\"url\":\"https:\\\/\\\/cinevillastudios.com\\\/wp-content\\\/uploads\\\/2023\\\/08\\\/cinevilla-studio-logo-1.svg\",\"contentUrl\":\"https:\\\/\\\/cinevillastudios.com\\\/wp-content\\\/uploads\\\/2023\\\/08\\\/cinevilla-studio-logo-1.svg\",\"width\":182,\"height\":144,\"caption\":\"Cinevilla Studio\"},\"image\":{\"@id\":\"https:\\\/\\\/cinevillastudios.com\\\/lt\\\/#\\\/schema\\\/logo\\\/image\\\/\"},\"sameAs\":[\"https:\\\/\\\/www.facebook.com\\\/Cinevilla\",\"https:\\\/\\\/www.instagram.com\\\/cinevillastudios\\\/\"]}]}<\/script>\n<!-- \/ Yoast SEO plugin. -->","yoast_head_json":{"title":"XX a. traukini\u0173 stoties restorano filmavimo aik\u0161tel\u0117 - Cinevilla Studio","robots":{"index":"index","follow":"follow","max-snippet":"max-snippet:-1","max-image-preview":"max-image-preview:large","max-video-preview":"max-video-preview:-1"},"canonical":"https:\/\/cinevillastudios.com\/lt\/cinevilla\/teritorija-ir-irenginiai\/nustato\/xx-a-traukiniu-stoties-restorano-filmavimo-aikstele\/","og_locale":"lt_LT","og_type":"article","og_title":"XX a. traukini\u0173 stoties restorano filmavimo aik\u0161tel\u0117 - Cinevilla Studio","og_description":"Nostalgi\u0161kas XX a. prad\u017eios traukini\u0173 stoties restorano filmavimo aik\u0161tel\u0117 su auk\u0161tais arkiniais langais ir tamsaus med\u017eio dailylent\u0117mis, su tiksliais bistro staliukais, senoviniu baga\u017eu ir \u017eymiu klasikiniu stoties laikrod\u017eiu puikiai tinka kurti \u012ftraukian\u010dias ir \u012fsp\u016bdingas senovines scenas.","og_url":"https:\/\/cinevillastudios.com\/lt\/cinevilla\/teritorija-ir-irenginiai\/nustato\/xx-a-traukiniu-stoties-restorano-filmavimo-aikstele\/","og_site_name":"Cinevilla Studio","article_publisher":"https:\/\/www.facebook.com\/Cinevilla","og_image":[{"width":1920,"height":1280,"url":"https:\/\/cinevillastudios.com\/wp-content\/uploads\/2026\/02\/20th-Century-Train-Station-Restaurant-103.webp","type":"image\/webp"}],"twitter_card":"summary_large_image","schema":{"@context":"https:\/\/schema.org","@graph":[{"@type":"WebPage","@id":"https:\/\/cinevillastudios.com\/lt\/cinevilla\/teritorija-ir-irenginiai\/nustato\/xx-a-traukiniu-stoties-restorano-filmavimo-aikstele\/","url":"https:\/\/cinevillastudios.com\/lt\/cinevilla\/teritorija-ir-irenginiai\/nustato\/xx-a-traukiniu-stoties-restorano-filmavimo-aikstele\/","name":"XX a. traukini\u0173 stoties restorano filmavimo aik\u0161tel\u0117 - Cinevilla Studio","isPartOf":{"@id":"https:\/\/cinevillastudios.com\/lt\/#website"},"primaryImageOfPage":{"@id":"https:\/\/cinevillastudios.com\/lt\/cinevilla\/teritorija-ir-irenginiai\/nustato\/xx-a-traukiniu-stoties-restorano-filmavimo-aikstele\/#primaryimage"},"image":{"@id":"https:\/\/cinevillastudios.com\/lt\/cinevilla\/teritorija-ir-irenginiai\/nustato\/xx-a-traukiniu-stoties-restorano-filmavimo-aikstele\/#primaryimage"},"thumbnailUrl":"https:\/\/cinevillastudios.com\/wp-content\/uploads\/2026\/02\/20th-Century-Train-Station-Restaurant-103.webp","datePublished":"2026-02-23T11:17:25+00:00","breadcrumb":{"@id":"https:\/\/cinevillastudios.com\/lt\/cinevilla\/teritorija-ir-irenginiai\/nustato\/xx-a-traukiniu-stoties-restorano-filmavimo-aikstele\/#breadcrumb"},"inLanguage":"lt-LT","potentialAction":[{"@type":"ReadAction","target":["https:\/\/cinevillastudios.com\/lt\/cinevilla\/teritorija-ir-irenginiai\/nustato\/xx-a-traukiniu-stoties-restorano-filmavimo-aikstele\/"]}]},{"@type":"ImageObject","inLanguage":"lt-LT","@id":"https:\/\/cinevillastudios.com\/lt\/cinevilla\/teritorija-ir-irenginiai\/nustato\/xx-a-traukiniu-stoties-restorano-filmavimo-aikstele\/#primaryimage","url":"https:\/\/cinevillastudios.com\/wp-content\/uploads\/2026\/02\/20th-Century-Train-Station-Restaurant-103.webp","contentUrl":"https:\/\/cinevillastudios.com\/wp-content\/uploads\/2026\/02\/20th-Century-Train-Station-Restaurant-103.webp","width":1920,"height":1280},{"@type":"BreadcrumbList","@id":"https:\/\/cinevillastudios.com\/lt\/cinevilla\/teritorija-ir-irenginiai\/nustato\/xx-a-traukiniu-stoties-restorano-filmavimo-aikstele\/#breadcrumb","itemListElement":[{"@type":"ListItem","position":1,"name":"Home","item":"https:\/\/cinevillastudios.com\/lt\/"},{"@type":"ListItem","position":2,"name":"Shop","item":"https:\/\/cinevillastudios.com\/lt\/shop-2\/"},{"@type":"ListItem","position":3,"name":"XX a. traukini\u0173 stoties restorano filmavimo aik\u0161tel\u0117"}]},{"@type":"WebSite","@id":"https:\/\/cinevillastudios.com\/lt\/#website","url":"https:\/\/cinevillastudios.com\/lt\/","name":"Cinevilla Studio","description":"","publisher":{"@id":"https:\/\/cinevillastudios.com\/lt\/#organization"},"potentialAction":[{"@type":"SearchAction","target":{"@type":"EntryPoint","urlTemplate":"https:\/\/cinevillastudios.com\/lt\/?s={search_term_string}"},"query-input":{"@type":"PropertyValueSpecification","valueRequired":true,"valueName":"search_term_string"}}],"inLanguage":"lt-LT"},{"@type":"Organization","@id":"https:\/\/cinevillastudios.com\/lt\/#organization","name":"Cinevilla Studio","url":"https:\/\/cinevillastudios.com\/lt\/","logo":{"@type":"ImageObject","inLanguage":"lt-LT","@id":"https:\/\/cinevillastudios.com\/lt\/#\/schema\/logo\/image\/","url":"https:\/\/cinevillastudios.com\/wp-content\/uploads\/2023\/08\/cinevilla-studio-logo-1.svg","contentUrl":"https:\/\/cinevillastudios.com\/wp-content\/uploads\/2023\/08\/cinevilla-studio-logo-1.svg","width":182,"height":144,"caption":"Cinevilla Studio"},"image":{"@id":"https:\/\/cinevillastudios.com\/lt\/#\/schema\/logo\/image\/"},"sameAs":["https:\/\/www.facebook.com\/Cinevilla","https:\/\/www.instagram.com\/cinevillastudios\/"]}]}},"_links":{"self":[{"href":"https:\/\/cinevillastudios.com\/lt\/wp-json\/wp\/v2\/product\/17057","targetHints":{"allow":["GET"]}}],"collection":[{"href":"https:\/\/cinevillastudios.com\/lt\/wp-json\/wp\/v2\/product"}],"about":[{"href":"https:\/\/cinevillastudios.com\/lt\/wp-json\/wp\/v2\/types\/product"}],"version-history":[{"count":0,"href":"https:\/\/cinevillastudios.com\/lt\/wp-json\/wp\/v2\/product\/17057\/revisions"}],"wp:featuredmedia":[{"embeddable":true,"href":"https:\/\/cinevillastudios.com\/lt\/wp-json\/wp\/v2\/media\/17058"}],"wp:attachment":[{"href":"https:\/\/cinevillastudios.com\/lt\/wp-json\/wp\/v2\/media?parent=17057"}],"wp:term":[{"taxonomy":"product_brand","embeddable":true,"href":"https:\/\/cinevillastudios.com\/lt\/wp-json\/wp\/v2\/product_brand?post=17057"},{"taxonomy":"product_cat","embeddable":true,"href":"https:\/\/cinevillastudios.com\/lt\/wp-json\/wp\/v2\/product_cat?post=17057"},{"taxonomy":"product_tag","embeddable":true,"href":"https:\/\/cinevillastudios.com\/lt\/wp-json\/wp\/v2\/product_tag?post=17057"}],"curies":[{"name":"wp","href":"https:\/\/api.w.org\/{rel}","templated":true}]}}