{"id":5605,"date":"2023-08-13T13:10:40","date_gmt":"2023-08-13T11:10:40","guid":{"rendered":"https:\/\/cinevillastudios.com\/pavyzdinis-puslapis\/"},"modified":"2023-09-05T16:51:35","modified_gmt":"2023-09-05T14:51:35","slug":"pavyzdinis-puslapis","status":"publish","type":"page","link":"https:\/\/cinevillastudios.com\/lt\/pavyzdinis-puslapis\/","title":{"rendered":"Pavyzdinis puslapis"},"content":{"rendered":"\n<p>Tai puslapio pavyzdys. Jis skiriasi nuo tinklara\u0161\u010dio \u012fra\u0161o, nes bus laikomas vienoje vietoje ir rodomas svetain\u0117s navigacijoje (daugumoje tem\u0173). Dauguma \u017emoni\u0173 pradeda nuo puslapio &#8222;Apie&#8221;, kuriame jie pristatomi potencialiems svetain\u0117s lankytojams. Jame gali b\u016bti para\u0161yta ma\u017edaug taip:<\/p>\n\n<blockquote class=\"wp-block-quote is-layout-flow wp-block-quote-is-layout-flow\"><p>Sveiki! Dien\u0105 dirbu dvira\u010di\u0173 kurjeriu, nakt\u012f esu pradedantis aktorius, o tai yra mano svetain\u0117. Gyvenu Los And\u017eele, turiu puik\u0173 \u0161un\u012f, vardu D\u017eekas, ir m\u0117gstu &#8222;pi\u00f1a coladas&#8221;. (Ir u\u017ekluptas lietaus.)<\/p><\/blockquote>\n\n<p>&#8230;arba pana\u0161iai:<\/p>\n\n<blockquote class=\"wp-block-quote is-layout-flow wp-block-quote-is-layout-flow\"><p>Bendrov\u0117 &#8222;XYZ Doohickey Company&#8221; buvo \u012fkurta 1971 m. ir nuo to laiko visuomenei tiekia kokybi\u0161kus \u017eaisliukus. Gothamo mieste \u012fsik\u016brusioje &#8222;XYZ&#8221; dirba daugiau nei 2 000 \u017emoni\u0173 ir ji daro daugyb\u0119 nuostabi\u0173 dalyk\u0173 Gothamo bendruomenei.<\/p><\/blockquote>\n\n<p>Kaip naujas &#8222;WordPress&#8221; naudotojas, tur\u0117tum\u0117te eiti \u012f <a href=\"https:\/\/cinevillastudios.com\/wp-admin\/\">savo prietais\u0173 skydel\u012f<\/a>, kad i\u0161trintum\u0117te \u0161\u012f puslap\u012f ir sukurtum\u0117te naujus puslapius savo turiniui. Smagiai praleiskite laik\u0105!<\/p>\n","protected":false},"excerpt":{"rendered":"<p>Tai puslapio pavyzdys. Jis skiriasi nuo tinklara\u0161\u010dio \u012fra\u0161o, nes bus laikomas vienoje vietoje ir rodomas svetain\u0117s navigacijoje (daugumoje tem\u0173). Dauguma \u017emoni\u0173 pradeda nuo puslapio &#8222;Apie&#8221;, kuriame jie pristatomi potencialiems svetain\u0117s lankytojams. Jame gali b\u016bti para\u0161yta ma\u017edaug taip: Sveiki! Dien\u0105 dirbu dvira\u010di\u0173 kurjeriu, nakt\u012f esu pradedantis aktorius, o tai yra mano svetain\u0117. Gyvenu Los And\u017eele, turiu [&hellip;]<\/p>\n","protected":false},"author":1,"featured_media":0,"parent":0,"menu_order":0,"comment_status":"closed","ping_status":"closed","template":"","meta":{"inline_featured_image":false,"footnotes":""},"class_list":["post-5605","page","type-page","status-publish","hentry"],"yoast_head":"<!-- This site is optimized with the Yoast SEO plugin v27.4 - https:\/\/yoast.com\/product\/yoast-seo-wordpress\/ -->\n<title>Pavyzdinis puslapis - Cinevilla Studio<\/title>\n<meta name=\"robots\" content=\"index, follow, max-snippet:-1, max-image-preview:large, max-video-preview:-1\" \/>\n<link rel=\"canonical\" href=\"https:\/\/cinevillastudios.com\/lt\/pavyzdinis-puslapis\/\" \/>\n<meta property=\"og:locale\" content=\"lt_LT\" \/>\n<meta property=\"og:type\" content=\"article\" \/>\n<meta property=\"og:title\" content=\"Pavyzdinis puslapis - Cinevilla Studio\" \/>\n<meta property=\"og:description\" content=\"Tai puslapio pavyzdys. Jis skiriasi nuo tinklara\u0161\u010dio \u012fra\u0161o, nes bus laikomas vienoje vietoje ir rodomas svetain\u0117s navigacijoje (daugumoje tem\u0173). Dauguma \u017emoni\u0173 pradeda nuo puslapio &#8222;Apie&#8221;, kuriame jie pristatomi potencialiems svetain\u0117s lankytojams. Jame gali b\u016bti para\u0161yta ma\u017edaug taip: Sveiki! Dien\u0105 dirbu dvira\u010di\u0173 kurjeriu, nakt\u012f esu pradedantis aktorius, o tai yra mano svetain\u0117. Gyvenu Los And\u017eele, turiu [&hellip;]\" \/>\n<meta property=\"og:url\" content=\"https:\/\/cinevillastudios.com\/lt\/pavyzdinis-puslapis\/\" \/>\n<meta property=\"og:site_name\" content=\"Cinevilla Studio\" \/>\n<meta property=\"article:publisher\" content=\"https:\/\/www.facebook.com\/Cinevilla\" \/>\n<meta property=\"article:modified_time\" content=\"2023-09-05T14:51:35+00:00\" \/>\n<meta name=\"twitter:card\" content=\"summary_large_image\" \/>\n<meta name=\"twitter:label1\" content=\"Est. reading time\" \/>\n\t<meta name=\"twitter:data1\" content=\"1 minut\u0117\" \/>\n<script type=\"application\/ld+json\" class=\"yoast-schema-graph\">{\"@context\":\"https:\\\/\\\/schema.org\",\"@graph\":[{\"@type\":\"WebPage\",\"@id\":\"https:\\\/\\\/cinevillastudios.com\\\/lt\\\/pavyzdinis-puslapis\\\/\",\"url\":\"https:\\\/\\\/cinevillastudios.com\\\/lt\\\/pavyzdinis-puslapis\\\/\",\"name\":\"Pavyzdinis puslapis - Cinevilla Studio\",\"isPartOf\":{\"@id\":\"https:\\\/\\\/cinevillastudios.com\\\/lt\\\/#website\"},\"datePublished\":\"2023-08-13T11:10:40+00:00\",\"dateModified\":\"2023-09-05T14:51:35+00:00\",\"breadcrumb\":{\"@id\":\"https:\\\/\\\/cinevillastudios.com\\\/lt\\\/pavyzdinis-puslapis\\\/#breadcrumb\"},\"inLanguage\":\"lt-LT\",\"potentialAction\":[{\"@type\":\"ReadAction\",\"target\":[\"https:\\\/\\\/cinevillastudios.com\\\/lt\\\/pavyzdinis-puslapis\\\/\"]}]},{\"@type\":\"BreadcrumbList\",\"@id\":\"https:\\\/\\\/cinevillastudios.com\\\/lt\\\/pavyzdinis-puslapis\\\/#breadcrumb\",\"itemListElement\":[{\"@type\":\"ListItem\",\"position\":1,\"name\":\"Home\",\"item\":\"https:\\\/\\\/cinevillastudios.com\\\/lt\\\/\"},{\"@type\":\"ListItem\",\"position\":2,\"name\":\"Pavyzdinis puslapis\"}]},{\"@type\":\"WebSite\",\"@id\":\"https:\\\/\\\/cinevillastudios.com\\\/lt\\\/#website\",\"url\":\"https:\\\/\\\/cinevillastudios.com\\\/lt\\\/\",\"name\":\"Cinevilla Studio\",\"description\":\"\",\"publisher\":{\"@id\":\"https:\\\/\\\/cinevillastudios.com\\\/lt\\\/#organization\"},\"potentialAction\":[{\"@type\":\"SearchAction\",\"target\":{\"@type\":\"EntryPoint\",\"urlTemplate\":\"https:\\\/\\\/cinevillastudios.com\\\/lt\\\/?s={search_term_string}\"},\"query-input\":{\"@type\":\"PropertyValueSpecification\",\"valueRequired\":true,\"valueName\":\"search_term_string\"}}],\"inLanguage\":\"lt-LT\"},{\"@type\":\"Organization\",\"@id\":\"https:\\\/\\\/cinevillastudios.com\\\/lt\\\/#organization\",\"name\":\"Cinevilla Studio\",\"url\":\"https:\\\/\\\/cinevillastudios.com\\\/lt\\\/\",\"logo\":{\"@type\":\"ImageObject\",\"inLanguage\":\"lt-LT\",\"@id\":\"https:\\\/\\\/cinevillastudios.com\\\/lt\\\/#\\\/schema\\\/logo\\\/image\\\/\",\"url\":\"https:\\\/\\\/cinevillastudios.com\\\/wp-content\\\/uploads\\\/2023\\\/08\\\/cinevilla-studio-logo-1.svg\",\"contentUrl\":\"https:\\\/\\\/cinevillastudios.com\\\/wp-content\\\/uploads\\\/2023\\\/08\\\/cinevilla-studio-logo-1.svg\",\"width\":182,\"height\":144,\"caption\":\"Cinevilla Studio\"},\"image\":{\"@id\":\"https:\\\/\\\/cinevillastudios.com\\\/lt\\\/#\\\/schema\\\/logo\\\/image\\\/\"},\"sameAs\":[\"https:\\\/\\\/www.facebook.com\\\/Cinevilla\",\"https:\\\/\\\/www.instagram.com\\\/cinevillastudios\\\/\"]}]}<\/script>\n<!-- \/ Yoast SEO plugin. -->","yoast_head_json":{"title":"Pavyzdinis puslapis - Cinevilla Studio","robots":{"index":"index","follow":"follow","max-snippet":"max-snippet:-1","max-image-preview":"max-image-preview:large","max-video-preview":"max-video-preview:-1"},"canonical":"https:\/\/cinevillastudios.com\/lt\/pavyzdinis-puslapis\/","og_locale":"lt_LT","og_type":"article","og_title":"Pavyzdinis puslapis - Cinevilla Studio","og_description":"Tai puslapio pavyzdys. Jis skiriasi nuo tinklara\u0161\u010dio \u012fra\u0161o, nes bus laikomas vienoje vietoje ir rodomas svetain\u0117s navigacijoje (daugumoje tem\u0173). Dauguma \u017emoni\u0173 pradeda nuo puslapio &#8222;Apie&#8221;, kuriame jie pristatomi potencialiems svetain\u0117s lankytojams. Jame gali b\u016bti para\u0161yta ma\u017edaug taip: Sveiki! Dien\u0105 dirbu dvira\u010di\u0173 kurjeriu, nakt\u012f esu pradedantis aktorius, o tai yra mano svetain\u0117. Gyvenu Los And\u017eele, turiu [&hellip;]","og_url":"https:\/\/cinevillastudios.com\/lt\/pavyzdinis-puslapis\/","og_site_name":"Cinevilla Studio","article_publisher":"https:\/\/www.facebook.com\/Cinevilla","article_modified_time":"2023-09-05T14:51:35+00:00","twitter_card":"summary_large_image","twitter_misc":{"Est. reading time":"1 minut\u0117"},"schema":{"@context":"https:\/\/schema.org","@graph":[{"@type":"WebPage","@id":"https:\/\/cinevillastudios.com\/lt\/pavyzdinis-puslapis\/","url":"https:\/\/cinevillastudios.com\/lt\/pavyzdinis-puslapis\/","name":"Pavyzdinis puslapis - Cinevilla Studio","isPartOf":{"@id":"https:\/\/cinevillastudios.com\/lt\/#website"},"datePublished":"2023-08-13T11:10:40+00:00","dateModified":"2023-09-05T14:51:35+00:00","breadcrumb":{"@id":"https:\/\/cinevillastudios.com\/lt\/pavyzdinis-puslapis\/#breadcrumb"},"inLanguage":"lt-LT","potentialAction":[{"@type":"ReadAction","target":["https:\/\/cinevillastudios.com\/lt\/pavyzdinis-puslapis\/"]}]},{"@type":"BreadcrumbList","@id":"https:\/\/cinevillastudios.com\/lt\/pavyzdinis-puslapis\/#breadcrumb","itemListElement":[{"@type":"ListItem","position":1,"name":"Home","item":"https:\/\/cinevillastudios.com\/lt\/"},{"@type":"ListItem","position":2,"name":"Pavyzdinis puslapis"}]},{"@type":"WebSite","@id":"https:\/\/cinevillastudios.com\/lt\/#website","url":"https:\/\/cinevillastudios.com\/lt\/","name":"Cinevilla Studio","description":"","publisher":{"@id":"https:\/\/cinevillastudios.com\/lt\/#organization"},"potentialAction":[{"@type":"SearchAction","target":{"@type":"EntryPoint","urlTemplate":"https:\/\/cinevillastudios.com\/lt\/?s={search_term_string}"},"query-input":{"@type":"PropertyValueSpecification","valueRequired":true,"valueName":"search_term_string"}}],"inLanguage":"lt-LT"},{"@type":"Organization","@id":"https:\/\/cinevillastudios.com\/lt\/#organization","name":"Cinevilla Studio","url":"https:\/\/cinevillastudios.com\/lt\/","logo":{"@type":"ImageObject","inLanguage":"lt-LT","@id":"https:\/\/cinevillastudios.com\/lt\/#\/schema\/logo\/image\/","url":"https:\/\/cinevillastudios.com\/wp-content\/uploads\/2023\/08\/cinevilla-studio-logo-1.svg","contentUrl":"https:\/\/cinevillastudios.com\/wp-content\/uploads\/2023\/08\/cinevilla-studio-logo-1.svg","width":182,"height":144,"caption":"Cinevilla Studio"},"image":{"@id":"https:\/\/cinevillastudios.com\/lt\/#\/schema\/logo\/image\/"},"sameAs":["https:\/\/www.facebook.com\/Cinevilla","https:\/\/www.instagram.com\/cinevillastudios\/"]}]}},"_links":{"self":[{"href":"https:\/\/cinevillastudios.com\/lt\/wp-json\/wp\/v2\/pages\/5605","targetHints":{"allow":["GET"]}}],"collection":[{"href":"https:\/\/cinevillastudios.com\/lt\/wp-json\/wp\/v2\/pages"}],"about":[{"href":"https:\/\/cinevillastudios.com\/lt\/wp-json\/wp\/v2\/types\/page"}],"author":[{"embeddable":true,"href":"https:\/\/cinevillastudios.com\/lt\/wp-json\/wp\/v2\/users\/1"}],"replies":[{"embeddable":true,"href":"https:\/\/cinevillastudios.com\/lt\/wp-json\/wp\/v2\/comments?post=5605"}],"version-history":[{"count":0,"href":"https:\/\/cinevillastudios.com\/lt\/wp-json\/wp\/v2\/pages\/5605\/revisions"}],"wp:attachment":[{"href":"https:\/\/cinevillastudios.com\/lt\/wp-json\/wp\/v2\/media?parent=5605"}],"curies":[{"name":"wp","href":"https:\/\/api.w.org\/{rel}","templated":true}]}}