{"id":7549,"date":"2023-08-30T15:07:54","date_gmt":"2023-08-30T13:07:54","guid":{"rendered":"https:\/\/cinevillastudios.com\/cinevilla\/maaratlemata\/cinevilla-kulastajapilet\/"},"modified":"2024-05-06T14:16:45","modified_gmt":"2024-05-06T12:16:45","slug":"cinevilla-kulastajapilet","status":"publish","type":"product","link":"https:\/\/cinevillastudios.com\/et\/cinevilla\/pakendid\/kulastajatele\/cinevilla-kulastajapilet\/","title":{"rendered":"K\u00fclastaja pilet"},"content":{"rendered":"","protected":false},"excerpt":{"rendered":"<p>Nautige terve p\u00e4ev Cinevillas!<br \/>\nHankige sissep\u00e4\u00e4supilet, et uurida k\u00f5iki v\u00e4litingimustes asuvaid kohti. <\/p>\n<p>Lapsed vanuses 0-6 aastat: Tasuta sissep\u00e4\u00e4s<br \/>\nEakad ja lapsed vanuses 7-11 aastat: 5,00 \u20ac.<br \/>\nT\u00e4iskasvanud ja lapsed alates 12. eluaastast: 7,00 \u20ac.<\/p>\n","protected":false},"featured_media":12616,"template":"","meta":{"inline_featured_image":false},"product_brand":[],"product_cat":[277],"product_tag":[],"class_list":{"0":"post-7549","1":"product","2":"type-product","3":"status-publish","4":"has-post-thumbnail","6":"product_cat-kulastajatele","8":"first","9":"instock","10":"shipping-taxable","11":"purchasable","12":"product-type-variable"},"yoast_head":"<!-- This site is optimized with the Yoast SEO plugin v27.5 - https:\/\/yoast.com\/product\/yoast-seo-wordpress\/ -->\n<title>K\u00fclastaja pilet - Cinevilla Studio<\/title>\n<meta name=\"robots\" content=\"index, follow, max-snippet:-1, max-image-preview:large, max-video-preview:-1\" \/>\n<link rel=\"canonical\" href=\"https:\/\/cinevillastudios.com\/et\/cinevilla\/pakendid\/kulastajatele\/cinevilla-kulastajapilet\/\" \/>\n<meta property=\"og:locale\" content=\"et_EE\" \/>\n<meta property=\"og:type\" content=\"article\" \/>\n<meta property=\"og:title\" content=\"K\u00fclastaja pilet - Cinevilla Studio\" \/>\n<meta property=\"og:description\" content=\"Nautige terve p\u00e4ev Cinevillas! Hankige sissep\u00e4\u00e4supilet, et uurida k\u00f5iki v\u00e4litingimustes asuvaid kohti.  Lapsed vanuses 0-6 aastat: Tasuta sissep\u00e4\u00e4s Eakad ja lapsed vanuses 7-11 aastat: 5,00 \u20ac. T\u00e4iskasvanud ja lapsed alates 12. eluaastast: 7,00 \u20ac.\" \/>\n<meta property=\"og:url\" content=\"https:\/\/cinevillastudios.com\/et\/cinevilla\/pakendid\/kulastajatele\/cinevilla-kulastajapilet\/\" \/>\n<meta property=\"og:site_name\" content=\"Cinevilla Studio\" \/>\n<meta property=\"article:publisher\" content=\"https:\/\/www.facebook.com\/Cinevilla\" \/>\n<meta property=\"article:modified_time\" content=\"2024-05-06T12:16:45+00:00\" \/>\n<meta property=\"og:image\" content=\"https:\/\/cinevillastudios.com\/wp-content\/uploads\/2023\/08\/visitor-ticket.webp\" \/>\n\t<meta property=\"og:image:width\" content=\"800\" \/>\n\t<meta property=\"og:image:height\" content=\"600\" \/>\n\t<meta property=\"og:image:type\" content=\"image\/webp\" \/>\n<meta name=\"twitter:card\" content=\"summary_large_image\" \/>\n<script type=\"application\/ld+json\" class=\"yoast-schema-graph\">{\"@context\":\"https:\\\/\\\/schema.org\",\"@graph\":[{\"@type\":\"WebPage\",\"@id\":\"https:\\\/\\\/cinevillastudios.com\\\/et\\\/cinevilla\\\/pakendid\\\/kulastajatele\\\/cinevilla-kulastajapilet\\\/\",\"url\":\"https:\\\/\\\/cinevillastudios.com\\\/et\\\/cinevilla\\\/pakendid\\\/kulastajatele\\\/cinevilla-kulastajapilet\\\/\",\"name\":\"K\u00fclastaja pilet - Cinevilla Studio\",\"isPartOf\":{\"@id\":\"https:\\\/\\\/cinevillastudios.com\\\/et\\\/#website\"},\"primaryImageOfPage\":{\"@id\":\"https:\\\/\\\/cinevillastudios.com\\\/et\\\/cinevilla\\\/pakendid\\\/kulastajatele\\\/cinevilla-kulastajapilet\\\/#primaryimage\"},\"image\":{\"@id\":\"https:\\\/\\\/cinevillastudios.com\\\/et\\\/cinevilla\\\/pakendid\\\/kulastajatele\\\/cinevilla-kulastajapilet\\\/#primaryimage\"},\"thumbnailUrl\":\"https:\\\/\\\/cinevillastudios.com\\\/wp-content\\\/uploads\\\/2023\\\/08\\\/visitor-ticket.webp\",\"datePublished\":\"2023-08-30T13:07:54+00:00\",\"dateModified\":\"2024-05-06T12:16:45+00:00\",\"breadcrumb\":{\"@id\":\"https:\\\/\\\/cinevillastudios.com\\\/et\\\/cinevilla\\\/pakendid\\\/kulastajatele\\\/cinevilla-kulastajapilet\\\/#breadcrumb\"},\"inLanguage\":\"et\",\"potentialAction\":[{\"@type\":\"ReadAction\",\"target\":[\"https:\\\/\\\/cinevillastudios.com\\\/et\\\/cinevilla\\\/pakendid\\\/kulastajatele\\\/cinevilla-kulastajapilet\\\/\"]}]},{\"@type\":\"ImageObject\",\"inLanguage\":\"et\",\"@id\":\"https:\\\/\\\/cinevillastudios.com\\\/et\\\/cinevilla\\\/pakendid\\\/kulastajatele\\\/cinevilla-kulastajapilet\\\/#primaryimage\",\"url\":\"https:\\\/\\\/cinevillastudios.com\\\/wp-content\\\/uploads\\\/2023\\\/08\\\/visitor-ticket.webp\",\"contentUrl\":\"https:\\\/\\\/cinevillastudios.com\\\/wp-content\\\/uploads\\\/2023\\\/08\\\/visitor-ticket.webp\",\"width\":800,\"height\":600},{\"@type\":\"BreadcrumbList\",\"@id\":\"https:\\\/\\\/cinevillastudios.com\\\/et\\\/cinevilla\\\/pakendid\\\/kulastajatele\\\/cinevilla-kulastajapilet\\\/#breadcrumb\",\"itemListElement\":[{\"@type\":\"ListItem\",\"position\":1,\"name\":\"Home\",\"item\":\"https:\\\/\\\/cinevillastudios.com\\\/et\\\/\"},{\"@type\":\"ListItem\",\"position\":2,\"name\":\"Shop\",\"item\":\"https:\\\/\\\/cinevillastudios.com\\\/et\\\/shop-2\\\/\"},{\"@type\":\"ListItem\",\"position\":3,\"name\":\"K\u00fclastaja pilet\"}]},{\"@type\":\"WebSite\",\"@id\":\"https:\\\/\\\/cinevillastudios.com\\\/et\\\/#website\",\"url\":\"https:\\\/\\\/cinevillastudios.com\\\/et\\\/\",\"name\":\"Cinevilla Studio\",\"description\":\"\",\"publisher\":{\"@id\":\"https:\\\/\\\/cinevillastudios.com\\\/et\\\/#organization\"},\"potentialAction\":[{\"@type\":\"SearchAction\",\"target\":{\"@type\":\"EntryPoint\",\"urlTemplate\":\"https:\\\/\\\/cinevillastudios.com\\\/et\\\/?s={search_term_string}\"},\"query-input\":{\"@type\":\"PropertyValueSpecification\",\"valueRequired\":true,\"valueName\":\"search_term_string\"}}],\"inLanguage\":\"et\"},{\"@type\":\"Organization\",\"@id\":\"https:\\\/\\\/cinevillastudios.com\\\/et\\\/#organization\",\"name\":\"Cinevilla Studio\",\"url\":\"https:\\\/\\\/cinevillastudios.com\\\/et\\\/\",\"logo\":{\"@type\":\"ImageObject\",\"inLanguage\":\"et\",\"@id\":\"https:\\\/\\\/cinevillastudios.com\\\/et\\\/#\\\/schema\\\/logo\\\/image\\\/\",\"url\":\"https:\\\/\\\/cinevillastudios.com\\\/wp-content\\\/uploads\\\/2023\\\/08\\\/cinevilla-studio-logo-1.svg\",\"contentUrl\":\"https:\\\/\\\/cinevillastudios.com\\\/wp-content\\\/uploads\\\/2023\\\/08\\\/cinevilla-studio-logo-1.svg\",\"width\":182,\"height\":144,\"caption\":\"Cinevilla Studio\"},\"image\":{\"@id\":\"https:\\\/\\\/cinevillastudios.com\\\/et\\\/#\\\/schema\\\/logo\\\/image\\\/\"},\"sameAs\":[\"https:\\\/\\\/www.facebook.com\\\/Cinevilla\",\"https:\\\/\\\/www.instagram.com\\\/cinevillastudios\\\/\"]}]}<\/script>\n<!-- \/ Yoast SEO plugin. -->","yoast_head_json":{"title":"K\u00fclastaja pilet - Cinevilla Studio","robots":{"index":"index","follow":"follow","max-snippet":"max-snippet:-1","max-image-preview":"max-image-preview:large","max-video-preview":"max-video-preview:-1"},"canonical":"https:\/\/cinevillastudios.com\/et\/cinevilla\/pakendid\/kulastajatele\/cinevilla-kulastajapilet\/","og_locale":"et_EE","og_type":"article","og_title":"K\u00fclastaja pilet - Cinevilla Studio","og_description":"Nautige terve p\u00e4ev Cinevillas! Hankige sissep\u00e4\u00e4supilet, et uurida k\u00f5iki v\u00e4litingimustes asuvaid kohti.  Lapsed vanuses 0-6 aastat: Tasuta sissep\u00e4\u00e4s Eakad ja lapsed vanuses 7-11 aastat: 5,00 \u20ac. T\u00e4iskasvanud ja lapsed alates 12. eluaastast: 7,00 \u20ac.","og_url":"https:\/\/cinevillastudios.com\/et\/cinevilla\/pakendid\/kulastajatele\/cinevilla-kulastajapilet\/","og_site_name":"Cinevilla Studio","article_publisher":"https:\/\/www.facebook.com\/Cinevilla","article_modified_time":"2024-05-06T12:16:45+00:00","og_image":[{"width":800,"height":600,"url":"https:\/\/cinevillastudios.com\/wp-content\/uploads\/2023\/08\/visitor-ticket.webp","type":"image\/webp"}],"twitter_card":"summary_large_image","schema":{"@context":"https:\/\/schema.org","@graph":[{"@type":"WebPage","@id":"https:\/\/cinevillastudios.com\/et\/cinevilla\/pakendid\/kulastajatele\/cinevilla-kulastajapilet\/","url":"https:\/\/cinevillastudios.com\/et\/cinevilla\/pakendid\/kulastajatele\/cinevilla-kulastajapilet\/","name":"K\u00fclastaja pilet - Cinevilla Studio","isPartOf":{"@id":"https:\/\/cinevillastudios.com\/et\/#website"},"primaryImageOfPage":{"@id":"https:\/\/cinevillastudios.com\/et\/cinevilla\/pakendid\/kulastajatele\/cinevilla-kulastajapilet\/#primaryimage"},"image":{"@id":"https:\/\/cinevillastudios.com\/et\/cinevilla\/pakendid\/kulastajatele\/cinevilla-kulastajapilet\/#primaryimage"},"thumbnailUrl":"https:\/\/cinevillastudios.com\/wp-content\/uploads\/2023\/08\/visitor-ticket.webp","datePublished":"2023-08-30T13:07:54+00:00","dateModified":"2024-05-06T12:16:45+00:00","breadcrumb":{"@id":"https:\/\/cinevillastudios.com\/et\/cinevilla\/pakendid\/kulastajatele\/cinevilla-kulastajapilet\/#breadcrumb"},"inLanguage":"et","potentialAction":[{"@type":"ReadAction","target":["https:\/\/cinevillastudios.com\/et\/cinevilla\/pakendid\/kulastajatele\/cinevilla-kulastajapilet\/"]}]},{"@type":"ImageObject","inLanguage":"et","@id":"https:\/\/cinevillastudios.com\/et\/cinevilla\/pakendid\/kulastajatele\/cinevilla-kulastajapilet\/#primaryimage","url":"https:\/\/cinevillastudios.com\/wp-content\/uploads\/2023\/08\/visitor-ticket.webp","contentUrl":"https:\/\/cinevillastudios.com\/wp-content\/uploads\/2023\/08\/visitor-ticket.webp","width":800,"height":600},{"@type":"BreadcrumbList","@id":"https:\/\/cinevillastudios.com\/et\/cinevilla\/pakendid\/kulastajatele\/cinevilla-kulastajapilet\/#breadcrumb","itemListElement":[{"@type":"ListItem","position":1,"name":"Home","item":"https:\/\/cinevillastudios.com\/et\/"},{"@type":"ListItem","position":2,"name":"Shop","item":"https:\/\/cinevillastudios.com\/et\/shop-2\/"},{"@type":"ListItem","position":3,"name":"K\u00fclastaja pilet"}]},{"@type":"WebSite","@id":"https:\/\/cinevillastudios.com\/et\/#website","url":"https:\/\/cinevillastudios.com\/et\/","name":"Cinevilla Studio","description":"","publisher":{"@id":"https:\/\/cinevillastudios.com\/et\/#organization"},"potentialAction":[{"@type":"SearchAction","target":{"@type":"EntryPoint","urlTemplate":"https:\/\/cinevillastudios.com\/et\/?s={search_term_string}"},"query-input":{"@type":"PropertyValueSpecification","valueRequired":true,"valueName":"search_term_string"}}],"inLanguage":"et"},{"@type":"Organization","@id":"https:\/\/cinevillastudios.com\/et\/#organization","name":"Cinevilla Studio","url":"https:\/\/cinevillastudios.com\/et\/","logo":{"@type":"ImageObject","inLanguage":"et","@id":"https:\/\/cinevillastudios.com\/et\/#\/schema\/logo\/image\/","url":"https:\/\/cinevillastudios.com\/wp-content\/uploads\/2023\/08\/cinevilla-studio-logo-1.svg","contentUrl":"https:\/\/cinevillastudios.com\/wp-content\/uploads\/2023\/08\/cinevilla-studio-logo-1.svg","width":182,"height":144,"caption":"Cinevilla Studio"},"image":{"@id":"https:\/\/cinevillastudios.com\/et\/#\/schema\/logo\/image\/"},"sameAs":["https:\/\/www.facebook.com\/Cinevilla","https:\/\/www.instagram.com\/cinevillastudios\/"]}]}},"_links":{"self":[{"href":"https:\/\/cinevillastudios.com\/et\/wp-json\/wp\/v2\/product\/7549","targetHints":{"allow":["GET"]}}],"collection":[{"href":"https:\/\/cinevillastudios.com\/et\/wp-json\/wp\/v2\/product"}],"about":[{"href":"https:\/\/cinevillastudios.com\/et\/wp-json\/wp\/v2\/types\/product"}],"version-history":[{"count":0,"href":"https:\/\/cinevillastudios.com\/et\/wp-json\/wp\/v2\/product\/7549\/revisions"}],"wp:featuredmedia":[{"embeddable":true,"href":"https:\/\/cinevillastudios.com\/et\/wp-json\/wp\/v2\/media\/12616"}],"wp:attachment":[{"href":"https:\/\/cinevillastudios.com\/et\/wp-json\/wp\/v2\/media?parent=7549"}],"wp:term":[{"taxonomy":"product_brand","embeddable":true,"href":"https:\/\/cinevillastudios.com\/et\/wp-json\/wp\/v2\/product_brand?post=7549"},{"taxonomy":"product_cat","embeddable":true,"href":"https:\/\/cinevillastudios.com\/et\/wp-json\/wp\/v2\/product_cat?post=7549"},{"taxonomy":"product_tag","embeddable":true,"href":"https:\/\/cinevillastudios.com\/et\/wp-json\/wp\/v2\/product_tag?post=7549"}],"curies":[{"name":"wp","href":"https:\/\/api.w.org\/{rel}","templated":true}]}}