{"id":6378,"date":"2023-08-27T10:35:13","date_gmt":"2023-08-27T08:35:13","guid":{"rendered":"https:\/\/cinevillastudios.com\/cinevilla\/maaratlemata\/8-lambiline-ulavalgustusega-luhtri\/"},"modified":"2023-09-28T20:17:31","modified_gmt":"2023-09-28T18:17:31","slug":"8-lamb-uplight-kroonluhter","status":"publish","type":"product","link":"https:\/\/cinevillastudios.com\/et\/cinevilla\/tarvikud\/sisekujundus\/8-lamb-uplight-kroonluhter\/","title":{"rendered":"8 lambiga \u00fclavalgustusega l\u00fchter"},"content":{"rendered":"","protected":false},"excerpt":{"rendered":"<p>Varjuline 8 lambiga \u00fclavalgustusega l\u00fchter<\/p>\n","protected":false},"featured_media":10298,"template":"","meta":{"inline_featured_image":false},"product_brand":[],"product_cat":[214,128],"product_tag":[219,131],"class_list":{"0":"post-6378","1":"product","2":"type-product","3":"status-publish","4":"has-post-thumbnail","6":"product_cat-sisekujundus","7":"product_cat-tarvikud","8":"product_tag-klaas","9":"product_tag-metall","11":"first","12":"instock","13":"virtual","14":"sold-individually","15":"purchasable","16":"product-type-jet_booking"},"yoast_head":"<!-- This site is optimized with the Yoast SEO plugin v27.3 - https:\/\/yoast.com\/product\/yoast-seo-wordpress\/ -->\n<title>8 lambiga \u00fclavalgustusega l\u00fchter - Cinevilla Studio<\/title>\n<meta name=\"robots\" content=\"index, follow, max-snippet:-1, max-image-preview:large, max-video-preview:-1\" \/>\n<link rel=\"canonical\" href=\"https:\/\/cinevillastudios.com\/et\/cinevilla\/tarvikud\/sisekujundus\/8-lamb-uplight-kroonluhter\/\" \/>\n<meta property=\"og:locale\" content=\"et_EE\" \/>\n<meta property=\"og:type\" content=\"article\" \/>\n<meta property=\"og:title\" content=\"8 lambiga \u00fclavalgustusega l\u00fchter - Cinevilla Studio\" \/>\n<meta property=\"og:description\" content=\"Varjuline 8 lambiga \u00fclavalgustusega l\u00fchter\" \/>\n<meta property=\"og:url\" content=\"https:\/\/cinevillastudios.com\/et\/cinevilla\/tarvikud\/sisekujundus\/8-lamb-uplight-kroonluhter\/\" \/>\n<meta property=\"og:site_name\" content=\"Cinevilla Studio\" \/>\n<meta property=\"article:publisher\" content=\"https:\/\/www.facebook.com\/Cinevilla\" \/>\n<meta property=\"article:modified_time\" content=\"2023-09-28T18:17:31+00:00\" \/>\n<meta property=\"og:image\" content=\"https:\/\/cinevillastudios.com\/wp-content\/uploads\/2023\/08\/cv-acc-233.webp\" \/>\n\t<meta property=\"og:image:width\" content=\"801\" \/>\n\t<meta property=\"og:image:height\" content=\"1200\" \/>\n\t<meta property=\"og:image:type\" content=\"image\/webp\" \/>\n<meta name=\"twitter:card\" content=\"summary_large_image\" \/>\n<script type=\"application\/ld+json\" class=\"yoast-schema-graph\">{\"@context\":\"https:\\\/\\\/schema.org\",\"@graph\":[{\"@type\":\"WebPage\",\"@id\":\"https:\\\/\\\/cinevillastudios.com\\\/et\\\/cinevilla\\\/tarvikud\\\/sisekujundus\\\/8-lamb-uplight-kroonluhter\\\/\",\"url\":\"https:\\\/\\\/cinevillastudios.com\\\/et\\\/cinevilla\\\/tarvikud\\\/sisekujundus\\\/8-lamb-uplight-kroonluhter\\\/\",\"name\":\"8 lambiga \u00fclavalgustusega l\u00fchter - Cinevilla Studio\",\"isPartOf\":{\"@id\":\"https:\\\/\\\/cinevillastudios.com\\\/et\\\/#website\"},\"primaryImageOfPage\":{\"@id\":\"https:\\\/\\\/cinevillastudios.com\\\/et\\\/cinevilla\\\/tarvikud\\\/sisekujundus\\\/8-lamb-uplight-kroonluhter\\\/#primaryimage\"},\"image\":{\"@id\":\"https:\\\/\\\/cinevillastudios.com\\\/et\\\/cinevilla\\\/tarvikud\\\/sisekujundus\\\/8-lamb-uplight-kroonluhter\\\/#primaryimage\"},\"thumbnailUrl\":\"https:\\\/\\\/cinevillastudios.com\\\/wp-content\\\/uploads\\\/2023\\\/08\\\/cv-acc-233.webp\",\"datePublished\":\"2023-08-27T08:35:13+00:00\",\"dateModified\":\"2023-09-28T18:17:31+00:00\",\"breadcrumb\":{\"@id\":\"https:\\\/\\\/cinevillastudios.com\\\/et\\\/cinevilla\\\/tarvikud\\\/sisekujundus\\\/8-lamb-uplight-kroonluhter\\\/#breadcrumb\"},\"inLanguage\":\"et\",\"potentialAction\":[{\"@type\":\"ReadAction\",\"target\":[\"https:\\\/\\\/cinevillastudios.com\\\/et\\\/cinevilla\\\/tarvikud\\\/sisekujundus\\\/8-lamb-uplight-kroonluhter\\\/\"]}]},{\"@type\":\"ImageObject\",\"inLanguage\":\"et\",\"@id\":\"https:\\\/\\\/cinevillastudios.com\\\/et\\\/cinevilla\\\/tarvikud\\\/sisekujundus\\\/8-lamb-uplight-kroonluhter\\\/#primaryimage\",\"url\":\"https:\\\/\\\/cinevillastudios.com\\\/wp-content\\\/uploads\\\/2023\\\/08\\\/cv-acc-233.webp\",\"contentUrl\":\"https:\\\/\\\/cinevillastudios.com\\\/wp-content\\\/uploads\\\/2023\\\/08\\\/cv-acc-233.webp\",\"width\":801,\"height\":1200},{\"@type\":\"BreadcrumbList\",\"@id\":\"https:\\\/\\\/cinevillastudios.com\\\/et\\\/cinevilla\\\/tarvikud\\\/sisekujundus\\\/8-lamb-uplight-kroonluhter\\\/#breadcrumb\",\"itemListElement\":[{\"@type\":\"ListItem\",\"position\":1,\"name\":\"Home\",\"item\":\"https:\\\/\\\/cinevillastudios.com\\\/et\\\/\"},{\"@type\":\"ListItem\",\"position\":2,\"name\":\"Shop\",\"item\":\"https:\\\/\\\/cinevillastudios.com\\\/et\\\/shop-2\\\/\"},{\"@type\":\"ListItem\",\"position\":3,\"name\":\"8 lambiga \u00fclavalgustusega l\u00fchter\"}]},{\"@type\":\"WebSite\",\"@id\":\"https:\\\/\\\/cinevillastudios.com\\\/et\\\/#website\",\"url\":\"https:\\\/\\\/cinevillastudios.com\\\/et\\\/\",\"name\":\"Cinevilla Studio\",\"description\":\"\",\"publisher\":{\"@id\":\"https:\\\/\\\/cinevillastudios.com\\\/et\\\/#organization\"},\"potentialAction\":[{\"@type\":\"SearchAction\",\"target\":{\"@type\":\"EntryPoint\",\"urlTemplate\":\"https:\\\/\\\/cinevillastudios.com\\\/et\\\/?s={search_term_string}\"},\"query-input\":{\"@type\":\"PropertyValueSpecification\",\"valueRequired\":true,\"valueName\":\"search_term_string\"}}],\"inLanguage\":\"et\"},{\"@type\":\"Organization\",\"@id\":\"https:\\\/\\\/cinevillastudios.com\\\/et\\\/#organization\",\"name\":\"Cinevilla Studio\",\"url\":\"https:\\\/\\\/cinevillastudios.com\\\/et\\\/\",\"logo\":{\"@type\":\"ImageObject\",\"inLanguage\":\"et\",\"@id\":\"https:\\\/\\\/cinevillastudios.com\\\/et\\\/#\\\/schema\\\/logo\\\/image\\\/\",\"url\":\"https:\\\/\\\/cinevillastudios.com\\\/wp-content\\\/uploads\\\/2023\\\/08\\\/cinevilla-studio-logo-1.svg\",\"contentUrl\":\"https:\\\/\\\/cinevillastudios.com\\\/wp-content\\\/uploads\\\/2023\\\/08\\\/cinevilla-studio-logo-1.svg\",\"width\":182,\"height\":144,\"caption\":\"Cinevilla Studio\"},\"image\":{\"@id\":\"https:\\\/\\\/cinevillastudios.com\\\/et\\\/#\\\/schema\\\/logo\\\/image\\\/\"},\"sameAs\":[\"https:\\\/\\\/www.facebook.com\\\/Cinevilla\",\"https:\\\/\\\/www.instagram.com\\\/cinevillastudios\\\/\"]}]}<\/script>\n<!-- \/ Yoast SEO plugin. -->","yoast_head_json":{"title":"8 lambiga \u00fclavalgustusega l\u00fchter - Cinevilla Studio","robots":{"index":"index","follow":"follow","max-snippet":"max-snippet:-1","max-image-preview":"max-image-preview:large","max-video-preview":"max-video-preview:-1"},"canonical":"https:\/\/cinevillastudios.com\/et\/cinevilla\/tarvikud\/sisekujundus\/8-lamb-uplight-kroonluhter\/","og_locale":"et_EE","og_type":"article","og_title":"8 lambiga \u00fclavalgustusega l\u00fchter - Cinevilla Studio","og_description":"Varjuline 8 lambiga \u00fclavalgustusega l\u00fchter","og_url":"https:\/\/cinevillastudios.com\/et\/cinevilla\/tarvikud\/sisekujundus\/8-lamb-uplight-kroonluhter\/","og_site_name":"Cinevilla Studio","article_publisher":"https:\/\/www.facebook.com\/Cinevilla","article_modified_time":"2023-09-28T18:17:31+00:00","og_image":[{"width":801,"height":1200,"url":"https:\/\/cinevillastudios.com\/wp-content\/uploads\/2023\/08\/cv-acc-233.webp","type":"image\/webp"}],"twitter_card":"summary_large_image","schema":{"@context":"https:\/\/schema.org","@graph":[{"@type":"WebPage","@id":"https:\/\/cinevillastudios.com\/et\/cinevilla\/tarvikud\/sisekujundus\/8-lamb-uplight-kroonluhter\/","url":"https:\/\/cinevillastudios.com\/et\/cinevilla\/tarvikud\/sisekujundus\/8-lamb-uplight-kroonluhter\/","name":"8 lambiga \u00fclavalgustusega l\u00fchter - Cinevilla Studio","isPartOf":{"@id":"https:\/\/cinevillastudios.com\/et\/#website"},"primaryImageOfPage":{"@id":"https:\/\/cinevillastudios.com\/et\/cinevilla\/tarvikud\/sisekujundus\/8-lamb-uplight-kroonluhter\/#primaryimage"},"image":{"@id":"https:\/\/cinevillastudios.com\/et\/cinevilla\/tarvikud\/sisekujundus\/8-lamb-uplight-kroonluhter\/#primaryimage"},"thumbnailUrl":"https:\/\/cinevillastudios.com\/wp-content\/uploads\/2023\/08\/cv-acc-233.webp","datePublished":"2023-08-27T08:35:13+00:00","dateModified":"2023-09-28T18:17:31+00:00","breadcrumb":{"@id":"https:\/\/cinevillastudios.com\/et\/cinevilla\/tarvikud\/sisekujundus\/8-lamb-uplight-kroonluhter\/#breadcrumb"},"inLanguage":"et","potentialAction":[{"@type":"ReadAction","target":["https:\/\/cinevillastudios.com\/et\/cinevilla\/tarvikud\/sisekujundus\/8-lamb-uplight-kroonluhter\/"]}]},{"@type":"ImageObject","inLanguage":"et","@id":"https:\/\/cinevillastudios.com\/et\/cinevilla\/tarvikud\/sisekujundus\/8-lamb-uplight-kroonluhter\/#primaryimage","url":"https:\/\/cinevillastudios.com\/wp-content\/uploads\/2023\/08\/cv-acc-233.webp","contentUrl":"https:\/\/cinevillastudios.com\/wp-content\/uploads\/2023\/08\/cv-acc-233.webp","width":801,"height":1200},{"@type":"BreadcrumbList","@id":"https:\/\/cinevillastudios.com\/et\/cinevilla\/tarvikud\/sisekujundus\/8-lamb-uplight-kroonluhter\/#breadcrumb","itemListElement":[{"@type":"ListItem","position":1,"name":"Home","item":"https:\/\/cinevillastudios.com\/et\/"},{"@type":"ListItem","position":2,"name":"Shop","item":"https:\/\/cinevillastudios.com\/et\/shop-2\/"},{"@type":"ListItem","position":3,"name":"8 lambiga \u00fclavalgustusega l\u00fchter"}]},{"@type":"WebSite","@id":"https:\/\/cinevillastudios.com\/et\/#website","url":"https:\/\/cinevillastudios.com\/et\/","name":"Cinevilla Studio","description":"","publisher":{"@id":"https:\/\/cinevillastudios.com\/et\/#organization"},"potentialAction":[{"@type":"SearchAction","target":{"@type":"EntryPoint","urlTemplate":"https:\/\/cinevillastudios.com\/et\/?s={search_term_string}"},"query-input":{"@type":"PropertyValueSpecification","valueRequired":true,"valueName":"search_term_string"}}],"inLanguage":"et"},{"@type":"Organization","@id":"https:\/\/cinevillastudios.com\/et\/#organization","name":"Cinevilla Studio","url":"https:\/\/cinevillastudios.com\/et\/","logo":{"@type":"ImageObject","inLanguage":"et","@id":"https:\/\/cinevillastudios.com\/et\/#\/schema\/logo\/image\/","url":"https:\/\/cinevillastudios.com\/wp-content\/uploads\/2023\/08\/cinevilla-studio-logo-1.svg","contentUrl":"https:\/\/cinevillastudios.com\/wp-content\/uploads\/2023\/08\/cinevilla-studio-logo-1.svg","width":182,"height":144,"caption":"Cinevilla Studio"},"image":{"@id":"https:\/\/cinevillastudios.com\/et\/#\/schema\/logo\/image\/"},"sameAs":["https:\/\/www.facebook.com\/Cinevilla","https:\/\/www.instagram.com\/cinevillastudios\/"]}]}},"_links":{"self":[{"href":"https:\/\/cinevillastudios.com\/et\/wp-json\/wp\/v2\/product\/6378","targetHints":{"allow":["GET"]}}],"collection":[{"href":"https:\/\/cinevillastudios.com\/et\/wp-json\/wp\/v2\/product"}],"about":[{"href":"https:\/\/cinevillastudios.com\/et\/wp-json\/wp\/v2\/types\/product"}],"version-history":[{"count":0,"href":"https:\/\/cinevillastudios.com\/et\/wp-json\/wp\/v2\/product\/6378\/revisions"}],"wp:featuredmedia":[{"embeddable":true,"href":"https:\/\/cinevillastudios.com\/et\/wp-json\/wp\/v2\/media\/10298"}],"wp:attachment":[{"href":"https:\/\/cinevillastudios.com\/et\/wp-json\/wp\/v2\/media?parent=6378"}],"wp:term":[{"taxonomy":"product_brand","embeddable":true,"href":"https:\/\/cinevillastudios.com\/et\/wp-json\/wp\/v2\/product_brand?post=6378"},{"taxonomy":"product_cat","embeddable":true,"href":"https:\/\/cinevillastudios.com\/et\/wp-json\/wp\/v2\/product_cat?post=6378"},{"taxonomy":"product_tag","embeddable":true,"href":"https:\/\/cinevillastudios.com\/et\/wp-json\/wp\/v2\/product_tag?post=6378"}],"curies":[{"name":"wp","href":"https:\/\/api.w.org\/{rel}","templated":true}]}}