{"id":6171,"date":"2023-08-26T14:52:08","date_gmt":"2023-08-26T14:52:08","guid":{"rendered":"https:\/\/cinevillastudios.com\/cinevilla\/maaratlemata\/rongijaam-platvormi-komplekt\/"},"modified":"2024-10-03T19:59:57","modified_gmt":"2024-10-03T17:59:57","slug":"rongijaama-platvormi-komplekt","status":"publish","type":"product","link":"https:\/\/cinevillastudios.com\/et\/cinevilla\/territoorium-ja-rajatised\/komplektid\/rongijaama-platvormi-komplekt\/","title":{"rendered":"Rongijaam \/ platvormi v\u00f5tteplats"},"content":{"rendered":"\t\t<div data-elementor-type=\"product-post\" data-elementor-id=\"6171\" class=\"elementor elementor-6171 elementor-1302\" data-elementor-post-type=\"product\">\n\t\t\t\t<div class=\"elementor-element elementor-element-4811f25 e-flex e-con-boxed e-con e-parent\" data-id=\"4811f25\" data-element_type=\"container\" data-e-type=\"container\">\n\t\t\t\t\t<div class=\"e-con-inner\">\n\t\t\t\t<div class=\"elementor-element elementor-element-9583a72 elementor-position-inline-start elementor-view-default elementor-mobile-position-block-start elementor-widget elementor-widget-icon-box\" data-id=\"9583a72\" data-element_type=\"widget\" data-e-type=\"widget\" data-widget_type=\"icon-box.default\">\n\t\t\t\t<div class=\"elementor-widget-container\">\n\t\t\t\t\t\t\t<div class=\"elementor-icon-box-wrapper\">\n\n\t\t\t\t\t\t<div class=\"elementor-icon-box-icon\">\n\t\t\t\t<span  class=\"elementor-icon\">\n\t\t\t\t<i aria-hidden=\"true\" class=\"fas fa-ruler-combined\"><\/i>\t\t\t\t<\/span>\n\t\t\t<\/div>\n\t\t\t\n\t\t\t\t\t\t<div class=\"elementor-icon-box-content\">\n\n\t\t\t\t\t\t\t\t\t<h5 class=\"elementor-icon-box-title\">\n\t\t\t\t\t\t<span  >\n\t\t\t\t\t\t\tM\u00f5\u00f5tmed\t\t\t\t\t\t<\/span>\n\t\t\t\t\t<\/h5>\n\t\t\t\t\n\t\t\t\t\t\t\t\t\t<p class=\"elementor-icon-box-description\">\n\t\t\t\t\t\t60m (pikkus) x 10m (laius)\t\t\t\t\t<\/p>\n\t\t\t\t\n\t\t\t<\/div>\n\t\t\t\n\t\t<\/div>\n\t\t\t\t\t\t<\/div>\n\t\t\t\t<\/div>\n\t\t\t\t<div class=\"elementor-element elementor-element-ce9d132 elementor-position-inline-start elementor-view-default elementor-mobile-position-block-start elementor-widget elementor-widget-icon-box\" data-id=\"ce9d132\" data-element_type=\"widget\" data-e-type=\"widget\" data-widget_type=\"icon-box.default\">\n\t\t\t\t<div class=\"elementor-widget-container\">\n\t\t\t\t\t\t\t<div class=\"elementor-icon-box-wrapper\">\n\n\t\t\t\t\t\t<div class=\"elementor-icon-box-icon\">\n\t\t\t\t<span  class=\"elementor-icon\">\n\t\t\t\t<i aria-hidden=\"true\" class=\"fas fa-lightbulb\"><\/i>\t\t\t\t<\/span>\n\t\t\t<\/div>\n\t\t\t\n\t\t\t\t\t\t<div class=\"elementor-icon-box-content\">\n\n\t\t\t\t\t\t\t\t\t<h5 class=\"elementor-icon-box-title\">\n\t\t\t\t\t\t<span  >\n\t\t\t\t\t\t\tElekter\t\t\t\t\t\t<\/span>\n\t\t\t\t\t<\/h5>\n\t\t\t\t\n\t\t\t\t\t\t\t\t\t<p class=\"elementor-icon-box-description\">\n\t\t\t\t\t\t220V \/16A \/ 32A\t\t\t\t\t<\/p>\n\t\t\t\t\n\t\t\t<\/div>\n\t\t\t\n\t\t<\/div>\n\t\t\t\t\t\t<\/div>\n\t\t\t\t<\/div>\n\t\t\t\t\t<\/div>\n\t\t\t\t<\/div>\n\t\t\t\t<\/div>\n\t\t","protected":false},"excerpt":{"rendered":"<p>Rongijaam on m\u00f5juv taust, et n\u00e4idata p\u00f5neva loo algust v\u00f5i l\u00f5ppu. Sellel v\u00f5tteplatsil on osaliselt kaetud katusega betoonplatvorm ja puitfassaad. <\/p>\n","protected":false},"featured_media":11068,"template":"","meta":{"inline_featured_image":false},"product_brand":[],"product_cat":[122],"product_tag":[],"class_list":{"0":"post-6171","1":"product","2":"type-product","3":"status-publish","4":"has-post-thumbnail","6":"product_cat-komplektid","8":"first","9":"instock","10":"virtual","11":"product-type-simple"},"yoast_head":"<!-- This site is optimized with the Yoast SEO plugin v27.3 - https:\/\/yoast.com\/product\/yoast-seo-wordpress\/ -->\n<title>Rongijaam \/ platvormi v\u00f5tteplats - Cinevilla Studio<\/title>\n<meta name=\"robots\" content=\"index, follow, max-snippet:-1, max-image-preview:large, max-video-preview:-1\" \/>\n<link rel=\"canonical\" href=\"https:\/\/cinevillastudios.com\/et\/cinevilla\/territoorium-ja-rajatised\/komplektid\/rongijaama-platvormi-komplekt\/\" \/>\n<meta property=\"og:locale\" content=\"et_EE\" \/>\n<meta property=\"og:type\" content=\"article\" \/>\n<meta property=\"og:title\" content=\"Rongijaam \/ platvormi v\u00f5tteplats - Cinevilla Studio\" \/>\n<meta property=\"og:description\" content=\"Rongijaam on m\u00f5juv taust, et n\u00e4idata p\u00f5neva loo algust v\u00f5i l\u00f5ppu. Sellel v\u00f5tteplatsil on osaliselt kaetud katusega betoonplatvorm ja puitfassaad.\" \/>\n<meta property=\"og:url\" content=\"https:\/\/cinevillastudios.com\/et\/cinevilla\/territoorium-ja-rajatised\/komplektid\/rongijaama-platvormi-komplekt\/\" \/>\n<meta property=\"og:site_name\" content=\"Cinevilla Studio\" \/>\n<meta property=\"article:publisher\" content=\"https:\/\/www.facebook.com\/Cinevilla\" \/>\n<meta property=\"article:modified_time\" content=\"2024-10-03T17:59:57+00:00\" \/>\n<meta property=\"og:image\" content=\"https:\/\/cinevillastudios.com\/wp-content\/uploads\/2023\/08\/IMG_20230720_160333_00_proc.webp\" \/>\n\t<meta property=\"og:image:width\" content=\"1920\" \/>\n\t<meta property=\"og:image:height\" content=\"1080\" \/>\n\t<meta property=\"og:image:type\" content=\"image\/webp\" \/>\n<meta name=\"twitter:card\" content=\"summary_large_image\" \/>\n<script type=\"application\/ld+json\" class=\"yoast-schema-graph\">{\"@context\":\"https:\\\/\\\/schema.org\",\"@graph\":[{\"@type\":\"WebPage\",\"@id\":\"https:\\\/\\\/cinevillastudios.com\\\/et\\\/cinevilla\\\/territoorium-ja-rajatised\\\/komplektid\\\/rongijaama-platvormi-komplekt\\\/\",\"url\":\"https:\\\/\\\/cinevillastudios.com\\\/et\\\/cinevilla\\\/territoorium-ja-rajatised\\\/komplektid\\\/rongijaama-platvormi-komplekt\\\/\",\"name\":\"Rongijaam \\\/ platvormi v\u00f5tteplats - Cinevilla Studio\",\"isPartOf\":{\"@id\":\"https:\\\/\\\/cinevillastudios.com\\\/et\\\/#website\"},\"primaryImageOfPage\":{\"@id\":\"https:\\\/\\\/cinevillastudios.com\\\/et\\\/cinevilla\\\/territoorium-ja-rajatised\\\/komplektid\\\/rongijaama-platvormi-komplekt\\\/#primaryimage\"},\"image\":{\"@id\":\"https:\\\/\\\/cinevillastudios.com\\\/et\\\/cinevilla\\\/territoorium-ja-rajatised\\\/komplektid\\\/rongijaama-platvormi-komplekt\\\/#primaryimage\"},\"thumbnailUrl\":\"https:\\\/\\\/cinevillastudios.com\\\/wp-content\\\/uploads\\\/2023\\\/08\\\/IMG_20230720_160333_00_proc.webp\",\"datePublished\":\"2023-08-26T14:52:08+00:00\",\"dateModified\":\"2024-10-03T17:59:57+00:00\",\"breadcrumb\":{\"@id\":\"https:\\\/\\\/cinevillastudios.com\\\/et\\\/cinevilla\\\/territoorium-ja-rajatised\\\/komplektid\\\/rongijaama-platvormi-komplekt\\\/#breadcrumb\"},\"inLanguage\":\"et\",\"potentialAction\":[{\"@type\":\"ReadAction\",\"target\":[\"https:\\\/\\\/cinevillastudios.com\\\/et\\\/cinevilla\\\/territoorium-ja-rajatised\\\/komplektid\\\/rongijaama-platvormi-komplekt\\\/\"]}]},{\"@type\":\"ImageObject\",\"inLanguage\":\"et\",\"@id\":\"https:\\\/\\\/cinevillastudios.com\\\/et\\\/cinevilla\\\/territoorium-ja-rajatised\\\/komplektid\\\/rongijaama-platvormi-komplekt\\\/#primaryimage\",\"url\":\"https:\\\/\\\/cinevillastudios.com\\\/wp-content\\\/uploads\\\/2023\\\/08\\\/IMG_20230720_160333_00_proc.webp\",\"contentUrl\":\"https:\\\/\\\/cinevillastudios.com\\\/wp-content\\\/uploads\\\/2023\\\/08\\\/IMG_20230720_160333_00_proc.webp\",\"width\":1920,\"height\":1080},{\"@type\":\"BreadcrumbList\",\"@id\":\"https:\\\/\\\/cinevillastudios.com\\\/et\\\/cinevilla\\\/territoorium-ja-rajatised\\\/komplektid\\\/rongijaama-platvormi-komplekt\\\/#breadcrumb\",\"itemListElement\":[{\"@type\":\"ListItem\",\"position\":1,\"name\":\"Home\",\"item\":\"https:\\\/\\\/cinevillastudios.com\\\/et\\\/\"},{\"@type\":\"ListItem\",\"position\":2,\"name\":\"Shop\",\"item\":\"https:\\\/\\\/cinevillastudios.com\\\/et\\\/shop-2\\\/\"},{\"@type\":\"ListItem\",\"position\":3,\"name\":\"Rongijaam \\\/ platvormi v\u00f5tteplats\"}]},{\"@type\":\"WebSite\",\"@id\":\"https:\\\/\\\/cinevillastudios.com\\\/et\\\/#website\",\"url\":\"https:\\\/\\\/cinevillastudios.com\\\/et\\\/\",\"name\":\"Cinevilla Studio\",\"description\":\"\",\"publisher\":{\"@id\":\"https:\\\/\\\/cinevillastudios.com\\\/et\\\/#organization\"},\"potentialAction\":[{\"@type\":\"SearchAction\",\"target\":{\"@type\":\"EntryPoint\",\"urlTemplate\":\"https:\\\/\\\/cinevillastudios.com\\\/et\\\/?s={search_term_string}\"},\"query-input\":{\"@type\":\"PropertyValueSpecification\",\"valueRequired\":true,\"valueName\":\"search_term_string\"}}],\"inLanguage\":\"et\"},{\"@type\":\"Organization\",\"@id\":\"https:\\\/\\\/cinevillastudios.com\\\/et\\\/#organization\",\"name\":\"Cinevilla Studio\",\"url\":\"https:\\\/\\\/cinevillastudios.com\\\/et\\\/\",\"logo\":{\"@type\":\"ImageObject\",\"inLanguage\":\"et\",\"@id\":\"https:\\\/\\\/cinevillastudios.com\\\/et\\\/#\\\/schema\\\/logo\\\/image\\\/\",\"url\":\"https:\\\/\\\/cinevillastudios.com\\\/wp-content\\\/uploads\\\/2023\\\/08\\\/cinevilla-studio-logo-1.svg\",\"contentUrl\":\"https:\\\/\\\/cinevillastudios.com\\\/wp-content\\\/uploads\\\/2023\\\/08\\\/cinevilla-studio-logo-1.svg\",\"width\":182,\"height\":144,\"caption\":\"Cinevilla Studio\"},\"image\":{\"@id\":\"https:\\\/\\\/cinevillastudios.com\\\/et\\\/#\\\/schema\\\/logo\\\/image\\\/\"},\"sameAs\":[\"https:\\\/\\\/www.facebook.com\\\/Cinevilla\",\"https:\\\/\\\/www.instagram.com\\\/cinevillastudios\\\/\"]}]}<\/script>\n<!-- \/ Yoast SEO plugin. -->","yoast_head_json":{"title":"Rongijaam \/ platvormi v\u00f5tteplats - Cinevilla Studio","robots":{"index":"index","follow":"follow","max-snippet":"max-snippet:-1","max-image-preview":"max-image-preview:large","max-video-preview":"max-video-preview:-1"},"canonical":"https:\/\/cinevillastudios.com\/et\/cinevilla\/territoorium-ja-rajatised\/komplektid\/rongijaama-platvormi-komplekt\/","og_locale":"et_EE","og_type":"article","og_title":"Rongijaam \/ platvormi v\u00f5tteplats - Cinevilla Studio","og_description":"Rongijaam on m\u00f5juv taust, et n\u00e4idata p\u00f5neva loo algust v\u00f5i l\u00f5ppu. Sellel v\u00f5tteplatsil on osaliselt kaetud katusega betoonplatvorm ja puitfassaad.","og_url":"https:\/\/cinevillastudios.com\/et\/cinevilla\/territoorium-ja-rajatised\/komplektid\/rongijaama-platvormi-komplekt\/","og_site_name":"Cinevilla Studio","article_publisher":"https:\/\/www.facebook.com\/Cinevilla","article_modified_time":"2024-10-03T17:59:57+00:00","og_image":[{"width":1920,"height":1080,"url":"https:\/\/cinevillastudios.com\/wp-content\/uploads\/2023\/08\/IMG_20230720_160333_00_proc.webp","type":"image\/webp"}],"twitter_card":"summary_large_image","schema":{"@context":"https:\/\/schema.org","@graph":[{"@type":"WebPage","@id":"https:\/\/cinevillastudios.com\/et\/cinevilla\/territoorium-ja-rajatised\/komplektid\/rongijaama-platvormi-komplekt\/","url":"https:\/\/cinevillastudios.com\/et\/cinevilla\/territoorium-ja-rajatised\/komplektid\/rongijaama-platvormi-komplekt\/","name":"Rongijaam \/ platvormi v\u00f5tteplats - Cinevilla Studio","isPartOf":{"@id":"https:\/\/cinevillastudios.com\/et\/#website"},"primaryImageOfPage":{"@id":"https:\/\/cinevillastudios.com\/et\/cinevilla\/territoorium-ja-rajatised\/komplektid\/rongijaama-platvormi-komplekt\/#primaryimage"},"image":{"@id":"https:\/\/cinevillastudios.com\/et\/cinevilla\/territoorium-ja-rajatised\/komplektid\/rongijaama-platvormi-komplekt\/#primaryimage"},"thumbnailUrl":"https:\/\/cinevillastudios.com\/wp-content\/uploads\/2023\/08\/IMG_20230720_160333_00_proc.webp","datePublished":"2023-08-26T14:52:08+00:00","dateModified":"2024-10-03T17:59:57+00:00","breadcrumb":{"@id":"https:\/\/cinevillastudios.com\/et\/cinevilla\/territoorium-ja-rajatised\/komplektid\/rongijaama-platvormi-komplekt\/#breadcrumb"},"inLanguage":"et","potentialAction":[{"@type":"ReadAction","target":["https:\/\/cinevillastudios.com\/et\/cinevilla\/territoorium-ja-rajatised\/komplektid\/rongijaama-platvormi-komplekt\/"]}]},{"@type":"ImageObject","inLanguage":"et","@id":"https:\/\/cinevillastudios.com\/et\/cinevilla\/territoorium-ja-rajatised\/komplektid\/rongijaama-platvormi-komplekt\/#primaryimage","url":"https:\/\/cinevillastudios.com\/wp-content\/uploads\/2023\/08\/IMG_20230720_160333_00_proc.webp","contentUrl":"https:\/\/cinevillastudios.com\/wp-content\/uploads\/2023\/08\/IMG_20230720_160333_00_proc.webp","width":1920,"height":1080},{"@type":"BreadcrumbList","@id":"https:\/\/cinevillastudios.com\/et\/cinevilla\/territoorium-ja-rajatised\/komplektid\/rongijaama-platvormi-komplekt\/#breadcrumb","itemListElement":[{"@type":"ListItem","position":1,"name":"Home","item":"https:\/\/cinevillastudios.com\/et\/"},{"@type":"ListItem","position":2,"name":"Shop","item":"https:\/\/cinevillastudios.com\/et\/shop-2\/"},{"@type":"ListItem","position":3,"name":"Rongijaam \/ platvormi v\u00f5tteplats"}]},{"@type":"WebSite","@id":"https:\/\/cinevillastudios.com\/et\/#website","url":"https:\/\/cinevillastudios.com\/et\/","name":"Cinevilla Studio","description":"","publisher":{"@id":"https:\/\/cinevillastudios.com\/et\/#organization"},"potentialAction":[{"@type":"SearchAction","target":{"@type":"EntryPoint","urlTemplate":"https:\/\/cinevillastudios.com\/et\/?s={search_term_string}"},"query-input":{"@type":"PropertyValueSpecification","valueRequired":true,"valueName":"search_term_string"}}],"inLanguage":"et"},{"@type":"Organization","@id":"https:\/\/cinevillastudios.com\/et\/#organization","name":"Cinevilla Studio","url":"https:\/\/cinevillastudios.com\/et\/","logo":{"@type":"ImageObject","inLanguage":"et","@id":"https:\/\/cinevillastudios.com\/et\/#\/schema\/logo\/image\/","url":"https:\/\/cinevillastudios.com\/wp-content\/uploads\/2023\/08\/cinevilla-studio-logo-1.svg","contentUrl":"https:\/\/cinevillastudios.com\/wp-content\/uploads\/2023\/08\/cinevilla-studio-logo-1.svg","width":182,"height":144,"caption":"Cinevilla Studio"},"image":{"@id":"https:\/\/cinevillastudios.com\/et\/#\/schema\/logo\/image\/"},"sameAs":["https:\/\/www.facebook.com\/Cinevilla","https:\/\/www.instagram.com\/cinevillastudios\/"]}]}},"_links":{"self":[{"href":"https:\/\/cinevillastudios.com\/et\/wp-json\/wp\/v2\/product\/6171","targetHints":{"allow":["GET"]}}],"collection":[{"href":"https:\/\/cinevillastudios.com\/et\/wp-json\/wp\/v2\/product"}],"about":[{"href":"https:\/\/cinevillastudios.com\/et\/wp-json\/wp\/v2\/types\/product"}],"version-history":[{"count":0,"href":"https:\/\/cinevillastudios.com\/et\/wp-json\/wp\/v2\/product\/6171\/revisions"}],"wp:featuredmedia":[{"embeddable":true,"href":"https:\/\/cinevillastudios.com\/et\/wp-json\/wp\/v2\/media\/11068"}],"wp:attachment":[{"href":"https:\/\/cinevillastudios.com\/et\/wp-json\/wp\/v2\/media?parent=6171"}],"wp:term":[{"taxonomy":"product_brand","embeddable":true,"href":"https:\/\/cinevillastudios.com\/et\/wp-json\/wp\/v2\/product_brand?post=6171"},{"taxonomy":"product_cat","embeddable":true,"href":"https:\/\/cinevillastudios.com\/et\/wp-json\/wp\/v2\/product_cat?post=6171"},{"taxonomy":"product_tag","embeddable":true,"href":"https:\/\/cinevillastudios.com\/et\/wp-json\/wp\/v2\/product_tag?post=6171"}],"curies":[{"name":"wp","href":"https:\/\/api.w.org\/{rel}","templated":true}]}}