{"id":17134,"date":"2025-04-09T21:57:56","date_gmt":"2025-04-09T19:57:56","guid":{"rendered":"https:\/\/cinevillastudios.com\/cinevilla\/maaratlemata\/stuudio-game\/"},"modified":"2026-02-23T13:25:32","modified_gmt":"2026-02-23T11:25:32","slug":"stuudio-game","status":"publish","type":"product","link":"https:\/\/cinevillastudios.com\/et\/cinevilla\/pakendid\/kulastajatele\/stuudio-game\/","title":{"rendered":"Stuudio GAME"},"content":{"rendered":"<div style=\"display: flex; gap: 5px; align-items: left; justify-content: left; padding: 0px; flex-wrap: wrap;\"><a href=\"https:\/\/play.google.com\/store\/apps\/details?id=com.perspective.cinevilla&amp;pcampaignid=web_share\" target=\"_blank\" rel=\"noopener\"><br \/>\n<img decoding=\"async\" style=\"height: 30px; cursor: pointer;\" src=\"https:\/\/cinevillastudios.com\/wp-content\/uploads\/2025\/04\/LOGO_Google_Play.webp\" alt=\"Hankige see Google Play'st\"><br \/>\n<\/a><br \/>\n<a href=\"https:\/\/apps.apple.com\/lv\/app\/cinevilla-games\/id6743886888\" target=\"_blank\" rel=\"noopener\"><br \/>\n<img decoding=\"async\" style=\"height: 30px; cursor: pointer;\" src=\"https:\/\/cinevillastudios.com\/wp-content\/uploads\/2025\/04\/LOGO_App_Store.webp\" alt=\"Lae alla App Store'ist\"><br \/>\n<\/a><\/div>\n","protected":false},"excerpt":{"rendered":"<p><span style=\"font-weight: 400;\">UUS! \u00d5ppige tundma stsenograafiat kaasaegsel, digitaalsel viisil.  M\u00e4ngi oma mobiiltelefoni abil igal pool Cinevilla piirkonnas laiendatud reaalsuse stsenograafia m\u00e4ngu, v\u00e4rvides oma kujuteldavat Cinevilla stuudiot. J\u00e4\u00e4dvustage unikaalseid fotosid ja videoid oma sotsiaalmeedia jaoks. \u00c4rge unustage oma telefoni eelnevalt t\u00e4ielikult laadida v\u00f5i v\u00f5tke kaasa energiapank.  <\/span><\/p>\n","protected":false},"featured_media":15572,"template":"","meta":{"inline_featured_image":false},"product_brand":[],"product_cat":[277],"product_tag":[],"class_list":{"0":"post-17134","1":"product","2":"type-product","3":"status-publish","4":"has-post-thumbnail","6":"product_cat-kulastajatele","8":"first","9":"instock","10":"virtual","11":"purchasable","12":"product-type-simple"},"yoast_head":"<!-- This site is optimized with the Yoast SEO plugin v27.3 - https:\/\/yoast.com\/product\/yoast-seo-wordpress\/ -->\n<title>Stuudio GAME - Cinevilla Studio<\/title>\n<meta name=\"robots\" content=\"index, follow, max-snippet:-1, max-image-preview:large, max-video-preview:-1\" \/>\n<link rel=\"canonical\" href=\"https:\/\/cinevillastudios.com\/et\/cinevilla\/pakendid\/kulastajatele\/stuudio-game\/\" \/>\n<meta property=\"og:locale\" content=\"et_EE\" \/>\n<meta property=\"og:type\" content=\"article\" \/>\n<meta property=\"og:title\" content=\"Stuudio GAME - Cinevilla Studio\" \/>\n<meta property=\"og:description\" content=\"UUS! \u00d5ppige tundma stsenograafiat kaasaegsel, digitaalsel viisil. M\u00e4ngi oma mobiiltelefoni abil igal pool Cinevilla piirkonnas laiendatud reaalsuse stsenograafia m\u00e4ngu, v\u00e4rvides oma kujuteldavat Cinevilla stuudiot. J\u00e4\u00e4dvustage unikaalseid fotosid ja videoid oma sotsiaalmeedia jaoks. \u00c4rge unustage oma telefoni eelnevalt t\u00e4ielikult laadida v\u00f5i v\u00f5tke kaasa energiapank.\" \/>\n<meta property=\"og:url\" content=\"https:\/\/cinevillastudios.com\/et\/cinevilla\/pakendid\/kulastajatele\/stuudio-game\/\" \/>\n<meta property=\"og:site_name\" content=\"Cinevilla Studio\" \/>\n<meta property=\"article:publisher\" content=\"https:\/\/www.facebook.com\/Cinevilla\" \/>\n<meta property=\"article:modified_time\" content=\"2026-02-23T11:25:32+00:00\" \/>\n<meta property=\"og:image\" content=\"https:\/\/cinevillastudios.com\/wp-content\/uploads\/2025\/04\/WEB_Titullapas_STUDIO.webp\" \/>\n\t<meta property=\"og:image:width\" content=\"960\" \/>\n\t<meta property=\"og:image:height\" content=\"960\" \/>\n\t<meta property=\"og:image:type\" content=\"image\/webp\" \/>\n<meta name=\"twitter:card\" content=\"summary_large_image\" \/>\n<script type=\"application\/ld+json\" class=\"yoast-schema-graph\">{\"@context\":\"https:\\\/\\\/schema.org\",\"@graph\":[{\"@type\":\"WebPage\",\"@id\":\"https:\\\/\\\/cinevillastudios.com\\\/et\\\/cinevilla\\\/pakendid\\\/kulastajatele\\\/stuudio-game\\\/\",\"url\":\"https:\\\/\\\/cinevillastudios.com\\\/et\\\/cinevilla\\\/pakendid\\\/kulastajatele\\\/stuudio-game\\\/\",\"name\":\"Stuudio GAME - Cinevilla Studio\",\"isPartOf\":{\"@id\":\"https:\\\/\\\/cinevillastudios.com\\\/et\\\/#website\"},\"primaryImageOfPage\":{\"@id\":\"https:\\\/\\\/cinevillastudios.com\\\/et\\\/cinevilla\\\/pakendid\\\/kulastajatele\\\/stuudio-game\\\/#primaryimage\"},\"image\":{\"@id\":\"https:\\\/\\\/cinevillastudios.com\\\/et\\\/cinevilla\\\/pakendid\\\/kulastajatele\\\/stuudio-game\\\/#primaryimage\"},\"thumbnailUrl\":\"https:\\\/\\\/cinevillastudios.com\\\/wp-content\\\/uploads\\\/2025\\\/04\\\/WEB_Titullapas_STUDIO.webp\",\"datePublished\":\"2025-04-09T19:57:56+00:00\",\"dateModified\":\"2026-02-23T11:25:32+00:00\",\"breadcrumb\":{\"@id\":\"https:\\\/\\\/cinevillastudios.com\\\/et\\\/cinevilla\\\/pakendid\\\/kulastajatele\\\/stuudio-game\\\/#breadcrumb\"},\"inLanguage\":\"et\",\"potentialAction\":[{\"@type\":\"ReadAction\",\"target\":[\"https:\\\/\\\/cinevillastudios.com\\\/et\\\/cinevilla\\\/pakendid\\\/kulastajatele\\\/stuudio-game\\\/\"]}]},{\"@type\":\"ImageObject\",\"inLanguage\":\"et\",\"@id\":\"https:\\\/\\\/cinevillastudios.com\\\/et\\\/cinevilla\\\/pakendid\\\/kulastajatele\\\/stuudio-game\\\/#primaryimage\",\"url\":\"https:\\\/\\\/cinevillastudios.com\\\/wp-content\\\/uploads\\\/2025\\\/04\\\/WEB_Titullapas_STUDIO.webp\",\"contentUrl\":\"https:\\\/\\\/cinevillastudios.com\\\/wp-content\\\/uploads\\\/2025\\\/04\\\/WEB_Titullapas_STUDIO.webp\",\"width\":960,\"height\":960,\"caption\":\"UUS! \u00d5ppige tundma stsenograafiat kaasaegsel, digitaalsel viisil. M\u00e4ngi oma mobiiltelefoni abil igal pool Cinevilla piirkonnas laiendatud reaalsuse stsenograafia m\u00e4ngu, v\u00e4rvides oma kujuteldava Cinevilla stuudio. J\u00e4\u00e4dvustage unikaalseid fotosid ja videoid oma sotsiaalmeedia jaoks. \u00c4rge unustage oma telefoni eelnevalt t\u00e4ielikult laadida v\u00f5i v\u00f5tke kaasa energiapank.\"},{\"@type\":\"BreadcrumbList\",\"@id\":\"https:\\\/\\\/cinevillastudios.com\\\/et\\\/cinevilla\\\/pakendid\\\/kulastajatele\\\/stuudio-game\\\/#breadcrumb\",\"itemListElement\":[{\"@type\":\"ListItem\",\"position\":1,\"name\":\"Home\",\"item\":\"https:\\\/\\\/cinevillastudios.com\\\/et\\\/\"},{\"@type\":\"ListItem\",\"position\":2,\"name\":\"Shop\",\"item\":\"https:\\\/\\\/cinevillastudios.com\\\/et\\\/shop-2\\\/\"},{\"@type\":\"ListItem\",\"position\":3,\"name\":\"Stuudio GAME\"}]},{\"@type\":\"WebSite\",\"@id\":\"https:\\\/\\\/cinevillastudios.com\\\/et\\\/#website\",\"url\":\"https:\\\/\\\/cinevillastudios.com\\\/et\\\/\",\"name\":\"Cinevilla Studio\",\"description\":\"\",\"publisher\":{\"@id\":\"https:\\\/\\\/cinevillastudios.com\\\/et\\\/#organization\"},\"potentialAction\":[{\"@type\":\"SearchAction\",\"target\":{\"@type\":\"EntryPoint\",\"urlTemplate\":\"https:\\\/\\\/cinevillastudios.com\\\/et\\\/?s={search_term_string}\"},\"query-input\":{\"@type\":\"PropertyValueSpecification\",\"valueRequired\":true,\"valueName\":\"search_term_string\"}}],\"inLanguage\":\"et\"},{\"@type\":\"Organization\",\"@id\":\"https:\\\/\\\/cinevillastudios.com\\\/et\\\/#organization\",\"name\":\"Cinevilla Studio\",\"url\":\"https:\\\/\\\/cinevillastudios.com\\\/et\\\/\",\"logo\":{\"@type\":\"ImageObject\",\"inLanguage\":\"et\",\"@id\":\"https:\\\/\\\/cinevillastudios.com\\\/et\\\/#\\\/schema\\\/logo\\\/image\\\/\",\"url\":\"https:\\\/\\\/cinevillastudios.com\\\/wp-content\\\/uploads\\\/2023\\\/08\\\/cinevilla-studio-logo-1.svg\",\"contentUrl\":\"https:\\\/\\\/cinevillastudios.com\\\/wp-content\\\/uploads\\\/2023\\\/08\\\/cinevilla-studio-logo-1.svg\",\"width\":182,\"height\":144,\"caption\":\"Cinevilla Studio\"},\"image\":{\"@id\":\"https:\\\/\\\/cinevillastudios.com\\\/et\\\/#\\\/schema\\\/logo\\\/image\\\/\"},\"sameAs\":[\"https:\\\/\\\/www.facebook.com\\\/Cinevilla\",\"https:\\\/\\\/www.instagram.com\\\/cinevillastudios\\\/\"]}]}<\/script>\n<!-- \/ Yoast SEO plugin. -->","yoast_head_json":{"title":"Stuudio GAME - Cinevilla Studio","robots":{"index":"index","follow":"follow","max-snippet":"max-snippet:-1","max-image-preview":"max-image-preview:large","max-video-preview":"max-video-preview:-1"},"canonical":"https:\/\/cinevillastudios.com\/et\/cinevilla\/pakendid\/kulastajatele\/stuudio-game\/","og_locale":"et_EE","og_type":"article","og_title":"Stuudio GAME - Cinevilla Studio","og_description":"UUS! \u00d5ppige tundma stsenograafiat kaasaegsel, digitaalsel viisil. M\u00e4ngi oma mobiiltelefoni abil igal pool Cinevilla piirkonnas laiendatud reaalsuse stsenograafia m\u00e4ngu, v\u00e4rvides oma kujuteldavat Cinevilla stuudiot. J\u00e4\u00e4dvustage unikaalseid fotosid ja videoid oma sotsiaalmeedia jaoks. \u00c4rge unustage oma telefoni eelnevalt t\u00e4ielikult laadida v\u00f5i v\u00f5tke kaasa energiapank.","og_url":"https:\/\/cinevillastudios.com\/et\/cinevilla\/pakendid\/kulastajatele\/stuudio-game\/","og_site_name":"Cinevilla Studio","article_publisher":"https:\/\/www.facebook.com\/Cinevilla","article_modified_time":"2026-02-23T11:25:32+00:00","og_image":[{"width":960,"height":960,"url":"https:\/\/cinevillastudios.com\/wp-content\/uploads\/2025\/04\/WEB_Titullapas_STUDIO.webp","type":"image\/webp"}],"twitter_card":"summary_large_image","schema":{"@context":"https:\/\/schema.org","@graph":[{"@type":"WebPage","@id":"https:\/\/cinevillastudios.com\/et\/cinevilla\/pakendid\/kulastajatele\/stuudio-game\/","url":"https:\/\/cinevillastudios.com\/et\/cinevilla\/pakendid\/kulastajatele\/stuudio-game\/","name":"Stuudio GAME - Cinevilla Studio","isPartOf":{"@id":"https:\/\/cinevillastudios.com\/et\/#website"},"primaryImageOfPage":{"@id":"https:\/\/cinevillastudios.com\/et\/cinevilla\/pakendid\/kulastajatele\/stuudio-game\/#primaryimage"},"image":{"@id":"https:\/\/cinevillastudios.com\/et\/cinevilla\/pakendid\/kulastajatele\/stuudio-game\/#primaryimage"},"thumbnailUrl":"https:\/\/cinevillastudios.com\/wp-content\/uploads\/2025\/04\/WEB_Titullapas_STUDIO.webp","datePublished":"2025-04-09T19:57:56+00:00","dateModified":"2026-02-23T11:25:32+00:00","breadcrumb":{"@id":"https:\/\/cinevillastudios.com\/et\/cinevilla\/pakendid\/kulastajatele\/stuudio-game\/#breadcrumb"},"inLanguage":"et","potentialAction":[{"@type":"ReadAction","target":["https:\/\/cinevillastudios.com\/et\/cinevilla\/pakendid\/kulastajatele\/stuudio-game\/"]}]},{"@type":"ImageObject","inLanguage":"et","@id":"https:\/\/cinevillastudios.com\/et\/cinevilla\/pakendid\/kulastajatele\/stuudio-game\/#primaryimage","url":"https:\/\/cinevillastudios.com\/wp-content\/uploads\/2025\/04\/WEB_Titullapas_STUDIO.webp","contentUrl":"https:\/\/cinevillastudios.com\/wp-content\/uploads\/2025\/04\/WEB_Titullapas_STUDIO.webp","width":960,"height":960,"caption":"UUS! \u00d5ppige tundma stsenograafiat kaasaegsel, digitaalsel viisil. M\u00e4ngi oma mobiiltelefoni abil igal pool Cinevilla piirkonnas laiendatud reaalsuse stsenograafia m\u00e4ngu, v\u00e4rvides oma kujuteldava Cinevilla stuudio. J\u00e4\u00e4dvustage unikaalseid fotosid ja videoid oma sotsiaalmeedia jaoks. \u00c4rge unustage oma telefoni eelnevalt t\u00e4ielikult laadida v\u00f5i v\u00f5tke kaasa energiapank."},{"@type":"BreadcrumbList","@id":"https:\/\/cinevillastudios.com\/et\/cinevilla\/pakendid\/kulastajatele\/stuudio-game\/#breadcrumb","itemListElement":[{"@type":"ListItem","position":1,"name":"Home","item":"https:\/\/cinevillastudios.com\/et\/"},{"@type":"ListItem","position":2,"name":"Shop","item":"https:\/\/cinevillastudios.com\/et\/shop-2\/"},{"@type":"ListItem","position":3,"name":"Stuudio GAME"}]},{"@type":"WebSite","@id":"https:\/\/cinevillastudios.com\/et\/#website","url":"https:\/\/cinevillastudios.com\/et\/","name":"Cinevilla Studio","description":"","publisher":{"@id":"https:\/\/cinevillastudios.com\/et\/#organization"},"potentialAction":[{"@type":"SearchAction","target":{"@type":"EntryPoint","urlTemplate":"https:\/\/cinevillastudios.com\/et\/?s={search_term_string}"},"query-input":{"@type":"PropertyValueSpecification","valueRequired":true,"valueName":"search_term_string"}}],"inLanguage":"et"},{"@type":"Organization","@id":"https:\/\/cinevillastudios.com\/et\/#organization","name":"Cinevilla Studio","url":"https:\/\/cinevillastudios.com\/et\/","logo":{"@type":"ImageObject","inLanguage":"et","@id":"https:\/\/cinevillastudios.com\/et\/#\/schema\/logo\/image\/","url":"https:\/\/cinevillastudios.com\/wp-content\/uploads\/2023\/08\/cinevilla-studio-logo-1.svg","contentUrl":"https:\/\/cinevillastudios.com\/wp-content\/uploads\/2023\/08\/cinevilla-studio-logo-1.svg","width":182,"height":144,"caption":"Cinevilla Studio"},"image":{"@id":"https:\/\/cinevillastudios.com\/et\/#\/schema\/logo\/image\/"},"sameAs":["https:\/\/www.facebook.com\/Cinevilla","https:\/\/www.instagram.com\/cinevillastudios\/"]}]}},"_links":{"self":[{"href":"https:\/\/cinevillastudios.com\/et\/wp-json\/wp\/v2\/product\/17134","targetHints":{"allow":["GET"]}}],"collection":[{"href":"https:\/\/cinevillastudios.com\/et\/wp-json\/wp\/v2\/product"}],"about":[{"href":"https:\/\/cinevillastudios.com\/et\/wp-json\/wp\/v2\/types\/product"}],"version-history":[{"count":1,"href":"https:\/\/cinevillastudios.com\/et\/wp-json\/wp\/v2\/product\/17134\/revisions"}],"predecessor-version":[{"id":17137,"href":"https:\/\/cinevillastudios.com\/et\/wp-json\/wp\/v2\/product\/17134\/revisions\/17137"}],"wp:featuredmedia":[{"embeddable":true,"href":"https:\/\/cinevillastudios.com\/et\/wp-json\/wp\/v2\/media\/15572"}],"wp:attachment":[{"href":"https:\/\/cinevillastudios.com\/et\/wp-json\/wp\/v2\/media?parent=17134"}],"wp:term":[{"taxonomy":"product_brand","embeddable":true,"href":"https:\/\/cinevillastudios.com\/et\/wp-json\/wp\/v2\/product_brand?post=17134"},{"taxonomy":"product_cat","embeddable":true,"href":"https:\/\/cinevillastudios.com\/et\/wp-json\/wp\/v2\/product_cat?post=17134"},{"taxonomy":"product_tag","embeddable":true,"href":"https:\/\/cinevillastudios.com\/et\/wp-json\/wp\/v2\/product_tag?post=17134"}],"curies":[{"name":"wp","href":"https:\/\/api.w.org\/{rel}","templated":true}]}}