{"id":17129,"date":"2025-04-09T21:49:42","date_gmt":"2025-04-09T19:49:42","guid":{"rendered":"https:\/\/cinevillastudios.com\/cinevilla\/maaratlemata\/marsruudi-mang\/"},"modified":"2026-02-23T13:25:27","modified_gmt":"2026-02-23T11:25:27","slug":"marsruudi-mang","status":"publish","type":"product","link":"https:\/\/cinevillastudios.com\/et\/cinevilla\/pakendid\/kulastajatele\/marsruudi-mang\/","title":{"rendered":"Marsruudi m\u00e4ng"},"content":{"rendered":"<div style=\"display: flex; gap: 5px; align-items: left; justify-content: left; padding: 0px; flex-wrap: wrap;\"><a href=\"https:\/\/play.google.com\/store\/apps\/details?id=com.perspective.cinevilla&amp;pcampaignid=web_share\" target=\"_blank\" rel=\"noopener\"><br \/>\n<img decoding=\"async\" style=\"height: 30px; cursor: pointer;\" src=\"https:\/\/cinevillastudios.com\/wp-content\/uploads\/2025\/04\/LOGO_Google_Play.webp\" alt=\"Hankige see Google Play'st\"><br \/>\n<\/a><br \/>\n<a href=\"https:\/\/apps.apple.com\/lv\/app\/cinevilla-games\/id6743886888\" target=\"_blank\" rel=\"noopener\"><br \/>\n<img decoding=\"async\" style=\"height: 30px; cursor: pointer;\" src=\"https:\/\/cinevillastudios.com\/wp-content\/uploads\/2025\/04\/LOGO_App_Store.webp\" alt=\"Lae alla App Store'ist\"><br \/>\n<\/a><\/div>\n","protected":false},"excerpt":{"rendered":"<p>UUS! Avasta Cinevilla filmiparki t\u00e4iesti uuel digitaalsel viisil. M\u00e4ngi mobiiltelefoni abil kogu Cinevilla territooriumil laiendatud reaalsuse orienteerumism\u00e4ngu. Avastage ja j\u00e4\u00e4dvustage koos Cinevilla maskoti &#8211; t\u00fcdrukuga &#8211; ainulaadseid fotosid ja videoid vaba\u00f5hudekoratsioonidelt oma sotsiaalmeedia jaoks. \u00c4rge unustage oma telefoni eelnevalt t\u00e4ielikult laadida v\u00f5i v\u00f5tke kaasa energiapank.<\/p>\n","protected":false},"featured_media":15549,"template":"","meta":{"inline_featured_image":false},"product_brand":[],"product_cat":[277],"product_tag":[],"class_list":{"0":"post-17129","1":"product","2":"type-product","3":"status-publish","4":"has-post-thumbnail","6":"product_cat-kulastajatele","8":"first","9":"instock","10":"virtual","11":"purchasable","12":"product-type-simple"},"yoast_head":"<!-- This site is optimized with the Yoast SEO plugin v27.4 - https:\/\/yoast.com\/product\/yoast-seo-wordpress\/ -->\n<title>Marsruudi m\u00e4ng - Cinevilla Studio<\/title>\n<meta name=\"robots\" content=\"index, follow, max-snippet:-1, max-image-preview:large, max-video-preview:-1\" \/>\n<link rel=\"canonical\" href=\"https:\/\/cinevillastudios.com\/et\/cinevilla\/pakendid\/kulastajatele\/marsruudi-mang\/\" \/>\n<meta property=\"og:locale\" content=\"et_EE\" \/>\n<meta property=\"og:type\" content=\"article\" \/>\n<meta property=\"og:title\" content=\"Marsruudi m\u00e4ng - Cinevilla Studio\" \/>\n<meta property=\"og:description\" content=\"UUS! Avasta Cinevilla filmiparki t\u00e4iesti uuel digitaalsel viisil. M\u00e4ngi mobiiltelefoni abil kogu Cinevilla territooriumil laiendatud reaalsuse orienteerumism\u00e4ngu. Avastage ja j\u00e4\u00e4dvustage koos Cinevilla maskoti - t\u00fcdrukuga - ainulaadseid fotosid ja videoid vaba\u00f5hudekoratsioonidelt oma sotsiaalmeedia jaoks. \u00c4rge unustage oma telefoni eelnevalt t\u00e4ielikult laadida v\u00f5i v\u00f5tke kaasa energiapank.\" \/>\n<meta property=\"og:url\" content=\"https:\/\/cinevillastudios.com\/et\/cinevilla\/pakendid\/kulastajatele\/marsruudi-mang\/\" \/>\n<meta property=\"og:site_name\" content=\"Cinevilla Studio\" \/>\n<meta property=\"article:publisher\" content=\"https:\/\/www.facebook.com\/Cinevilla\" \/>\n<meta property=\"article:modified_time\" content=\"2026-02-23T11:25:27+00:00\" \/>\n<meta property=\"og:image\" content=\"https:\/\/cinevillastudios.com\/wp-content\/uploads\/2025\/04\/WEB_Titullapas_ROUTE.webp\" \/>\n\t<meta property=\"og:image:width\" content=\"960\" \/>\n\t<meta property=\"og:image:height\" content=\"960\" \/>\n\t<meta property=\"og:image:type\" content=\"image\/webp\" \/>\n<meta name=\"twitter:card\" content=\"summary_large_image\" \/>\n<script type=\"application\/ld+json\" class=\"yoast-schema-graph\">{\"@context\":\"https:\\\/\\\/schema.org\",\"@graph\":[{\"@type\":\"WebPage\",\"@id\":\"https:\\\/\\\/cinevillastudios.com\\\/et\\\/cinevilla\\\/pakendid\\\/kulastajatele\\\/marsruudi-mang\\\/\",\"url\":\"https:\\\/\\\/cinevillastudios.com\\\/et\\\/cinevilla\\\/pakendid\\\/kulastajatele\\\/marsruudi-mang\\\/\",\"name\":\"Marsruudi m\u00e4ng - Cinevilla Studio\",\"isPartOf\":{\"@id\":\"https:\\\/\\\/cinevillastudios.com\\\/et\\\/#website\"},\"primaryImageOfPage\":{\"@id\":\"https:\\\/\\\/cinevillastudios.com\\\/et\\\/cinevilla\\\/pakendid\\\/kulastajatele\\\/marsruudi-mang\\\/#primaryimage\"},\"image\":{\"@id\":\"https:\\\/\\\/cinevillastudios.com\\\/et\\\/cinevilla\\\/pakendid\\\/kulastajatele\\\/marsruudi-mang\\\/#primaryimage\"},\"thumbnailUrl\":\"https:\\\/\\\/cinevillastudios.com\\\/wp-content\\\/uploads\\\/2025\\\/04\\\/WEB_Titullapas_ROUTE.webp\",\"datePublished\":\"2025-04-09T19:49:42+00:00\",\"dateModified\":\"2026-02-23T11:25:27+00:00\",\"breadcrumb\":{\"@id\":\"https:\\\/\\\/cinevillastudios.com\\\/et\\\/cinevilla\\\/pakendid\\\/kulastajatele\\\/marsruudi-mang\\\/#breadcrumb\"},\"inLanguage\":\"et\",\"potentialAction\":[{\"@type\":\"ReadAction\",\"target\":[\"https:\\\/\\\/cinevillastudios.com\\\/et\\\/cinevilla\\\/pakendid\\\/kulastajatele\\\/marsruudi-mang\\\/\"]}]},{\"@type\":\"ImageObject\",\"inLanguage\":\"et\",\"@id\":\"https:\\\/\\\/cinevillastudios.com\\\/et\\\/cinevilla\\\/pakendid\\\/kulastajatele\\\/marsruudi-mang\\\/#primaryimage\",\"url\":\"https:\\\/\\\/cinevillastudios.com\\\/wp-content\\\/uploads\\\/2025\\\/04\\\/WEB_Titullapas_ROUTE.webp\",\"contentUrl\":\"https:\\\/\\\/cinevillastudios.com\\\/wp-content\\\/uploads\\\/2025\\\/04\\\/WEB_Titullapas_ROUTE.webp\",\"width\":960,\"height\":960,\"caption\":\"UUS! Avasta Cinevilla filmiparki t\u00e4iesti uuel digitaalsel viisil. M\u00e4ngi mobiiltelefoni abil kogu Cinevilla territooriumil laiendatud reaalsuse orienteerumism\u00e4ngu. Avastage ja j\u00e4\u00e4dvustage koos Cinevilla maskoti - t\u00fcdrukuga - ainulaadseid fotosid ja videoid vaba\u00f5hudekoratsioonidelt oma sotsiaalmeedia jaoks. \u00c4rge unustage oma telefoni eelnevalt t\u00e4ielikult laadida v\u00f5i v\u00f5tke kaasa energiapank.\"},{\"@type\":\"BreadcrumbList\",\"@id\":\"https:\\\/\\\/cinevillastudios.com\\\/et\\\/cinevilla\\\/pakendid\\\/kulastajatele\\\/marsruudi-mang\\\/#breadcrumb\",\"itemListElement\":[{\"@type\":\"ListItem\",\"position\":1,\"name\":\"Home\",\"item\":\"https:\\\/\\\/cinevillastudios.com\\\/et\\\/\"},{\"@type\":\"ListItem\",\"position\":2,\"name\":\"Shop\",\"item\":\"https:\\\/\\\/cinevillastudios.com\\\/et\\\/shop-2\\\/\"},{\"@type\":\"ListItem\",\"position\":3,\"name\":\"Marsruudi m\u00e4ng\"}]},{\"@type\":\"WebSite\",\"@id\":\"https:\\\/\\\/cinevillastudios.com\\\/et\\\/#website\",\"url\":\"https:\\\/\\\/cinevillastudios.com\\\/et\\\/\",\"name\":\"Cinevilla Studio\",\"description\":\"\",\"publisher\":{\"@id\":\"https:\\\/\\\/cinevillastudios.com\\\/et\\\/#organization\"},\"potentialAction\":[{\"@type\":\"SearchAction\",\"target\":{\"@type\":\"EntryPoint\",\"urlTemplate\":\"https:\\\/\\\/cinevillastudios.com\\\/et\\\/?s={search_term_string}\"},\"query-input\":{\"@type\":\"PropertyValueSpecification\",\"valueRequired\":true,\"valueName\":\"search_term_string\"}}],\"inLanguage\":\"et\"},{\"@type\":\"Organization\",\"@id\":\"https:\\\/\\\/cinevillastudios.com\\\/et\\\/#organization\",\"name\":\"Cinevilla Studio\",\"url\":\"https:\\\/\\\/cinevillastudios.com\\\/et\\\/\",\"logo\":{\"@type\":\"ImageObject\",\"inLanguage\":\"et\",\"@id\":\"https:\\\/\\\/cinevillastudios.com\\\/et\\\/#\\\/schema\\\/logo\\\/image\\\/\",\"url\":\"https:\\\/\\\/cinevillastudios.com\\\/wp-content\\\/uploads\\\/2023\\\/08\\\/cinevilla-studio-logo-1.svg\",\"contentUrl\":\"https:\\\/\\\/cinevillastudios.com\\\/wp-content\\\/uploads\\\/2023\\\/08\\\/cinevilla-studio-logo-1.svg\",\"width\":182,\"height\":144,\"caption\":\"Cinevilla Studio\"},\"image\":{\"@id\":\"https:\\\/\\\/cinevillastudios.com\\\/et\\\/#\\\/schema\\\/logo\\\/image\\\/\"},\"sameAs\":[\"https:\\\/\\\/www.facebook.com\\\/Cinevilla\",\"https:\\\/\\\/www.instagram.com\\\/cinevillastudios\\\/\"]}]}<\/script>\n<!-- \/ Yoast SEO plugin. -->","yoast_head_json":{"title":"Marsruudi m\u00e4ng - Cinevilla Studio","robots":{"index":"index","follow":"follow","max-snippet":"max-snippet:-1","max-image-preview":"max-image-preview:large","max-video-preview":"max-video-preview:-1"},"canonical":"https:\/\/cinevillastudios.com\/et\/cinevilla\/pakendid\/kulastajatele\/marsruudi-mang\/","og_locale":"et_EE","og_type":"article","og_title":"Marsruudi m\u00e4ng - Cinevilla Studio","og_description":"UUS! Avasta Cinevilla filmiparki t\u00e4iesti uuel digitaalsel viisil. M\u00e4ngi mobiiltelefoni abil kogu Cinevilla territooriumil laiendatud reaalsuse orienteerumism\u00e4ngu. Avastage ja j\u00e4\u00e4dvustage koos Cinevilla maskoti - t\u00fcdrukuga - ainulaadseid fotosid ja videoid vaba\u00f5hudekoratsioonidelt oma sotsiaalmeedia jaoks. \u00c4rge unustage oma telefoni eelnevalt t\u00e4ielikult laadida v\u00f5i v\u00f5tke kaasa energiapank.","og_url":"https:\/\/cinevillastudios.com\/et\/cinevilla\/pakendid\/kulastajatele\/marsruudi-mang\/","og_site_name":"Cinevilla Studio","article_publisher":"https:\/\/www.facebook.com\/Cinevilla","article_modified_time":"2026-02-23T11:25:27+00:00","og_image":[{"width":960,"height":960,"url":"https:\/\/cinevillastudios.com\/wp-content\/uploads\/2025\/04\/WEB_Titullapas_ROUTE.webp","type":"image\/webp"}],"twitter_card":"summary_large_image","schema":{"@context":"https:\/\/schema.org","@graph":[{"@type":"WebPage","@id":"https:\/\/cinevillastudios.com\/et\/cinevilla\/pakendid\/kulastajatele\/marsruudi-mang\/","url":"https:\/\/cinevillastudios.com\/et\/cinevilla\/pakendid\/kulastajatele\/marsruudi-mang\/","name":"Marsruudi m\u00e4ng - Cinevilla Studio","isPartOf":{"@id":"https:\/\/cinevillastudios.com\/et\/#website"},"primaryImageOfPage":{"@id":"https:\/\/cinevillastudios.com\/et\/cinevilla\/pakendid\/kulastajatele\/marsruudi-mang\/#primaryimage"},"image":{"@id":"https:\/\/cinevillastudios.com\/et\/cinevilla\/pakendid\/kulastajatele\/marsruudi-mang\/#primaryimage"},"thumbnailUrl":"https:\/\/cinevillastudios.com\/wp-content\/uploads\/2025\/04\/WEB_Titullapas_ROUTE.webp","datePublished":"2025-04-09T19:49:42+00:00","dateModified":"2026-02-23T11:25:27+00:00","breadcrumb":{"@id":"https:\/\/cinevillastudios.com\/et\/cinevilla\/pakendid\/kulastajatele\/marsruudi-mang\/#breadcrumb"},"inLanguage":"et","potentialAction":[{"@type":"ReadAction","target":["https:\/\/cinevillastudios.com\/et\/cinevilla\/pakendid\/kulastajatele\/marsruudi-mang\/"]}]},{"@type":"ImageObject","inLanguage":"et","@id":"https:\/\/cinevillastudios.com\/et\/cinevilla\/pakendid\/kulastajatele\/marsruudi-mang\/#primaryimage","url":"https:\/\/cinevillastudios.com\/wp-content\/uploads\/2025\/04\/WEB_Titullapas_ROUTE.webp","contentUrl":"https:\/\/cinevillastudios.com\/wp-content\/uploads\/2025\/04\/WEB_Titullapas_ROUTE.webp","width":960,"height":960,"caption":"UUS! Avasta Cinevilla filmiparki t\u00e4iesti uuel digitaalsel viisil. M\u00e4ngi mobiiltelefoni abil kogu Cinevilla territooriumil laiendatud reaalsuse orienteerumism\u00e4ngu. Avastage ja j\u00e4\u00e4dvustage koos Cinevilla maskoti - t\u00fcdrukuga - ainulaadseid fotosid ja videoid vaba\u00f5hudekoratsioonidelt oma sotsiaalmeedia jaoks. \u00c4rge unustage oma telefoni eelnevalt t\u00e4ielikult laadida v\u00f5i v\u00f5tke kaasa energiapank."},{"@type":"BreadcrumbList","@id":"https:\/\/cinevillastudios.com\/et\/cinevilla\/pakendid\/kulastajatele\/marsruudi-mang\/#breadcrumb","itemListElement":[{"@type":"ListItem","position":1,"name":"Home","item":"https:\/\/cinevillastudios.com\/et\/"},{"@type":"ListItem","position":2,"name":"Shop","item":"https:\/\/cinevillastudios.com\/et\/shop-2\/"},{"@type":"ListItem","position":3,"name":"Marsruudi m\u00e4ng"}]},{"@type":"WebSite","@id":"https:\/\/cinevillastudios.com\/et\/#website","url":"https:\/\/cinevillastudios.com\/et\/","name":"Cinevilla Studio","description":"","publisher":{"@id":"https:\/\/cinevillastudios.com\/et\/#organization"},"potentialAction":[{"@type":"SearchAction","target":{"@type":"EntryPoint","urlTemplate":"https:\/\/cinevillastudios.com\/et\/?s={search_term_string}"},"query-input":{"@type":"PropertyValueSpecification","valueRequired":true,"valueName":"search_term_string"}}],"inLanguage":"et"},{"@type":"Organization","@id":"https:\/\/cinevillastudios.com\/et\/#organization","name":"Cinevilla Studio","url":"https:\/\/cinevillastudios.com\/et\/","logo":{"@type":"ImageObject","inLanguage":"et","@id":"https:\/\/cinevillastudios.com\/et\/#\/schema\/logo\/image\/","url":"https:\/\/cinevillastudios.com\/wp-content\/uploads\/2023\/08\/cinevilla-studio-logo-1.svg","contentUrl":"https:\/\/cinevillastudios.com\/wp-content\/uploads\/2023\/08\/cinevilla-studio-logo-1.svg","width":182,"height":144,"caption":"Cinevilla Studio"},"image":{"@id":"https:\/\/cinevillastudios.com\/et\/#\/schema\/logo\/image\/"},"sameAs":["https:\/\/www.facebook.com\/Cinevilla","https:\/\/www.instagram.com\/cinevillastudios\/"]}]}},"_links":{"self":[{"href":"https:\/\/cinevillastudios.com\/et\/wp-json\/wp\/v2\/product\/17129","targetHints":{"allow":["GET"]}}],"collection":[{"href":"https:\/\/cinevillastudios.com\/et\/wp-json\/wp\/v2\/product"}],"about":[{"href":"https:\/\/cinevillastudios.com\/et\/wp-json\/wp\/v2\/types\/product"}],"version-history":[{"count":1,"href":"https:\/\/cinevillastudios.com\/et\/wp-json\/wp\/v2\/product\/17129\/revisions"}],"predecessor-version":[{"id":17132,"href":"https:\/\/cinevillastudios.com\/et\/wp-json\/wp\/v2\/product\/17129\/revisions\/17132"}],"wp:featuredmedia":[{"embeddable":true,"href":"https:\/\/cinevillastudios.com\/et\/wp-json\/wp\/v2\/media\/15549"}],"wp:attachment":[{"href":"https:\/\/cinevillastudios.com\/et\/wp-json\/wp\/v2\/media?parent=17129"}],"wp:term":[{"taxonomy":"product_brand","embeddable":true,"href":"https:\/\/cinevillastudios.com\/et\/wp-json\/wp\/v2\/product_brand?post=17129"},{"taxonomy":"product_cat","embeddable":true,"href":"https:\/\/cinevillastudios.com\/et\/wp-json\/wp\/v2\/product_cat?post=17129"},{"taxonomy":"product_tag","embeddable":true,"href":"https:\/\/cinevillastudios.com\/et\/wp-json\/wp\/v2\/product_tag?post=17129"}],"curies":[{"name":"wp","href":"https:\/\/api.w.org\/{rel}","templated":true}]}}