{"id":15363,"date":"2024-10-03T18:38:19","date_gmt":"2024-10-03T16:38:19","guid":{"rendered":"https:\/\/cinevillastudios.com\/cinevilla\/maaratlemata\/19-sajandi-ajaloolised-kasarmud\/"},"modified":"2024-10-03T18:38:19","modified_gmt":"2024-10-03T16:38:19","slug":"19-sajandi-ajaloolised-kasarmud","status":"publish","type":"product","link":"https:\/\/cinevillastudios.com\/et\/cinevilla\/territoorium-ja-rajatised\/komplektid\/19-sajandi-ajaloolised-kasarmud\/","title":{"rendered":"19. sajandi ajaloolised kasarmud"},"content":{"rendered":"","protected":false},"excerpt":{"rendered":"<p>Rustikaalne puidust konstruktsioon h\u00f5reda sisustusega, mis kujutab s\u00f5jav\u00e4e- v\u00f5i t\u00f6\u00f6liskortereid.<br \/>\nOmandab pikki pinke, v\u00e4ikseid aknaid ja ajastu sisustust autentsete ajalooliste stseenide jaoks. <\/p>\n","protected":false},"featured_media":14168,"template":"","meta":{"inline_featured_image":false},"product_brand":[],"product_cat":[122],"product_tag":[],"class_list":{"0":"post-15363","1":"product","2":"type-product","3":"status-publish","4":"has-post-thumbnail","6":"product_cat-komplektid","8":"first","9":"instock","10":"virtual","11":"product-type-simple"},"yoast_head":"<!-- This site is optimized with the Yoast SEO plugin v27.4 - https:\/\/yoast.com\/product\/yoast-seo-wordpress\/ -->\n<title>19. sajandi ajaloolised kasarmud - Cinevilla Studio<\/title>\n<meta name=\"robots\" content=\"index, follow, max-snippet:-1, max-image-preview:large, max-video-preview:-1\" \/>\n<link rel=\"canonical\" href=\"https:\/\/cinevillastudios.com\/et\/cinevilla\/territoorium-ja-rajatised\/komplektid\/19-sajandi-ajaloolised-kasarmud\/\" \/>\n<meta property=\"og:locale\" content=\"et_EE\" \/>\n<meta property=\"og:type\" content=\"article\" \/>\n<meta property=\"og:title\" content=\"19. sajandi ajaloolised kasarmud - Cinevilla Studio\" \/>\n<meta property=\"og:description\" content=\"Rustikaalne puidust konstruktsioon h\u00f5reda sisustusega, mis kujutab s\u00f5jav\u00e4e- v\u00f5i t\u00f6\u00f6liskortereid. Omandab pikki pinke, v\u00e4ikseid aknaid ja ajastu sisustust autentsete ajalooliste stseenide jaoks.\" \/>\n<meta property=\"og:url\" content=\"https:\/\/cinevillastudios.com\/et\/cinevilla\/territoorium-ja-rajatised\/komplektid\/19-sajandi-ajaloolised-kasarmud\/\" \/>\n<meta property=\"og:site_name\" content=\"Cinevilla Studio\" \/>\n<meta property=\"article:publisher\" content=\"https:\/\/www.facebook.com\/Cinevilla\" \/>\n<meta property=\"og:image\" content=\"https:\/\/cinevillastudios.com\/wp-content\/uploads\/2024\/10\/Cinevilla-19th-Century-Historical-Barracs-13.webp\" \/>\n\t<meta property=\"og:image:width\" content=\"1920\" \/>\n\t<meta property=\"og:image:height\" content=\"1279\" \/>\n\t<meta property=\"og:image:type\" content=\"image\/webp\" \/>\n<meta name=\"twitter:card\" content=\"summary_large_image\" \/>\n<script type=\"application\/ld+json\" class=\"yoast-schema-graph\">{\"@context\":\"https:\\\/\\\/schema.org\",\"@graph\":[{\"@type\":\"WebPage\",\"@id\":\"https:\\\/\\\/cinevillastudios.com\\\/et\\\/cinevilla\\\/territoorium-ja-rajatised\\\/komplektid\\\/19-sajandi-ajaloolised-kasarmud\\\/\",\"url\":\"https:\\\/\\\/cinevillastudios.com\\\/et\\\/cinevilla\\\/territoorium-ja-rajatised\\\/komplektid\\\/19-sajandi-ajaloolised-kasarmud\\\/\",\"name\":\"19. sajandi ajaloolised kasarmud - Cinevilla Studio\",\"isPartOf\":{\"@id\":\"https:\\\/\\\/cinevillastudios.com\\\/et\\\/#website\"},\"primaryImageOfPage\":{\"@id\":\"https:\\\/\\\/cinevillastudios.com\\\/et\\\/cinevilla\\\/territoorium-ja-rajatised\\\/komplektid\\\/19-sajandi-ajaloolised-kasarmud\\\/#primaryimage\"},\"image\":{\"@id\":\"https:\\\/\\\/cinevillastudios.com\\\/et\\\/cinevilla\\\/territoorium-ja-rajatised\\\/komplektid\\\/19-sajandi-ajaloolised-kasarmud\\\/#primaryimage\"},\"thumbnailUrl\":\"https:\\\/\\\/cinevillastudios.com\\\/wp-content\\\/uploads\\\/2024\\\/10\\\/Cinevilla-19th-Century-Historical-Barracs-13.webp\",\"datePublished\":\"2024-10-03T16:38:19+00:00\",\"breadcrumb\":{\"@id\":\"https:\\\/\\\/cinevillastudios.com\\\/et\\\/cinevilla\\\/territoorium-ja-rajatised\\\/komplektid\\\/19-sajandi-ajaloolised-kasarmud\\\/#breadcrumb\"},\"inLanguage\":\"et\",\"potentialAction\":[{\"@type\":\"ReadAction\",\"target\":[\"https:\\\/\\\/cinevillastudios.com\\\/et\\\/cinevilla\\\/territoorium-ja-rajatised\\\/komplektid\\\/19-sajandi-ajaloolised-kasarmud\\\/\"]}]},{\"@type\":\"ImageObject\",\"inLanguage\":\"et\",\"@id\":\"https:\\\/\\\/cinevillastudios.com\\\/et\\\/cinevilla\\\/territoorium-ja-rajatised\\\/komplektid\\\/19-sajandi-ajaloolised-kasarmud\\\/#primaryimage\",\"url\":\"https:\\\/\\\/cinevillastudios.com\\\/wp-content\\\/uploads\\\/2024\\\/10\\\/Cinevilla-19th-Century-Historical-Barracs-13.webp\",\"contentUrl\":\"https:\\\/\\\/cinevillastudios.com\\\/wp-content\\\/uploads\\\/2024\\\/10\\\/Cinevilla-19th-Century-Historical-Barracs-13.webp\",\"width\":1920,\"height\":1279},{\"@type\":\"BreadcrumbList\",\"@id\":\"https:\\\/\\\/cinevillastudios.com\\\/et\\\/cinevilla\\\/territoorium-ja-rajatised\\\/komplektid\\\/19-sajandi-ajaloolised-kasarmud\\\/#breadcrumb\",\"itemListElement\":[{\"@type\":\"ListItem\",\"position\":1,\"name\":\"Home\",\"item\":\"https:\\\/\\\/cinevillastudios.com\\\/et\\\/\"},{\"@type\":\"ListItem\",\"position\":2,\"name\":\"Shop\",\"item\":\"https:\\\/\\\/cinevillastudios.com\\\/et\\\/shop-2\\\/\"},{\"@type\":\"ListItem\",\"position\":3,\"name\":\"19. sajandi ajaloolised kasarmud\"}]},{\"@type\":\"WebSite\",\"@id\":\"https:\\\/\\\/cinevillastudios.com\\\/et\\\/#website\",\"url\":\"https:\\\/\\\/cinevillastudios.com\\\/et\\\/\",\"name\":\"Cinevilla Studio\",\"description\":\"\",\"publisher\":{\"@id\":\"https:\\\/\\\/cinevillastudios.com\\\/et\\\/#organization\"},\"potentialAction\":[{\"@type\":\"SearchAction\",\"target\":{\"@type\":\"EntryPoint\",\"urlTemplate\":\"https:\\\/\\\/cinevillastudios.com\\\/et\\\/?s={search_term_string}\"},\"query-input\":{\"@type\":\"PropertyValueSpecification\",\"valueRequired\":true,\"valueName\":\"search_term_string\"}}],\"inLanguage\":\"et\"},{\"@type\":\"Organization\",\"@id\":\"https:\\\/\\\/cinevillastudios.com\\\/et\\\/#organization\",\"name\":\"Cinevilla Studio\",\"url\":\"https:\\\/\\\/cinevillastudios.com\\\/et\\\/\",\"logo\":{\"@type\":\"ImageObject\",\"inLanguage\":\"et\",\"@id\":\"https:\\\/\\\/cinevillastudios.com\\\/et\\\/#\\\/schema\\\/logo\\\/image\\\/\",\"url\":\"https:\\\/\\\/cinevillastudios.com\\\/wp-content\\\/uploads\\\/2023\\\/08\\\/cinevilla-studio-logo-1.svg\",\"contentUrl\":\"https:\\\/\\\/cinevillastudios.com\\\/wp-content\\\/uploads\\\/2023\\\/08\\\/cinevilla-studio-logo-1.svg\",\"width\":182,\"height\":144,\"caption\":\"Cinevilla Studio\"},\"image\":{\"@id\":\"https:\\\/\\\/cinevillastudios.com\\\/et\\\/#\\\/schema\\\/logo\\\/image\\\/\"},\"sameAs\":[\"https:\\\/\\\/www.facebook.com\\\/Cinevilla\",\"https:\\\/\\\/www.instagram.com\\\/cinevillastudios\\\/\"]}]}<\/script>\n<!-- \/ Yoast SEO plugin. -->","yoast_head_json":{"title":"19. sajandi ajaloolised kasarmud - Cinevilla Studio","robots":{"index":"index","follow":"follow","max-snippet":"max-snippet:-1","max-image-preview":"max-image-preview:large","max-video-preview":"max-video-preview:-1"},"canonical":"https:\/\/cinevillastudios.com\/et\/cinevilla\/territoorium-ja-rajatised\/komplektid\/19-sajandi-ajaloolised-kasarmud\/","og_locale":"et_EE","og_type":"article","og_title":"19. sajandi ajaloolised kasarmud - Cinevilla Studio","og_description":"Rustikaalne puidust konstruktsioon h\u00f5reda sisustusega, mis kujutab s\u00f5jav\u00e4e- v\u00f5i t\u00f6\u00f6liskortereid. Omandab pikki pinke, v\u00e4ikseid aknaid ja ajastu sisustust autentsete ajalooliste stseenide jaoks.","og_url":"https:\/\/cinevillastudios.com\/et\/cinevilla\/territoorium-ja-rajatised\/komplektid\/19-sajandi-ajaloolised-kasarmud\/","og_site_name":"Cinevilla Studio","article_publisher":"https:\/\/www.facebook.com\/Cinevilla","og_image":[{"width":1920,"height":1279,"url":"https:\/\/cinevillastudios.com\/wp-content\/uploads\/2024\/10\/Cinevilla-19th-Century-Historical-Barracs-13.webp","type":"image\/webp"}],"twitter_card":"summary_large_image","schema":{"@context":"https:\/\/schema.org","@graph":[{"@type":"WebPage","@id":"https:\/\/cinevillastudios.com\/et\/cinevilla\/territoorium-ja-rajatised\/komplektid\/19-sajandi-ajaloolised-kasarmud\/","url":"https:\/\/cinevillastudios.com\/et\/cinevilla\/territoorium-ja-rajatised\/komplektid\/19-sajandi-ajaloolised-kasarmud\/","name":"19. sajandi ajaloolised kasarmud - Cinevilla Studio","isPartOf":{"@id":"https:\/\/cinevillastudios.com\/et\/#website"},"primaryImageOfPage":{"@id":"https:\/\/cinevillastudios.com\/et\/cinevilla\/territoorium-ja-rajatised\/komplektid\/19-sajandi-ajaloolised-kasarmud\/#primaryimage"},"image":{"@id":"https:\/\/cinevillastudios.com\/et\/cinevilla\/territoorium-ja-rajatised\/komplektid\/19-sajandi-ajaloolised-kasarmud\/#primaryimage"},"thumbnailUrl":"https:\/\/cinevillastudios.com\/wp-content\/uploads\/2024\/10\/Cinevilla-19th-Century-Historical-Barracs-13.webp","datePublished":"2024-10-03T16:38:19+00:00","breadcrumb":{"@id":"https:\/\/cinevillastudios.com\/et\/cinevilla\/territoorium-ja-rajatised\/komplektid\/19-sajandi-ajaloolised-kasarmud\/#breadcrumb"},"inLanguage":"et","potentialAction":[{"@type":"ReadAction","target":["https:\/\/cinevillastudios.com\/et\/cinevilla\/territoorium-ja-rajatised\/komplektid\/19-sajandi-ajaloolised-kasarmud\/"]}]},{"@type":"ImageObject","inLanguage":"et","@id":"https:\/\/cinevillastudios.com\/et\/cinevilla\/territoorium-ja-rajatised\/komplektid\/19-sajandi-ajaloolised-kasarmud\/#primaryimage","url":"https:\/\/cinevillastudios.com\/wp-content\/uploads\/2024\/10\/Cinevilla-19th-Century-Historical-Barracs-13.webp","contentUrl":"https:\/\/cinevillastudios.com\/wp-content\/uploads\/2024\/10\/Cinevilla-19th-Century-Historical-Barracs-13.webp","width":1920,"height":1279},{"@type":"BreadcrumbList","@id":"https:\/\/cinevillastudios.com\/et\/cinevilla\/territoorium-ja-rajatised\/komplektid\/19-sajandi-ajaloolised-kasarmud\/#breadcrumb","itemListElement":[{"@type":"ListItem","position":1,"name":"Home","item":"https:\/\/cinevillastudios.com\/et\/"},{"@type":"ListItem","position":2,"name":"Shop","item":"https:\/\/cinevillastudios.com\/et\/shop-2\/"},{"@type":"ListItem","position":3,"name":"19. sajandi ajaloolised kasarmud"}]},{"@type":"WebSite","@id":"https:\/\/cinevillastudios.com\/et\/#website","url":"https:\/\/cinevillastudios.com\/et\/","name":"Cinevilla Studio","description":"","publisher":{"@id":"https:\/\/cinevillastudios.com\/et\/#organization"},"potentialAction":[{"@type":"SearchAction","target":{"@type":"EntryPoint","urlTemplate":"https:\/\/cinevillastudios.com\/et\/?s={search_term_string}"},"query-input":{"@type":"PropertyValueSpecification","valueRequired":true,"valueName":"search_term_string"}}],"inLanguage":"et"},{"@type":"Organization","@id":"https:\/\/cinevillastudios.com\/et\/#organization","name":"Cinevilla Studio","url":"https:\/\/cinevillastudios.com\/et\/","logo":{"@type":"ImageObject","inLanguage":"et","@id":"https:\/\/cinevillastudios.com\/et\/#\/schema\/logo\/image\/","url":"https:\/\/cinevillastudios.com\/wp-content\/uploads\/2023\/08\/cinevilla-studio-logo-1.svg","contentUrl":"https:\/\/cinevillastudios.com\/wp-content\/uploads\/2023\/08\/cinevilla-studio-logo-1.svg","width":182,"height":144,"caption":"Cinevilla Studio"},"image":{"@id":"https:\/\/cinevillastudios.com\/et\/#\/schema\/logo\/image\/"},"sameAs":["https:\/\/www.facebook.com\/Cinevilla","https:\/\/www.instagram.com\/cinevillastudios\/"]}]}},"_links":{"self":[{"href":"https:\/\/cinevillastudios.com\/et\/wp-json\/wp\/v2\/product\/15363","targetHints":{"allow":["GET"]}}],"collection":[{"href":"https:\/\/cinevillastudios.com\/et\/wp-json\/wp\/v2\/product"}],"about":[{"href":"https:\/\/cinevillastudios.com\/et\/wp-json\/wp\/v2\/types\/product"}],"version-history":[{"count":0,"href":"https:\/\/cinevillastudios.com\/et\/wp-json\/wp\/v2\/product\/15363\/revisions"}],"wp:featuredmedia":[{"embeddable":true,"href":"https:\/\/cinevillastudios.com\/et\/wp-json\/wp\/v2\/media\/14168"}],"wp:attachment":[{"href":"https:\/\/cinevillastudios.com\/et\/wp-json\/wp\/v2\/media?parent=15363"}],"wp:term":[{"taxonomy":"product_brand","embeddable":true,"href":"https:\/\/cinevillastudios.com\/et\/wp-json\/wp\/v2\/product_brand?post=15363"},{"taxonomy":"product_cat","embeddable":true,"href":"https:\/\/cinevillastudios.com\/et\/wp-json\/wp\/v2\/product_cat?post=15363"},{"taxonomy":"product_tag","embeddable":true,"href":"https:\/\/cinevillastudios.com\/et\/wp-json\/wp\/v2\/product_tag?post=15363"}],"curies":[{"name":"wp","href":"https:\/\/api.w.org\/{rel}","templated":true}]}}