{"id":5602,"date":"2023-08-13T13:10:40","date_gmt":"2023-08-13T11:10:40","guid":{"rendered":"https:\/\/cinevillastudios.com\/naidisleht\/"},"modified":"2023-09-05T16:51:33","modified_gmt":"2023-09-05T14:51:33","slug":"naidisleht","status":"publish","type":"page","link":"https:\/\/cinevillastudios.com\/et\/naidisleht\/","title":{"rendered":"N\u00e4idisleht"},"content":{"rendered":"\n<p>See on n\u00e4idisleht. See erineb blogipostitusest, sest see j\u00e4\u00e4b \u00fchte kohta ja kuvatakse teie saidi navigatsioonis (enamikus teemades). Enamik inimesi alustab veebilehe &#8220;About&#8221; lehek\u00fcljega, mis tutvustab neid potentsiaalsetele k\u00fclastajatele. See v\u00f5ib \u00f6elda midagi sellist:<\/p>\n\n<blockquote class=\"wp-block-quote is-layout-flow wp-block-quote-is-layout-flow\"><p>Tere! P\u00e4eval olen jalgrattakuller, \u00f6\u00f6sel n\u00e4itleja ja see on minu veebileht. Ma elan Los Angeleses, mul on suurep\u00e4rane koer nimega Jack ja mulle meeldib pi\u00f1a colada. (Ja vihma k\u00e4tte j\u00e4\u00e4mine.)<\/p><\/blockquote>\n\n<p>&#8230;v\u00f5i midagi sellist:<\/p>\n\n<blockquote class=\"wp-block-quote is-layout-flow wp-block-quote-is-layout-flow\"><p>XYZ Doohickey Company asutati 1971. aastal ja on sellest ajast alates pakkunud avalikkusele kvaliteetseid doohickeysid. Gotham City&#8217;s asuv XYZ annab t\u00f6\u00f6d \u00fcle 2000 inimesele ja teeb Gothami kogukonna heaks igasuguseid suurep\u00e4raseid asju.<\/p><\/blockquote>\n\n<p>Uue WordPressi kasutajana peaksite minema <a href=\"https:\/\/cinevillastudios.com\/wp-admin\/\">oma armatuurlauale<\/a>, et kustutada see lehek\u00fclg ja luua uued lehek\u00fcljed oma sisu jaoks. L\u00f5butsege!<\/p>\n","protected":false},"excerpt":{"rendered":"<p>See on n\u00e4idisleht. See erineb blogipostitusest, sest see j\u00e4\u00e4b \u00fchte kohta ja kuvatakse teie saidi navigatsioonis (enamikus teemades). Enamik inimesi alustab veebilehe &#8220;About&#8221; lehek\u00fcljega, mis tutvustab neid potentsiaalsetele k\u00fclastajatele. See v\u00f5ib \u00f6elda midagi sellist: Tere! P\u00e4eval olen jalgrattakuller, \u00f6\u00f6sel n\u00e4itleja ja see on minu veebileht. Ma elan Los Angeleses, mul on suurep\u00e4rane koer nimega Jack [&hellip;]<\/p>\n","protected":false},"author":1,"featured_media":0,"parent":0,"menu_order":0,"comment_status":"closed","ping_status":"closed","template":"","meta":{"inline_featured_image":false,"footnotes":""},"class_list":["post-5602","page","type-page","status-publish","hentry"],"yoast_head":"<!-- This site is optimized with the Yoast SEO plugin v27.4 - https:\/\/yoast.com\/product\/yoast-seo-wordpress\/ -->\n<title>N\u00e4idisleht - Cinevilla Studio<\/title>\n<meta name=\"robots\" content=\"index, follow, max-snippet:-1, max-image-preview:large, max-video-preview:-1\" \/>\n<link rel=\"canonical\" href=\"https:\/\/cinevillastudios.com\/et\/naidisleht\/\" \/>\n<meta property=\"og:locale\" content=\"et_EE\" \/>\n<meta property=\"og:type\" content=\"article\" \/>\n<meta property=\"og:title\" content=\"N\u00e4idisleht - Cinevilla Studio\" \/>\n<meta property=\"og:description\" content=\"See on n\u00e4idisleht. See erineb blogipostitusest, sest see j\u00e4\u00e4b \u00fchte kohta ja kuvatakse teie saidi navigatsioonis (enamikus teemades). Enamik inimesi alustab veebilehe &#8220;About&#8221; lehek\u00fcljega, mis tutvustab neid potentsiaalsetele k\u00fclastajatele. See v\u00f5ib \u00f6elda midagi sellist: Tere! P\u00e4eval olen jalgrattakuller, \u00f6\u00f6sel n\u00e4itleja ja see on minu veebileht. Ma elan Los Angeleses, mul on suurep\u00e4rane koer nimega Jack [&hellip;]\" \/>\n<meta property=\"og:url\" content=\"https:\/\/cinevillastudios.com\/et\/naidisleht\/\" \/>\n<meta property=\"og:site_name\" content=\"Cinevilla Studio\" \/>\n<meta property=\"article:publisher\" content=\"https:\/\/www.facebook.com\/Cinevilla\" \/>\n<meta property=\"article:modified_time\" content=\"2023-09-05T14:51:33+00:00\" \/>\n<meta name=\"twitter:card\" content=\"summary_large_image\" \/>\n<meta name=\"twitter:label1\" content=\"Est. reading time\" \/>\n\t<meta name=\"twitter:data1\" content=\"1 minut\" \/>\n<script type=\"application\/ld+json\" class=\"yoast-schema-graph\">{\"@context\":\"https:\\\/\\\/schema.org\",\"@graph\":[{\"@type\":\"WebPage\",\"@id\":\"https:\\\/\\\/cinevillastudios.com\\\/et\\\/naidisleht\\\/\",\"url\":\"https:\\\/\\\/cinevillastudios.com\\\/et\\\/naidisleht\\\/\",\"name\":\"N\u00e4idisleht - Cinevilla Studio\",\"isPartOf\":{\"@id\":\"https:\\\/\\\/cinevillastudios.com\\\/et\\\/#website\"},\"datePublished\":\"2023-08-13T11:10:40+00:00\",\"dateModified\":\"2023-09-05T14:51:33+00:00\",\"breadcrumb\":{\"@id\":\"https:\\\/\\\/cinevillastudios.com\\\/et\\\/naidisleht\\\/#breadcrumb\"},\"inLanguage\":\"et\",\"potentialAction\":[{\"@type\":\"ReadAction\",\"target\":[\"https:\\\/\\\/cinevillastudios.com\\\/et\\\/naidisleht\\\/\"]}]},{\"@type\":\"BreadcrumbList\",\"@id\":\"https:\\\/\\\/cinevillastudios.com\\\/et\\\/naidisleht\\\/#breadcrumb\",\"itemListElement\":[{\"@type\":\"ListItem\",\"position\":1,\"name\":\"Home\",\"item\":\"https:\\\/\\\/cinevillastudios.com\\\/et\\\/\"},{\"@type\":\"ListItem\",\"position\":2,\"name\":\"N\u00e4idisleht\"}]},{\"@type\":\"WebSite\",\"@id\":\"https:\\\/\\\/cinevillastudios.com\\\/et\\\/#website\",\"url\":\"https:\\\/\\\/cinevillastudios.com\\\/et\\\/\",\"name\":\"Cinevilla Studio\",\"description\":\"\",\"publisher\":{\"@id\":\"https:\\\/\\\/cinevillastudios.com\\\/et\\\/#organization\"},\"potentialAction\":[{\"@type\":\"SearchAction\",\"target\":{\"@type\":\"EntryPoint\",\"urlTemplate\":\"https:\\\/\\\/cinevillastudios.com\\\/et\\\/?s={search_term_string}\"},\"query-input\":{\"@type\":\"PropertyValueSpecification\",\"valueRequired\":true,\"valueName\":\"search_term_string\"}}],\"inLanguage\":\"et\"},{\"@type\":\"Organization\",\"@id\":\"https:\\\/\\\/cinevillastudios.com\\\/et\\\/#organization\",\"name\":\"Cinevilla Studio\",\"url\":\"https:\\\/\\\/cinevillastudios.com\\\/et\\\/\",\"logo\":{\"@type\":\"ImageObject\",\"inLanguage\":\"et\",\"@id\":\"https:\\\/\\\/cinevillastudios.com\\\/et\\\/#\\\/schema\\\/logo\\\/image\\\/\",\"url\":\"https:\\\/\\\/cinevillastudios.com\\\/wp-content\\\/uploads\\\/2023\\\/08\\\/cinevilla-studio-logo-1.svg\",\"contentUrl\":\"https:\\\/\\\/cinevillastudios.com\\\/wp-content\\\/uploads\\\/2023\\\/08\\\/cinevilla-studio-logo-1.svg\",\"width\":182,\"height\":144,\"caption\":\"Cinevilla Studio\"},\"image\":{\"@id\":\"https:\\\/\\\/cinevillastudios.com\\\/et\\\/#\\\/schema\\\/logo\\\/image\\\/\"},\"sameAs\":[\"https:\\\/\\\/www.facebook.com\\\/Cinevilla\",\"https:\\\/\\\/www.instagram.com\\\/cinevillastudios\\\/\"]}]}<\/script>\n<!-- \/ Yoast SEO plugin. -->","yoast_head_json":{"title":"N\u00e4idisleht - Cinevilla Studio","robots":{"index":"index","follow":"follow","max-snippet":"max-snippet:-1","max-image-preview":"max-image-preview:large","max-video-preview":"max-video-preview:-1"},"canonical":"https:\/\/cinevillastudios.com\/et\/naidisleht\/","og_locale":"et_EE","og_type":"article","og_title":"N\u00e4idisleht - Cinevilla Studio","og_description":"See on n\u00e4idisleht. See erineb blogipostitusest, sest see j\u00e4\u00e4b \u00fchte kohta ja kuvatakse teie saidi navigatsioonis (enamikus teemades). Enamik inimesi alustab veebilehe &#8220;About&#8221; lehek\u00fcljega, mis tutvustab neid potentsiaalsetele k\u00fclastajatele. See v\u00f5ib \u00f6elda midagi sellist: Tere! P\u00e4eval olen jalgrattakuller, \u00f6\u00f6sel n\u00e4itleja ja see on minu veebileht. Ma elan Los Angeleses, mul on suurep\u00e4rane koer nimega Jack [&hellip;]","og_url":"https:\/\/cinevillastudios.com\/et\/naidisleht\/","og_site_name":"Cinevilla Studio","article_publisher":"https:\/\/www.facebook.com\/Cinevilla","article_modified_time":"2023-09-05T14:51:33+00:00","twitter_card":"summary_large_image","twitter_misc":{"Est. reading time":"1 minut"},"schema":{"@context":"https:\/\/schema.org","@graph":[{"@type":"WebPage","@id":"https:\/\/cinevillastudios.com\/et\/naidisleht\/","url":"https:\/\/cinevillastudios.com\/et\/naidisleht\/","name":"N\u00e4idisleht - Cinevilla Studio","isPartOf":{"@id":"https:\/\/cinevillastudios.com\/et\/#website"},"datePublished":"2023-08-13T11:10:40+00:00","dateModified":"2023-09-05T14:51:33+00:00","breadcrumb":{"@id":"https:\/\/cinevillastudios.com\/et\/naidisleht\/#breadcrumb"},"inLanguage":"et","potentialAction":[{"@type":"ReadAction","target":["https:\/\/cinevillastudios.com\/et\/naidisleht\/"]}]},{"@type":"BreadcrumbList","@id":"https:\/\/cinevillastudios.com\/et\/naidisleht\/#breadcrumb","itemListElement":[{"@type":"ListItem","position":1,"name":"Home","item":"https:\/\/cinevillastudios.com\/et\/"},{"@type":"ListItem","position":2,"name":"N\u00e4idisleht"}]},{"@type":"WebSite","@id":"https:\/\/cinevillastudios.com\/et\/#website","url":"https:\/\/cinevillastudios.com\/et\/","name":"Cinevilla Studio","description":"","publisher":{"@id":"https:\/\/cinevillastudios.com\/et\/#organization"},"potentialAction":[{"@type":"SearchAction","target":{"@type":"EntryPoint","urlTemplate":"https:\/\/cinevillastudios.com\/et\/?s={search_term_string}"},"query-input":{"@type":"PropertyValueSpecification","valueRequired":true,"valueName":"search_term_string"}}],"inLanguage":"et"},{"@type":"Organization","@id":"https:\/\/cinevillastudios.com\/et\/#organization","name":"Cinevilla Studio","url":"https:\/\/cinevillastudios.com\/et\/","logo":{"@type":"ImageObject","inLanguage":"et","@id":"https:\/\/cinevillastudios.com\/et\/#\/schema\/logo\/image\/","url":"https:\/\/cinevillastudios.com\/wp-content\/uploads\/2023\/08\/cinevilla-studio-logo-1.svg","contentUrl":"https:\/\/cinevillastudios.com\/wp-content\/uploads\/2023\/08\/cinevilla-studio-logo-1.svg","width":182,"height":144,"caption":"Cinevilla Studio"},"image":{"@id":"https:\/\/cinevillastudios.com\/et\/#\/schema\/logo\/image\/"},"sameAs":["https:\/\/www.facebook.com\/Cinevilla","https:\/\/www.instagram.com\/cinevillastudios\/"]}]}},"_links":{"self":[{"href":"https:\/\/cinevillastudios.com\/et\/wp-json\/wp\/v2\/pages\/5602","targetHints":{"allow":["GET"]}}],"collection":[{"href":"https:\/\/cinevillastudios.com\/et\/wp-json\/wp\/v2\/pages"}],"about":[{"href":"https:\/\/cinevillastudios.com\/et\/wp-json\/wp\/v2\/types\/page"}],"author":[{"embeddable":true,"href":"https:\/\/cinevillastudios.com\/et\/wp-json\/wp\/v2\/users\/1"}],"replies":[{"embeddable":true,"href":"https:\/\/cinevillastudios.com\/et\/wp-json\/wp\/v2\/comments?post=5602"}],"version-history":[{"count":0,"href":"https:\/\/cinevillastudios.com\/et\/wp-json\/wp\/v2\/pages\/5602\/revisions"}],"wp:attachment":[{"href":"https:\/\/cinevillastudios.com\/et\/wp-json\/wp\/v2\/media?parent=5602"}],"curies":[{"name":"wp","href":"https:\/\/api.w.org\/{rel}","templated":true}]}}